{"id":23470,"date":"2024-10-28T04:21:18","date_gmt":"2024-10-28T03:21:18","guid":{"rendered":"https:\/\/www.boemia-aroma.com\/boutique-boemia\/nem-kategorizalt\/pack-famille\/"},"modified":"2026-03-13T09:21:18","modified_gmt":"2026-03-13T08:21:18","slug":"csaladi-csomag","status":"publish","type":"product","link":"https:\/\/www.boemia-aroma.com\/hu\/boemia-aruhaz\/dobozok\/csaladi-csomag\/","title":{"rendered":"Csal\u00e1di csomag"},"content":{"rendered":"","protected":false},"excerpt":{"rendered":"<p><span style=\"color: #ce6e54;\"><b data-stringify-type=\"bold\">A term\u00e9szet alapanyagai az eg\u00e9sz csal\u00e1d sz\u00e1m\u00e1ra<\/b><\/span><\/p>\n<hr>\n<p>&nbsp;<\/p>\n<div>Fedezze fel <strong>csal\u00e1di csomagunkat<\/strong>, amely teljes \u00e9s kiegyens\u00falyozott v\u00e1laszt\u00e9kot k\u00edn\u00e1l a csal\u00e1d minden tagj\u00e1nak j\u00f3l\u00e9ti ig\u00e9nyeihez. A term\u00e9szetes, sokoldal\u00fa megold\u00e1sokat k\u00edn\u00e1l\u00f3 csomag <strong>ill\u00f3olajokat<\/strong>, <strong>hidrol\u00e1tumokat<\/strong>, <strong>n\u00f6v\u00e9nyi olajokat<\/strong> \u00e9s <strong>gy\u00f3gyte\u00e1t<\/strong> tartalmaz, mindezt egy praktikus, 12 lyuk\u00fa tokban, \u00edgy kedvenc term\u00e9keit k\u00f6nnyed\u00e9n mag\u00e1val viheti, b\u00e1rhov\u00e1 is megy. <\/div>\n<div class=\"p-rich_text_section\"><\/div>\n<div class=\"p-rich_text_section\"><b data-stringify-type=\"bold\">A csomagol\u00e1s \u00f6sszet\u00e9tele :<\/b><\/div>\n<div><\/div>\n<div>\n<p><strong>Ill\u00f3olajok<\/strong><\/p>\n<p style=\"padding-left: 40px;\"><strong><b data-stringify-type=\"bold\"><span class=\"list-content\"><span style=\"vertical-align: inherit;\"><span data-sheets-value=\"{\"1\":2,\"2\":\"Madagascar\"}\" data-sheets-userformat=\"{\"2\":12803,\"3\":{\"1\":0},\"4\":{\"1\":2,\"2\":16773836},\"12\":0,\"15\":\"Arial\",\"16\":9}\"><span style=\"color: #ce4e2b;\">\u2192 <\/span><\/span><\/span><\/span><\/b>Kamilla 2,5 ml<\/strong>: ide\u00e1lis nyugtat\u00f3 \u00e9s relax\u00e1l\u00f3 hat\u00e1s\u00fa.<\/p>\n<p style=\"padding-left: 40px;\"><strong><b data-stringify-type=\"bold\"><span class=\"list-content\"><span style=\"vertical-align: inherit;\"><span data-sheets-value=\"{\"1\":2,\"2\":\"Madagascar\"}\" data-sheets-userformat=\"{\"2\":12803,\"3\":{\"1\":0},\"4\":{\"1\":2,\"2\":16773836},\"12\":0,\"15\":\"Arial\",\"16\":9}\"><span style=\"color: #ce4e2b;\">\u2192 <\/span><\/span><\/span><\/span><\/b>Citrom 5 ml<\/strong>: tiszt\u00edt\u00f3 tulajdons\u00e1gair\u00f3l ismert.<\/p>\n<p style=\"padding-left: 40px;\"><strong><b data-stringify-type=\"bold\"><span class=\"list-content\"><span style=\"vertical-align: inherit;\"><span data-sheets-value=\"{\"1\":2,\"2\":\"Madagascar\"}\" data-sheets-userformat=\"{\"2\":12803,\"3\":{\"1\":0},\"4\":{\"1\":2,\"2\":16773836},\"12\":0,\"15\":\"Arial\",\"16\":9}\"><span style=\"color: #ce4e2b;\">\u2192 <\/span><\/span><\/span><\/span><\/b>Eukaliptusz Radi\u00e9 5 ml<\/strong>: t\u00f6k\u00e9letes a l\u00e9gutakra.<\/p>\n<p style=\"padding-left: 40px;\"><strong><b data-stringify-type=\"bold\"><span class=\"list-content\"><span style=\"vertical-align: inherit;\"><span data-sheets-value=\"{\"1\":2,\"2\":\"Madagascar\"}\" data-sheets-userformat=\"{\"2\":12803,\"3\":{\"1\":0},\"4\":{\"1\":2,\"2\":16773836},\"12\":0,\"15\":\"Arial\",\"16\":9}\"><span style=\"color: #ce4e2b;\">\u2192 <\/span><\/span><\/span><\/span><\/b>Gaultheria 10 ml<\/strong>: sz\u00f6vets\u00e9ges az izompanaszok ellen.<\/p>\n<p style=\"padding-left: 40px;\"><strong><b data-stringify-type=\"bold\"><span class=\"list-content\"><span style=\"vertical-align: inherit;\"><span data-sheets-value=\"{\"1\":2,\"2\":\"Madagascar\"}\" data-sheets-userformat=\"{\"2\":12803,\"3\":{\"1\":0},\"4\":{\"1\":2,\"2\":16773836},\"12\":0,\"15\":\"Arial\",\"16\":9}\"><span style=\"color: #ce4e2b;\">\u2192 <\/span><\/span><\/span><\/span><\/b>Levendula 5 ml<\/strong>: nyugtat\u00f3 \u00e9s kiegyens\u00falyoz\u00f3 hat\u00e1s\u00fa.<\/p>\n<p style=\"padding-left: 40px;\"><strong><b data-stringify-type=\"bold\"><span class=\"list-content\"><span style=\"vertical-align: inherit;\"><span data-sheets-value=\"{\"1\":2,\"2\":\"Madagascar\"}\" data-sheets-userformat=\"{\"2\":12803,\"3\":{\"1\":0},\"4\":{\"1\":2,\"2\":16773836},\"12\":0,\"15\":\"Arial\",\"16\":9}\"><span style=\"color: #ce4e2b;\">\u2192 <\/span><\/span><\/span><\/span><\/b>Borsmenta Franciaorsz\u00e1g 5 ml<\/strong>: toniz\u00e1l\u00f3 \u00e9s friss\u00edt\u0151 hat\u00e1s\u00fa.<\/p>\n<p style=\"padding-left: 40px;\"><strong><b data-stringify-type=\"bold\"><span class=\"list-content\"><span style=\"vertical-align: inherit;\"><span data-sheets-value=\"{\"1\":2,\"2\":\"Madagascar\"}\" data-sheets-userformat=\"{\"2\":12803,\"3\":{\"1\":0},\"4\":{\"1\":2,\"2\":16773836},\"12\":0,\"15\":\"Arial\",\"16\":9}\"><span style=\"color: #ce4e2b;\">\u2192 <\/span><\/span><\/span><\/span><\/b>\u00c9des narancs 10 ml<\/strong>: nyugtat\u00f3, el\u0151seg\u00edti a gyeng\u00e9d, nyugodt l\u00e9gk\u00f6rt.<\/p>\n<p style=\"padding-left: 40px;\"><strong><b data-stringify-type=\"bold\"><span class=\"list-content\"><span style=\"vertical-align: inherit;\"><span data-sheets-value=\"{\"1\":2,\"2\":\"Madagascar\"}\" data-sheets-userformat=\"{\"2\":12803,\"3\":{\"1\":0},\"4\":{\"1\":2,\"2\":16773836},\"12\":0,\"15\":\"Arial\",\"16\":9}\"><span style=\"color: #ce4e2b;\">\u2192 <\/span><\/span><\/span><\/span><\/b>Ravintsara 10 ml<\/strong>: az immunrendszer term\u00e9szetes t\u00e1mogat\u00e1sa.<\/p>\n<p style=\"padding-left: 40px;\"><strong><b data-stringify-type=\"bold\"><span class=\"list-content\"><span style=\"vertical-align: inherit;\"><span data-sheets-value=\"{\"1\":2,\"2\":\"Madagascar\"}\" data-sheets-userformat=\"{\"2\":12803,\"3\":{\"1\":0},\"4\":{\"1\":2,\"2\":16773836},\"12\":0,\"15\":\"Arial\",\"16\":9}\"><span style=\"color: #ce4e2b;\">\u2192 <\/span><\/span><\/span><\/span><\/b>Thyme Linalol France 10 ml<\/strong>: v\u00e9d\u0151 \u00e9s tiszt\u00edt\u00f3 tulajdons\u00e1gai miatt.<\/p>\n<p style=\"padding-left: 40px;\"><strong><b data-stringify-type=\"bold\"><span class=\"list-content\"><span style=\"vertical-align: inherit;\"><span data-sheets-value=\"{\"1\":2,\"2\":\"Madagascar\"}\" data-sheets-userformat=\"{\"2\":12803,\"3\":{\"1\":0},\"4\":{\"1\":2,\"2\":16773836},\"12\":0,\"15\":\"Arial\",\"16\":9}\"><span style=\"color: #ce4e2b;\">\u2192 <\/span><\/span><\/span><\/span><\/b>Geranium Bourbon 5 ml<\/strong>: kiegyens\u00falyoz\u00f3 \u00e9s \u00e9l\u00e9nk\u00edt\u0151 ill\u00f3olaj.<\/p>\n<p><strong>Vir\u00e1gvizek \u00e9s hidrol\u00e1tumok<\/strong><\/p>\n<p style=\"padding-left: 40px;\"><strong><b data-stringify-type=\"bold\"><span class=\"list-content\"><span style=\"vertical-align: inherit;\"><span data-sheets-value=\"{\"1\":2,\"2\":\"Madagascar\"}\" data-sheets-userformat=\"{\"2\":12803,\"3\":{\"1\":0},\"4\":{\"1\":2,\"2\":16773836},\"12\":0,\"15\":\"Arial\",\"16\":9}\"><span style=\"color: #ce4e2b;\">\u2192 <\/span><\/span><\/span><\/span><\/b>Kamilla 210 ml<\/strong>: ide\u00e1lis az \u00e9rz\u00e9keny b\u0151r megnyugtat\u00e1s\u00e1ra.<\/p>\n<p style=\"padding-left: 40px;\"><strong><b data-stringify-type=\"bold\"><span class=\"list-content\"><span style=\"vertical-align: inherit;\"><span data-sheets-value=\"{\"1\":2,\"2\":\"Madagascar\"}\" data-sheets-userformat=\"{\"2\":12803,\"3\":{\"1\":0},\"4\":{\"1\":2,\"2\":16773836},\"12\":0,\"15\":\"Arial\",\"16\":9}\"><span style=\"color: #ce4e2b;\">\u2192 <\/span><\/span><\/span><\/span><\/b>Narancsvir\u00e1g 210 ml<\/strong>: ismert megnyugtat\u00f3 \u00e9s l\u00e1gy\u00edt\u00f3 tulajdons\u00e1gair\u00f3l.<\/p>\n<p><strong>N\u00f6v\u00e9nyi olajok<\/strong><\/p>\n<p style=\"padding-left: 40px;\"><strong><b data-stringify-type=\"bold\"><span class=\"list-content\"><span style=\"vertical-align: inherit;\"><span data-sheets-value=\"{\"1\":2,\"2\":\"Madagascar\"}\" data-sheets-userformat=\"{\"2\":12803,\"3\":{\"1\":0},\"4\":{\"1\":2,\"2\":16773836},\"12\":0,\"15\":\"Arial\",\"16\":9}\"><span style=\"color: #ce4e2b;\">\u2192 <\/span><\/span><\/span><\/span><\/b>K\u00f6r\u00f6mvir\u00e1g 50 ml<\/strong>: t\u00f6k\u00e9letes \u00e9rz\u00e9keny b\u0151rre.<\/p>\n<p style=\"padding-left: 40px;\"><strong><b data-stringify-type=\"bold\"><span class=\"list-content\"><span style=\"vertical-align: inherit;\"><span data-sheets-value=\"{\"1\":2,\"2\":\"Madagascar\"}\" data-sheets-userformat=\"{\"2\":12803,\"3\":{\"1\":0},\"4\":{\"1\":2,\"2\":16773836},\"12\":0,\"15\":\"Arial\",\"16\":9}\"><span style=\"color: #ce4e2b;\">\u2192 <\/span><\/span><\/span><\/span><\/b>\u00c9des mandula 50 ml<\/strong>: m\u00e9lyen t\u00e1pl\u00e1lja \u00e9s puh\u00edtja a b\u0151rt.<\/p>\n<p><strong>Inf\u00fazi\u00f3<\/strong><\/p>\n<p style=\"padding-left: 40px;\"><strong><b data-stringify-type=\"bold\"><span class=\"list-content\"><span style=\"vertical-align: inherit;\"><span data-sheets-value=\"{\"1\":2,\"2\":\"Madagascar\"}\" data-sheets-userformat=\"{\"2\":12803,\"3\":{\"1\":0},\"4\":{\"1\":2,\"2\":16773836},\"12\":0,\"15\":\"Arial\",\"16\":9}\"><span style=\"color: #ce4e2b;\">\u2192 <\/span><\/span><\/span><\/span><\/b>D\u00e9tente 20 te\u00e1szacsk\u00f3<\/strong>: nyugtat\u00f3 f\u0151zet, t\u00f6k\u00e9letes egy csendes pillanatra a csal\u00e1ddal.<\/p>\n<p>Tartoz\u00e9kok :<\/p>\n<p style=\"padding-left: 40px;\"><strong><b data-stringify-type=\"bold\"><span class=\"list-content\"><span style=\"vertical-align: inherit;\"><span data-sheets-value=\"{\"1\":2,\"2\":\"Madagascar\"}\" data-sheets-userformat=\"{\"2\":12803,\"3\":{\"1\":0},\"4\":{\"1\":2,\"2\":16773836},\"12\":0,\"15\":\"Arial\",\"16\":9}\"><span style=\"color: #ce4e2b;\">\u2192 <\/span><\/span><\/span><\/span><\/b>12 lyuk\u00fa k\u00e9szlet<\/strong> Praktikus \u00e9s kompakt, ez a k\u00e9szlet megk\u00f6nny\u00edti a FAMILY PACK alapvet\u0151 kell\u00e9keinek sz\u00e1ll\u00edt\u00e1s\u00e1t \u00e9s rendszerez\u00e9s\u00e9t. Vigye mag\u00e1val kedvenc olajait \u00e9s hidrolitjait b\u00e1rhov\u00e1! <\/p>\n<p style=\"padding-left: 40px;\"><strong><b data-stringify-type=\"bold\"><span class=\"list-content\"><span style=\"vertical-align: inherit;\"><span data-sheets-value=\"{\"1\":2,\"2\":\"Madagascar\"}\" data-sheets-userformat=\"{\"2\":12803,\"3\":{\"1\":0},\"4\":{\"1\":2,\"2\":16773836},\"12\":0,\"15\":\"Arial\",\"16\":9}\"><span style=\"color: #ce4e2b;\">\u2192 <\/span><\/span><\/span><\/span><\/b><\/strong>1 hidrol\u00e1t permetez\u0151 szivatty\u00fa<\/p>\n<p style=\"padding-left: 40px;\"><strong><b data-stringify-type=\"bold\"><span class=\"list-content\"><span style=\"vertical-align: inherit;\"><span data-sheets-value=\"{\"1\":2,\"2\":\"Madagascar\"}\" data-sheets-userformat=\"{\"2\":12803,\"3\":{\"1\":0},\"4\":{\"1\":2,\"2\":16773836},\"12\":0,\"15\":\"Arial\",\"16\":9}\"><span style=\"color: #ce4e2b;\">\u2192 <\/span><\/span><\/span><\/span><\/b><\/strong>2 db 50 ml-es \u00fcvegpalack<\/p>\n<p style=\"padding-left: 40px;\"><strong><b data-stringify-type=\"bold\"><span class=\"list-content\"><span style=\"vertical-align: inherit;\"><span data-sheets-value=\"{\"1\":2,\"2\":\"Madagascar\"}\" data-sheets-userformat=\"{\"2\":12803,\"3\":{\"1\":0},\"4\":{\"1\":2,\"2\":16773836},\"12\":0,\"15\":\"Arial\",\"16\":9}\"><span style=\"color: #ce4e2b;\">\u2192 <\/span><\/span><\/span><\/span><\/b><\/strong>2 kupak codigoutte-val<\/p>\n<p style=\"padding-left: 40px;\"><strong><b data-stringify-type=\"bold\"><span class=\"list-content\"><span style=\"vertical-align: inherit;\"><span data-sheets-value=\"{\"1\":2,\"2\":\"Madagascar\"}\" data-sheets-userformat=\"{\"2\":12803,\"3\":{\"1\":0},\"4\":{\"1\":2,\"2\":16773836},\"12\":0,\"15\":\"Arial\",\"16\":9}\"><span style=\"color: #ce4e2b;\">\u2192 <\/span><\/span><\/span><\/span><\/b><\/strong>1 pipetta 5 ml<\/p>\n<h3>Mi\u00e9rt v\u00e1lassza a csal\u00e1di csomagot?<\/h3>\n<p>A Family csomagot \u00fagy tervezt\u00e9k, hogy a csal\u00e1d minden tagj\u00e1nak napi sz\u00fcks\u00e9gleteit kiel\u00e9g\u00edtse, term\u00e9szetes term\u00e9keket k\u00edn\u00e1lva a j\u00f3l\u00e9thez, a pihen\u00e9shez, a v\u00e9delemhez \u00e9s a b\u0151r\u00e1pol\u00e1shoz. Legyen sz\u00f3 a fesz\u00fclts\u00e9g enyh\u00edt\u00e9s\u00e9r\u0151l, a term\u00e9szetes v\u00e9dekez\u0151k\u00e9pess\u00e9g t\u00e1mogat\u00e1s\u00e1r\u00f3l vagy egy pillanatnyi kikapcsol\u00f3d\u00e1sr\u00f3l, ez a csomag teljes megold\u00e1st k\u00edn\u00e1l a mindennapokra. <\/p>\n<\/div>\n","protected":false},"featured_media":23473,"comment_status":"open","ping_status":"closed","template":"","meta":{"_acf_changed":false},"product_brand":[],"product_cat":[219],"product_tag":[],"class_list":{"0":"post-23470","1":"product","2":"type-product","3":"status-publish","4":"has-post-thumbnail","6":"product_cat-dobozok","8":"first","9":"instock","10":"taxable","11":"shipping-taxable","12":"purchasable","13":"product-type-simple"},"acf":[],"yoast_head":"<!-- This site is optimized with the Yoast SEO plugin v27.4 - https:\/\/yoast.com\/product\/yoast-seo-wordpress\/ -->\n<title>Csal\u00e1di csomag - Bo\u00e8mia Aroma<\/title>\n<meta name=\"description\" content=\"Csal\u00e1di csomag en vente en ligne sur Bo\u00e8mia Aroma.\" \/>\n<meta name=\"robots\" content=\"index, follow, max-snippet:-1, max-image-preview:large, max-video-preview:-1\" \/>\n<link rel=\"canonical\" href=\"https:\/\/www.boemia-aroma.com\/hu\/boemia-aruhaz\/dobozok\/csaladi-csomag\/\" \/>\n<meta property=\"og:locale\" content=\"hu_HU\" \/>\n<meta property=\"og:type\" content=\"article\" \/>\n<meta property=\"og:title\" content=\"Csal\u00e1di csomag - Bo\u00e8mia Aroma\" \/>\n<meta property=\"og:description\" content=\"Csal\u00e1di csomag en vente en ligne sur Bo\u00e8mia Aroma.\" \/>\n<meta property=\"og:url\" content=\"https:\/\/www.boemia-aroma.com\/hu\/boemia-aruhaz\/dobozok\/csaladi-csomag\/\" \/>\n<meta property=\"og:site_name\" content=\"Bo\u00e8mia Aroma\" \/>\n<meta property=\"article:modified_time\" content=\"2026-03-13T08:21:18+00:00\" \/>\n<meta property=\"og:image\" content=\"https:\/\/www.boemia-aroma.com\/wp-content\/uploads\/2024\/10\/Coffret-famille-1.png\" \/>\n\t<meta property=\"og:image:width\" content=\"900\" \/>\n\t<meta property=\"og:image:height\" content=\"1200\" \/>\n\t<meta property=\"og:image:type\" content=\"image\/png\" \/>\n<meta name=\"twitter:card\" content=\"summary_large_image\" \/>\n<script type=\"application\/ld+json\" class=\"yoast-schema-graph\">{\"@context\":\"https:\\\/\\\/schema.org\",\"@graph\":[{\"@type\":\"WebPage\",\"@id\":\"https:\\\/\\\/www.boemia-aroma.com\\\/hu\\\/boemia-aruhaz\\\/dobozok\\\/csaladi-csomag\\\/\",\"url\":\"https:\\\/\\\/www.boemia-aroma.com\\\/hu\\\/boemia-aruhaz\\\/dobozok\\\/csaladi-csomag\\\/\",\"name\":\"Csal\u00e1di csomag - Bo\u00e8mia Aroma\",\"isPartOf\":{\"@id\":\"https:\\\/\\\/www.boemia-aroma.com\\\/hu\\\/#website\"},\"primaryImageOfPage\":{\"@id\":\"https:\\\/\\\/www.boemia-aroma.com\\\/hu\\\/boemia-aruhaz\\\/dobozok\\\/csaladi-csomag\\\/#primaryimage\"},\"image\":{\"@id\":\"https:\\\/\\\/www.boemia-aroma.com\\\/hu\\\/boemia-aruhaz\\\/dobozok\\\/csaladi-csomag\\\/#primaryimage\"},\"thumbnailUrl\":\"https:\\\/\\\/www.boemia-aroma.com\\\/wp-content\\\/uploads\\\/2024\\\/10\\\/Coffret-famille-1.png\",\"datePublished\":\"2024-10-28T03:21:18+00:00\",\"dateModified\":\"2026-03-13T08:21:18+00:00\",\"description\":\"Csal\u00e1di csomag en vente en ligne sur Bo\u00e8mia Aroma.\",\"breadcrumb\":{\"@id\":\"https:\\\/\\\/www.boemia-aroma.com\\\/hu\\\/boemia-aruhaz\\\/dobozok\\\/csaladi-csomag\\\/#breadcrumb\"},\"inLanguage\":\"hu\",\"potentialAction\":[{\"@type\":\"ReadAction\",\"target\":[\"https:\\\/\\\/www.boemia-aroma.com\\\/hu\\\/boemia-aruhaz\\\/dobozok\\\/csaladi-csomag\\\/\"]}]},{\"@type\":\"ImageObject\",\"inLanguage\":\"hu\",\"@id\":\"https:\\\/\\\/www.boemia-aroma.com\\\/hu\\\/boemia-aruhaz\\\/dobozok\\\/csaladi-csomag\\\/#primaryimage\",\"url\":\"https:\\\/\\\/www.boemia-aroma.com\\\/wp-content\\\/uploads\\\/2024\\\/10\\\/Coffret-famille-1.png\",\"contentUrl\":\"https:\\\/\\\/www.boemia-aroma.com\\\/wp-content\\\/uploads\\\/2024\\\/10\\\/Coffret-famille-1.png\",\"width\":900,\"height\":1200},{\"@type\":\"BreadcrumbList\",\"@id\":\"https:\\\/\\\/www.boemia-aroma.com\\\/hu\\\/boemia-aruhaz\\\/dobozok\\\/csaladi-csomag\\\/#breadcrumb\",\"itemListElement\":[{\"@type\":\"ListItem\",\"position\":1,\"name\":\"Kezd\u0151lap\",\"item\":\"https:\\\/\\\/www.boemia-aroma.com\\\/hu\\\/\"},{\"@type\":\"ListItem\",\"position\":2,\"name\":\"Boemia \u00c1ruh\u00e1z\",\"item\":\"https:\\\/\\\/www.boemia-aroma.com\\\/hu\\\/boemia-aruhaz\\\/\"},{\"@type\":\"ListItem\",\"position\":3,\"name\":\"Csal\u00e1di csomag\"}]},{\"@type\":\"WebSite\",\"@id\":\"https:\\\/\\\/www.boemia-aroma.com\\\/hu\\\/#website\",\"url\":\"https:\\\/\\\/www.boemia-aroma.com\\\/hu\\\/\",\"name\":\"Bo\u00e8mia Aroma\",\"description\":\"\",\"publisher\":{\"@id\":\"https:\\\/\\\/www.boemia-aroma.com\\\/hu\\\/#organization\"},\"alternateName\":\"Bo\u00e8mia Aroma\",\"potentialAction\":[{\"@type\":\"SearchAction\",\"target\":{\"@type\":\"EntryPoint\",\"urlTemplate\":\"https:\\\/\\\/www.boemia-aroma.com\\\/hu\\\/?s={search_term_string}\"},\"query-input\":{\"@type\":\"PropertyValueSpecification\",\"valueRequired\":true,\"valueName\":\"search_term_string\"}}],\"inLanguage\":\"hu\"},{\"@type\":\"Organization\",\"@id\":\"https:\\\/\\\/www.boemia-aroma.com\\\/hu\\\/#organization\",\"name\":\"Bo\u00e8mia Aroma\",\"url\":\"https:\\\/\\\/www.boemia-aroma.com\\\/hu\\\/\",\"logo\":{\"@type\":\"ImageObject\",\"inLanguage\":\"hu\",\"@id\":\"https:\\\/\\\/www.boemia-aroma.com\\\/hu\\\/#\\\/schema\\\/logo\\\/image\\\/\",\"url\":\"https:\\\/\\\/www.boemia-aroma.com\\\/wp-content\\\/uploads\\\/2023\\\/07\\\/logo-boemia-aroma.png\",\"contentUrl\":\"https:\\\/\\\/www.boemia-aroma.com\\\/wp-content\\\/uploads\\\/2023\\\/07\\\/logo-boemia-aroma.png\",\"width\":300,\"height\":176,\"caption\":\"Bo\u00e8mia Aroma\"},\"image\":{\"@id\":\"https:\\\/\\\/www.boemia-aroma.com\\\/hu\\\/#\\\/schema\\\/logo\\\/image\\\/\"}}]}<\/script>\n<!-- \/ Yoast SEO plugin. -->","yoast_head_json":{"title":"Csal\u00e1di csomag - Bo\u00e8mia Aroma","description":"Csal\u00e1di csomag en vente en ligne sur Bo\u00e8mia Aroma.","robots":{"index":"index","follow":"follow","max-snippet":"max-snippet:-1","max-image-preview":"max-image-preview:large","max-video-preview":"max-video-preview:-1"},"canonical":"https:\/\/www.boemia-aroma.com\/hu\/boemia-aruhaz\/dobozok\/csaladi-csomag\/","og_locale":"hu_HU","og_type":"article","og_title":"Csal\u00e1di csomag - Bo\u00e8mia Aroma","og_description":"Csal\u00e1di csomag en vente en ligne sur Bo\u00e8mia Aroma.","og_url":"https:\/\/www.boemia-aroma.com\/hu\/boemia-aruhaz\/dobozok\/csaladi-csomag\/","og_site_name":"Bo\u00e8mia Aroma","article_modified_time":"2026-03-13T08:21:18+00:00","og_image":[{"width":900,"height":1200,"url":"https:\/\/www.boemia-aroma.com\/wp-content\/uploads\/2024\/10\/Coffret-famille-1.png","type":"image\/png"}],"twitter_card":"summary_large_image","schema":{"@context":"https:\/\/schema.org","@graph":[{"@type":"WebPage","@id":"https:\/\/www.boemia-aroma.com\/hu\/boemia-aruhaz\/dobozok\/csaladi-csomag\/","url":"https:\/\/www.boemia-aroma.com\/hu\/boemia-aruhaz\/dobozok\/csaladi-csomag\/","name":"Csal\u00e1di csomag - Bo\u00e8mia Aroma","isPartOf":{"@id":"https:\/\/www.boemia-aroma.com\/hu\/#website"},"primaryImageOfPage":{"@id":"https:\/\/www.boemia-aroma.com\/hu\/boemia-aruhaz\/dobozok\/csaladi-csomag\/#primaryimage"},"image":{"@id":"https:\/\/www.boemia-aroma.com\/hu\/boemia-aruhaz\/dobozok\/csaladi-csomag\/#primaryimage"},"thumbnailUrl":"https:\/\/www.boemia-aroma.com\/wp-content\/uploads\/2024\/10\/Coffret-famille-1.png","datePublished":"2024-10-28T03:21:18+00:00","dateModified":"2026-03-13T08:21:18+00:00","description":"Csal\u00e1di csomag en vente en ligne sur Bo\u00e8mia Aroma.","breadcrumb":{"@id":"https:\/\/www.boemia-aroma.com\/hu\/boemia-aruhaz\/dobozok\/csaladi-csomag\/#breadcrumb"},"inLanguage":"hu","potentialAction":[{"@type":"ReadAction","target":["https:\/\/www.boemia-aroma.com\/hu\/boemia-aruhaz\/dobozok\/csaladi-csomag\/"]}]},{"@type":"ImageObject","inLanguage":"hu","@id":"https:\/\/www.boemia-aroma.com\/hu\/boemia-aruhaz\/dobozok\/csaladi-csomag\/#primaryimage","url":"https:\/\/www.boemia-aroma.com\/wp-content\/uploads\/2024\/10\/Coffret-famille-1.png","contentUrl":"https:\/\/www.boemia-aroma.com\/wp-content\/uploads\/2024\/10\/Coffret-famille-1.png","width":900,"height":1200},{"@type":"BreadcrumbList","@id":"https:\/\/www.boemia-aroma.com\/hu\/boemia-aruhaz\/dobozok\/csaladi-csomag\/#breadcrumb","itemListElement":[{"@type":"ListItem","position":1,"name":"Kezd\u0151lap","item":"https:\/\/www.boemia-aroma.com\/hu\/"},{"@type":"ListItem","position":2,"name":"Boemia \u00c1ruh\u00e1z","item":"https:\/\/www.boemia-aroma.com\/hu\/boemia-aruhaz\/"},{"@type":"ListItem","position":3,"name":"Csal\u00e1di csomag"}]},{"@type":"WebSite","@id":"https:\/\/www.boemia-aroma.com\/hu\/#website","url":"https:\/\/www.boemia-aroma.com\/hu\/","name":"Bo\u00e8mia Aroma","description":"","publisher":{"@id":"https:\/\/www.boemia-aroma.com\/hu\/#organization"},"alternateName":"Bo\u00e8mia Aroma","potentialAction":[{"@type":"SearchAction","target":{"@type":"EntryPoint","urlTemplate":"https:\/\/www.boemia-aroma.com\/hu\/?s={search_term_string}"},"query-input":{"@type":"PropertyValueSpecification","valueRequired":true,"valueName":"search_term_string"}}],"inLanguage":"hu"},{"@type":"Organization","@id":"https:\/\/www.boemia-aroma.com\/hu\/#organization","name":"Bo\u00e8mia Aroma","url":"https:\/\/www.boemia-aroma.com\/hu\/","logo":{"@type":"ImageObject","inLanguage":"hu","@id":"https:\/\/www.boemia-aroma.com\/hu\/#\/schema\/logo\/image\/","url":"https:\/\/www.boemia-aroma.com\/wp-content\/uploads\/2023\/07\/logo-boemia-aroma.png","contentUrl":"https:\/\/www.boemia-aroma.com\/wp-content\/uploads\/2023\/07\/logo-boemia-aroma.png","width":300,"height":176,"caption":"Bo\u00e8mia Aroma"},"image":{"@id":"https:\/\/www.boemia-aroma.com\/hu\/#\/schema\/logo\/image\/"}}]}},"_links":{"self":[{"href":"https:\/\/www.boemia-aroma.com\/hu\/wp-json\/wp\/v2\/product\/23470","targetHints":{"allow":["GET"]}}],"collection":[{"href":"https:\/\/www.boemia-aroma.com\/hu\/wp-json\/wp\/v2\/product"}],"about":[{"href":"https:\/\/www.boemia-aroma.com\/hu\/wp-json\/wp\/v2\/types\/product"}],"replies":[{"embeddable":true,"href":"https:\/\/www.boemia-aroma.com\/hu\/wp-json\/wp\/v2\/comments?post=23470"}],"version-history":[{"count":0,"href":"https:\/\/www.boemia-aroma.com\/hu\/wp-json\/wp\/v2\/product\/23470\/revisions"}],"wp:featuredmedia":[{"embeddable":true,"href":"https:\/\/www.boemia-aroma.com\/hu\/wp-json\/wp\/v2\/media\/23473"}],"wp:attachment":[{"href":"https:\/\/www.boemia-aroma.com\/hu\/wp-json\/wp\/v2\/media?parent=23470"}],"wp:term":[{"taxonomy":"product_brand","embeddable":true,"href":"https:\/\/www.boemia-aroma.com\/hu\/wp-json\/wp\/v2\/product_brand?post=23470"},{"taxonomy":"product_cat","embeddable":true,"href":"https:\/\/www.boemia-aroma.com\/hu\/wp-json\/wp\/v2\/product_cat?post=23470"},{"taxonomy":"product_tag","embeddable":true,"href":"https:\/\/www.boemia-aroma.com\/hu\/wp-json\/wp\/v2\/product_tag?post=23470"}],"curies":[{"name":"wp","href":"https:\/\/api.w.org\/{rel}","templated":true}]}}