{"id":23349,"date":"2023-09-01T11:15:13","date_gmt":"2023-09-01T09:15:13","guid":{"rendered":"https:\/\/www.boemia-aroma.com\/boutique-boemia\/nem-kategorizalt\/ciste-bio\/"},"modified":"2026-03-12T23:37:11","modified_gmt":"2026-03-12T22:37:11","slug":"organikus-cistus-ladanifera-illoolaj","status":"publish","type":"product","link":"https:\/\/www.boemia-aroma.com\/hu\/boemia-aruhaz\/illoolajok\/organikus-cistus-ladanifera-illoolaj\/","title":{"rendered":"Organikus Cistus ladanifera ill\u00f3olaj &#8211; 5 ml"},"content":{"rendered":"\t\t<div data-elementor-type=\"product-post\" data-elementor-id=\"23349\" class=\"elementor elementor-23349 elementor-9310\" data-elementor-post-type=\"product\">\n\t\t\t\t\t\t<section class=\"elementor-section elementor-top-section elementor-element elementor-element-a54d7b2 elementor-reverse-mobile elementor-section-boxed elementor-section-height-default elementor-section-height-default\" data-id=\"a54d7b2\" data-element_type=\"section\" data-e-type=\"section\">\n\t\t\t\t\t\t<div class=\"elementor-container elementor-column-gap-wider\">\n\t\t\t\t\t<div class=\"elementor-column elementor-col-50 elementor-top-column elementor-element elementor-element-6815e10\" data-id=\"6815e10\" data-element_type=\"column\" data-e-type=\"column\">\n\t\t\t<div class=\"elementor-widget-wrap elementor-element-populated\">\n\t\t\t\t\t\t<div class=\"elementor-element elementor-element-2b32561 elementor-widget elementor-widget-image\" data-id=\"2b32561\" data-element_type=\"widget\" data-e-type=\"widget\" data-widget_type=\"image.default\">\n\t\t\t\t<div class=\"elementor-widget-container\">\n\t\t\t\t\t\t\t\t\t\t\t\t\t\t\t<img decoding=\"async\" src=\"https:\/\/www.boemia-aroma.com\/wp-content\/uploads\/elementor\/thumbs\/ciste-r0zelf7v7y6x8m3gag55yx0qncgliiqoc3olii41t4.jpg\" title=\"cistus\" alt=\"cistus\" loading=\"lazy\" \/>\t\t\t\t\t\t\t\t\t\t\t\t\t\t\t<\/div>\n\t\t\t\t<\/div>\n\t\t\t\t\t<\/div>\n\t\t<\/div>\n\t\t\t\t<div class=\"elementor-column elementor-col-50 elementor-top-column elementor-element elementor-element-bf0a8f8\" data-id=\"bf0a8f8\" data-element_type=\"column\" data-e-type=\"column\">\n\t\t\t<div class=\"elementor-widget-wrap elementor-element-populated\">\n\t\t\t\t\t\t<div class=\"elementor-element elementor-element-5de5b72 elementor-widget elementor-widget-heading\" data-id=\"5de5b72\" data-element_type=\"widget\" data-e-type=\"widget\" data-widget_type=\"heading.default\">\n\t\t\t\t<div class=\"elementor-widget-container\">\n\t\t\t\t\t<h2 class=\"elementor-heading-title elementor-size-default\">Cistus ladanifera \u00e9s ill\u00f3olaja<\/h2>\t\t\t\t<\/div>\n\t\t\t\t<\/div>\n\t\t\t\t<div class=\"elementor-element elementor-element-8116019 elementor-widget elementor-widget-spacer\" data-id=\"8116019\" data-element_type=\"widget\" data-e-type=\"widget\" data-widget_type=\"spacer.default\">\n\t\t\t\t<div class=\"elementor-widget-container\">\n\t\t\t\t\t\t\t<div class=\"elementor-spacer\">\n\t\t\t<div class=\"elementor-spacer-inner\"><\/div>\n\t\t<\/div>\n\t\t\t\t\t\t<\/div>\n\t\t\t\t<\/div>\n\t\t\t\t<div class=\"elementor-element elementor-element-98715e2 elementor-widget elementor-widget-text-editor\" data-id=\"98715e2\" data-element_type=\"widget\" data-e-type=\"widget\" data-widget_type=\"text-editor.default\">\n\t\t\t\t<div class=\"elementor-widget-container\">\n\t\t\t\t\t\t\t\t\t<p><span style=\"font-weight: 400;\"><strong>A Cistus ladaniferus<\/strong> L. figyelemre m\u00e9lt\u00f3an ellen\u00e1ll\u00f3 n\u00f6v\u00e9ny. Sz\u00e1raz, sz\u00e1raz talajokon, boz\u00f3tosban \u00e9s garrigue-ban, gyakran a Helichrysummal egy\u00fctt fejl\u0151dik. Jellegzetess\u00e9gei a nagy, soksz\u00edn\u0171 vir\u00e1gok \u00e9s a kapszula alak\u00fa term\u00e9sek.    <\/span><\/p><p><span style=\"font-weight: 400;\">A &#8222;kistos&#8221; sz\u00f3, amelyb\u0151l <strong>a Cistus<\/strong> a nev\u00e9t kapta, g\u00f6r\u00f6g\u00fcl &#8222;dobozt&#8221; vagy &#8222;kapszul\u00e1t&#8221; jelent. Ez a n\u00e9v akkor nyeri el teljes \u00e9rtelm\u00e9t, ha figyelembe vessz\u00fck, hogy a n\u00f6v\u00e9ny t\u0171z\u00e1ll\u00f3 kapszul\u00e1inak k\u00f6sz\u00f6nhet\u0151en ellen\u00e1ll a l\u00e1ngoknak. <\/span><\/p><p><span style=\"font-weight: 400;\">A bio<strong>Cistus ladanifera ill\u00f3olajat<\/strong> a gyant\u00e1s gallyak v\u00edzg\u0151z-desztill\u00e1ci\u00f3j\u00e1val nyerik. Borosty\u00e1nsz\u00edn\u0171, balzsamos illatot bocs\u00e1t ki, amely eml\u00e9keztet a labdanum intenzit\u00e1s\u00e1ra, amelyet egykor ugyanezen gallyakb\u00f3l nyertek. <\/span><\/p>\t\t\t\t\t\t\t\t<\/div>\n\t\t\t\t<\/div>\n\t\t\t\t<div class=\"elementor-element elementor-element-d2c9d5c elementor-widget elementor-widget-spacer\" data-id=\"d2c9d5c\" data-element_type=\"widget\" data-e-type=\"widget\" data-widget_type=\"spacer.default\">\n\t\t\t\t<div class=\"elementor-widget-container\">\n\t\t\t\t\t\t\t<div class=\"elementor-spacer\">\n\t\t\t<div class=\"elementor-spacer-inner\"><\/div>\n\t\t<\/div>\n\t\t\t\t\t\t<\/div>\n\t\t\t\t<\/div>\n\t\t\t\t\t<\/div>\n\t\t<\/div>\n\t\t\t\t\t<\/div>\n\t\t<\/section>\n\t\t\t\t<section class=\"elementor-section elementor-top-section elementor-element elementor-element-bd16ce2 elementor-reverse-mobile elementor-section-boxed elementor-section-height-default elementor-section-height-default\" data-id=\"bd16ce2\" data-element_type=\"section\" data-e-type=\"section\">\n\t\t\t\t\t\t<div class=\"elementor-container elementor-column-gap-wider\">\n\t\t\t\t\t<div class=\"elementor-column elementor-col-50 elementor-top-column elementor-element elementor-element-6ea1e80\" data-id=\"6ea1e80\" data-element_type=\"column\" data-e-type=\"column\">\n\t\t\t<div class=\"elementor-widget-wrap elementor-element-populated\">\n\t\t\t\t\t\t<div class=\"elementor-element elementor-element-e508b66 elementor-widget elementor-widget-heading\" data-id=\"e508b66\" data-element_type=\"widget\" data-e-type=\"widget\" data-widget_type=\"heading.default\">\n\t\t\t\t<div class=\"elementor-widget-container\">\n\t\t\t\t\t<h2 class=\"elementor-heading-title elementor-size-default\">A ladaniferous k\u00f6vir\u00f3zsa t\u00f6rt\u00e9nete \u00e9s hagyom\u00e1nyos haszn\u00e1lata<\/h2>\t\t\t\t<\/div>\n\t\t\t\t<\/div>\n\t\t\t\t<div class=\"elementor-element elementor-element-331b617 elementor-widget elementor-widget-spacer\" data-id=\"331b617\" data-element_type=\"widget\" data-e-type=\"widget\" data-widget_type=\"spacer.default\">\n\t\t\t\t<div class=\"elementor-widget-container\">\n\t\t\t\t\t\t\t<div class=\"elementor-spacer\">\n\t\t\t<div class=\"elementor-spacer-inner\"><\/div>\n\t\t<\/div>\n\t\t\t\t\t\t<\/div>\n\t\t\t\t<\/div>\n\t\t\t\t<div class=\"elementor-element elementor-element-09b01b4 elementor-widget elementor-widget-text-editor\" data-id=\"09b01b4\" data-element_type=\"widget\" data-e-type=\"widget\" data-widget_type=\"text-editor.default\">\n\t\t\t\t<div class=\"elementor-widget-container\">\n\t\t\t\t\t\t\t\t\t<p><span style=\"font-weight: 400;\"><strong>A Cistus ladanifer\u00e1t<\/strong> m\u00e1r az \u00f3kor \u00f3ta nagyra \u00e9rt\u00e9kelik sz\u00e1mos felhaszn\u00e1l\u00e1si m\u00f3dja miatt. A n\u00f6v\u00e9ny gyant\u00e1s gallyait f\u0151zve nyert\u00e9k a labdanumot, amelyet a parf\u00fcmk\u00e9sz\u00edt\u00e9sben \u00e9s a test sz\u00e9p\u00edt\u00e9s\u00e9re szolg\u00e1l\u00f3 ken\u0151csk\u00e9nt haszn\u00e1ltak. \u00d6sszeh\u00faz\u00f3 \u00e9s v\u00e9rz\u00e9scsillap\u00edt\u00f3 tulajdons\u00e1gair\u00f3l ismert, ez\u00e9rt ide\u00e1lis helyi kezel\u00e9s volt \u00e9g\u00e9si s\u00e9r\u00fcl\u00e9sek, sebek \u00e9s fek\u00e9lyek kezel\u00e9s\u00e9re.  <\/span><\/p><p><span style=\"font-weight: 400;\">Az egyiptomiak \u00e9s a karth\u00e1g\u00f3iak a test sz\u00e9p\u00edt\u00e9s\u00e9re \u00e9s illatos\u00edtott ken\u0151csk\u00e9nt haszn\u00e1lt\u00e1k. B\u00e1r gy\u00f3gy\u00e1szati felhaszn\u00e1l\u00e1s\u00e1t fokozatosan felhagytak vele, <strong>a ladaniferos k\u00f6vir\u00f3zsa<\/strong> m\u00e9g mindig \u00e9rt\u00e9kes \u00f6sszetev\u0151je a parf\u00fcmk\u00e9sz\u00edt\u00e9snek. <\/span><\/p><p><span style=\"font-weight: 400;\">Ma a Bo\u00e8mia lehet\u0151s\u00e9get k\u00edn\u00e1l \u00d6nnek, hogy felfedezze ezt a term\u00e9szeti kincset a bio <strong>Cistus ladanifera ill\u00f3olajunkkal<\/strong>, egy olyan esszenci\u00e1val, amely a term\u00e9szet erej\u00e9nek \u00e9s regener\u00e1l\u00f3d\u00e1si k\u00e9pess\u00e9g\u00e9nek igazi bizony\u00edt\u00e9ka.<\/span><\/p>\t\t\t\t\t\t\t\t<\/div>\n\t\t\t\t<\/div>\n\t\t\t\t<div class=\"elementor-element elementor-element-b3bba1a elementor-widget elementor-widget-spacer\" data-id=\"b3bba1a\" data-element_type=\"widget\" data-e-type=\"widget\" data-widget_type=\"spacer.default\">\n\t\t\t\t<div class=\"elementor-widget-container\">\n\t\t\t\t\t\t\t<div class=\"elementor-spacer\">\n\t\t\t<div class=\"elementor-spacer-inner\"><\/div>\n\t\t<\/div>\n\t\t\t\t\t\t<\/div>\n\t\t\t\t<\/div>\n\t\t\t\t<div class=\"elementor-element elementor-element-5e93bbb elementor-widget elementor-widget-heading\" data-id=\"5e93bbb\" data-element_type=\"widget\" data-e-type=\"widget\" data-widget_type=\"heading.default\">\n\t\t\t\t<div class=\"elementor-widget-container\">\n\t\t\t\t\t<h3 class=\"elementor-heading-title elementor-size-default\">Felel\u0151ss\u00e9gi nyilatkozat hagyom\u00e1nyos felhaszn\u00e1l\u00e1sok<\/h3>\t\t\t\t<\/div>\n\t\t\t\t<\/div>\n\t\t\t\t<div class=\"elementor-element elementor-element-6de8230 elementor-widget elementor-widget-text-editor\" data-id=\"6de8230\" data-element_type=\"widget\" data-e-type=\"widget\" data-widget_type=\"text-editor.default\">\n\t\t\t\t<div class=\"elementor-widget-container\">\n\t\t\t\t\t\t\t\t\t<p><em>Az itt le\u00edrt hagyom\u00e1nyos felhaszn\u00e1l\u00e1si m\u00f3dok a k\u00fcl\u00f6nb\u00f6z\u0151 civiliz\u00e1ci\u00f3k t\u00f6rt\u00e9nelmi \u00e9s kultur\u00e1lis gyakorlat\u00e1n alapulnak. Ez az inform\u00e1ci\u00f3 kiz\u00e1r\u00f3lag oktat\u00e1si \u00e9s t\u00e1j\u00e9koztat\u00e1si c\u00e9lokat szolg\u00e1l. Nem c\u00e9lja semmilyen betegs\u00e9g diagnosztiz\u00e1l\u00e1sa, kezel\u00e9se, gy\u00f3gy\u00edt\u00e1sa vagy megel\u0151z\u00e9se. Ezeket a kijelent\u00e9seket semmilyen orvosi hat\u00f3s\u00e1g nem \u00e9rt\u00e9kelte.   <\/em><\/p><p><em>Mindig javasoljuk, hogy konzult\u00e1ljon szakk\u00e9pzett eg\u00e9szs\u00e9g\u00fcgyi szakemberrel, miel\u0151tt eg\u00e9szs\u00e9g\u00fcgyi okokb\u00f3l ill\u00f3olajokat haszn\u00e1lna.<\/em><\/p>\t\t\t\t\t\t\t\t<\/div>\n\t\t\t\t<\/div>\n\t\t\t\t\t<\/div>\n\t\t<\/div>\n\t\t\t\t<div class=\"elementor-column elementor-col-50 elementor-top-column elementor-element elementor-element-4c0420f\" data-id=\"4c0420f\" data-element_type=\"column\" data-e-type=\"column\">\n\t\t\t<div class=\"elementor-widget-wrap elementor-element-populated\">\n\t\t\t\t\t\t<div class=\"elementor-element elementor-element-d2b8bfe elementor-widget elementor-widget-image\" data-id=\"d2b8bfe\" data-element_type=\"widget\" data-e-type=\"widget\" data-widget_type=\"image.default\">\n\t\t\t\t<div class=\"elementor-widget-container\">\n\t\t\t\t\t\t\t\t\t\t\t\t\t\t\t<img decoding=\"async\" src=\"https:\/\/www.boemia-aroma.com\/wp-content\/uploads\/2024\/01\/Boemia-fiche-produit-ABL-2.jpg\" title=\"\" alt=\"\" loading=\"lazy\" \/>\t\t\t\t\t\t\t\t\t\t\t\t\t\t\t<\/div>\n\t\t\t\t<\/div>\n\t\t\t\t\t<\/div>\n\t\t<\/div>\n\t\t\t\t\t<\/div>\n\t\t<\/section>\n\t\t\t\t<\/div>\n\t\t","protected":false},"excerpt":{"rendered":"<p><span style=\"color: #ce4e2b;\"><strong><span data-sheets-value=\"{\"1\":2,\"2\":\"Une r\u00e9silience qui transcende le temps\"}\" data-sheets-userformat=\"{\"2\":33567233,\"3\":{\"1\":0},\"12\":0,\"15\":\"Arial\",\"16\":10,\"28\":1}\">Az id\u0151n t\u00fali ellen\u00e1ll\u00f3 k\u00e9pess\u00e9g<\/span><\/strong><\/span><\/p>\n<p><span style=\"color: #808080;\" data-sheets-value=\"{\"1\":2,\"2\":\"Ocimum basilicum L.\"}\" data-sheets-userformat=\"{\"2\":12803,\"3\":{\"1\":0},\"4\":{\"1\":2,\"2\":16773836},\"12\":0,\"15\":\"Arial\",\"16\":9}\"><em><span data-sheets-value=\"{\"1\":2,\"2\":\"Cistus ladaniferus L.\"}\" data-sheets-userformat=\"{\"2\":33567233,\"3\":{\"1\":0},\"12\":0,\"15\":\"Arial\",\"16\":9,\"28\":1}\">Cistus ladaniferus L.<\/span> <\/em><\/span><\/p>\n[dt_gap height=\"10\" \/]\n<p><span data-sheets-value=\"{\"1\":2,\"2\":\"Madagascar\"}\" data-sheets-userformat=\"{\"2\":12803,\"3\":{\"1\":0},\"4\":{\"1\":2,\"2\":16773836},\"12\":0,\"15\":\"Arial\",\"16\":9}\"><span style=\"color: #ce4e2b;\">\u2192 <\/span><\/span>Mennyis\u00e9g : 5 ml<\/p>\n<p><span data-sheets-value=\"{\"1\":2,\"2\":\"Madagascar\"}\" data-sheets-userformat=\"{\"2\":12803,\"3\":{\"1\":0},\"4\":{\"1\":2,\"2\":16773836},\"12\":0,\"15\":\"Arial\",\"16\":9}\"><span style=\"color: #ce4e2b;\">\u2192<\/span> Sz\u00e1rmaz\u00e1si hely: Marokk\u00f3<\/span><\/p>\n<p><span style=\"color: #ce4e2b;\" data-sheets-value=\"{\"1\":2,\"2\":\"Madagascar\"}\" data-sheets-userformat=\"{\"2\":12803,\"3\":{\"1\":0},\"4\":{\"1\":2,\"2\":16773836},\"12\":0,\"15\":\"Arial\",\"16\":9}\">\u2192 <\/span>Felhaszn\u00e1lt r\u00e9sz: <span data-sheets-value=\"{\"1\":2,\"2\":\"Sommit\u00e9s fleuris\"}\" data-sheets-userformat=\"{\"2\":33567233,\"3\":{\"1\":0},\"12\":0,\"15\":\"Arial\",\"16\":9,\"28\":1}\">Vir\u00e1gz\u00f3 cs\u00facsok<\/span><\/p>\n<p><span data-sheets-value=\"{\"1\":2,\"2\":\"Extraction \u00e0 la vapeur d'eau\"}\" data-sheets-userformat=\"{\"2\":12803,\"3\":{\"1\":0},\"4\":{\"1\":2,\"2\":16773836},\"12\":0,\"15\":\"Arial\",\"16\":9}\"><span style=\"color: #ce4e2b;\">\u2192<\/span> M\u00f3dszer: G\u0151zzel t\u00f6rt\u00e9n\u0151 extrakci\u00f3<\/span><\/p>\n<p><span data-sheets-value=\"{\"1\":2,\"2\":\"Extraction \u00e0 la vapeur d'eau\"}\" data-sheets-userformat=\"{\"2\":12803,\"3\":{\"1\":0},\"4\":{\"1\":2,\"2\":16773836},\"12\":0,\"15\":\"Arial\",\"16\":9}\"><span style=\"color: #ce4e2b;\">\u2192 Ill\u00f3olaj a Bo\u00e8mia pr\u00e9mium v\u00e1laszt\u00e9k\u00e1b\u00f3l<\/span><\/span><\/p>\n<p><span data-sheets-value=\"{\"1\":2,\"2\":\"Extraction \u00e0 la vapeur d'eau\"}\" data-sheets-userformat=\"{\"2\":12803,\"3\":{\"1\":0},\"4\":{\"1\":2,\"2\":16773836},\"12\":0,\"15\":\"Arial\",\"16\":9}\"><span style=\"color: #ce4e2b;\">\u2192<\/span> T\u00e1rol\u00e1s: 5 \u00e9v<\/span><\/p>\n<p><span data-sheets-value=\"{\"1\":2,\"2\":\"Extraction \u00e0 la vapeur d'eau\"}\" data-sheets-userformat=\"{\"2\":12803,\"3\":{\"1\":0},\"4\":{\"1\":2,\"2\":16773836},\"12\":0,\"15\":\"Arial\",\"16\":9}\"><span style=\"color: #4d6854;\">\u2205<\/span> Nincs t\u00falcsomagol\u00e1s<\/span><\/p>\n","protected":false},"featured_media":23352,"comment_status":"open","ping_status":"closed","template":"","meta":{"_acf_changed":false},"product_brand":[],"product_cat":[204],"product_tag":[],"class_list":{"0":"post-23349","1":"product","2":"type-product","3":"status-publish","4":"has-post-thumbnail","6":"product_cat-illoolajok","7":"pa_usage-borapolas","9":"first","10":"instock","11":"taxable","12":"shipping-taxable","13":"purchasable","14":"product-type-simple"},"acf":[],"yoast_head":"<!-- This site is optimized with the Yoast SEO plugin v27.4 - https:\/\/yoast.com\/product\/yoast-seo-wordpress\/ -->\n<title>Bio k\u00f6vir\u00f3zsa ill\u00f3olaj | Bo\u00e8mia<\/title>\n<meta name=\"description\" content=\"Cistus ladanifera bio ill\u00f3olaj, vadon sz\u00fcretelve \u00e9s k\u00e9zzel desztill\u00e1lva. Ritka gyant\u00e1s esszencia m\u00e9ly illattal.\" \/>\n<meta name=\"robots\" content=\"index, follow, max-snippet:-1, max-image-preview:large, max-video-preview:-1\" \/>\n<link rel=\"canonical\" href=\"https:\/\/www.boemia-aroma.com\/hu\/boemia-aruhaz\/illoolajok\/organikus-cistus-ladanifera-illoolaj\/\" \/>\n<meta property=\"og:locale\" content=\"hu_HU\" \/>\n<meta property=\"og:type\" content=\"article\" \/>\n<meta property=\"og:title\" content=\"Bio k\u00f6vir\u00f3zsa ill\u00f3olaj | Bo\u00e8mia\" \/>\n<meta property=\"og:description\" content=\"Cistus ladanifera bio ill\u00f3olaj, vadon sz\u00fcretelve \u00e9s k\u00e9zzel desztill\u00e1lva. Ritka gyant\u00e1s esszencia m\u00e9ly illattal.\" \/>\n<meta property=\"og:url\" content=\"https:\/\/www.boemia-aroma.com\/hu\/boemia-aruhaz\/illoolajok\/organikus-cistus-ladanifera-illoolaj\/\" \/>\n<meta property=\"og:site_name\" content=\"Bo\u00e8mia Aroma\" \/>\n<meta property=\"article:modified_time\" content=\"2026-03-12T22:37:11+00:00\" \/>\n<meta property=\"og:image\" content=\"https:\/\/www.boemia-aroma.com\/wp-content\/uploads\/2023\/09\/ciste.webp\" \/>\n\t<meta property=\"og:image:width\" content=\"1200\" \/>\n\t<meta property=\"og:image:height\" content=\"1200\" \/>\n\t<meta property=\"og:image:type\" content=\"image\/webp\" \/>\n<meta name=\"twitter:card\" content=\"summary_large_image\" \/>\n<meta name=\"twitter:label1\" content=\"Becs\u00fclt olvas\u00e1si id\u0151\" \/>\n\t<meta name=\"twitter:data1\" content=\"2 perc\" \/>\n<script type=\"application\/ld+json\" class=\"yoast-schema-graph\">{\"@context\":\"https:\\\/\\\/schema.org\",\"@graph\":[{\"@type\":\"WebPage\",\"@id\":\"https:\\\/\\\/www.boemia-aroma.com\\\/hu\\\/boemia-aruhaz\\\/illoolajok\\\/organikus-cistus-ladanifera-illoolaj\\\/\",\"url\":\"https:\\\/\\\/www.boemia-aroma.com\\\/hu\\\/boemia-aruhaz\\\/illoolajok\\\/organikus-cistus-ladanifera-illoolaj\\\/\",\"name\":\"Bio k\u00f6vir\u00f3zsa ill\u00f3olaj | Bo\u00e8mia\",\"isPartOf\":{\"@id\":\"https:\\\/\\\/www.boemia-aroma.com\\\/hu\\\/#website\"},\"primaryImageOfPage\":{\"@id\":\"https:\\\/\\\/www.boemia-aroma.com\\\/hu\\\/boemia-aruhaz\\\/illoolajok\\\/organikus-cistus-ladanifera-illoolaj\\\/#primaryimage\"},\"image\":{\"@id\":\"https:\\\/\\\/www.boemia-aroma.com\\\/hu\\\/boemia-aruhaz\\\/illoolajok\\\/organikus-cistus-ladanifera-illoolaj\\\/#primaryimage\"},\"thumbnailUrl\":\"https:\\\/\\\/www.boemia-aroma.com\\\/wp-content\\\/uploads\\\/2023\\\/09\\\/ciste.webp\",\"datePublished\":\"2023-09-01T09:15:13+00:00\",\"dateModified\":\"2026-03-12T22:37:11+00:00\",\"description\":\"Cistus ladanifera bio ill\u00f3olaj, vadon sz\u00fcretelve \u00e9s k\u00e9zzel desztill\u00e1lva. Ritka gyant\u00e1s esszencia m\u00e9ly illattal.\",\"breadcrumb\":{\"@id\":\"https:\\\/\\\/www.boemia-aroma.com\\\/hu\\\/boemia-aruhaz\\\/illoolajok\\\/organikus-cistus-ladanifera-illoolaj\\\/#breadcrumb\"},\"inLanguage\":\"hu\",\"potentialAction\":[{\"@type\":\"ReadAction\",\"target\":[\"https:\\\/\\\/www.boemia-aroma.com\\\/hu\\\/boemia-aruhaz\\\/illoolajok\\\/organikus-cistus-ladanifera-illoolaj\\\/\"]}]},{\"@type\":\"ImageObject\",\"inLanguage\":\"hu\",\"@id\":\"https:\\\/\\\/www.boemia-aroma.com\\\/hu\\\/boemia-aruhaz\\\/illoolajok\\\/organikus-cistus-ladanifera-illoolaj\\\/#primaryimage\",\"url\":\"https:\\\/\\\/www.boemia-aroma.com\\\/wp-content\\\/uploads\\\/2023\\\/09\\\/ciste.webp\",\"contentUrl\":\"https:\\\/\\\/www.boemia-aroma.com\\\/wp-content\\\/uploads\\\/2023\\\/09\\\/ciste.webp\",\"width\":1200,\"height\":1200},{\"@type\":\"BreadcrumbList\",\"@id\":\"https:\\\/\\\/www.boemia-aroma.com\\\/hu\\\/boemia-aruhaz\\\/illoolajok\\\/organikus-cistus-ladanifera-illoolaj\\\/#breadcrumb\",\"itemListElement\":[{\"@type\":\"ListItem\",\"position\":1,\"name\":\"Kezd\u0151lap\",\"item\":\"https:\\\/\\\/www.boemia-aroma.com\\\/hu\\\/\"},{\"@type\":\"ListItem\",\"position\":2,\"name\":\"Boemia \u00c1ruh\u00e1z\",\"item\":\"https:\\\/\\\/www.boemia-aroma.com\\\/hu\\\/boemia-aruhaz\\\/\"},{\"@type\":\"ListItem\",\"position\":3,\"name\":\"Organikus Cistus ladanifera ill\u00f3olaj &#8211; 5 ml\"}]},{\"@type\":\"WebSite\",\"@id\":\"https:\\\/\\\/www.boemia-aroma.com\\\/hu\\\/#website\",\"url\":\"https:\\\/\\\/www.boemia-aroma.com\\\/hu\\\/\",\"name\":\"Bo\u00e8mia Aroma\",\"description\":\"\",\"publisher\":{\"@id\":\"https:\\\/\\\/www.boemia-aroma.com\\\/hu\\\/#organization\"},\"alternateName\":\"Bo\u00e8mia Aroma\",\"potentialAction\":[{\"@type\":\"SearchAction\",\"target\":{\"@type\":\"EntryPoint\",\"urlTemplate\":\"https:\\\/\\\/www.boemia-aroma.com\\\/hu\\\/?s={search_term_string}\"},\"query-input\":{\"@type\":\"PropertyValueSpecification\",\"valueRequired\":true,\"valueName\":\"search_term_string\"}}],\"inLanguage\":\"hu\"},{\"@type\":\"Organization\",\"@id\":\"https:\\\/\\\/www.boemia-aroma.com\\\/hu\\\/#organization\",\"name\":\"Bo\u00e8mia Aroma\",\"url\":\"https:\\\/\\\/www.boemia-aroma.com\\\/hu\\\/\",\"logo\":{\"@type\":\"ImageObject\",\"inLanguage\":\"hu\",\"@id\":\"https:\\\/\\\/www.boemia-aroma.com\\\/hu\\\/#\\\/schema\\\/logo\\\/image\\\/\",\"url\":\"https:\\\/\\\/www.boemia-aroma.com\\\/wp-content\\\/uploads\\\/2023\\\/07\\\/logo-boemia-aroma.png\",\"contentUrl\":\"https:\\\/\\\/www.boemia-aroma.com\\\/wp-content\\\/uploads\\\/2023\\\/07\\\/logo-boemia-aroma.png\",\"width\":300,\"height\":176,\"caption\":\"Bo\u00e8mia Aroma\"},\"image\":{\"@id\":\"https:\\\/\\\/www.boemia-aroma.com\\\/hu\\\/#\\\/schema\\\/logo\\\/image\\\/\"}}]}<\/script>\n<!-- \/ Yoast SEO plugin. -->","yoast_head_json":{"title":"Bio k\u00f6vir\u00f3zsa ill\u00f3olaj | Bo\u00e8mia","description":"Cistus ladanifera bio ill\u00f3olaj, vadon sz\u00fcretelve \u00e9s k\u00e9zzel desztill\u00e1lva. Ritka gyant\u00e1s esszencia m\u00e9ly illattal.","robots":{"index":"index","follow":"follow","max-snippet":"max-snippet:-1","max-image-preview":"max-image-preview:large","max-video-preview":"max-video-preview:-1"},"canonical":"https:\/\/www.boemia-aroma.com\/hu\/boemia-aruhaz\/illoolajok\/organikus-cistus-ladanifera-illoolaj\/","og_locale":"hu_HU","og_type":"article","og_title":"Bio k\u00f6vir\u00f3zsa ill\u00f3olaj | Bo\u00e8mia","og_description":"Cistus ladanifera bio ill\u00f3olaj, vadon sz\u00fcretelve \u00e9s k\u00e9zzel desztill\u00e1lva. Ritka gyant\u00e1s esszencia m\u00e9ly illattal.","og_url":"https:\/\/www.boemia-aroma.com\/hu\/boemia-aruhaz\/illoolajok\/organikus-cistus-ladanifera-illoolaj\/","og_site_name":"Bo\u00e8mia Aroma","article_modified_time":"2026-03-12T22:37:11+00:00","og_image":[{"width":1200,"height":1200,"url":"https:\/\/www.boemia-aroma.com\/wp-content\/uploads\/2023\/09\/ciste.webp","type":"image\/webp"}],"twitter_card":"summary_large_image","twitter_misc":{"Becs\u00fclt olvas\u00e1si id\u0151":"2 perc"},"schema":{"@context":"https:\/\/schema.org","@graph":[{"@type":"WebPage","@id":"https:\/\/www.boemia-aroma.com\/hu\/boemia-aruhaz\/illoolajok\/organikus-cistus-ladanifera-illoolaj\/","url":"https:\/\/www.boemia-aroma.com\/hu\/boemia-aruhaz\/illoolajok\/organikus-cistus-ladanifera-illoolaj\/","name":"Bio k\u00f6vir\u00f3zsa ill\u00f3olaj | Bo\u00e8mia","isPartOf":{"@id":"https:\/\/www.boemia-aroma.com\/hu\/#website"},"primaryImageOfPage":{"@id":"https:\/\/www.boemia-aroma.com\/hu\/boemia-aruhaz\/illoolajok\/organikus-cistus-ladanifera-illoolaj\/#primaryimage"},"image":{"@id":"https:\/\/www.boemia-aroma.com\/hu\/boemia-aruhaz\/illoolajok\/organikus-cistus-ladanifera-illoolaj\/#primaryimage"},"thumbnailUrl":"https:\/\/www.boemia-aroma.com\/wp-content\/uploads\/2023\/09\/ciste.webp","datePublished":"2023-09-01T09:15:13+00:00","dateModified":"2026-03-12T22:37:11+00:00","description":"Cistus ladanifera bio ill\u00f3olaj, vadon sz\u00fcretelve \u00e9s k\u00e9zzel desztill\u00e1lva. Ritka gyant\u00e1s esszencia m\u00e9ly illattal.","breadcrumb":{"@id":"https:\/\/www.boemia-aroma.com\/hu\/boemia-aruhaz\/illoolajok\/organikus-cistus-ladanifera-illoolaj\/#breadcrumb"},"inLanguage":"hu","potentialAction":[{"@type":"ReadAction","target":["https:\/\/www.boemia-aroma.com\/hu\/boemia-aruhaz\/illoolajok\/organikus-cistus-ladanifera-illoolaj\/"]}]},{"@type":"ImageObject","inLanguage":"hu","@id":"https:\/\/www.boemia-aroma.com\/hu\/boemia-aruhaz\/illoolajok\/organikus-cistus-ladanifera-illoolaj\/#primaryimage","url":"https:\/\/www.boemia-aroma.com\/wp-content\/uploads\/2023\/09\/ciste.webp","contentUrl":"https:\/\/www.boemia-aroma.com\/wp-content\/uploads\/2023\/09\/ciste.webp","width":1200,"height":1200},{"@type":"BreadcrumbList","@id":"https:\/\/www.boemia-aroma.com\/hu\/boemia-aruhaz\/illoolajok\/organikus-cistus-ladanifera-illoolaj\/#breadcrumb","itemListElement":[{"@type":"ListItem","position":1,"name":"Kezd\u0151lap","item":"https:\/\/www.boemia-aroma.com\/hu\/"},{"@type":"ListItem","position":2,"name":"Boemia \u00c1ruh\u00e1z","item":"https:\/\/www.boemia-aroma.com\/hu\/boemia-aruhaz\/"},{"@type":"ListItem","position":3,"name":"Organikus Cistus ladanifera ill\u00f3olaj &#8211; 5 ml"}]},{"@type":"WebSite","@id":"https:\/\/www.boemia-aroma.com\/hu\/#website","url":"https:\/\/www.boemia-aroma.com\/hu\/","name":"Bo\u00e8mia Aroma","description":"","publisher":{"@id":"https:\/\/www.boemia-aroma.com\/hu\/#organization"},"alternateName":"Bo\u00e8mia Aroma","potentialAction":[{"@type":"SearchAction","target":{"@type":"EntryPoint","urlTemplate":"https:\/\/www.boemia-aroma.com\/hu\/?s={search_term_string}"},"query-input":{"@type":"PropertyValueSpecification","valueRequired":true,"valueName":"search_term_string"}}],"inLanguage":"hu"},{"@type":"Organization","@id":"https:\/\/www.boemia-aroma.com\/hu\/#organization","name":"Bo\u00e8mia Aroma","url":"https:\/\/www.boemia-aroma.com\/hu\/","logo":{"@type":"ImageObject","inLanguage":"hu","@id":"https:\/\/www.boemia-aroma.com\/hu\/#\/schema\/logo\/image\/","url":"https:\/\/www.boemia-aroma.com\/wp-content\/uploads\/2023\/07\/logo-boemia-aroma.png","contentUrl":"https:\/\/www.boemia-aroma.com\/wp-content\/uploads\/2023\/07\/logo-boemia-aroma.png","width":300,"height":176,"caption":"Bo\u00e8mia Aroma"},"image":{"@id":"https:\/\/www.boemia-aroma.com\/hu\/#\/schema\/logo\/image\/"}}]}},"_links":{"self":[{"href":"https:\/\/www.boemia-aroma.com\/hu\/wp-json\/wp\/v2\/product\/23349","targetHints":{"allow":["GET"]}}],"collection":[{"href":"https:\/\/www.boemia-aroma.com\/hu\/wp-json\/wp\/v2\/product"}],"about":[{"href":"https:\/\/www.boemia-aroma.com\/hu\/wp-json\/wp\/v2\/types\/product"}],"replies":[{"embeddable":true,"href":"https:\/\/www.boemia-aroma.com\/hu\/wp-json\/wp\/v2\/comments?post=23349"}],"version-history":[{"count":0,"href":"https:\/\/www.boemia-aroma.com\/hu\/wp-json\/wp\/v2\/product\/23349\/revisions"}],"wp:featuredmedia":[{"embeddable":true,"href":"https:\/\/www.boemia-aroma.com\/hu\/wp-json\/wp\/v2\/media\/23352"}],"wp:attachment":[{"href":"https:\/\/www.boemia-aroma.com\/hu\/wp-json\/wp\/v2\/media?parent=23349"}],"wp:term":[{"taxonomy":"product_brand","embeddable":true,"href":"https:\/\/www.boemia-aroma.com\/hu\/wp-json\/wp\/v2\/product_brand?post=23349"},{"taxonomy":"product_cat","embeddable":true,"href":"https:\/\/www.boemia-aroma.com\/hu\/wp-json\/wp\/v2\/product_cat?post=23349"},{"taxonomy":"product_tag","embeddable":true,"href":"https:\/\/www.boemia-aroma.com\/hu\/wp-json\/wp\/v2\/product_tag?post=23349"}],"curies":[{"name":"wp","href":"https:\/\/api.w.org\/{rel}","templated":true}]}}