{"id":23297,"date":"2025-12-02T10:11:35","date_gmt":"2025-12-02T09:11:35","guid":{"rendered":"https:\/\/www.boemia-aroma.com\/boutique-boemia\/nem-kategorizalt\/coffret-sur-mesure\/"},"modified":"2026-03-12T19:54:51","modified_gmt":"2026-03-12T18:54:51","slug":"meretre-szabott-tok","status":"publish","type":"product","link":"https:\/\/www.boemia-aroma.com\/hu\/boemia-aruhaz\/dobozok\/meretre-szabott-tok\/","title":{"rendered":"\ud83c\udf81 Hozzon l\u00e9tre egy szem\u00e9lyre szabott aj\u00e1nd\u00e9kdobozt"},"content":{"rendered":"","protected":false},"excerpt":{"rendered":"<h3><span style=\"color: #3c6045;\"><b data-stringify-type=\"bold\">Aj\u00e1nlja fel a l\u00e9nyeget, kompon\u00e1lja meg az \u00e9rzelmeket.<\/b><\/span><\/h3>\n<div class=\"p-rich_text_section\">K\u00e9pzeljen el egy egyedi, gondosan szem\u00e9lyre szabott aj\u00e1nd\u00e9kdobozt, amellyel k\u00f6nnyen megaj\u00e1nd\u00e9kozhatja mag\u00e1t. V\u00e1lassza ki a doboz m\u00e9ret\u00e9t, adja hozz\u00e1 kedvenc term\u00e9keit, mi pedig k\u00e9zzel k\u00e9sz\u00edtj\u00fck el a franciaorsz\u00e1gi Occitanie r\u00e9gi\u00f3ban tal\u00e1lhat\u00f3 m\u0171hely\u00fcnkben. <\/div>\n<div>\n<h3><span style=\"color: #3c6045;\"><b data-stringify-type=\"bold\">[dt_gap height=\"20\" \/]<\/b><\/span><\/h3>\n<hr>\n<h3><span style=\"color: #3c6045;\"><b data-stringify-type=\"bold\">[dt_gap height=\"10\" \/]<\/b><\/span><\/h3>\n<\/div>\n<div>\n<h3 data-start=\"437\" data-end=\"466\">\u2728 <span style=\"color: #3c6045;\"><b data-stringify-type=\"bold\">Hogyan m\u0171k\u00f6dik?<\/b><\/span><\/h3>\n<ol data-start=\"468\" data-end=\"682\">\n<li data-start=\"468\" data-end=\"515\">\n<p data-start=\"471\" data-end=\"515\"><strong data-start=\"471\" data-end=\"499\">V\u00e1lasszon<\/strong> 4 form\u00e1tumb\u00f3l<\/p>\n<\/li>\n<li data-start=\"516\" data-end=\"619\">\n<p data-start=\"519\" data-end=\"619\"><strong data-start=\"519\" data-end=\"552\">Tegye kedvenc term\u00e9keit<\/strong> a kos\u00e1rba (inf\u00fazi\u00f3k, hidrol\u00e1tok, ill\u00f3olajok, n\u00f6v\u00e9nyi olajok, gy\u00f3gyte\u00e1k).<\/p>\n<\/li>\n<li data-start=\"620\" data-end=\"682\">\n<p data-start=\"623\" data-end=\"682\">Gondosan <strong data-start=\"623\" data-end=\"655\">\u00f6sszeszerelj\u00fck \u00e9s el\u0151k\u00e9sz\u00edtj\u00fck<\/strong> a doboz\u00e1t \ud83c\udf3f<\/p>\n<\/li>\n<\/ol>\n<p>\ud83d\udca1 <em data-start=\"689\" data-end=\"748\">Minden doboz csak azt tartalmazza, amit beleteszel<\/em>.<\/p>\n<h3><span style=\"color: #3c6045;\"><b data-stringify-type=\"bold\">[dt_gap height=\"10\" \/]<\/b><\/span><\/h3>\n<\/div>\n<div>\n<hr>\n<h3><span style=\"color: #3c6045;\"><b data-stringify-type=\"bold\">[dt_gap height=\"10\" \/]<\/b><\/span><\/h3>\n<h3 data-start=\"437\" data-end=\"466\"><span style=\"color: #3c6045;\"><b data-stringify-type=\"bold\">\ud83d\udce6 El\u00e9rhet\u0151 form\u00e1tumaink<\/b><\/span><\/h3>\n<\/div>\n<div class=\"p-rich_text_section\">\n<p data-start=\"787\" data-end=\"933\"><strong data-start=\"790\" data-end=\"816\">F23 (9,2 \u00d7 9,2 \u00d7 5 cm)<\/strong><br data-start=\"816\" data-end=\"819\">Mini doboz: t\u00f6k\u00e9letes 3 kis ill\u00f3olaj sz\u00e1m\u00e1ra.<br data-start=\"877\" data-end=\"880\">Ide\u00e1lis az aromater\u00e1pi\u00e1ba val\u00f3 szel\u00edd bevezet\u00e9shez.<\/p>\n<p data-start=\"935\" data-end=\"1100\"><strong data-start=\"938\" data-end=\"964\">F33 (11,8 \u00d7 14 \u00d7 8 cm)<\/strong><br data-start=\"964\" data-end=\"967\">Discovery box: ak\u00e1r 6 ill\u00f3olaj vagy 3 olaj + 1 gy\u00f3gytea.<br data-start=\"1043\" data-end=\"1046\">A nagyvonal\u00fas\u00e1g \u00e9s az egyszer\u0171s\u00e9g t\u00f6k\u00e9letes egyens\u00falya.<\/p>\n<p data-start=\"1102\" data-end=\"1249\"><strong data-start=\"1105\" data-end=\"1135\">F44 (20,7 \u00d7 15,6 \u00d7 9,1 cm)<\/strong><br data-start=\"1135\" data-end=\"1138\">Wellness szett: ak\u00e1r 3 hidrolit vagy 2 hidrolit + 1 n\u00f6v\u00e9nyi olaj.<br data-start=\"1212\" data-end=\"1215\">T\u00f6k\u00e9letes egy teljes ritu\u00e1l\u00e9hoz.<\/p>\n<p data-start=\"1251\" data-end=\"1390\"><strong data-start=\"1254\" data-end=\"1281\">F56 (26 \u00d7 20 \u00d7 10,5 cm)<\/strong><br data-start=\"1281\" data-end=\"1284\">XL doboz: ak\u00e1r 5 hidrol\u00e1tum vagy 3 inf\u00fazi\u00f3.<br data-start=\"1332\" data-end=\"1335\">Az ide\u00e1lis v\u00e1laszt\u00e1s a teljes wellness-rutinhoz.<\/p>\n<h3><span style=\"color: #3c6045;\"><b data-stringify-type=\"bold\">[dt_gap height=\"10\" \/]<\/b><\/span><\/h3>\n<hr>\n<h3><span style=\"color: #3c6045;\"><b data-stringify-type=\"bold\">[dt_gap height=\"10\" \/]<\/b><\/span><\/h3>\n<h3 data-start=\"437\" data-end=\"466\"><span style=\"color: #3c6045;\"><b data-stringify-type=\"bold\">\ud83d\udce6 Ez a k\u00e9szlet a k\u00f6vetkez\u0151ket is tartalmazza<\/b><\/span><\/h3>\n<p data-start=\"1429\" data-end=\"1607\">\u2714 Egy szem\u00e9lyre szabott \u00e9rz\u00e9kszervi \u00e9lm\u00e9ny<br data-start=\"1468\" data-end=\"1471\">\u2714 Egyedi aj\u00e1nd\u00e9k\u00f6tlet, tele jelent\u00e9ssel<br data-start=\"1511\" data-end=\"1514\">\u2714 K\u00f6rnyezetbar\u00e1t \u00e9s \u00fajrahasznos\u00edthat\u00f3 dobozban<\/p>\n<h3><span style=\"color: #3c6045;\"><b data-stringify-type=\"bold\">[dt_gap height=\"10\" \/]<\/b><\/span><\/h3>\n<hr>\n<h3><span style=\"color: #3c6045;\"><b data-stringify-type=\"bold\">[dt_gap height=\"10\" \/]<\/b><\/span><\/h3>\n<h3 data-start=\"437\" data-end=\"466\"><span style=\"color: #3c6045;\"><b data-stringify-type=\"bold\">K\u00e9szen \u00e1ll \u00f6ssze\u00e1ll\u00edtani a saj\u00e1t doboz\u00e1t?<\/b><\/span><\/h3>\n<p>V\u00e1lassza ki a fenti form\u00e1tumot, \u00e9s fedezze fel az \u00f6sszes n\u00f6v\u00e9nyi kincs\u00fcnket, hogy belecs\u00fasszon.<\/p>\n<\/div>\n","protected":false},"featured_media":23298,"comment_status":"open","ping_status":"closed","template":"","meta":{"_acf_changed":false},"product_brand":[],"product_cat":[219,220,221],"product_tag":[],"class_list":{"0":"post-23297","1":"product","2":"type-product","3":"status-publish","4":"has-post-thumbnail","6":"product_cat-dobozok","7":"product_cat-karacsonyi-kincsek","8":"product_cat-tartozekok","10":"first","11":"instock","12":"taxable","13":"shipping-taxable","14":"purchasable","15":"product-type-variable"},"acf":[],"yoast_head":"<!-- This site is optimized with the Yoast SEO plugin v27.4 - https:\/\/yoast.com\/product\/yoast-seo-wordpress\/ -->\n<title>\ud83c\udf81 Hozzon l\u00e9tre egy szem\u00e9lyre szabott aj\u00e1nd\u00e9kdobozt - Bo\u00e8mia Aroma<\/title>\n<meta name=\"description\" content=\"\ud83c\udf81 Hozzon l\u00e9tre egy szem\u00e9lyre szabott aj\u00e1nd\u00e9kdobozt en vente en ligne sur Bo\u00e8mia Aroma.\" \/>\n<meta name=\"robots\" content=\"index, follow, max-snippet:-1, max-image-preview:large, max-video-preview:-1\" \/>\n<link rel=\"canonical\" href=\"https:\/\/www.boemia-aroma.com\/hu\/boemia-aruhaz\/dobozok\/meretre-szabott-tok\/\" \/>\n<meta property=\"og:locale\" content=\"hu_HU\" \/>\n<meta property=\"og:type\" content=\"article\" \/>\n<meta property=\"og:title\" content=\"\ud83c\udf81 Hozzon l\u00e9tre egy szem\u00e9lyre szabott aj\u00e1nd\u00e9kdobozt - Bo\u00e8mia Aroma\" \/>\n<meta property=\"og:description\" content=\"\ud83c\udf81 Hozzon l\u00e9tre egy szem\u00e9lyre szabott aj\u00e1nd\u00e9kdobozt en vente en ligne sur Bo\u00e8mia Aroma.\" \/>\n<meta property=\"og:url\" content=\"https:\/\/www.boemia-aroma.com\/hu\/boemia-aruhaz\/dobozok\/meretre-szabott-tok\/\" \/>\n<meta property=\"og:site_name\" content=\"Bo\u00e8mia Aroma\" \/>\n<meta property=\"article:modified_time\" content=\"2026-03-12T18:54:51+00:00\" \/>\n<meta property=\"og:image\" content=\"https:\/\/www.boemia-aroma.com\/wp-content\/uploads\/2025\/12\/F56.jpg\" \/>\n\t<meta property=\"og:image:width\" content=\"1200\" \/>\n\t<meta property=\"og:image:height\" content=\"1200\" \/>\n\t<meta property=\"og:image:type\" content=\"image\/jpeg\" \/>\n<meta name=\"twitter:card\" content=\"summary_large_image\" \/>\n<script type=\"application\/ld+json\" class=\"yoast-schema-graph\">{\"@context\":\"https:\\\/\\\/schema.org\",\"@graph\":[{\"@type\":\"WebPage\",\"@id\":\"https:\\\/\\\/www.boemia-aroma.com\\\/hu\\\/boemia-aruhaz\\\/dobozok\\\/meretre-szabott-tok\\\/\",\"url\":\"https:\\\/\\\/www.boemia-aroma.com\\\/hu\\\/boemia-aruhaz\\\/dobozok\\\/meretre-szabott-tok\\\/\",\"name\":\"\ud83c\udf81 Hozzon l\u00e9tre egy szem\u00e9lyre szabott aj\u00e1nd\u00e9kdobozt - Bo\u00e8mia Aroma\",\"isPartOf\":{\"@id\":\"https:\\\/\\\/www.boemia-aroma.com\\\/hu\\\/#website\"},\"primaryImageOfPage\":{\"@id\":\"https:\\\/\\\/www.boemia-aroma.com\\\/hu\\\/boemia-aruhaz\\\/dobozok\\\/meretre-szabott-tok\\\/#primaryimage\"},\"image\":{\"@id\":\"https:\\\/\\\/www.boemia-aroma.com\\\/hu\\\/boemia-aruhaz\\\/dobozok\\\/meretre-szabott-tok\\\/#primaryimage\"},\"thumbnailUrl\":\"https:\\\/\\\/www.boemia-aroma.com\\\/wp-content\\\/uploads\\\/2025\\\/12\\\/F56.jpg\",\"datePublished\":\"2025-12-02T09:11:35+00:00\",\"dateModified\":\"2026-03-12T18:54:51+00:00\",\"description\":\"\ud83c\udf81 Hozzon l\u00e9tre egy szem\u00e9lyre szabott aj\u00e1nd\u00e9kdobozt en vente en ligne sur Bo\u00e8mia Aroma.\",\"breadcrumb\":{\"@id\":\"https:\\\/\\\/www.boemia-aroma.com\\\/hu\\\/boemia-aruhaz\\\/dobozok\\\/meretre-szabott-tok\\\/#breadcrumb\"},\"inLanguage\":\"hu\",\"potentialAction\":[{\"@type\":\"ReadAction\",\"target\":[\"https:\\\/\\\/www.boemia-aroma.com\\\/hu\\\/boemia-aruhaz\\\/dobozok\\\/meretre-szabott-tok\\\/\"]}]},{\"@type\":\"ImageObject\",\"inLanguage\":\"hu\",\"@id\":\"https:\\\/\\\/www.boemia-aroma.com\\\/hu\\\/boemia-aruhaz\\\/dobozok\\\/meretre-szabott-tok\\\/#primaryimage\",\"url\":\"https:\\\/\\\/www.boemia-aroma.com\\\/wp-content\\\/uploads\\\/2025\\\/12\\\/F56.jpg\",\"contentUrl\":\"https:\\\/\\\/www.boemia-aroma.com\\\/wp-content\\\/uploads\\\/2025\\\/12\\\/F56.jpg\",\"width\":1200,\"height\":1200},{\"@type\":\"BreadcrumbList\",\"@id\":\"https:\\\/\\\/www.boemia-aroma.com\\\/hu\\\/boemia-aruhaz\\\/dobozok\\\/meretre-szabott-tok\\\/#breadcrumb\",\"itemListElement\":[{\"@type\":\"ListItem\",\"position\":1,\"name\":\"Kezd\u0151lap\",\"item\":\"https:\\\/\\\/www.boemia-aroma.com\\\/hu\\\/\"},{\"@type\":\"ListItem\",\"position\":2,\"name\":\"Boemia \u00c1ruh\u00e1z\",\"item\":\"https:\\\/\\\/www.boemia-aroma.com\\\/hu\\\/boemia-aruhaz\\\/\"},{\"@type\":\"ListItem\",\"position\":3,\"name\":\"\ud83c\udf81 Hozzon l\u00e9tre egy szem\u00e9lyre szabott aj\u00e1nd\u00e9kdobozt\"}]},{\"@type\":\"WebSite\",\"@id\":\"https:\\\/\\\/www.boemia-aroma.com\\\/hu\\\/#website\",\"url\":\"https:\\\/\\\/www.boemia-aroma.com\\\/hu\\\/\",\"name\":\"Bo\u00e8mia Aroma\",\"description\":\"\",\"publisher\":{\"@id\":\"https:\\\/\\\/www.boemia-aroma.com\\\/hu\\\/#organization\"},\"alternateName\":\"Bo\u00e8mia Aroma\",\"potentialAction\":[{\"@type\":\"SearchAction\",\"target\":{\"@type\":\"EntryPoint\",\"urlTemplate\":\"https:\\\/\\\/www.boemia-aroma.com\\\/hu\\\/?s={search_term_string}\"},\"query-input\":{\"@type\":\"PropertyValueSpecification\",\"valueRequired\":true,\"valueName\":\"search_term_string\"}}],\"inLanguage\":\"hu\"},{\"@type\":\"Organization\",\"@id\":\"https:\\\/\\\/www.boemia-aroma.com\\\/hu\\\/#organization\",\"name\":\"Bo\u00e8mia Aroma\",\"url\":\"https:\\\/\\\/www.boemia-aroma.com\\\/hu\\\/\",\"logo\":{\"@type\":\"ImageObject\",\"inLanguage\":\"hu\",\"@id\":\"https:\\\/\\\/www.boemia-aroma.com\\\/hu\\\/#\\\/schema\\\/logo\\\/image\\\/\",\"url\":\"https:\\\/\\\/www.boemia-aroma.com\\\/wp-content\\\/uploads\\\/2023\\\/07\\\/logo-boemia-aroma.png\",\"contentUrl\":\"https:\\\/\\\/www.boemia-aroma.com\\\/wp-content\\\/uploads\\\/2023\\\/07\\\/logo-boemia-aroma.png\",\"width\":300,\"height\":176,\"caption\":\"Bo\u00e8mia Aroma\"},\"image\":{\"@id\":\"https:\\\/\\\/www.boemia-aroma.com\\\/hu\\\/#\\\/schema\\\/logo\\\/image\\\/\"}}]}<\/script>\n<!-- \/ Yoast SEO plugin. -->","yoast_head_json":{"title":"\ud83c\udf81 Hozzon l\u00e9tre egy szem\u00e9lyre szabott aj\u00e1nd\u00e9kdobozt - Bo\u00e8mia Aroma","description":"\ud83c\udf81 Hozzon l\u00e9tre egy szem\u00e9lyre szabott aj\u00e1nd\u00e9kdobozt en vente en ligne sur Bo\u00e8mia Aroma.","robots":{"index":"index","follow":"follow","max-snippet":"max-snippet:-1","max-image-preview":"max-image-preview:large","max-video-preview":"max-video-preview:-1"},"canonical":"https:\/\/www.boemia-aroma.com\/hu\/boemia-aruhaz\/dobozok\/meretre-szabott-tok\/","og_locale":"hu_HU","og_type":"article","og_title":"\ud83c\udf81 Hozzon l\u00e9tre egy szem\u00e9lyre szabott aj\u00e1nd\u00e9kdobozt - Bo\u00e8mia Aroma","og_description":"\ud83c\udf81 Hozzon l\u00e9tre egy szem\u00e9lyre szabott aj\u00e1nd\u00e9kdobozt en vente en ligne sur Bo\u00e8mia Aroma.","og_url":"https:\/\/www.boemia-aroma.com\/hu\/boemia-aruhaz\/dobozok\/meretre-szabott-tok\/","og_site_name":"Bo\u00e8mia Aroma","article_modified_time":"2026-03-12T18:54:51+00:00","og_image":[{"width":1200,"height":1200,"url":"https:\/\/www.boemia-aroma.com\/wp-content\/uploads\/2025\/12\/F56.jpg","type":"image\/jpeg"}],"twitter_card":"summary_large_image","schema":{"@context":"https:\/\/schema.org","@graph":[{"@type":"WebPage","@id":"https:\/\/www.boemia-aroma.com\/hu\/boemia-aruhaz\/dobozok\/meretre-szabott-tok\/","url":"https:\/\/www.boemia-aroma.com\/hu\/boemia-aruhaz\/dobozok\/meretre-szabott-tok\/","name":"\ud83c\udf81 Hozzon l\u00e9tre egy szem\u00e9lyre szabott aj\u00e1nd\u00e9kdobozt - Bo\u00e8mia Aroma","isPartOf":{"@id":"https:\/\/www.boemia-aroma.com\/hu\/#website"},"primaryImageOfPage":{"@id":"https:\/\/www.boemia-aroma.com\/hu\/boemia-aruhaz\/dobozok\/meretre-szabott-tok\/#primaryimage"},"image":{"@id":"https:\/\/www.boemia-aroma.com\/hu\/boemia-aruhaz\/dobozok\/meretre-szabott-tok\/#primaryimage"},"thumbnailUrl":"https:\/\/www.boemia-aroma.com\/wp-content\/uploads\/2025\/12\/F56.jpg","datePublished":"2025-12-02T09:11:35+00:00","dateModified":"2026-03-12T18:54:51+00:00","description":"\ud83c\udf81 Hozzon l\u00e9tre egy szem\u00e9lyre szabott aj\u00e1nd\u00e9kdobozt en vente en ligne sur Bo\u00e8mia Aroma.","breadcrumb":{"@id":"https:\/\/www.boemia-aroma.com\/hu\/boemia-aruhaz\/dobozok\/meretre-szabott-tok\/#breadcrumb"},"inLanguage":"hu","potentialAction":[{"@type":"ReadAction","target":["https:\/\/www.boemia-aroma.com\/hu\/boemia-aruhaz\/dobozok\/meretre-szabott-tok\/"]}]},{"@type":"ImageObject","inLanguage":"hu","@id":"https:\/\/www.boemia-aroma.com\/hu\/boemia-aruhaz\/dobozok\/meretre-szabott-tok\/#primaryimage","url":"https:\/\/www.boemia-aroma.com\/wp-content\/uploads\/2025\/12\/F56.jpg","contentUrl":"https:\/\/www.boemia-aroma.com\/wp-content\/uploads\/2025\/12\/F56.jpg","width":1200,"height":1200},{"@type":"BreadcrumbList","@id":"https:\/\/www.boemia-aroma.com\/hu\/boemia-aruhaz\/dobozok\/meretre-szabott-tok\/#breadcrumb","itemListElement":[{"@type":"ListItem","position":1,"name":"Kezd\u0151lap","item":"https:\/\/www.boemia-aroma.com\/hu\/"},{"@type":"ListItem","position":2,"name":"Boemia \u00c1ruh\u00e1z","item":"https:\/\/www.boemia-aroma.com\/hu\/boemia-aruhaz\/"},{"@type":"ListItem","position":3,"name":"\ud83c\udf81 Hozzon l\u00e9tre egy szem\u00e9lyre szabott aj\u00e1nd\u00e9kdobozt"}]},{"@type":"WebSite","@id":"https:\/\/www.boemia-aroma.com\/hu\/#website","url":"https:\/\/www.boemia-aroma.com\/hu\/","name":"Bo\u00e8mia Aroma","description":"","publisher":{"@id":"https:\/\/www.boemia-aroma.com\/hu\/#organization"},"alternateName":"Bo\u00e8mia Aroma","potentialAction":[{"@type":"SearchAction","target":{"@type":"EntryPoint","urlTemplate":"https:\/\/www.boemia-aroma.com\/hu\/?s={search_term_string}"},"query-input":{"@type":"PropertyValueSpecification","valueRequired":true,"valueName":"search_term_string"}}],"inLanguage":"hu"},{"@type":"Organization","@id":"https:\/\/www.boemia-aroma.com\/hu\/#organization","name":"Bo\u00e8mia Aroma","url":"https:\/\/www.boemia-aroma.com\/hu\/","logo":{"@type":"ImageObject","inLanguage":"hu","@id":"https:\/\/www.boemia-aroma.com\/hu\/#\/schema\/logo\/image\/","url":"https:\/\/www.boemia-aroma.com\/wp-content\/uploads\/2023\/07\/logo-boemia-aroma.png","contentUrl":"https:\/\/www.boemia-aroma.com\/wp-content\/uploads\/2023\/07\/logo-boemia-aroma.png","width":300,"height":176,"caption":"Bo\u00e8mia Aroma"},"image":{"@id":"https:\/\/www.boemia-aroma.com\/hu\/#\/schema\/logo\/image\/"}}]}},"_links":{"self":[{"href":"https:\/\/www.boemia-aroma.com\/hu\/wp-json\/wp\/v2\/product\/23297","targetHints":{"allow":["GET"]}}],"collection":[{"href":"https:\/\/www.boemia-aroma.com\/hu\/wp-json\/wp\/v2\/product"}],"about":[{"href":"https:\/\/www.boemia-aroma.com\/hu\/wp-json\/wp\/v2\/types\/product"}],"replies":[{"embeddable":true,"href":"https:\/\/www.boemia-aroma.com\/hu\/wp-json\/wp\/v2\/comments?post=23297"}],"version-history":[{"count":0,"href":"https:\/\/www.boemia-aroma.com\/hu\/wp-json\/wp\/v2\/product\/23297\/revisions"}],"wp:featuredmedia":[{"embeddable":true,"href":"https:\/\/www.boemia-aroma.com\/hu\/wp-json\/wp\/v2\/media\/23298"}],"wp:attachment":[{"href":"https:\/\/www.boemia-aroma.com\/hu\/wp-json\/wp\/v2\/media?parent=23297"}],"wp:term":[{"taxonomy":"product_brand","embeddable":true,"href":"https:\/\/www.boemia-aroma.com\/hu\/wp-json\/wp\/v2\/product_brand?post=23297"},{"taxonomy":"product_cat","embeddable":true,"href":"https:\/\/www.boemia-aroma.com\/hu\/wp-json\/wp\/v2\/product_cat?post=23297"},{"taxonomy":"product_tag","embeddable":true,"href":"https:\/\/www.boemia-aroma.com\/hu\/wp-json\/wp\/v2\/product_tag?post=23297"}],"curies":[{"name":"wp","href":"https:\/\/api.w.org\/{rel}","templated":true}]}}