{"id":23146,"date":"2024-01-15T15:15:25","date_gmt":"2024-01-15T14:15:25","guid":{"rendered":"https:\/\/www.boemia-aroma.com\/boutique-boemia\/nem-kategorizalt\/manuel-phytotherapie-ecoresponsable\/"},"modified":"2026-03-13T09:21:38","modified_gmt":"2026-03-13T08:21:38","slug":"kornyezetbarat-fitoterapias-kezikonyv","status":"publish","type":"product","link":"https:\/\/www.boemia-aroma.com\/hu\/boemia-aruhaz\/karacsonyi-kincsek\/kornyezetbarat-fitoterapias-kezikonyv\/","title":{"rendered":"K\u00f6rnyezetbar\u00e1t fitoter\u00e1pi\u00e1s k\u00e9zik\u00f6nyv"},"content":{"rendered":"","protected":false},"excerpt":{"rendered":"<p><span style=\"color: #808080;\"><span style=\"color: #ce4e2b;\"><b><span data-sheets-value=\"{\"1\":2,\"2\":\"Entre aisance articulaire et bien-\u00eatre int\u00e9rieur\"}\" data-sheets-userformat=\"{\"2\":4227,\"3\":{\"1\":0},\"4\":{\"1\":2,\"2\":13228792},\"10\":2,\"15\":\"Arial\"}\">Kezel\u00e9s a bolyg\u00f3 kifoszt\u00e1sa n\u00e9lk\u00fcl<\/span><\/b><\/span><\/span><\/p>\n<hr>\n<div><\/div>\n<div>A n\u00f6v\u00e9nyekkel val\u00f3 b\u00e1n\u00e1sm\u00f3d j\u00f3t tesz. A term\u00e9szet tisztelete jobb \u00e9s \u00f6sszetart\u00f3bb! <\/div>\n<div><\/div>\n<div>M\u00e9lyen \u00f6kol\u00f3giai \u00e9s orvosi megk\u00f6zel\u00edt\u00e9s\u00e9vel ez a k\u00f6nyv val\u00f3di alternat\u00edv\u00e1ja a hagyom\u00e1nyos gy\u00f3gyn\u00f6v\u00e9nygy\u00f3gy\u00e1szati k\u00e9zik\u00f6nyveknek.<br \/>\nMindenki sz\u00e1m\u00e1ra lehet\u0151v\u00e9 teszi, hogy term\u00e9szetes \u00e9s egyszer\u0171 m\u00f3don kezelje mag\u00e1t, mik\u00f6zben megtanulja tisztelni a term\u00e9szet \u00e1ltal biztos\u00edtott er\u0151forr\u00e1sokat, hogy meg\u0151rizze a vesz\u00e9lyeztetett biol\u00f3giai sokf\u00e9les\u00e9get.<\/div>\n<div><\/div>\n<div>\n<p>A szerz\u0151, aki orvos, antropol\u00f3gus \u00e9s lelkes \u00f6kol\u00f3gus, seg\u00edt abban, hogy term\u00e9szetes m\u00f3don, hat\u00e9konyan, egyszer\u0171en \u00e9s olcs\u00f3n kezelj\u00fck magunkat, a term\u00e9szet \u00e9s az er\u0151forr\u00e1sok legnagyobb tiszteletben tart\u00e1s\u00e1val. Minden egyes k\u00f3rk\u00e9p eset\u00e9ben t\u00e1j\u00e9koztat a t\u00e9vutakr\u00f3l, a ker\u00fclend\u0151, vesz\u00e9lyeztetett n\u00f6v\u00e9nyekr\u0151l, \u00e9s \u00f6kol\u00f3giailag \u00f6sszeegyeztethet\u0151 eg\u00e9szs\u00e9g\u00fcgyi megold\u00e1sokat jel\u00f6l. <\/p>\n<\/div>\n<div><\/div>\n<div><em>Felh\u00edvjuk figyelm\u00e9t, hogy ez a k\u00f6nyv nem \u00f6sszeegyeztethetetlen m\u00e1s eg\u00e9szs\u00e9g\u00fcgyi k\u00f6nyveinkkel, k\u00fcl\u00f6n\u00f6sen az ill\u00f3olajokr\u00f3l sz\u00f3l\u00f3 k\u00f6nyveinkkel.  <\/em><em>Szerz\u0151ink nagy gondoss\u00e1ggal v\u00e1lasztj\u00e1k ki az \u00e1ltaluk aj\u00e1nlott ill\u00f3olajokat, figyelmeztetve az olvas\u00f3kat azok hat\u00e1s\u00e1ra.<\/em><\/div>\n<div><\/div>\n<div class=\"description-items\">\n<div class=\"description-item\"><span class=\"description-item-title\"><span data-sheets-value=\"{\"1\":2,\"2\":\"Madagascar\"}\" data-sheets-userformat=\"{\"2\":12803,\"3\":{\"1\":0},\"4\":{\"1\":2,\"2\":16773836},\"12\":0,\"15\":\"Arial\",\"16\":9}\"><span style=\"color: #ce4e2b;\">\u2192<\/span> <\/span>Szerz\u0151: <\/span><span class=\"description-item-content\">Aline Mercan<\/span><\/div>\n<div class=\"description-item\"><span class=\"description-item-title\"><span data-sheets-value=\"{\"1\":2,\"2\":\"Madagascar\"}\" data-sheets-userformat=\"{\"2\":12803,\"3\":{\"1\":0},\"4\":{\"1\":2,\"2\":16773836},\"12\":0,\"15\":\"Arial\",\"16\":9}\"><span style=\"color: #ce4e2b;\">\u2192<\/span> <\/span>Oldalak sz\u00e1ma: <\/span><span class=\"description-item-content\">224<\/span><\/div>\n<div class=\"description-item\"><span class=\"description-item-title\"><span data-sheets-value=\"{\"1\":2,\"2\":\"Madagascar\"}\" data-sheets-userformat=\"{\"2\":12803,\"3\":{\"1\":0},\"4\":{\"1\":2,\"2\":16773836},\"12\":0,\"15\":\"Arial\",\"16\":9}\"><span style=\"color: #ce4e2b;\">\u2192<\/span> <\/span>Megjelen\u00e9s d\u00e1tuma: <\/span><span class=\"description-item-content\">04\/10\/2021<\/span><\/div>\n<div class=\"description-item\"><span class=\"description-item-title\"><span data-sheets-value=\"{\"1\":2,\"2\":\"Madagascar\"}\" data-sheets-userformat=\"{\"2\":12803,\"3\":{\"1\":0},\"4\":{\"1\":2,\"2\":16773836},\"12\":0,\"15\":\"Arial\",\"16\":9}\"><span style=\"color: #ce4e2b;\">\u2192<\/span> <\/span>T\u00e9ma: <\/span><span class=\"description-item-content\">Term\u00e9szetes gondoskod\u00e1s<\/span><\/div>\n<div class=\"description-item\"><span class=\"description-item-title\"><span data-sheets-value=\"{\"1\":2,\"2\":\"Madagascar\"}\" data-sheets-userformat=\"{\"2\":12803,\"3\":{\"1\":0},\"4\":{\"1\":2,\"2\":16773836},\"12\":0,\"15\":\"Arial\",\"16\":9}\"><span style=\"color: #ce4e2b;\">\u2192<\/span> <\/span>Al-t\u00e9ma: <\/span><span class=\"description-item-content\">Alternat\u00edv gy\u00f3gy\u00e1szat<\/span><\/div>\n<div class=\"description-item\"><span class=\"description-item-title\"><span data-sheets-value=\"{\"1\":2,\"2\":\"Madagascar\"}\" data-sheets-userformat=\"{\"2\":12803,\"3\":{\"1\":0},\"4\":{\"1\":2,\"2\":16773836},\"12\":0,\"15\":\"Arial\",\"16\":9}\"><span style=\"color: #ce4e2b;\">\u2192<\/span> <\/span>Gy\u0171jtem\u00e9ny: <\/span><span class=\"description-item-content\">Szak\u00e9rt\u0151i tan\u00e1csad\u00e1s<\/span><\/div>\n<\/div>\n<p>&nbsp;<\/p>\n<hr>\n<p>&nbsp;<\/p>\n","protected":false},"featured_media":23148,"comment_status":"open","ping_status":"closed","template":"","meta":{"_acf_changed":false},"product_brand":[],"product_cat":[220,223],"product_tag":[],"class_list":{"0":"post-23146","1":"product","2":"type-product","3":"status-publish","4":"has-post-thumbnail","6":"product_cat-karacsonyi-kincsek","7":"product_cat-konyvek","8":"pa_usage-kepzes","10":"first","11":"outofstock","12":"taxable","13":"shipping-taxable","14":"purchasable","15":"product-type-simple"},"acf":[],"yoast_head":"<!-- This site is optimized with the Yoast SEO plugin v27.4 - https:\/\/yoast.com\/product\/yoast-seo-wordpress\/ -->\n<title>K\u00f6rnyezetbar\u00e1t fitoter\u00e1pi\u00e1s k\u00e9zik\u00f6nyv - Bo\u00e8mia Aroma<\/title>\n<meta name=\"description\" content=\"K\u00f6rnyezetbar\u00e1t fitoter\u00e1pi\u00e1s k\u00e9zik\u00f6nyv en vente en ligne sur Bo\u00e8mia Aroma.\" \/>\n<meta name=\"robots\" content=\"index, follow, max-snippet:-1, max-image-preview:large, max-video-preview:-1\" \/>\n<link rel=\"canonical\" href=\"https:\/\/www.boemia-aroma.com\/hu\/boemia-aruhaz\/karacsonyi-kincsek\/kornyezetbarat-fitoterapias-kezikonyv\/\" \/>\n<meta property=\"og:locale\" content=\"hu_HU\" \/>\n<meta property=\"og:type\" content=\"article\" \/>\n<meta property=\"og:title\" content=\"K\u00f6rnyezetbar\u00e1t fitoter\u00e1pi\u00e1s k\u00e9zik\u00f6nyv - Bo\u00e8mia Aroma\" \/>\n<meta property=\"og:description\" content=\"K\u00f6rnyezetbar\u00e1t fitoter\u00e1pi\u00e1s k\u00e9zik\u00f6nyv en vente en ligne sur Bo\u00e8mia Aroma.\" \/>\n<meta property=\"og:url\" content=\"https:\/\/www.boemia-aroma.com\/hu\/boemia-aruhaz\/karacsonyi-kincsek\/kornyezetbarat-fitoterapias-kezikonyv\/\" \/>\n<meta property=\"og:site_name\" content=\"Bo\u00e8mia Aroma\" \/>\n<meta property=\"article:modified_time\" content=\"2026-03-13T08:21:38+00:00\" \/>\n<meta property=\"og:image\" content=\"https:\/\/www.boemia-aroma.com\/wp-content\/uploads\/2024\/01\/phytotherapie-ecoresponsable-1.png\" \/>\n\t<meta property=\"og:image:width\" content=\"900\" \/>\n\t<meta property=\"og:image:height\" content=\"1200\" \/>\n\t<meta property=\"og:image:type\" content=\"image\/png\" \/>\n<meta name=\"twitter:card\" content=\"summary_large_image\" \/>\n<script type=\"application\/ld+json\" class=\"yoast-schema-graph\">{\"@context\":\"https:\\\/\\\/schema.org\",\"@graph\":[{\"@type\":\"WebPage\",\"@id\":\"https:\\\/\\\/www.boemia-aroma.com\\\/hu\\\/boemia-aruhaz\\\/karacsonyi-kincsek\\\/kornyezetbarat-fitoterapias-kezikonyv\\\/\",\"url\":\"https:\\\/\\\/www.boemia-aroma.com\\\/hu\\\/boemia-aruhaz\\\/karacsonyi-kincsek\\\/kornyezetbarat-fitoterapias-kezikonyv\\\/\",\"name\":\"K\u00f6rnyezetbar\u00e1t fitoter\u00e1pi\u00e1s k\u00e9zik\u00f6nyv - Bo\u00e8mia Aroma\",\"isPartOf\":{\"@id\":\"https:\\\/\\\/www.boemia-aroma.com\\\/hu\\\/#website\"},\"primaryImageOfPage\":{\"@id\":\"https:\\\/\\\/www.boemia-aroma.com\\\/hu\\\/boemia-aruhaz\\\/karacsonyi-kincsek\\\/kornyezetbarat-fitoterapias-kezikonyv\\\/#primaryimage\"},\"image\":{\"@id\":\"https:\\\/\\\/www.boemia-aroma.com\\\/hu\\\/boemia-aruhaz\\\/karacsonyi-kincsek\\\/kornyezetbarat-fitoterapias-kezikonyv\\\/#primaryimage\"},\"thumbnailUrl\":\"https:\\\/\\\/www.boemia-aroma.com\\\/wp-content\\\/uploads\\\/2024\\\/01\\\/phytotherapie-ecoresponsable-1.png\",\"datePublished\":\"2024-01-15T14:15:25+00:00\",\"dateModified\":\"2026-03-13T08:21:38+00:00\",\"description\":\"K\u00f6rnyezetbar\u00e1t fitoter\u00e1pi\u00e1s k\u00e9zik\u00f6nyv en vente en ligne sur Bo\u00e8mia Aroma.\",\"breadcrumb\":{\"@id\":\"https:\\\/\\\/www.boemia-aroma.com\\\/hu\\\/boemia-aruhaz\\\/karacsonyi-kincsek\\\/kornyezetbarat-fitoterapias-kezikonyv\\\/#breadcrumb\"},\"inLanguage\":\"hu\",\"potentialAction\":[{\"@type\":\"ReadAction\",\"target\":[\"https:\\\/\\\/www.boemia-aroma.com\\\/hu\\\/boemia-aruhaz\\\/karacsonyi-kincsek\\\/kornyezetbarat-fitoterapias-kezikonyv\\\/\"]}]},{\"@type\":\"ImageObject\",\"inLanguage\":\"hu\",\"@id\":\"https:\\\/\\\/www.boemia-aroma.com\\\/hu\\\/boemia-aruhaz\\\/karacsonyi-kincsek\\\/kornyezetbarat-fitoterapias-kezikonyv\\\/#primaryimage\",\"url\":\"https:\\\/\\\/www.boemia-aroma.com\\\/wp-content\\\/uploads\\\/2024\\\/01\\\/phytotherapie-ecoresponsable-1.png\",\"contentUrl\":\"https:\\\/\\\/www.boemia-aroma.com\\\/wp-content\\\/uploads\\\/2024\\\/01\\\/phytotherapie-ecoresponsable-1.png\",\"width\":900,\"height\":1200},{\"@type\":\"BreadcrumbList\",\"@id\":\"https:\\\/\\\/www.boemia-aroma.com\\\/hu\\\/boemia-aruhaz\\\/karacsonyi-kincsek\\\/kornyezetbarat-fitoterapias-kezikonyv\\\/#breadcrumb\",\"itemListElement\":[{\"@type\":\"ListItem\",\"position\":1,\"name\":\"Kezd\u0151lap\",\"item\":\"https:\\\/\\\/www.boemia-aroma.com\\\/hu\\\/\"},{\"@type\":\"ListItem\",\"position\":2,\"name\":\"Boemia \u00c1ruh\u00e1z\",\"item\":\"https:\\\/\\\/www.boemia-aroma.com\\\/hu\\\/boemia-aruhaz\\\/\"},{\"@type\":\"ListItem\",\"position\":3,\"name\":\"K\u00f6rnyezetbar\u00e1t fitoter\u00e1pi\u00e1s k\u00e9zik\u00f6nyv\"}]},{\"@type\":\"WebSite\",\"@id\":\"https:\\\/\\\/www.boemia-aroma.com\\\/hu\\\/#website\",\"url\":\"https:\\\/\\\/www.boemia-aroma.com\\\/hu\\\/\",\"name\":\"Bo\u00e8mia Aroma\",\"description\":\"\",\"publisher\":{\"@id\":\"https:\\\/\\\/www.boemia-aroma.com\\\/hu\\\/#organization\"},\"alternateName\":\"Bo\u00e8mia Aroma\",\"potentialAction\":[{\"@type\":\"SearchAction\",\"target\":{\"@type\":\"EntryPoint\",\"urlTemplate\":\"https:\\\/\\\/www.boemia-aroma.com\\\/hu\\\/?s={search_term_string}\"},\"query-input\":{\"@type\":\"PropertyValueSpecification\",\"valueRequired\":true,\"valueName\":\"search_term_string\"}}],\"inLanguage\":\"hu\"},{\"@type\":\"Organization\",\"@id\":\"https:\\\/\\\/www.boemia-aroma.com\\\/hu\\\/#organization\",\"name\":\"Bo\u00e8mia Aroma\",\"url\":\"https:\\\/\\\/www.boemia-aroma.com\\\/hu\\\/\",\"logo\":{\"@type\":\"ImageObject\",\"inLanguage\":\"hu\",\"@id\":\"https:\\\/\\\/www.boemia-aroma.com\\\/hu\\\/#\\\/schema\\\/logo\\\/image\\\/\",\"url\":\"https:\\\/\\\/www.boemia-aroma.com\\\/wp-content\\\/uploads\\\/2023\\\/07\\\/logo-boemia-aroma.png\",\"contentUrl\":\"https:\\\/\\\/www.boemia-aroma.com\\\/wp-content\\\/uploads\\\/2023\\\/07\\\/logo-boemia-aroma.png\",\"width\":300,\"height\":176,\"caption\":\"Bo\u00e8mia Aroma\"},\"image\":{\"@id\":\"https:\\\/\\\/www.boemia-aroma.com\\\/hu\\\/#\\\/schema\\\/logo\\\/image\\\/\"}}]}<\/script>\n<!-- \/ Yoast SEO plugin. -->","yoast_head_json":{"title":"K\u00f6rnyezetbar\u00e1t fitoter\u00e1pi\u00e1s k\u00e9zik\u00f6nyv - Bo\u00e8mia Aroma","description":"K\u00f6rnyezetbar\u00e1t fitoter\u00e1pi\u00e1s k\u00e9zik\u00f6nyv en vente en ligne sur Bo\u00e8mia Aroma.","robots":{"index":"index","follow":"follow","max-snippet":"max-snippet:-1","max-image-preview":"max-image-preview:large","max-video-preview":"max-video-preview:-1"},"canonical":"https:\/\/www.boemia-aroma.com\/hu\/boemia-aruhaz\/karacsonyi-kincsek\/kornyezetbarat-fitoterapias-kezikonyv\/","og_locale":"hu_HU","og_type":"article","og_title":"K\u00f6rnyezetbar\u00e1t fitoter\u00e1pi\u00e1s k\u00e9zik\u00f6nyv - Bo\u00e8mia Aroma","og_description":"K\u00f6rnyezetbar\u00e1t fitoter\u00e1pi\u00e1s k\u00e9zik\u00f6nyv en vente en ligne sur Bo\u00e8mia Aroma.","og_url":"https:\/\/www.boemia-aroma.com\/hu\/boemia-aruhaz\/karacsonyi-kincsek\/kornyezetbarat-fitoterapias-kezikonyv\/","og_site_name":"Bo\u00e8mia Aroma","article_modified_time":"2026-03-13T08:21:38+00:00","og_image":[{"width":900,"height":1200,"url":"https:\/\/www.boemia-aroma.com\/wp-content\/uploads\/2024\/01\/phytotherapie-ecoresponsable-1.png","type":"image\/png"}],"twitter_card":"summary_large_image","schema":{"@context":"https:\/\/schema.org","@graph":[{"@type":"WebPage","@id":"https:\/\/www.boemia-aroma.com\/hu\/boemia-aruhaz\/karacsonyi-kincsek\/kornyezetbarat-fitoterapias-kezikonyv\/","url":"https:\/\/www.boemia-aroma.com\/hu\/boemia-aruhaz\/karacsonyi-kincsek\/kornyezetbarat-fitoterapias-kezikonyv\/","name":"K\u00f6rnyezetbar\u00e1t fitoter\u00e1pi\u00e1s k\u00e9zik\u00f6nyv - Bo\u00e8mia Aroma","isPartOf":{"@id":"https:\/\/www.boemia-aroma.com\/hu\/#website"},"primaryImageOfPage":{"@id":"https:\/\/www.boemia-aroma.com\/hu\/boemia-aruhaz\/karacsonyi-kincsek\/kornyezetbarat-fitoterapias-kezikonyv\/#primaryimage"},"image":{"@id":"https:\/\/www.boemia-aroma.com\/hu\/boemia-aruhaz\/karacsonyi-kincsek\/kornyezetbarat-fitoterapias-kezikonyv\/#primaryimage"},"thumbnailUrl":"https:\/\/www.boemia-aroma.com\/wp-content\/uploads\/2024\/01\/phytotherapie-ecoresponsable-1.png","datePublished":"2024-01-15T14:15:25+00:00","dateModified":"2026-03-13T08:21:38+00:00","description":"K\u00f6rnyezetbar\u00e1t fitoter\u00e1pi\u00e1s k\u00e9zik\u00f6nyv en vente en ligne sur Bo\u00e8mia Aroma.","breadcrumb":{"@id":"https:\/\/www.boemia-aroma.com\/hu\/boemia-aruhaz\/karacsonyi-kincsek\/kornyezetbarat-fitoterapias-kezikonyv\/#breadcrumb"},"inLanguage":"hu","potentialAction":[{"@type":"ReadAction","target":["https:\/\/www.boemia-aroma.com\/hu\/boemia-aruhaz\/karacsonyi-kincsek\/kornyezetbarat-fitoterapias-kezikonyv\/"]}]},{"@type":"ImageObject","inLanguage":"hu","@id":"https:\/\/www.boemia-aroma.com\/hu\/boemia-aruhaz\/karacsonyi-kincsek\/kornyezetbarat-fitoterapias-kezikonyv\/#primaryimage","url":"https:\/\/www.boemia-aroma.com\/wp-content\/uploads\/2024\/01\/phytotherapie-ecoresponsable-1.png","contentUrl":"https:\/\/www.boemia-aroma.com\/wp-content\/uploads\/2024\/01\/phytotherapie-ecoresponsable-1.png","width":900,"height":1200},{"@type":"BreadcrumbList","@id":"https:\/\/www.boemia-aroma.com\/hu\/boemia-aruhaz\/karacsonyi-kincsek\/kornyezetbarat-fitoterapias-kezikonyv\/#breadcrumb","itemListElement":[{"@type":"ListItem","position":1,"name":"Kezd\u0151lap","item":"https:\/\/www.boemia-aroma.com\/hu\/"},{"@type":"ListItem","position":2,"name":"Boemia \u00c1ruh\u00e1z","item":"https:\/\/www.boemia-aroma.com\/hu\/boemia-aruhaz\/"},{"@type":"ListItem","position":3,"name":"K\u00f6rnyezetbar\u00e1t fitoter\u00e1pi\u00e1s k\u00e9zik\u00f6nyv"}]},{"@type":"WebSite","@id":"https:\/\/www.boemia-aroma.com\/hu\/#website","url":"https:\/\/www.boemia-aroma.com\/hu\/","name":"Bo\u00e8mia Aroma","description":"","publisher":{"@id":"https:\/\/www.boemia-aroma.com\/hu\/#organization"},"alternateName":"Bo\u00e8mia Aroma","potentialAction":[{"@type":"SearchAction","target":{"@type":"EntryPoint","urlTemplate":"https:\/\/www.boemia-aroma.com\/hu\/?s={search_term_string}"},"query-input":{"@type":"PropertyValueSpecification","valueRequired":true,"valueName":"search_term_string"}}],"inLanguage":"hu"},{"@type":"Organization","@id":"https:\/\/www.boemia-aroma.com\/hu\/#organization","name":"Bo\u00e8mia Aroma","url":"https:\/\/www.boemia-aroma.com\/hu\/","logo":{"@type":"ImageObject","inLanguage":"hu","@id":"https:\/\/www.boemia-aroma.com\/hu\/#\/schema\/logo\/image\/","url":"https:\/\/www.boemia-aroma.com\/wp-content\/uploads\/2023\/07\/logo-boemia-aroma.png","contentUrl":"https:\/\/www.boemia-aroma.com\/wp-content\/uploads\/2023\/07\/logo-boemia-aroma.png","width":300,"height":176,"caption":"Bo\u00e8mia Aroma"},"image":{"@id":"https:\/\/www.boemia-aroma.com\/hu\/#\/schema\/logo\/image\/"}}]}},"_links":{"self":[{"href":"https:\/\/www.boemia-aroma.com\/hu\/wp-json\/wp\/v2\/product\/23146","targetHints":{"allow":["GET"]}}],"collection":[{"href":"https:\/\/www.boemia-aroma.com\/hu\/wp-json\/wp\/v2\/product"}],"about":[{"href":"https:\/\/www.boemia-aroma.com\/hu\/wp-json\/wp\/v2\/types\/product"}],"replies":[{"embeddable":true,"href":"https:\/\/www.boemia-aroma.com\/hu\/wp-json\/wp\/v2\/comments?post=23146"}],"version-history":[{"count":0,"href":"https:\/\/www.boemia-aroma.com\/hu\/wp-json\/wp\/v2\/product\/23146\/revisions"}],"wp:featuredmedia":[{"embeddable":true,"href":"https:\/\/www.boemia-aroma.com\/hu\/wp-json\/wp\/v2\/media\/23148"}],"wp:attachment":[{"href":"https:\/\/www.boemia-aroma.com\/hu\/wp-json\/wp\/v2\/media?parent=23146"}],"wp:term":[{"taxonomy":"product_brand","embeddable":true,"href":"https:\/\/www.boemia-aroma.com\/hu\/wp-json\/wp\/v2\/product_brand?post=23146"},{"taxonomy":"product_cat","embeddable":true,"href":"https:\/\/www.boemia-aroma.com\/hu\/wp-json\/wp\/v2\/product_cat?post=23146"},{"taxonomy":"product_tag","embeddable":true,"href":"https:\/\/www.boemia-aroma.com\/hu\/wp-json\/wp\/v2\/product_tag?post=23146"}],"curies":[{"name":"wp","href":"https:\/\/api.w.org\/{rel}","templated":true}]}}