{"id":23137,"date":"2024-01-15T15:08:30","date_gmt":"2024-01-15T14:08:30","guid":{"rendered":"https:\/\/www.boemia-aroma.com\/boutique-boemia\/nem-kategorizalt\/guide-huiles-essentielles\/"},"modified":"2026-03-12T20:01:02","modified_gmt":"2026-03-12T19:01:02","slug":"utmutato-olajok-alapanyagok","status":"publish","type":"product","link":"https:\/\/www.boemia-aroma.com\/hu\/boemia-aruhaz\/karacsonyi-kincsek\/utmutato-olajok-alapanyagok\/","title":{"rendered":"A Terre vivante \u00fatmutat\u00f3 az ill\u00f3olajokr\u00f3l"},"content":{"rendered":"","protected":false},"excerpt":{"rendered":"<p><span style=\"color: #808080;\"><span style=\"color: #ce4e2b;\"><b><span data-sheets-value=\"{\"1\":2,\"2\":\"Entre aisance articulaire et bien-\u00eatre int\u00e9rieur\"}\" data-sheets-userformat=\"{\"2\":4227,\"3\":{\"1\":0},\"4\":{\"1\":2,\"2\":13228792},\"10\":2,\"15\":\"Arial\"}\">135 ill\u00f3olaj + 600 szinergia az eg\u00e9szs\u00e9g\u00e9rt \u00e9s a j\u00f3l\u00e9t\u00e9rt<\/span><\/b><\/span><\/span><\/p>\n<hr>\n<p>&nbsp;<\/p>\n<p>Mivel az aromater\u00e1pia egy fiatal, de k\u00fcl\u00f6n\u00f6sen er\u0151s tudom\u00e1ny, az ill\u00f3olajokkal val\u00f3 kezel\u00e9st nem lehet r\u00f6gt\u00f6n\u00f6zni! Ez az \u00e1tfog\u00f3 \u00fatmutat\u00f3 seg\u00edt abban, hogy az eg\u00e9sz csal\u00e1dot, a csecsem\u0151t\u0151l az id\u0151sekig, bele\u00e9rtve a sportol\u00f3kat \u00e9s a terhes vagy szoptat\u00f3 n\u0151ket is, teljes biztons\u00e1gban kezelhesse, Fran\u00e7oise Couic-Marinier, Franciaorsz\u00e1g egyik vezet\u0151 szak\u00e9rt\u0151j\u00e9nek tan\u00e1csaival, valamint a k\u00f3rh\u00e1zakban a gyakori betegs\u00e9gek (stressz, szorong\u00e1s, alv\u00e1s, gy\u00f3gyul\u00e1s stb.) \u00e9s m\u00e9g specifikusabb betegs\u00e9gek (kemoter\u00e1pia, sz\u00fcl\u00e9s stb.) kezel\u00e9s\u00e9re haszn\u00e1lt tapasztalatokkal \u00e9s protokollokkal. <\/p>\n<p>Megk\u00f6zel\u00edt\u00e9se kett\u0151s:<\/p>\n<p style=\"padding-left: 40px;\"><span data-sheets-value=\"{\"1\":2,\"2\":\"Madagascar\"}\" data-sheets-userformat=\"{\"2\":12803,\"3\":{\"1\":0},\"4\":{\"1\":2,\"2\":16773836},\"12\":0,\"15\":\"Arial\",\"16\":9}\"><span style=\"color: #ce4e2b;\">\u2192<\/span> <\/span>Ill\u00f3olajonk\u00e9nti bejegyz\u00e9sek, a 44 leghat\u00e9konyabb, legsokoldal\u00fabb \u00e9s anyagilag is el\u00e9rhet\u0151 ill\u00f3olaj kiv\u00e1laszt\u00e1s\u00e1val, valamint 91 kev\u00e9sb\u00e9 elterjedt, de \u00e9rt\u00e9kes \u00e9s hat\u00e1sos ill\u00f3olaj felfedez\u00e9s\u00e9vel, amelyek seg\u00edts\u00e9g\u00e9vel csal\u00e1di patik\u00e1t \u00e9p\u00edthet\u00fcnk.<\/p>\n<p style=\"padding-left: 40px;\"><span data-sheets-value=\"{\"1\":2,\"2\":\"Madagascar\"}\" data-sheets-userformat=\"{\"2\":12803,\"3\":{\"1\":0},\"4\":{\"1\":2,\"2\":16773836},\"12\":0,\"15\":\"Arial\",\"16\":9}\"><span style=\"color: #ce4e2b;\">\u2192<\/span> <\/span>K\u00f3rtani bejegyz\u00e9sek, mintegy 220 mindennapi betegs\u00e9ggel, f\u0151bb &#8222;szf\u00e9r\u00e1k&#8221; szerint (f\u00fcl-orr-g\u00e9g\u00e9szet, b\u0151r, em\u00e9szt\u0151rendszer, n\u0151i betegs\u00e9gek, izmok \u00e9s \u00edz\u00fcletek stb.), \u00e9s t\u00f6bb mint 600 h\u00e1zilag elk\u00e9sz\u00edthet\u0151 k\u00e9sz\u00edtm\u00e9ny, k\u00f6zt\u00fck mintegy sz\u00e1z, k\u00f3rh\u00e1zakban haszn\u00e1lt \u00e9s kipr\u00f3b\u00e1lt k\u00e9sz\u00edtm\u00e9ny, amelyek v\u00e9szhelyzetben beavatkoznak, vagy alapvet\u0151 &#8222;gy\u00f3gym\u00f3dot&#8221; jelentenek.<\/p>\n<p>A hangs\u00faly a praktikuss\u00e1gon \u00e9s a biztons\u00e1gon van: minden egyes ill\u00f3olaj eset\u00e9ben vil\u00e1gosan elmagyar\u00e1zzuk a haszn\u00e1latra vonatkoz\u00f3 \u00f3vint\u00e9zked\u00e9seket \u00e9s a lehets\u00e9ges toxicit\u00e1st, hogy \u00d6n teljes biztons\u00e1gban kezelhesse mag\u00e1t.<\/p>\n<p>Egy k\u00f6nyv, amely hat\u00e1rozottan gyakorlatias, teljes, komoly \u00e9s hat\u00e9kony.<\/p>\n<div class=\"description-item\"><span class=\"description-item-title\"><span data-sheets-value=\"{\"1\":2,\"2\":\"Madagascar\"}\" data-sheets-userformat=\"{\"2\":12803,\"3\":{\"1\":0},\"4\":{\"1\":2,\"2\":16773836},\"12\":0,\"15\":\"Arial\",\"16\":9}\"><span style=\"color: #ce4e2b;\">\u2192<\/span> <\/span>Szerz\u0151: <\/span><span class=\"description-item-content\">Dr. Fran\u00e7oise Couic Marinier<\/span><\/div>\n<div class=\"description-item\"><span class=\"description-item-title\"><span data-sheets-value=\"{\"1\":2,\"2\":\"Madagascar\"}\" data-sheets-userformat=\"{\"2\":12803,\"3\":{\"1\":0},\"4\":{\"1\":2,\"2\":16773836},\"12\":0,\"15\":\"Arial\",\"16\":9}\"><span style=\"color: #ce4e2b;\">\u2192<\/span> <\/span>Szerz\u0151: <\/span><span class=\"description-item-content\">Dr. Anthony Touboul<\/span><\/div>\n<div class=\"description-item\"><span class=\"description-item-title\"><span data-sheets-value=\"{\"1\":2,\"2\":\"Madagascar\"}\" data-sheets-userformat=\"{\"2\":12803,\"3\":{\"1\":0},\"4\":{\"1\":2,\"2\":16773836},\"12\":0,\"15\":\"Arial\",\"16\":9}\"><span style=\"color: #ce4e2b;\">\u2192<\/span> <\/span>Oldalak sz\u00e1ma: <\/span><span class=\"description-item-content\">476<\/span><\/div>\n<div class=\"description-item\"><span class=\"description-item-title\"><span data-sheets-value=\"{\"1\":2,\"2\":\"Madagascar\"}\" data-sheets-userformat=\"{\"2\":12803,\"3\":{\"1\":0},\"4\":{\"1\":2,\"2\":16773836},\"12\":0,\"15\":\"Arial\",\"16\":9}\"><span style=\"color: #ce4e2b;\">\u2192<\/span> <\/span>T\u00e9ma: <\/span><span class=\"description-item-content\">Term\u00e9szetes gondoskod\u00e1s<\/span><\/div>\n<div class=\"description-item\"><span class=\"description-item-title\"><span data-sheets-value=\"{\"1\":2,\"2\":\"Madagascar\"}\" data-sheets-userformat=\"{\"2\":12803,\"3\":{\"1\":0},\"4\":{\"1\":2,\"2\":16773836},\"12\":0,\"15\":\"Arial\",\"16\":9}\"><span style=\"color: #ce4e2b;\">\u2192<\/span> <\/span>Al-t\u00e9ma: <\/span><span class=\"description-item-content\">Alternat\u00edv gy\u00f3gy\u00e1szat<\/span><\/div>\n<div class=\"description-item\"><span class=\"description-item-title\"><span data-sheets-value=\"{\"1\":2,\"2\":\"Madagascar\"}\" data-sheets-userformat=\"{\"2\":12803,\"3\":{\"1\":0},\"4\":{\"1\":2,\"2\":16773836},\"12\":0,\"15\":\"Arial\",\"16\":9}\"><span style=\"color: #ce4e2b;\">\u2192<\/span> <\/span>Gy\u0171jtem\u00e9ny: <\/span><span class=\"description-item-content\">Gy\u0171jtem\u00e9ny: Guide Terre vivante<\/span><\/div>\n<div><\/div>\n<hr>\n<p>&nbsp;<\/p>\n","protected":false},"featured_media":23140,"comment_status":"open","ping_status":"closed","template":"","meta":{"_acf_changed":false},"product_brand":[],"product_cat":[220,223],"product_tag":[],"class_list":{"0":"post-23137","1":"product","2":"type-product","3":"status-publish","4":"has-post-thumbnail","6":"product_cat-karacsonyi-kincsek","7":"product_cat-konyvek","8":"pa_usage-kepzes","10":"first","11":"instock","12":"taxable","13":"shipping-taxable","14":"purchasable","15":"product-type-simple"},"acf":[],"yoast_head":"<!-- This site is optimized with the Yoast SEO plugin v27.4 - https:\/\/yoast.com\/product\/yoast-seo-wordpress\/ -->\n<title>A Terre vivante \u00fatmutat\u00f3 az ill\u00f3olajokr\u00f3l - Bo\u00e8mia Aroma<\/title>\n<meta name=\"description\" content=\"A Terre vivante \u00fatmutat\u00f3 az ill\u00f3olajokr\u00f3l en vente en ligne sur Bo\u00e8mia Aroma.\" \/>\n<meta name=\"robots\" content=\"index, follow, max-snippet:-1, max-image-preview:large, max-video-preview:-1\" \/>\n<link rel=\"canonical\" href=\"https:\/\/www.boemia-aroma.com\/hu\/boemia-aruhaz\/karacsonyi-kincsek\/utmutato-olajok-alapanyagok\/\" \/>\n<meta property=\"og:locale\" content=\"hu_HU\" \/>\n<meta property=\"og:type\" content=\"article\" \/>\n<meta property=\"og:title\" content=\"A Terre vivante \u00fatmutat\u00f3 az ill\u00f3olajokr\u00f3l - Bo\u00e8mia Aroma\" \/>\n<meta property=\"og:description\" content=\"A Terre vivante \u00fatmutat\u00f3 az ill\u00f3olajokr\u00f3l en vente en ligne sur Bo\u00e8mia Aroma.\" \/>\n<meta property=\"og:url\" content=\"https:\/\/www.boemia-aroma.com\/hu\/boemia-aruhaz\/karacsonyi-kincsek\/utmutato-olajok-alapanyagok\/\" \/>\n<meta property=\"og:site_name\" content=\"Bo\u00e8mia Aroma\" \/>\n<meta property=\"article:modified_time\" content=\"2026-03-12T19:01:02+00:00\" \/>\n<meta property=\"og:image\" content=\"https:\/\/www.boemia-aroma.com\/wp-content\/uploads\/2024\/01\/GTV-guide-huile-essentielle-1.png\" \/>\n\t<meta property=\"og:image:width\" content=\"900\" \/>\n\t<meta property=\"og:image:height\" content=\"1200\" \/>\n\t<meta property=\"og:image:type\" content=\"image\/png\" \/>\n<meta name=\"twitter:card\" content=\"summary_large_image\" \/>\n<script type=\"application\/ld+json\" class=\"yoast-schema-graph\">{\"@context\":\"https:\\\/\\\/schema.org\",\"@graph\":[{\"@type\":\"WebPage\",\"@id\":\"https:\\\/\\\/www.boemia-aroma.com\\\/hu\\\/boemia-aruhaz\\\/karacsonyi-kincsek\\\/utmutato-olajok-alapanyagok\\\/\",\"url\":\"https:\\\/\\\/www.boemia-aroma.com\\\/hu\\\/boemia-aruhaz\\\/karacsonyi-kincsek\\\/utmutato-olajok-alapanyagok\\\/\",\"name\":\"A Terre vivante \u00fatmutat\u00f3 az ill\u00f3olajokr\u00f3l - Bo\u00e8mia Aroma\",\"isPartOf\":{\"@id\":\"https:\\\/\\\/www.boemia-aroma.com\\\/hu\\\/#website\"},\"primaryImageOfPage\":{\"@id\":\"https:\\\/\\\/www.boemia-aroma.com\\\/hu\\\/boemia-aruhaz\\\/karacsonyi-kincsek\\\/utmutato-olajok-alapanyagok\\\/#primaryimage\"},\"image\":{\"@id\":\"https:\\\/\\\/www.boemia-aroma.com\\\/hu\\\/boemia-aruhaz\\\/karacsonyi-kincsek\\\/utmutato-olajok-alapanyagok\\\/#primaryimage\"},\"thumbnailUrl\":\"https:\\\/\\\/www.boemia-aroma.com\\\/wp-content\\\/uploads\\\/2024\\\/01\\\/GTV-guide-huile-essentielle-1.png\",\"datePublished\":\"2024-01-15T14:08:30+00:00\",\"dateModified\":\"2026-03-12T19:01:02+00:00\",\"description\":\"A Terre vivante \u00fatmutat\u00f3 az ill\u00f3olajokr\u00f3l en vente en ligne sur Bo\u00e8mia Aroma.\",\"breadcrumb\":{\"@id\":\"https:\\\/\\\/www.boemia-aroma.com\\\/hu\\\/boemia-aruhaz\\\/karacsonyi-kincsek\\\/utmutato-olajok-alapanyagok\\\/#breadcrumb\"},\"inLanguage\":\"hu\",\"potentialAction\":[{\"@type\":\"ReadAction\",\"target\":[\"https:\\\/\\\/www.boemia-aroma.com\\\/hu\\\/boemia-aruhaz\\\/karacsonyi-kincsek\\\/utmutato-olajok-alapanyagok\\\/\"]}]},{\"@type\":\"ImageObject\",\"inLanguage\":\"hu\",\"@id\":\"https:\\\/\\\/www.boemia-aroma.com\\\/hu\\\/boemia-aruhaz\\\/karacsonyi-kincsek\\\/utmutato-olajok-alapanyagok\\\/#primaryimage\",\"url\":\"https:\\\/\\\/www.boemia-aroma.com\\\/wp-content\\\/uploads\\\/2024\\\/01\\\/GTV-guide-huile-essentielle-1.png\",\"contentUrl\":\"https:\\\/\\\/www.boemia-aroma.com\\\/wp-content\\\/uploads\\\/2024\\\/01\\\/GTV-guide-huile-essentielle-1.png\",\"width\":900,\"height\":1200},{\"@type\":\"BreadcrumbList\",\"@id\":\"https:\\\/\\\/www.boemia-aroma.com\\\/hu\\\/boemia-aruhaz\\\/karacsonyi-kincsek\\\/utmutato-olajok-alapanyagok\\\/#breadcrumb\",\"itemListElement\":[{\"@type\":\"ListItem\",\"position\":1,\"name\":\"Kezd\u0151lap\",\"item\":\"https:\\\/\\\/www.boemia-aroma.com\\\/hu\\\/\"},{\"@type\":\"ListItem\",\"position\":2,\"name\":\"Boemia \u00c1ruh\u00e1z\",\"item\":\"https:\\\/\\\/www.boemia-aroma.com\\\/hu\\\/boemia-aruhaz\\\/\"},{\"@type\":\"ListItem\",\"position\":3,\"name\":\"A Terre vivante \u00fatmutat\u00f3 az ill\u00f3olajokr\u00f3l\"}]},{\"@type\":\"WebSite\",\"@id\":\"https:\\\/\\\/www.boemia-aroma.com\\\/hu\\\/#website\",\"url\":\"https:\\\/\\\/www.boemia-aroma.com\\\/hu\\\/\",\"name\":\"Bo\u00e8mia Aroma\",\"description\":\"\",\"publisher\":{\"@id\":\"https:\\\/\\\/www.boemia-aroma.com\\\/hu\\\/#organization\"},\"alternateName\":\"Bo\u00e8mia Aroma\",\"potentialAction\":[{\"@type\":\"SearchAction\",\"target\":{\"@type\":\"EntryPoint\",\"urlTemplate\":\"https:\\\/\\\/www.boemia-aroma.com\\\/hu\\\/?s={search_term_string}\"},\"query-input\":{\"@type\":\"PropertyValueSpecification\",\"valueRequired\":true,\"valueName\":\"search_term_string\"}}],\"inLanguage\":\"hu\"},{\"@type\":\"Organization\",\"@id\":\"https:\\\/\\\/www.boemia-aroma.com\\\/hu\\\/#organization\",\"name\":\"Bo\u00e8mia Aroma\",\"url\":\"https:\\\/\\\/www.boemia-aroma.com\\\/hu\\\/\",\"logo\":{\"@type\":\"ImageObject\",\"inLanguage\":\"hu\",\"@id\":\"https:\\\/\\\/www.boemia-aroma.com\\\/hu\\\/#\\\/schema\\\/logo\\\/image\\\/\",\"url\":\"https:\\\/\\\/www.boemia-aroma.com\\\/wp-content\\\/uploads\\\/2023\\\/07\\\/logo-boemia-aroma.png\",\"contentUrl\":\"https:\\\/\\\/www.boemia-aroma.com\\\/wp-content\\\/uploads\\\/2023\\\/07\\\/logo-boemia-aroma.png\",\"width\":300,\"height\":176,\"caption\":\"Bo\u00e8mia Aroma\"},\"image\":{\"@id\":\"https:\\\/\\\/www.boemia-aroma.com\\\/hu\\\/#\\\/schema\\\/logo\\\/image\\\/\"}}]}<\/script>\n<!-- \/ Yoast SEO plugin. -->","yoast_head_json":{"title":"A Terre vivante \u00fatmutat\u00f3 az ill\u00f3olajokr\u00f3l - Bo\u00e8mia Aroma","description":"A Terre vivante \u00fatmutat\u00f3 az ill\u00f3olajokr\u00f3l en vente en ligne sur Bo\u00e8mia Aroma.","robots":{"index":"index","follow":"follow","max-snippet":"max-snippet:-1","max-image-preview":"max-image-preview:large","max-video-preview":"max-video-preview:-1"},"canonical":"https:\/\/www.boemia-aroma.com\/hu\/boemia-aruhaz\/karacsonyi-kincsek\/utmutato-olajok-alapanyagok\/","og_locale":"hu_HU","og_type":"article","og_title":"A Terre vivante \u00fatmutat\u00f3 az ill\u00f3olajokr\u00f3l - Bo\u00e8mia Aroma","og_description":"A Terre vivante \u00fatmutat\u00f3 az ill\u00f3olajokr\u00f3l en vente en ligne sur Bo\u00e8mia Aroma.","og_url":"https:\/\/www.boemia-aroma.com\/hu\/boemia-aruhaz\/karacsonyi-kincsek\/utmutato-olajok-alapanyagok\/","og_site_name":"Bo\u00e8mia Aroma","article_modified_time":"2026-03-12T19:01:02+00:00","og_image":[{"width":900,"height":1200,"url":"https:\/\/www.boemia-aroma.com\/wp-content\/uploads\/2024\/01\/GTV-guide-huile-essentielle-1.png","type":"image\/png"}],"twitter_card":"summary_large_image","schema":{"@context":"https:\/\/schema.org","@graph":[{"@type":"WebPage","@id":"https:\/\/www.boemia-aroma.com\/hu\/boemia-aruhaz\/karacsonyi-kincsek\/utmutato-olajok-alapanyagok\/","url":"https:\/\/www.boemia-aroma.com\/hu\/boemia-aruhaz\/karacsonyi-kincsek\/utmutato-olajok-alapanyagok\/","name":"A Terre vivante \u00fatmutat\u00f3 az ill\u00f3olajokr\u00f3l - Bo\u00e8mia Aroma","isPartOf":{"@id":"https:\/\/www.boemia-aroma.com\/hu\/#website"},"primaryImageOfPage":{"@id":"https:\/\/www.boemia-aroma.com\/hu\/boemia-aruhaz\/karacsonyi-kincsek\/utmutato-olajok-alapanyagok\/#primaryimage"},"image":{"@id":"https:\/\/www.boemia-aroma.com\/hu\/boemia-aruhaz\/karacsonyi-kincsek\/utmutato-olajok-alapanyagok\/#primaryimage"},"thumbnailUrl":"https:\/\/www.boemia-aroma.com\/wp-content\/uploads\/2024\/01\/GTV-guide-huile-essentielle-1.png","datePublished":"2024-01-15T14:08:30+00:00","dateModified":"2026-03-12T19:01:02+00:00","description":"A Terre vivante \u00fatmutat\u00f3 az ill\u00f3olajokr\u00f3l en vente en ligne sur Bo\u00e8mia Aroma.","breadcrumb":{"@id":"https:\/\/www.boemia-aroma.com\/hu\/boemia-aruhaz\/karacsonyi-kincsek\/utmutato-olajok-alapanyagok\/#breadcrumb"},"inLanguage":"hu","potentialAction":[{"@type":"ReadAction","target":["https:\/\/www.boemia-aroma.com\/hu\/boemia-aruhaz\/karacsonyi-kincsek\/utmutato-olajok-alapanyagok\/"]}]},{"@type":"ImageObject","inLanguage":"hu","@id":"https:\/\/www.boemia-aroma.com\/hu\/boemia-aruhaz\/karacsonyi-kincsek\/utmutato-olajok-alapanyagok\/#primaryimage","url":"https:\/\/www.boemia-aroma.com\/wp-content\/uploads\/2024\/01\/GTV-guide-huile-essentielle-1.png","contentUrl":"https:\/\/www.boemia-aroma.com\/wp-content\/uploads\/2024\/01\/GTV-guide-huile-essentielle-1.png","width":900,"height":1200},{"@type":"BreadcrumbList","@id":"https:\/\/www.boemia-aroma.com\/hu\/boemia-aruhaz\/karacsonyi-kincsek\/utmutato-olajok-alapanyagok\/#breadcrumb","itemListElement":[{"@type":"ListItem","position":1,"name":"Kezd\u0151lap","item":"https:\/\/www.boemia-aroma.com\/hu\/"},{"@type":"ListItem","position":2,"name":"Boemia \u00c1ruh\u00e1z","item":"https:\/\/www.boemia-aroma.com\/hu\/boemia-aruhaz\/"},{"@type":"ListItem","position":3,"name":"A Terre vivante \u00fatmutat\u00f3 az ill\u00f3olajokr\u00f3l"}]},{"@type":"WebSite","@id":"https:\/\/www.boemia-aroma.com\/hu\/#website","url":"https:\/\/www.boemia-aroma.com\/hu\/","name":"Bo\u00e8mia Aroma","description":"","publisher":{"@id":"https:\/\/www.boemia-aroma.com\/hu\/#organization"},"alternateName":"Bo\u00e8mia Aroma","potentialAction":[{"@type":"SearchAction","target":{"@type":"EntryPoint","urlTemplate":"https:\/\/www.boemia-aroma.com\/hu\/?s={search_term_string}"},"query-input":{"@type":"PropertyValueSpecification","valueRequired":true,"valueName":"search_term_string"}}],"inLanguage":"hu"},{"@type":"Organization","@id":"https:\/\/www.boemia-aroma.com\/hu\/#organization","name":"Bo\u00e8mia Aroma","url":"https:\/\/www.boemia-aroma.com\/hu\/","logo":{"@type":"ImageObject","inLanguage":"hu","@id":"https:\/\/www.boemia-aroma.com\/hu\/#\/schema\/logo\/image\/","url":"https:\/\/www.boemia-aroma.com\/wp-content\/uploads\/2023\/07\/logo-boemia-aroma.png","contentUrl":"https:\/\/www.boemia-aroma.com\/wp-content\/uploads\/2023\/07\/logo-boemia-aroma.png","width":300,"height":176,"caption":"Bo\u00e8mia Aroma"},"image":{"@id":"https:\/\/www.boemia-aroma.com\/hu\/#\/schema\/logo\/image\/"}}]}},"_links":{"self":[{"href":"https:\/\/www.boemia-aroma.com\/hu\/wp-json\/wp\/v2\/product\/23137","targetHints":{"allow":["GET"]}}],"collection":[{"href":"https:\/\/www.boemia-aroma.com\/hu\/wp-json\/wp\/v2\/product"}],"about":[{"href":"https:\/\/www.boemia-aroma.com\/hu\/wp-json\/wp\/v2\/types\/product"}],"replies":[{"embeddable":true,"href":"https:\/\/www.boemia-aroma.com\/hu\/wp-json\/wp\/v2\/comments?post=23137"}],"version-history":[{"count":0,"href":"https:\/\/www.boemia-aroma.com\/hu\/wp-json\/wp\/v2\/product\/23137\/revisions"}],"wp:featuredmedia":[{"embeddable":true,"href":"https:\/\/www.boemia-aroma.com\/hu\/wp-json\/wp\/v2\/media\/23140"}],"wp:attachment":[{"href":"https:\/\/www.boemia-aroma.com\/hu\/wp-json\/wp\/v2\/media?parent=23137"}],"wp:term":[{"taxonomy":"product_brand","embeddable":true,"href":"https:\/\/www.boemia-aroma.com\/hu\/wp-json\/wp\/v2\/product_brand?post=23137"},{"taxonomy":"product_cat","embeddable":true,"href":"https:\/\/www.boemia-aroma.com\/hu\/wp-json\/wp\/v2\/product_cat?post=23137"},{"taxonomy":"product_tag","embeddable":true,"href":"https:\/\/www.boemia-aroma.com\/hu\/wp-json\/wp\/v2\/product_tag?post=23137"}],"curies":[{"name":"wp","href":"https:\/\/api.w.org\/{rel}","templated":true}]}}