{"id":23136,"date":"2024-07-25T14:50:16","date_gmt":"2024-07-25T12:50:16","guid":{"rendered":"https:\/\/www.boemia-aroma.com\/boutique-boemia\/nem-kategorizalt\/tout-soigner-avec-16-huiles-essentielles\/"},"modified":"2026-03-12T20:24:02","modified_gmt":"2026-03-12T19:24:02","slug":"16-illoolajjal-mindent-kezelni","status":"publish","type":"product","link":"https:\/\/www.boemia-aroma.com\/hu\/boemia-aruhaz\/karacsonyi-kincsek\/16-illoolajjal-mindent-kezelni\/","title":{"rendered":"16 ill\u00f3olajjal mindent kezelni"},"content":{"rendered":"","protected":false},"excerpt":{"rendered":"<p><span style=\"color: #808080;\"><span style=\"color: #ce4e2b;\"><b><span data-sheets-value=\"{\"1\":2,\"2\":\"Entre aisance articulaire et bien-\u00eatre int\u00e9rieur\"}\" data-sheets-userformat=\"{\"2\":4227,\"3\":{\"1\":0},\"4\":{\"1\":2,\"2\":13228792},\"10\":2,\"15\":\"Arial\"}\">Egy vil\u00e1gos, \u00e1tfog\u00f3 \u00fatmutat\u00f3, amely seg\u00edt abban, hogy a legt\u00f6bbet hozd ki az aromater\u00e1pi\u00e1b\u00f3l!<\/span><\/b><\/span><\/span><\/p>\n<hr>\n<div><\/div>\n<div>\n<p>A mindennapi betegs\u00e9gek kezel\u00e9se<strong>ill\u00f3olajokkal<\/strong> m\u00e9g soha nem volt ennyire el\u00e9rhet\u0151. De a legmegfelel\u0151bb olajok kiv\u00e1laszt\u00e1sa, a min\u0151s\u00e9gi <strong>ill\u00f3olajok<\/strong> kiv\u00e1laszt\u00e1s\u00e1nak biztos\u00edt\u00e1sa, vagy ak\u00e1r a saj\u00e1t biztons\u00e1gos gy\u00f3gym\u00f3dok elk\u00e9sz\u00edt\u00e9se gyorsan igazi fejf\u00e1j\u00e1ss\u00e1 v\u00e1lhat. <\/p>\n<p>Hagyja, hogy <strong>Dr. Fran\u00e7oise Couic-Marinier \u00e9s Dr. Anthony Touboul<\/strong> vezesse \u00d6nt. Ebben a k\u00f6nyvben 16 sokoldal\u00fa, kiv\u00e1l\u00f3 min\u0151s\u00e9g\u0171 ill\u00f3olajat k\u00edn\u00e1lnak \u00d6nnek, amelyekkel gyakorlatilag minden mindennapi betegs\u00e9get kezelhet. <\/p>\n<p>A 16 ill\u00f3olaj mindegyike bet\u0171rendben, r\u00e9szletesen bemutat\u00e1sra ker\u00fcl (kiv\u00e1laszt\u00e1s, hat\u00f3anyagok, ellenjavallatok stb.), valamint az \u00f6sszes betegs\u00e9g, amelyet k\u00eds\u00e9rhet vagy kezelhet. Minden egyes \u00e1llapothoz haszn\u00e1lati tan\u00e1csokat \u00e9s formul\u00e1kat adunk, kiz\u00e1r\u00f3lag a bemutatott 16 ill\u00f3olaj felhaszn\u00e1l\u00e1s\u00e1val vagy kombin\u00e1l\u00e1s\u00e1val. <\/p>\n<p>Az aromater\u00e1pia orvosi \u00e9s k\u00f3rh\u00e1zi k\u00f6rnyezetben t\u00f6rt\u00e9n\u0151 ter\u00e1pi\u00e1s \u00e9s \u00e9rzelmi alkalmaz\u00e1s\u00e1val kapcsolatos leg\u00fajabb tanulm\u00e1nyokra \u00e9s visszajelz\u00e9sekre \u00f6sszpontos\u00edtva ez az \u00fatmutat\u00f3 a csal\u00e1dja mindennapos \u00e1pol\u00e1s\u00e1nak referenciaeszk\u00f6z\u00e9v\u00e9 v\u00e1lik.<\/p>\n<p><span class=\"description-item-title\"><span data-sheets-value=\"{\"1\":2,\"2\":\"Madagascar\"}\" data-sheets-userformat=\"{\"2\":12803,\"3\":{\"1\":0},\"4\":{\"1\":2,\"2\":16773836},\"12\":0,\"15\":\"Arial\",\"16\":9}\"><span style=\"color: #ce4e2b;\">\u2192<\/span> <\/span>Szerz\u0151 : Fran\u00e7oise Couic-Marinier &#8211; Anthony Touboul<\/span><\/p>\n<div class=\"description-items\">\n<div class=\"description-item\"><span class=\"description-item-title\"><span data-sheets-value=\"{\"1\":2,\"2\":\"Madagascar\"}\" data-sheets-userformat=\"{\"2\":12803,\"3\":{\"1\":0},\"4\":{\"1\":2,\"2\":16773836},\"12\":0,\"15\":\"Arial\",\"16\":9}\"><span style=\"color: #ce4e2b;\">\u2192<\/span> <\/span>Szerz\u0151: <\/span><span class=\"description-item-content\">Christine Cieur<\/span><\/div>\n<div class=\"description-item\"><span class=\"description-item-title\"><span data-sheets-value=\"{\"1\":2,\"2\":\"Madagascar\"}\" data-sheets-userformat=\"{\"2\":12803,\"3\":{\"1\":0},\"4\":{\"1\":2,\"2\":16773836},\"12\":0,\"15\":\"Arial\",\"16\":9}\"><span style=\"color: #ce4e2b;\">\u2192<\/span> <\/span>Oldalak sz\u00e1ma : <\/span><span class=\"description-item-content\">210<\/span><\/div>\n<div class=\"description-item\"><span class=\"description-item-title\"><span data-sheets-value=\"{\"1\":2,\"2\":\"Madagascar\"}\" data-sheets-userformat=\"{\"2\":12803,\"3\":{\"1\":0},\"4\":{\"1\":2,\"2\":16773836},\"12\":0,\"15\":\"Arial\",\"16\":9}\"><span style=\"color: #ce4e2b;\">\u2192<\/span> <\/span>Gy\u0171jtem\u00e9ny: <\/span><span class=\"description-item-content\">Szak\u00e9rt\u0151i tan\u00e1csad\u00e1s<\/span><\/div>\n<\/div>\n<\/div>\n<p>&nbsp;<\/p>\n<hr>\n<p>&nbsp;<\/p>\n","protected":false},"featured_media":23141,"comment_status":"open","ping_status":"closed","template":"","meta":{"_acf_changed":false},"product_brand":[],"product_cat":[220,223],"product_tag":[],"class_list":{"0":"post-23136","1":"product","2":"type-product","3":"status-publish","4":"has-post-thumbnail","6":"product_cat-karacsonyi-kincsek","7":"product_cat-konyvek","8":"pa_usage-kepzes","10":"first","11":"outofstock","12":"taxable","13":"shipping-taxable","14":"purchasable","15":"product-type-simple"},"acf":[],"yoast_head":"<!-- This site is optimized with the Yoast SEO plugin v27.4 - https:\/\/yoast.com\/product\/yoast-seo-wordpress\/ -->\n<title>16 ill\u00f3olajjal mindent kezelni - Bo\u00e8mia Aroma<\/title>\n<meta name=\"description\" content=\"16 ill\u00f3olajjal mindent kezelni en vente en ligne sur Bo\u00e8mia Aroma.\" \/>\n<meta name=\"robots\" content=\"index, follow, max-snippet:-1, max-image-preview:large, max-video-preview:-1\" \/>\n<link rel=\"canonical\" href=\"https:\/\/www.boemia-aroma.com\/hu\/boemia-aruhaz\/karacsonyi-kincsek\/16-illoolajjal-mindent-kezelni\/\" \/>\n<meta property=\"og:locale\" content=\"hu_HU\" \/>\n<meta property=\"og:type\" content=\"article\" \/>\n<meta property=\"og:title\" content=\"16 ill\u00f3olajjal mindent kezelni - Bo\u00e8mia Aroma\" \/>\n<meta property=\"og:description\" content=\"16 ill\u00f3olajjal mindent kezelni en vente en ligne sur Bo\u00e8mia Aroma.\" \/>\n<meta property=\"og:url\" content=\"https:\/\/www.boemia-aroma.com\/hu\/boemia-aruhaz\/karacsonyi-kincsek\/16-illoolajjal-mindent-kezelni\/\" \/>\n<meta property=\"og:site_name\" content=\"Bo\u00e8mia Aroma\" \/>\n<meta property=\"article:modified_time\" content=\"2026-03-12T19:24:02+00:00\" \/>\n<meta property=\"og:image\" content=\"https:\/\/www.boemia-aroma.com\/wp-content\/uploads\/2024\/07\/16-huiles-essentielles-P1.png\" \/>\n\t<meta property=\"og:image:width\" content=\"900\" \/>\n\t<meta property=\"og:image:height\" content=\"1200\" \/>\n\t<meta property=\"og:image:type\" content=\"image\/png\" \/>\n<meta name=\"twitter:card\" content=\"summary_large_image\" \/>\n<script type=\"application\/ld+json\" class=\"yoast-schema-graph\">{\"@context\":\"https:\\\/\\\/schema.org\",\"@graph\":[{\"@type\":\"WebPage\",\"@id\":\"https:\\\/\\\/www.boemia-aroma.com\\\/hu\\\/boemia-aruhaz\\\/karacsonyi-kincsek\\\/16-illoolajjal-mindent-kezelni\\\/\",\"url\":\"https:\\\/\\\/www.boemia-aroma.com\\\/hu\\\/boemia-aruhaz\\\/karacsonyi-kincsek\\\/16-illoolajjal-mindent-kezelni\\\/\",\"name\":\"16 ill\u00f3olajjal mindent kezelni - Bo\u00e8mia Aroma\",\"isPartOf\":{\"@id\":\"https:\\\/\\\/www.boemia-aroma.com\\\/hu\\\/#website\"},\"primaryImageOfPage\":{\"@id\":\"https:\\\/\\\/www.boemia-aroma.com\\\/hu\\\/boemia-aruhaz\\\/karacsonyi-kincsek\\\/16-illoolajjal-mindent-kezelni\\\/#primaryimage\"},\"image\":{\"@id\":\"https:\\\/\\\/www.boemia-aroma.com\\\/hu\\\/boemia-aruhaz\\\/karacsonyi-kincsek\\\/16-illoolajjal-mindent-kezelni\\\/#primaryimage\"},\"thumbnailUrl\":\"https:\\\/\\\/www.boemia-aroma.com\\\/wp-content\\\/uploads\\\/2024\\\/07\\\/16-huiles-essentielles-P1.png\",\"datePublished\":\"2024-07-25T12:50:16+00:00\",\"dateModified\":\"2026-03-12T19:24:02+00:00\",\"description\":\"16 ill\u00f3olajjal mindent kezelni en vente en ligne sur Bo\u00e8mia Aroma.\",\"breadcrumb\":{\"@id\":\"https:\\\/\\\/www.boemia-aroma.com\\\/hu\\\/boemia-aruhaz\\\/karacsonyi-kincsek\\\/16-illoolajjal-mindent-kezelni\\\/#breadcrumb\"},\"inLanguage\":\"hu\",\"potentialAction\":[{\"@type\":\"ReadAction\",\"target\":[\"https:\\\/\\\/www.boemia-aroma.com\\\/hu\\\/boemia-aruhaz\\\/karacsonyi-kincsek\\\/16-illoolajjal-mindent-kezelni\\\/\"]}]},{\"@type\":\"ImageObject\",\"inLanguage\":\"hu\",\"@id\":\"https:\\\/\\\/www.boemia-aroma.com\\\/hu\\\/boemia-aruhaz\\\/karacsonyi-kincsek\\\/16-illoolajjal-mindent-kezelni\\\/#primaryimage\",\"url\":\"https:\\\/\\\/www.boemia-aroma.com\\\/wp-content\\\/uploads\\\/2024\\\/07\\\/16-huiles-essentielles-P1.png\",\"contentUrl\":\"https:\\\/\\\/www.boemia-aroma.com\\\/wp-content\\\/uploads\\\/2024\\\/07\\\/16-huiles-essentielles-P1.png\",\"width\":900,\"height\":1200},{\"@type\":\"BreadcrumbList\",\"@id\":\"https:\\\/\\\/www.boemia-aroma.com\\\/hu\\\/boemia-aruhaz\\\/karacsonyi-kincsek\\\/16-illoolajjal-mindent-kezelni\\\/#breadcrumb\",\"itemListElement\":[{\"@type\":\"ListItem\",\"position\":1,\"name\":\"Kezd\u0151lap\",\"item\":\"https:\\\/\\\/www.boemia-aroma.com\\\/hu\\\/\"},{\"@type\":\"ListItem\",\"position\":2,\"name\":\"Boemia \u00c1ruh\u00e1z\",\"item\":\"https:\\\/\\\/www.boemia-aroma.com\\\/hu\\\/boemia-aruhaz\\\/\"},{\"@type\":\"ListItem\",\"position\":3,\"name\":\"16 ill\u00f3olajjal mindent kezelni\"}]},{\"@type\":\"WebSite\",\"@id\":\"https:\\\/\\\/www.boemia-aroma.com\\\/hu\\\/#website\",\"url\":\"https:\\\/\\\/www.boemia-aroma.com\\\/hu\\\/\",\"name\":\"Bo\u00e8mia Aroma\",\"description\":\"\",\"publisher\":{\"@id\":\"https:\\\/\\\/www.boemia-aroma.com\\\/hu\\\/#organization\"},\"alternateName\":\"Bo\u00e8mia Aroma\",\"potentialAction\":[{\"@type\":\"SearchAction\",\"target\":{\"@type\":\"EntryPoint\",\"urlTemplate\":\"https:\\\/\\\/www.boemia-aroma.com\\\/hu\\\/?s={search_term_string}\"},\"query-input\":{\"@type\":\"PropertyValueSpecification\",\"valueRequired\":true,\"valueName\":\"search_term_string\"}}],\"inLanguage\":\"hu\"},{\"@type\":\"Organization\",\"@id\":\"https:\\\/\\\/www.boemia-aroma.com\\\/hu\\\/#organization\",\"name\":\"Bo\u00e8mia Aroma\",\"url\":\"https:\\\/\\\/www.boemia-aroma.com\\\/hu\\\/\",\"logo\":{\"@type\":\"ImageObject\",\"inLanguage\":\"hu\",\"@id\":\"https:\\\/\\\/www.boemia-aroma.com\\\/hu\\\/#\\\/schema\\\/logo\\\/image\\\/\",\"url\":\"https:\\\/\\\/www.boemia-aroma.com\\\/wp-content\\\/uploads\\\/2023\\\/07\\\/logo-boemia-aroma.png\",\"contentUrl\":\"https:\\\/\\\/www.boemia-aroma.com\\\/wp-content\\\/uploads\\\/2023\\\/07\\\/logo-boemia-aroma.png\",\"width\":300,\"height\":176,\"caption\":\"Bo\u00e8mia Aroma\"},\"image\":{\"@id\":\"https:\\\/\\\/www.boemia-aroma.com\\\/hu\\\/#\\\/schema\\\/logo\\\/image\\\/\"}}]}<\/script>\n<!-- \/ Yoast SEO plugin. -->","yoast_head_json":{"title":"16 ill\u00f3olajjal mindent kezelni - Bo\u00e8mia Aroma","description":"16 ill\u00f3olajjal mindent kezelni en vente en ligne sur Bo\u00e8mia Aroma.","robots":{"index":"index","follow":"follow","max-snippet":"max-snippet:-1","max-image-preview":"max-image-preview:large","max-video-preview":"max-video-preview:-1"},"canonical":"https:\/\/www.boemia-aroma.com\/hu\/boemia-aruhaz\/karacsonyi-kincsek\/16-illoolajjal-mindent-kezelni\/","og_locale":"hu_HU","og_type":"article","og_title":"16 ill\u00f3olajjal mindent kezelni - Bo\u00e8mia Aroma","og_description":"16 ill\u00f3olajjal mindent kezelni en vente en ligne sur Bo\u00e8mia Aroma.","og_url":"https:\/\/www.boemia-aroma.com\/hu\/boemia-aruhaz\/karacsonyi-kincsek\/16-illoolajjal-mindent-kezelni\/","og_site_name":"Bo\u00e8mia Aroma","article_modified_time":"2026-03-12T19:24:02+00:00","og_image":[{"width":900,"height":1200,"url":"https:\/\/www.boemia-aroma.com\/wp-content\/uploads\/2024\/07\/16-huiles-essentielles-P1.png","type":"image\/png"}],"twitter_card":"summary_large_image","schema":{"@context":"https:\/\/schema.org","@graph":[{"@type":"WebPage","@id":"https:\/\/www.boemia-aroma.com\/hu\/boemia-aruhaz\/karacsonyi-kincsek\/16-illoolajjal-mindent-kezelni\/","url":"https:\/\/www.boemia-aroma.com\/hu\/boemia-aruhaz\/karacsonyi-kincsek\/16-illoolajjal-mindent-kezelni\/","name":"16 ill\u00f3olajjal mindent kezelni - Bo\u00e8mia Aroma","isPartOf":{"@id":"https:\/\/www.boemia-aroma.com\/hu\/#website"},"primaryImageOfPage":{"@id":"https:\/\/www.boemia-aroma.com\/hu\/boemia-aruhaz\/karacsonyi-kincsek\/16-illoolajjal-mindent-kezelni\/#primaryimage"},"image":{"@id":"https:\/\/www.boemia-aroma.com\/hu\/boemia-aruhaz\/karacsonyi-kincsek\/16-illoolajjal-mindent-kezelni\/#primaryimage"},"thumbnailUrl":"https:\/\/www.boemia-aroma.com\/wp-content\/uploads\/2024\/07\/16-huiles-essentielles-P1.png","datePublished":"2024-07-25T12:50:16+00:00","dateModified":"2026-03-12T19:24:02+00:00","description":"16 ill\u00f3olajjal mindent kezelni en vente en ligne sur Bo\u00e8mia Aroma.","breadcrumb":{"@id":"https:\/\/www.boemia-aroma.com\/hu\/boemia-aruhaz\/karacsonyi-kincsek\/16-illoolajjal-mindent-kezelni\/#breadcrumb"},"inLanguage":"hu","potentialAction":[{"@type":"ReadAction","target":["https:\/\/www.boemia-aroma.com\/hu\/boemia-aruhaz\/karacsonyi-kincsek\/16-illoolajjal-mindent-kezelni\/"]}]},{"@type":"ImageObject","inLanguage":"hu","@id":"https:\/\/www.boemia-aroma.com\/hu\/boemia-aruhaz\/karacsonyi-kincsek\/16-illoolajjal-mindent-kezelni\/#primaryimage","url":"https:\/\/www.boemia-aroma.com\/wp-content\/uploads\/2024\/07\/16-huiles-essentielles-P1.png","contentUrl":"https:\/\/www.boemia-aroma.com\/wp-content\/uploads\/2024\/07\/16-huiles-essentielles-P1.png","width":900,"height":1200},{"@type":"BreadcrumbList","@id":"https:\/\/www.boemia-aroma.com\/hu\/boemia-aruhaz\/karacsonyi-kincsek\/16-illoolajjal-mindent-kezelni\/#breadcrumb","itemListElement":[{"@type":"ListItem","position":1,"name":"Kezd\u0151lap","item":"https:\/\/www.boemia-aroma.com\/hu\/"},{"@type":"ListItem","position":2,"name":"Boemia \u00c1ruh\u00e1z","item":"https:\/\/www.boemia-aroma.com\/hu\/boemia-aruhaz\/"},{"@type":"ListItem","position":3,"name":"16 ill\u00f3olajjal mindent kezelni"}]},{"@type":"WebSite","@id":"https:\/\/www.boemia-aroma.com\/hu\/#website","url":"https:\/\/www.boemia-aroma.com\/hu\/","name":"Bo\u00e8mia Aroma","description":"","publisher":{"@id":"https:\/\/www.boemia-aroma.com\/hu\/#organization"},"alternateName":"Bo\u00e8mia Aroma","potentialAction":[{"@type":"SearchAction","target":{"@type":"EntryPoint","urlTemplate":"https:\/\/www.boemia-aroma.com\/hu\/?s={search_term_string}"},"query-input":{"@type":"PropertyValueSpecification","valueRequired":true,"valueName":"search_term_string"}}],"inLanguage":"hu"},{"@type":"Organization","@id":"https:\/\/www.boemia-aroma.com\/hu\/#organization","name":"Bo\u00e8mia Aroma","url":"https:\/\/www.boemia-aroma.com\/hu\/","logo":{"@type":"ImageObject","inLanguage":"hu","@id":"https:\/\/www.boemia-aroma.com\/hu\/#\/schema\/logo\/image\/","url":"https:\/\/www.boemia-aroma.com\/wp-content\/uploads\/2023\/07\/logo-boemia-aroma.png","contentUrl":"https:\/\/www.boemia-aroma.com\/wp-content\/uploads\/2023\/07\/logo-boemia-aroma.png","width":300,"height":176,"caption":"Bo\u00e8mia Aroma"},"image":{"@id":"https:\/\/www.boemia-aroma.com\/hu\/#\/schema\/logo\/image\/"}}]}},"_links":{"self":[{"href":"https:\/\/www.boemia-aroma.com\/hu\/wp-json\/wp\/v2\/product\/23136","targetHints":{"allow":["GET"]}}],"collection":[{"href":"https:\/\/www.boemia-aroma.com\/hu\/wp-json\/wp\/v2\/product"}],"about":[{"href":"https:\/\/www.boemia-aroma.com\/hu\/wp-json\/wp\/v2\/types\/product"}],"replies":[{"embeddable":true,"href":"https:\/\/www.boemia-aroma.com\/hu\/wp-json\/wp\/v2\/comments?post=23136"}],"version-history":[{"count":0,"href":"https:\/\/www.boemia-aroma.com\/hu\/wp-json\/wp\/v2\/product\/23136\/revisions"}],"wp:featuredmedia":[{"embeddable":true,"href":"https:\/\/www.boemia-aroma.com\/hu\/wp-json\/wp\/v2\/media\/23141"}],"wp:attachment":[{"href":"https:\/\/www.boemia-aroma.com\/hu\/wp-json\/wp\/v2\/media?parent=23136"}],"wp:term":[{"taxonomy":"product_brand","embeddable":true,"href":"https:\/\/www.boemia-aroma.com\/hu\/wp-json\/wp\/v2\/product_brand?post=23136"},{"taxonomy":"product_cat","embeddable":true,"href":"https:\/\/www.boemia-aroma.com\/hu\/wp-json\/wp\/v2\/product_cat?post=23136"},{"taxonomy":"product_tag","embeddable":true,"href":"https:\/\/www.boemia-aroma.com\/hu\/wp-json\/wp\/v2\/product_tag?post=23136"}],"curies":[{"name":"wp","href":"https:\/\/api.w.org\/{rel}","templated":true}]}}