{"id":23118,"date":"2024-01-15T10:17:35","date_gmt":"2024-01-15T09:17:35","guid":{"rendered":"https:\/\/www.boemia-aroma.com\/boutique-boemia\/nem-kategorizalt\/le-coffret-special-hydrolats\/"},"modified":"2026-03-12T19:55:56","modified_gmt":"2026-03-12T18:55:56","slug":"a-kavehaz-special-hidrolats","status":"publish","type":"product","link":"https:\/\/www.boemia-aroma.com\/hu\/boemia-aruhaz\/dobozok\/a-kavehaz-special-hidrolats\/","title":{"rendered":"Hydrosol ritu\u00e1l\u00e9 k\u00e9szlet"},"content":{"rendered":"","protected":false},"excerpt":{"rendered":"<h3><span style=\"color: #3c6045;\"><b data-stringify-type=\"bold\">A term\u00e9szetes sz\u00e9ps\u00e9g \u00e9s j\u00f3l\u00e9t esszenci\u00e1ja<\/b><\/span><\/h3>\n<div class=\"p-rich_text_section\">Mer\u00fclj\u00f6n el a <strong>gyeng\u00e9ds\u00e9g \u00e9s a gondoskod\u00e1s vil\u00e1g\u00e1ban<\/strong> a Bo\u00e8mia Hydrolats Ritual Set-tel, a <strong>bio hidrolitok finom gy\u0171jtem\u00e9ny\u00e9vel<\/strong>, amely t\u00f6k\u00e9letes a b\u0151r k\u00e9nyeztet\u00e9s\u00e9re \u00e9s az \u00e9rz\u00e9kek megnyugtat\u00e1s\u00e1ra.<\/div>\n<div class=\"p-rich_text_section\">Ez a k\u00e9szlet a term\u00e9szetes sz\u00e9ps\u00e9g igazi \u00fcnnepe, amely <strong>a n\u00f6v\u00e9nyek el\u0151nyeit a legtiszt\u00e1bb, legfinomabb form\u00e1jukban<\/strong> k\u00edn\u00e1lja <strong>.<\/strong><\/div>\n<div>\n<h3><span style=\"color: #3c6045;\"><b data-stringify-type=\"bold\">[dt_gap height=\"20\" \/]<\/b><\/span><\/h3>\n<hr>\n<h3><span style=\"color: #3c6045;\"><b data-stringify-type=\"bold\">[dt_gap height=\"10\" \/]<\/b><\/span><\/h3>\n<\/div>\n<div><b data-stringify-type=\"bold\">A doboz \u00f6sszet\u00e9tele :<\/b><\/div>\n<div>\n<h3><span style=\"color: #3c6045;\"><b data-stringify-type=\"bold\">[dt_gap height=\"10\" \/]<\/b><\/span><\/h3>\n<\/div>\n<p><b data-stringify-type=\"bold\"><span class=\"list-content\"><span style=\"vertical-align: inherit;\"><span data-sheets-value=\"{\"1\":2,\"2\":\"Madagascar\"}\" data-sheets-userformat=\"{\"2\":12803,\"3\":{\"1\":0},\"4\":{\"1\":2,\"2\":16773836},\"12\":0,\"15\":\"Arial\",\"16\":9}\"><span style=\"color: #ce4e2b;\">\u2192 <\/span><\/span><\/span><\/span>Bio Damaszkuszi r\u00f3zsa hidroszol | 210 ml :<\/b> A sz\u00e9ps\u00e9g \u00e9s a szerelem jelk\u00e9pe, a damaszkuszi r\u00f3zsa hidroszol elb\u0171v\u00f6l\u0151 illatot \u00e9s b\u0151rre hat\u00f3 tulajdons\u00e1gokat biztos\u00edt. T\u00f6k\u00e9letes az arcb\u0151r revitaliz\u00e1l\u00e1s\u00e1ra \u00e9s felfriss\u00edt\u00e9s\u00e9re, valamint csod\u00e1latos arctonik\u00e9nt is haszn\u00e1lhat\u00f3. <\/p>\n<p><b data-stringify-type=\"bold\"><span class=\"list-content\"><span style=\"vertical-align: inherit;\"><span data-sheets-value=\"{\"1\":2,\"2\":\"Madagascar\"}\" data-sheets-userformat=\"{\"2\":12803,\"3\":{\"1\":0},\"4\":{\"1\":2,\"2\":16773836},\"12\":0,\"15\":\"Arial\",\"16\":9}\"><span style=\"color: #ce4e2b;\">\u2192 <\/span><\/span><\/span><\/span>Organikus narancsvir\u00e1g hidroszol | 210 ml :<\/b> Ez a hidroszol finom, vir\u00e1gos illat\u00e1val ide\u00e1lis az elme megnyugtat\u00e1s\u00e1ra \u00e9s relax\u00e1l\u00e1s\u00e1ra, mik\u00f6zben \u00e1polja a b\u0151r\u00e9t. T\u00f6k\u00e9letes arcv\u00edzk\u00e9nt, amely egy csipetnyi frissess\u00e9get \u00e9s ragyog\u00e1st ad a mindennapi rutinhoz. <\/p>\n<p><b data-stringify-type=\"bold\"><span class=\"list-content\"><span style=\"vertical-align: inherit;\"><span data-sheets-value=\"{\"1\":2,\"2\":\"Madagascar\"}\" data-sheets-userformat=\"{\"2\":12803,\"3\":{\"1\":0},\"4\":{\"1\":2,\"2\":16773836},\"12\":0,\"15\":\"Arial\",\"16\":9}\"><span style=\"color: #ce4e2b;\">\u2192 <\/span><\/span><\/span><\/span>Bio b\u00fazavir\u00e1g hidroszol | 210 ml :<\/b> A nyugtat\u00f3 tulajdons\u00e1gair\u00f3l ismert b\u00fazavir\u00e1g hidroszol \u00e9rt\u00e9kes sz\u00f6vets\u00e9gese a f\u00e1radt szemeknek \u00e9s az \u00e9rz\u00e9keny b\u0151rnek. Haszn\u00e1lja a szemk\u00f6rny\u00e9k tehermentes\u00edt\u00e9s\u00e9re \u00e9s megnyugtat\u00e1s\u00e1ra, vagy gyeng\u00e9d arctonerk\u00e9nt. <\/p>\n","protected":false},"featured_media":23125,"comment_status":"closed","ping_status":"closed","template":"","meta":{"_acf_changed":false},"product_brand":[],"product_cat":[219,220],"product_tag":[],"class_list":{"0":"post-23118","1":"product","2":"type-product","3":"status-publish","4":"has-post-thumbnail","6":"product_cat-dobozok","7":"product_cat-karacsonyi-kincsek","9":"first","10":"instock","11":"sale","12":"taxable","13":"shipping-taxable","14":"purchasable","15":"product-type-simple"},"acf":[],"yoast_head":"<!-- This site is optimized with the Yoast SEO plugin v27.4 - https:\/\/yoast.com\/product\/yoast-seo-wordpress\/ -->\n<title>Hydrosol ritu\u00e1l\u00e9 k\u00e9szlet - Bo\u00e8mia Aroma<\/title>\n<meta name=\"description\" content=\"Hydrosol ritu\u00e1l\u00e9 k\u00e9szlet en vente en ligne sur Bo\u00e8mia Aroma.\" \/>\n<meta name=\"robots\" content=\"index, follow, max-snippet:-1, max-image-preview:large, max-video-preview:-1\" \/>\n<link rel=\"canonical\" href=\"https:\/\/www.boemia-aroma.com\/hu\/boemia-aruhaz\/dobozok\/a-kavehaz-special-hidrolats\/\" \/>\n<meta property=\"og:locale\" content=\"hu_HU\" \/>\n<meta property=\"og:type\" content=\"article\" \/>\n<meta property=\"og:title\" content=\"Hydrosol ritu\u00e1l\u00e9 k\u00e9szlet - Bo\u00e8mia Aroma\" \/>\n<meta property=\"og:description\" content=\"Hydrosol ritu\u00e1l\u00e9 k\u00e9szlet en vente en ligne sur Bo\u00e8mia Aroma.\" \/>\n<meta property=\"og:url\" content=\"https:\/\/www.boemia-aroma.com\/hu\/boemia-aruhaz\/dobozok\/a-kavehaz-special-hidrolats\/\" \/>\n<meta property=\"og:site_name\" content=\"Bo\u00e8mia Aroma\" \/>\n<meta property=\"article:modified_time\" content=\"2026-03-12T18:55:56+00:00\" \/>\n<meta property=\"og:image\" content=\"https:\/\/www.boemia-aroma.com\/wp-content\/uploads\/2024\/01\/rituels.jpg\" \/>\n\t<meta property=\"og:image:width\" content=\"1200\" \/>\n\t<meta property=\"og:image:height\" content=\"1200\" \/>\n\t<meta property=\"og:image:type\" content=\"image\/jpeg\" \/>\n<meta name=\"twitter:card\" content=\"summary_large_image\" \/>\n<script type=\"application\/ld+json\" class=\"yoast-schema-graph\">{\"@context\":\"https:\\\/\\\/schema.org\",\"@graph\":[{\"@type\":\"WebPage\",\"@id\":\"https:\\\/\\\/www.boemia-aroma.com\\\/hu\\\/boemia-aruhaz\\\/dobozok\\\/a-kavehaz-special-hidrolats\\\/\",\"url\":\"https:\\\/\\\/www.boemia-aroma.com\\\/hu\\\/boemia-aruhaz\\\/dobozok\\\/a-kavehaz-special-hidrolats\\\/\",\"name\":\"Hydrosol ritu\u00e1l\u00e9 k\u00e9szlet - Bo\u00e8mia Aroma\",\"isPartOf\":{\"@id\":\"https:\\\/\\\/www.boemia-aroma.com\\\/hu\\\/#website\"},\"primaryImageOfPage\":{\"@id\":\"https:\\\/\\\/www.boemia-aroma.com\\\/hu\\\/boemia-aruhaz\\\/dobozok\\\/a-kavehaz-special-hidrolats\\\/#primaryimage\"},\"image\":{\"@id\":\"https:\\\/\\\/www.boemia-aroma.com\\\/hu\\\/boemia-aruhaz\\\/dobozok\\\/a-kavehaz-special-hidrolats\\\/#primaryimage\"},\"thumbnailUrl\":\"https:\\\/\\\/www.boemia-aroma.com\\\/wp-content\\\/uploads\\\/2024\\\/01\\\/rituels.jpg\",\"datePublished\":\"2024-01-15T09:17:35+00:00\",\"dateModified\":\"2026-03-12T18:55:56+00:00\",\"description\":\"Hydrosol ritu\u00e1l\u00e9 k\u00e9szlet en vente en ligne sur Bo\u00e8mia Aroma.\",\"breadcrumb\":{\"@id\":\"https:\\\/\\\/www.boemia-aroma.com\\\/hu\\\/boemia-aruhaz\\\/dobozok\\\/a-kavehaz-special-hidrolats\\\/#breadcrumb\"},\"inLanguage\":\"hu\",\"potentialAction\":[{\"@type\":\"ReadAction\",\"target\":[\"https:\\\/\\\/www.boemia-aroma.com\\\/hu\\\/boemia-aruhaz\\\/dobozok\\\/a-kavehaz-special-hidrolats\\\/\"]}]},{\"@type\":\"ImageObject\",\"inLanguage\":\"hu\",\"@id\":\"https:\\\/\\\/www.boemia-aroma.com\\\/hu\\\/boemia-aruhaz\\\/dobozok\\\/a-kavehaz-special-hidrolats\\\/#primaryimage\",\"url\":\"https:\\\/\\\/www.boemia-aroma.com\\\/wp-content\\\/uploads\\\/2024\\\/01\\\/rituels.jpg\",\"contentUrl\":\"https:\\\/\\\/www.boemia-aroma.com\\\/wp-content\\\/uploads\\\/2024\\\/01\\\/rituels.jpg\",\"width\":1200,\"height\":1200},{\"@type\":\"BreadcrumbList\",\"@id\":\"https:\\\/\\\/www.boemia-aroma.com\\\/hu\\\/boemia-aruhaz\\\/dobozok\\\/a-kavehaz-special-hidrolats\\\/#breadcrumb\",\"itemListElement\":[{\"@type\":\"ListItem\",\"position\":1,\"name\":\"Kezd\u0151lap\",\"item\":\"https:\\\/\\\/www.boemia-aroma.com\\\/hu\\\/\"},{\"@type\":\"ListItem\",\"position\":2,\"name\":\"Boemia \u00c1ruh\u00e1z\",\"item\":\"https:\\\/\\\/www.boemia-aroma.com\\\/hu\\\/boemia-aruhaz\\\/\"},{\"@type\":\"ListItem\",\"position\":3,\"name\":\"Hydrosol ritu\u00e1l\u00e9 k\u00e9szlet\"}]},{\"@type\":\"WebSite\",\"@id\":\"https:\\\/\\\/www.boemia-aroma.com\\\/hu\\\/#website\",\"url\":\"https:\\\/\\\/www.boemia-aroma.com\\\/hu\\\/\",\"name\":\"Bo\u00e8mia Aroma\",\"description\":\"\",\"publisher\":{\"@id\":\"https:\\\/\\\/www.boemia-aroma.com\\\/hu\\\/#organization\"},\"alternateName\":\"Bo\u00e8mia Aroma\",\"potentialAction\":[{\"@type\":\"SearchAction\",\"target\":{\"@type\":\"EntryPoint\",\"urlTemplate\":\"https:\\\/\\\/www.boemia-aroma.com\\\/hu\\\/?s={search_term_string}\"},\"query-input\":{\"@type\":\"PropertyValueSpecification\",\"valueRequired\":true,\"valueName\":\"search_term_string\"}}],\"inLanguage\":\"hu\"},{\"@type\":\"Organization\",\"@id\":\"https:\\\/\\\/www.boemia-aroma.com\\\/hu\\\/#organization\",\"name\":\"Bo\u00e8mia Aroma\",\"url\":\"https:\\\/\\\/www.boemia-aroma.com\\\/hu\\\/\",\"logo\":{\"@type\":\"ImageObject\",\"inLanguage\":\"hu\",\"@id\":\"https:\\\/\\\/www.boemia-aroma.com\\\/hu\\\/#\\\/schema\\\/logo\\\/image\\\/\",\"url\":\"https:\\\/\\\/www.boemia-aroma.com\\\/wp-content\\\/uploads\\\/2023\\\/07\\\/logo-boemia-aroma.png\",\"contentUrl\":\"https:\\\/\\\/www.boemia-aroma.com\\\/wp-content\\\/uploads\\\/2023\\\/07\\\/logo-boemia-aroma.png\",\"width\":300,\"height\":176,\"caption\":\"Bo\u00e8mia Aroma\"},\"image\":{\"@id\":\"https:\\\/\\\/www.boemia-aroma.com\\\/hu\\\/#\\\/schema\\\/logo\\\/image\\\/\"}}]}<\/script>\n<!-- \/ Yoast SEO plugin. -->","yoast_head_json":{"title":"Hydrosol ritu\u00e1l\u00e9 k\u00e9szlet - Bo\u00e8mia Aroma","description":"Hydrosol ritu\u00e1l\u00e9 k\u00e9szlet en vente en ligne sur Bo\u00e8mia Aroma.","robots":{"index":"index","follow":"follow","max-snippet":"max-snippet:-1","max-image-preview":"max-image-preview:large","max-video-preview":"max-video-preview:-1"},"canonical":"https:\/\/www.boemia-aroma.com\/hu\/boemia-aruhaz\/dobozok\/a-kavehaz-special-hidrolats\/","og_locale":"hu_HU","og_type":"article","og_title":"Hydrosol ritu\u00e1l\u00e9 k\u00e9szlet - Bo\u00e8mia Aroma","og_description":"Hydrosol ritu\u00e1l\u00e9 k\u00e9szlet en vente en ligne sur Bo\u00e8mia Aroma.","og_url":"https:\/\/www.boemia-aroma.com\/hu\/boemia-aruhaz\/dobozok\/a-kavehaz-special-hidrolats\/","og_site_name":"Bo\u00e8mia Aroma","article_modified_time":"2026-03-12T18:55:56+00:00","og_image":[{"width":1200,"height":1200,"url":"https:\/\/www.boemia-aroma.com\/wp-content\/uploads\/2024\/01\/rituels.jpg","type":"image\/jpeg"}],"twitter_card":"summary_large_image","schema":{"@context":"https:\/\/schema.org","@graph":[{"@type":"WebPage","@id":"https:\/\/www.boemia-aroma.com\/hu\/boemia-aruhaz\/dobozok\/a-kavehaz-special-hidrolats\/","url":"https:\/\/www.boemia-aroma.com\/hu\/boemia-aruhaz\/dobozok\/a-kavehaz-special-hidrolats\/","name":"Hydrosol ritu\u00e1l\u00e9 k\u00e9szlet - Bo\u00e8mia Aroma","isPartOf":{"@id":"https:\/\/www.boemia-aroma.com\/hu\/#website"},"primaryImageOfPage":{"@id":"https:\/\/www.boemia-aroma.com\/hu\/boemia-aruhaz\/dobozok\/a-kavehaz-special-hidrolats\/#primaryimage"},"image":{"@id":"https:\/\/www.boemia-aroma.com\/hu\/boemia-aruhaz\/dobozok\/a-kavehaz-special-hidrolats\/#primaryimage"},"thumbnailUrl":"https:\/\/www.boemia-aroma.com\/wp-content\/uploads\/2024\/01\/rituels.jpg","datePublished":"2024-01-15T09:17:35+00:00","dateModified":"2026-03-12T18:55:56+00:00","description":"Hydrosol ritu\u00e1l\u00e9 k\u00e9szlet en vente en ligne sur Bo\u00e8mia Aroma.","breadcrumb":{"@id":"https:\/\/www.boemia-aroma.com\/hu\/boemia-aruhaz\/dobozok\/a-kavehaz-special-hidrolats\/#breadcrumb"},"inLanguage":"hu","potentialAction":[{"@type":"ReadAction","target":["https:\/\/www.boemia-aroma.com\/hu\/boemia-aruhaz\/dobozok\/a-kavehaz-special-hidrolats\/"]}]},{"@type":"ImageObject","inLanguage":"hu","@id":"https:\/\/www.boemia-aroma.com\/hu\/boemia-aruhaz\/dobozok\/a-kavehaz-special-hidrolats\/#primaryimage","url":"https:\/\/www.boemia-aroma.com\/wp-content\/uploads\/2024\/01\/rituels.jpg","contentUrl":"https:\/\/www.boemia-aroma.com\/wp-content\/uploads\/2024\/01\/rituels.jpg","width":1200,"height":1200},{"@type":"BreadcrumbList","@id":"https:\/\/www.boemia-aroma.com\/hu\/boemia-aruhaz\/dobozok\/a-kavehaz-special-hidrolats\/#breadcrumb","itemListElement":[{"@type":"ListItem","position":1,"name":"Kezd\u0151lap","item":"https:\/\/www.boemia-aroma.com\/hu\/"},{"@type":"ListItem","position":2,"name":"Boemia \u00c1ruh\u00e1z","item":"https:\/\/www.boemia-aroma.com\/hu\/boemia-aruhaz\/"},{"@type":"ListItem","position":3,"name":"Hydrosol ritu\u00e1l\u00e9 k\u00e9szlet"}]},{"@type":"WebSite","@id":"https:\/\/www.boemia-aroma.com\/hu\/#website","url":"https:\/\/www.boemia-aroma.com\/hu\/","name":"Bo\u00e8mia Aroma","description":"","publisher":{"@id":"https:\/\/www.boemia-aroma.com\/hu\/#organization"},"alternateName":"Bo\u00e8mia Aroma","potentialAction":[{"@type":"SearchAction","target":{"@type":"EntryPoint","urlTemplate":"https:\/\/www.boemia-aroma.com\/hu\/?s={search_term_string}"},"query-input":{"@type":"PropertyValueSpecification","valueRequired":true,"valueName":"search_term_string"}}],"inLanguage":"hu"},{"@type":"Organization","@id":"https:\/\/www.boemia-aroma.com\/hu\/#organization","name":"Bo\u00e8mia Aroma","url":"https:\/\/www.boemia-aroma.com\/hu\/","logo":{"@type":"ImageObject","inLanguage":"hu","@id":"https:\/\/www.boemia-aroma.com\/hu\/#\/schema\/logo\/image\/","url":"https:\/\/www.boemia-aroma.com\/wp-content\/uploads\/2023\/07\/logo-boemia-aroma.png","contentUrl":"https:\/\/www.boemia-aroma.com\/wp-content\/uploads\/2023\/07\/logo-boemia-aroma.png","width":300,"height":176,"caption":"Bo\u00e8mia Aroma"},"image":{"@id":"https:\/\/www.boemia-aroma.com\/hu\/#\/schema\/logo\/image\/"}}]}},"_links":{"self":[{"href":"https:\/\/www.boemia-aroma.com\/hu\/wp-json\/wp\/v2\/product\/23118","targetHints":{"allow":["GET"]}}],"collection":[{"href":"https:\/\/www.boemia-aroma.com\/hu\/wp-json\/wp\/v2\/product"}],"about":[{"href":"https:\/\/www.boemia-aroma.com\/hu\/wp-json\/wp\/v2\/types\/product"}],"replies":[{"embeddable":true,"href":"https:\/\/www.boemia-aroma.com\/hu\/wp-json\/wp\/v2\/comments?post=23118"}],"version-history":[{"count":0,"href":"https:\/\/www.boemia-aroma.com\/hu\/wp-json\/wp\/v2\/product\/23118\/revisions"}],"wp:featuredmedia":[{"embeddable":true,"href":"https:\/\/www.boemia-aroma.com\/hu\/wp-json\/wp\/v2\/media\/23125"}],"wp:attachment":[{"href":"https:\/\/www.boemia-aroma.com\/hu\/wp-json\/wp\/v2\/media?parent=23118"}],"wp:term":[{"taxonomy":"product_brand","embeddable":true,"href":"https:\/\/www.boemia-aroma.com\/hu\/wp-json\/wp\/v2\/product_brand?post=23118"},{"taxonomy":"product_cat","embeddable":true,"href":"https:\/\/www.boemia-aroma.com\/hu\/wp-json\/wp\/v2\/product_cat?post=23118"},{"taxonomy":"product_tag","embeddable":true,"href":"https:\/\/www.boemia-aroma.com\/hu\/wp-json\/wp\/v2\/product_tag?post=23118"}],"curies":[{"name":"wp","href":"https:\/\/api.w.org\/{rel}","templated":true}]}}