{"id":23092,"date":"2024-01-15T10:09:59","date_gmt":"2024-01-15T09:09:59","guid":{"rendered":"https:\/\/www.boemia-aroma.com\/boutique-boemia\/nem-kategorizalt\/le-coffret-infusions-gourmandes\/"},"modified":"2026-03-12T19:57:20","modified_gmt":"2026-03-12T18:57:20","slug":"inyenc-infuziok","status":"publish","type":"product","link":"https:\/\/www.boemia-aroma.com\/hu\/boemia-aruhaz\/infuziok\/inyenc-infuziok\/","title":{"rendered":"\u00cdnyenc inf\u00fazi\u00f3k"},"content":{"rendered":"","protected":false},"excerpt":{"rendered":"<h3><span style=\"color: #3c6045;\"><b data-stringify-type=\"bold\">Az \u00e9rz\u00e9kek utaz\u00e1sa a j\u00f3l\u00e9t sz\u00edv\u00e9be<\/b><\/span><\/h3>\n<div class=\"p-rich_text_section\"><strong>\u00c9lvezze a kikapcsol\u00f3d\u00e1s \u00e9s az \u00e9lvezetek pillanat\u00e1t<\/strong> a Bo\u00e8mia infusions gourmandes doboz\u00e1val, amely organikus inf\u00fazi\u00f3k kiv\u00e1l\u00f3 v\u00e1laszt\u00e9ka, hogy fel\u00e9bressze \u00edzlel\u0151bimb\u00f3it. A dobozban tal\u00e1lhat\u00f3 minden egyes inf\u00fazi\u00f3 egy megh\u00edv\u00e1s az <strong>autentikus, j\u00f3t\u00e9kony \u00edzek<\/strong> felfedez\u00e9s\u00e9re, amelyeket min\u0151s\u00e9g\u00fck \u00e9s er\u00e9nyeik alapj\u00e1n gondosan kiv\u00e1lasztottak. <\/div>\n<div>\n<h3><span style=\"color: #3c6045;\"><b data-stringify-type=\"bold\">[dt_gap height=\"20\" \/]<\/b><\/span><\/h3>\n<hr>\n<h3><span style=\"color: #3c6045;\"><b data-stringify-type=\"bold\">[dt_gap height=\"10\" \/]<\/b><\/span><\/h3>\n<\/div>\n<div><b data-stringify-type=\"bold\">A doboz \u00f6sszet\u00e9tele :<\/b><\/div>\n<div>\n<h3><span style=\"color: #3c6045;\"><b data-stringify-type=\"bold\">[dt_gap height=\"10\" \/]<\/b><\/span><\/h3>\n<\/div>\n<p><b data-stringify-type=\"bold\"><span class=\"list-content\"><span style=\"vertical-align: inherit;\"><span data-sheets-value=\"{\"1\":2,\"2\":\"Madagascar\"}\" data-sheets-userformat=\"{\"2\":12803,\"3\":{\"1\":0},\"4\":{\"1\":2,\"2\":16773836},\"12\":0,\"15\":\"Arial\",\"16\":9}\"><span style=\"color: #ce4e2b;\">\u2192 <\/span><\/span><\/span><\/span><\/b><b data-stringify-type=\"bold\">1 zacsk\u00f3 20 db bio citromos verb\u00e9na inf\u00fazi\u00f3:<\/b> Fedezze fel a verb\u00e9na \u00e9des illat\u00e1t, amely n\u00f6v\u00e9ny relax\u00e1l\u00f3 \u00e9s nyugtat\u00f3 tulajdons\u00e1gair\u00f3l ismert. Ez a friss, enyh\u00e9n citromos \u00edz\u0171 inf\u00fazi\u00f3 t\u00f6k\u00e9letes a nap v\u00e9g\u00e9n egy pillanatnyi kikapcsol\u00f3d\u00e1shoz. <\/p>\n<p><b data-stringify-type=\"bold\"><span class=\"list-content\"><span style=\"vertical-align: inherit;\"><span data-sheets-value=\"{\"1\":2,\"2\":\"Madagascar\"}\" data-sheets-userformat=\"{\"2\":12803,\"3\":{\"1\":0},\"4\":{\"1\":2,\"2\":16773836},\"12\":0,\"15\":\"Arial\",\"16\":9}\"><span style=\"color: #ce4e2b;\">\u2192 <\/span><\/span><\/span><\/span><\/b><b data-stringify-type=\"bold\">1 zacsk\u00f3 20 db Bio Tonus inf\u00fazi\u00f3 :<\/b> \u00c9l\u00e9nk\u00edtse test\u00e9t \u00e9s elm\u00e9j\u00e9t Tonus inf\u00fazi\u00f3nkkal, amely energiz\u00e1l\u00f3 tulajdons\u00e1gaik miatt kiv\u00e1lasztott n\u00f6v\u00e9nyek stimul\u00e1l\u00f3 kever\u00e9ke. Ide\u00e1lis k\u00eds\u00e9r\u0151je a nap ind\u00edt\u00e1s\u00e1hoz vagy term\u00e9szetes felt\u00f6lt\u0151d\u00e9shez. <\/p>\n<p><b data-stringify-type=\"bold\"><span class=\"list-content\"><span style=\"vertical-align: inherit;\"><span data-sheets-value=\"{\"1\":2,\"2\":\"Madagascar\"}\" data-sheets-userformat=\"{\"2\":12803,\"3\":{\"1\":0},\"4\":{\"1\":2,\"2\":16773836},\"12\":0,\"15\":\"Arial\",\"16\":9}\"><span style=\"color: #ce4e2b;\">\u2192 <\/span><\/span><\/span><\/span><\/b><b data-stringify-type=\"bold\">1 zacsk\u00f3 20 Infusette em\u00e9szt\u00e9s Bio:<\/b> Serkentse szervezet\u00e9t ezzel az em\u00e9szt\u00e9si k\u00e9nyelmet el\u0151seg\u00edt\u0151 inf\u00fazi\u00f3val. Az em\u00e9szt\u00e9sre \u00e9s a szervezet tiszt\u00edt\u00e1s\u00e1ra gyakorolt j\u00f3t\u00e9kony hat\u00e1sukr\u00f3l ismert n\u00f6v\u00e9nyek \u00e9s gy\u00f3gyn\u00f6v\u00e9nyek kever\u00e9k\u00e9b\u0151l k\u00e9sz\u00fclt, ide\u00e1lis a k\u00f6nnyed \u00e9s \u00e9l\u00e9nk\u00edt\u0151 \u00e9rz\u00e9shez. <\/p>\n<h3><span style=\"color: #3c6045;\"><b data-stringify-type=\"bold\">[dt_gap height=\"20\" \/]<\/b><\/span><\/h3>\n<p>Minden doboz 20 inf\u00fazi\u00f3t tartalmaz, ami garant\u00e1lja az \u00e9lvezet \u00e9s a j\u00f3 k\u00f6z\u00e9rzet sok pillanat\u00e1t. Minden Bo\u00e8mia gy\u00f3gytea az Ecocert \u00e1ltal tan\u00fas\u00edtott bio min\u0151s\u00edt\u00e9ssel rendelkezik, ami kifog\u00e1stalan min\u0151s\u00e9get \u00e9s a k\u00f6rnyezet tiszteletben tart\u00e1s\u00e1t biztos\u00edtja. <\/p>\n","protected":false},"featured_media":23105,"comment_status":"open","ping_status":"closed","template":"","meta":{"_acf_changed":false},"product_brand":[],"product_cat":[219,218,220],"product_tag":[],"class_list":{"0":"post-23092","1":"product","2":"type-product","3":"status-publish","4":"has-post-thumbnail","6":"product_cat-dobozok","7":"product_cat-infuziok","8":"product_cat-karacsonyi-kincsek","10":"first","11":"instock","12":"taxable","13":"shipping-taxable","14":"purchasable","15":"product-type-simple"},"acf":[],"yoast_head":"<!-- This site is optimized with the Yoast SEO plugin v27.4 - https:\/\/yoast.com\/product\/yoast-seo-wordpress\/ -->\n<title>\u00cdnyenc inf\u00fazi\u00f3k - Bo\u00e8mia Aroma<\/title>\n<meta name=\"description\" content=\"\u00cdnyenc inf\u00fazi\u00f3k en vente en ligne sur Bo\u00e8mia Aroma.\" \/>\n<meta name=\"robots\" content=\"index, follow, max-snippet:-1, max-image-preview:large, max-video-preview:-1\" \/>\n<link rel=\"canonical\" href=\"https:\/\/www.boemia-aroma.com\/hu\/boemia-aruhaz\/infuziok\/inyenc-infuziok\/\" \/>\n<meta property=\"og:locale\" content=\"hu_HU\" \/>\n<meta property=\"og:type\" content=\"article\" \/>\n<meta property=\"og:title\" content=\"\u00cdnyenc inf\u00fazi\u00f3k - Bo\u00e8mia Aroma\" \/>\n<meta property=\"og:description\" content=\"\u00cdnyenc inf\u00fazi\u00f3k en vente en ligne sur Bo\u00e8mia Aroma.\" \/>\n<meta property=\"og:url\" content=\"https:\/\/www.boemia-aroma.com\/hu\/boemia-aruhaz\/infuziok\/inyenc-infuziok\/\" \/>\n<meta property=\"og:site_name\" content=\"Bo\u00e8mia Aroma\" \/>\n<meta property=\"article:modified_time\" content=\"2026-03-12T18:57:20+00:00\" \/>\n<meta property=\"og:image\" content=\"https:\/\/www.boemia-aroma.com\/wp-content\/uploads\/2024\/01\/Infusion-gourmande.jpg\" \/>\n\t<meta property=\"og:image:width\" content=\"1200\" \/>\n\t<meta property=\"og:image:height\" content=\"1200\" \/>\n\t<meta property=\"og:image:type\" content=\"image\/jpeg\" \/>\n<meta name=\"twitter:card\" content=\"summary_large_image\" \/>\n<script type=\"application\/ld+json\" class=\"yoast-schema-graph\">{\"@context\":\"https:\\\/\\\/schema.org\",\"@graph\":[{\"@type\":\"WebPage\",\"@id\":\"https:\\\/\\\/www.boemia-aroma.com\\\/hu\\\/boemia-aruhaz\\\/infuziok\\\/inyenc-infuziok\\\/\",\"url\":\"https:\\\/\\\/www.boemia-aroma.com\\\/hu\\\/boemia-aruhaz\\\/infuziok\\\/inyenc-infuziok\\\/\",\"name\":\"\u00cdnyenc inf\u00fazi\u00f3k - Bo\u00e8mia Aroma\",\"isPartOf\":{\"@id\":\"https:\\\/\\\/www.boemia-aroma.com\\\/hu\\\/#website\"},\"primaryImageOfPage\":{\"@id\":\"https:\\\/\\\/www.boemia-aroma.com\\\/hu\\\/boemia-aruhaz\\\/infuziok\\\/inyenc-infuziok\\\/#primaryimage\"},\"image\":{\"@id\":\"https:\\\/\\\/www.boemia-aroma.com\\\/hu\\\/boemia-aruhaz\\\/infuziok\\\/inyenc-infuziok\\\/#primaryimage\"},\"thumbnailUrl\":\"https:\\\/\\\/www.boemia-aroma.com\\\/wp-content\\\/uploads\\\/2024\\\/01\\\/Infusion-gourmande.jpg\",\"datePublished\":\"2024-01-15T09:09:59+00:00\",\"dateModified\":\"2026-03-12T18:57:20+00:00\",\"description\":\"\u00cdnyenc inf\u00fazi\u00f3k en vente en ligne sur Bo\u00e8mia Aroma.\",\"breadcrumb\":{\"@id\":\"https:\\\/\\\/www.boemia-aroma.com\\\/hu\\\/boemia-aruhaz\\\/infuziok\\\/inyenc-infuziok\\\/#breadcrumb\"},\"inLanguage\":\"hu\",\"potentialAction\":[{\"@type\":\"ReadAction\",\"target\":[\"https:\\\/\\\/www.boemia-aroma.com\\\/hu\\\/boemia-aruhaz\\\/infuziok\\\/inyenc-infuziok\\\/\"]}]},{\"@type\":\"ImageObject\",\"inLanguage\":\"hu\",\"@id\":\"https:\\\/\\\/www.boemia-aroma.com\\\/hu\\\/boemia-aruhaz\\\/infuziok\\\/inyenc-infuziok\\\/#primaryimage\",\"url\":\"https:\\\/\\\/www.boemia-aroma.com\\\/wp-content\\\/uploads\\\/2024\\\/01\\\/Infusion-gourmande.jpg\",\"contentUrl\":\"https:\\\/\\\/www.boemia-aroma.com\\\/wp-content\\\/uploads\\\/2024\\\/01\\\/Infusion-gourmande.jpg\",\"width\":1200,\"height\":1200},{\"@type\":\"BreadcrumbList\",\"@id\":\"https:\\\/\\\/www.boemia-aroma.com\\\/hu\\\/boemia-aruhaz\\\/infuziok\\\/inyenc-infuziok\\\/#breadcrumb\",\"itemListElement\":[{\"@type\":\"ListItem\",\"position\":1,\"name\":\"Kezd\u0151lap\",\"item\":\"https:\\\/\\\/www.boemia-aroma.com\\\/hu\\\/\"},{\"@type\":\"ListItem\",\"position\":2,\"name\":\"Boemia \u00c1ruh\u00e1z\",\"item\":\"https:\\\/\\\/www.boemia-aroma.com\\\/hu\\\/boemia-aruhaz\\\/\"},{\"@type\":\"ListItem\",\"position\":3,\"name\":\"\u00cdnyenc inf\u00fazi\u00f3k\"}]},{\"@type\":\"WebSite\",\"@id\":\"https:\\\/\\\/www.boemia-aroma.com\\\/hu\\\/#website\",\"url\":\"https:\\\/\\\/www.boemia-aroma.com\\\/hu\\\/\",\"name\":\"Bo\u00e8mia Aroma\",\"description\":\"\",\"publisher\":{\"@id\":\"https:\\\/\\\/www.boemia-aroma.com\\\/hu\\\/#organization\"},\"alternateName\":\"Bo\u00e8mia Aroma\",\"potentialAction\":[{\"@type\":\"SearchAction\",\"target\":{\"@type\":\"EntryPoint\",\"urlTemplate\":\"https:\\\/\\\/www.boemia-aroma.com\\\/hu\\\/?s={search_term_string}\"},\"query-input\":{\"@type\":\"PropertyValueSpecification\",\"valueRequired\":true,\"valueName\":\"search_term_string\"}}],\"inLanguage\":\"hu\"},{\"@type\":\"Organization\",\"@id\":\"https:\\\/\\\/www.boemia-aroma.com\\\/hu\\\/#organization\",\"name\":\"Bo\u00e8mia Aroma\",\"url\":\"https:\\\/\\\/www.boemia-aroma.com\\\/hu\\\/\",\"logo\":{\"@type\":\"ImageObject\",\"inLanguage\":\"hu\",\"@id\":\"https:\\\/\\\/www.boemia-aroma.com\\\/hu\\\/#\\\/schema\\\/logo\\\/image\\\/\",\"url\":\"https:\\\/\\\/www.boemia-aroma.com\\\/wp-content\\\/uploads\\\/2023\\\/07\\\/logo-boemia-aroma.png\",\"contentUrl\":\"https:\\\/\\\/www.boemia-aroma.com\\\/wp-content\\\/uploads\\\/2023\\\/07\\\/logo-boemia-aroma.png\",\"width\":300,\"height\":176,\"caption\":\"Bo\u00e8mia Aroma\"},\"image\":{\"@id\":\"https:\\\/\\\/www.boemia-aroma.com\\\/hu\\\/#\\\/schema\\\/logo\\\/image\\\/\"}}]}<\/script>\n<!-- \/ Yoast SEO plugin. -->","yoast_head_json":{"title":"\u00cdnyenc inf\u00fazi\u00f3k - Bo\u00e8mia Aroma","description":"\u00cdnyenc inf\u00fazi\u00f3k en vente en ligne sur Bo\u00e8mia Aroma.","robots":{"index":"index","follow":"follow","max-snippet":"max-snippet:-1","max-image-preview":"max-image-preview:large","max-video-preview":"max-video-preview:-1"},"canonical":"https:\/\/www.boemia-aroma.com\/hu\/boemia-aruhaz\/infuziok\/inyenc-infuziok\/","og_locale":"hu_HU","og_type":"article","og_title":"\u00cdnyenc inf\u00fazi\u00f3k - Bo\u00e8mia Aroma","og_description":"\u00cdnyenc inf\u00fazi\u00f3k en vente en ligne sur Bo\u00e8mia Aroma.","og_url":"https:\/\/www.boemia-aroma.com\/hu\/boemia-aruhaz\/infuziok\/inyenc-infuziok\/","og_site_name":"Bo\u00e8mia Aroma","article_modified_time":"2026-03-12T18:57:20+00:00","og_image":[{"width":1200,"height":1200,"url":"https:\/\/www.boemia-aroma.com\/wp-content\/uploads\/2024\/01\/Infusion-gourmande.jpg","type":"image\/jpeg"}],"twitter_card":"summary_large_image","schema":{"@context":"https:\/\/schema.org","@graph":[{"@type":"WebPage","@id":"https:\/\/www.boemia-aroma.com\/hu\/boemia-aruhaz\/infuziok\/inyenc-infuziok\/","url":"https:\/\/www.boemia-aroma.com\/hu\/boemia-aruhaz\/infuziok\/inyenc-infuziok\/","name":"\u00cdnyenc inf\u00fazi\u00f3k - Bo\u00e8mia Aroma","isPartOf":{"@id":"https:\/\/www.boemia-aroma.com\/hu\/#website"},"primaryImageOfPage":{"@id":"https:\/\/www.boemia-aroma.com\/hu\/boemia-aruhaz\/infuziok\/inyenc-infuziok\/#primaryimage"},"image":{"@id":"https:\/\/www.boemia-aroma.com\/hu\/boemia-aruhaz\/infuziok\/inyenc-infuziok\/#primaryimage"},"thumbnailUrl":"https:\/\/www.boemia-aroma.com\/wp-content\/uploads\/2024\/01\/Infusion-gourmande.jpg","datePublished":"2024-01-15T09:09:59+00:00","dateModified":"2026-03-12T18:57:20+00:00","description":"\u00cdnyenc inf\u00fazi\u00f3k en vente en ligne sur Bo\u00e8mia Aroma.","breadcrumb":{"@id":"https:\/\/www.boemia-aroma.com\/hu\/boemia-aruhaz\/infuziok\/inyenc-infuziok\/#breadcrumb"},"inLanguage":"hu","potentialAction":[{"@type":"ReadAction","target":["https:\/\/www.boemia-aroma.com\/hu\/boemia-aruhaz\/infuziok\/inyenc-infuziok\/"]}]},{"@type":"ImageObject","inLanguage":"hu","@id":"https:\/\/www.boemia-aroma.com\/hu\/boemia-aruhaz\/infuziok\/inyenc-infuziok\/#primaryimage","url":"https:\/\/www.boemia-aroma.com\/wp-content\/uploads\/2024\/01\/Infusion-gourmande.jpg","contentUrl":"https:\/\/www.boemia-aroma.com\/wp-content\/uploads\/2024\/01\/Infusion-gourmande.jpg","width":1200,"height":1200},{"@type":"BreadcrumbList","@id":"https:\/\/www.boemia-aroma.com\/hu\/boemia-aruhaz\/infuziok\/inyenc-infuziok\/#breadcrumb","itemListElement":[{"@type":"ListItem","position":1,"name":"Kezd\u0151lap","item":"https:\/\/www.boemia-aroma.com\/hu\/"},{"@type":"ListItem","position":2,"name":"Boemia \u00c1ruh\u00e1z","item":"https:\/\/www.boemia-aroma.com\/hu\/boemia-aruhaz\/"},{"@type":"ListItem","position":3,"name":"\u00cdnyenc inf\u00fazi\u00f3k"}]},{"@type":"WebSite","@id":"https:\/\/www.boemia-aroma.com\/hu\/#website","url":"https:\/\/www.boemia-aroma.com\/hu\/","name":"Bo\u00e8mia Aroma","description":"","publisher":{"@id":"https:\/\/www.boemia-aroma.com\/hu\/#organization"},"alternateName":"Bo\u00e8mia Aroma","potentialAction":[{"@type":"SearchAction","target":{"@type":"EntryPoint","urlTemplate":"https:\/\/www.boemia-aroma.com\/hu\/?s={search_term_string}"},"query-input":{"@type":"PropertyValueSpecification","valueRequired":true,"valueName":"search_term_string"}}],"inLanguage":"hu"},{"@type":"Organization","@id":"https:\/\/www.boemia-aroma.com\/hu\/#organization","name":"Bo\u00e8mia Aroma","url":"https:\/\/www.boemia-aroma.com\/hu\/","logo":{"@type":"ImageObject","inLanguage":"hu","@id":"https:\/\/www.boemia-aroma.com\/hu\/#\/schema\/logo\/image\/","url":"https:\/\/www.boemia-aroma.com\/wp-content\/uploads\/2023\/07\/logo-boemia-aroma.png","contentUrl":"https:\/\/www.boemia-aroma.com\/wp-content\/uploads\/2023\/07\/logo-boemia-aroma.png","width":300,"height":176,"caption":"Bo\u00e8mia Aroma"},"image":{"@id":"https:\/\/www.boemia-aroma.com\/hu\/#\/schema\/logo\/image\/"}}]}},"_links":{"self":[{"href":"https:\/\/www.boemia-aroma.com\/hu\/wp-json\/wp\/v2\/product\/23092","targetHints":{"allow":["GET"]}}],"collection":[{"href":"https:\/\/www.boemia-aroma.com\/hu\/wp-json\/wp\/v2\/product"}],"about":[{"href":"https:\/\/www.boemia-aroma.com\/hu\/wp-json\/wp\/v2\/types\/product"}],"replies":[{"embeddable":true,"href":"https:\/\/www.boemia-aroma.com\/hu\/wp-json\/wp\/v2\/comments?post=23092"}],"version-history":[{"count":0,"href":"https:\/\/www.boemia-aroma.com\/hu\/wp-json\/wp\/v2\/product\/23092\/revisions"}],"wp:featuredmedia":[{"embeddable":true,"href":"https:\/\/www.boemia-aroma.com\/hu\/wp-json\/wp\/v2\/media\/23105"}],"wp:attachment":[{"href":"https:\/\/www.boemia-aroma.com\/hu\/wp-json\/wp\/v2\/media?parent=23092"}],"wp:term":[{"taxonomy":"product_brand","embeddable":true,"href":"https:\/\/www.boemia-aroma.com\/hu\/wp-json\/wp\/v2\/product_brand?post=23092"},{"taxonomy":"product_cat","embeddable":true,"href":"https:\/\/www.boemia-aroma.com\/hu\/wp-json\/wp\/v2\/product_cat?post=23092"},{"taxonomy":"product_tag","embeddable":true,"href":"https:\/\/www.boemia-aroma.com\/hu\/wp-json\/wp\/v2\/product_tag?post=23092"}],"curies":[{"name":"wp","href":"https:\/\/api.w.org\/{rel}","templated":true}]}}