{"id":23080,"date":"2024-01-15T10:07:54","date_gmt":"2024-01-15T09:07:54","guid":{"rendered":"https:\/\/www.boemia-aroma.com\/boutique-boemia\/nem-kategorizalt\/le-coffret-special-massage-sportif\/"},"modified":"2026-03-12T19:57:00","modified_gmt":"2026-03-12T18:57:00","slug":"sportoloi-doboz","status":"publish","type":"product","link":"https:\/\/www.boemia-aroma.com\/hu\/boemia-aruhaz\/dobozok\/sportoloi-doboz\/","title":{"rendered":"Sportol\u00f3i doboz"},"content":{"rendered":"","protected":false},"excerpt":{"rendered":"<h3><span style=\"color: #3c6045;\"><b data-stringify-type=\"bold\">A term\u00e9szetes teljes\u00edtm\u00e9ny sz\u00f6vets\u00e9gese<\/b><\/span><\/h3>\n<div class=\"p-rich_text_section\"><strong>Optimaliz\u00e1lja sportol\u00e1si rutinj\u00e1t<\/strong> a Bo\u00e8mia Sportsman&#8217;s Set-tel, amely egy exkluz\u00edv v\u00e1logat\u00e1s, amelyet \u00fagy terveztek <strong>, hogy t\u00e1mogassa a sportol\u00f3kat a j\u00f3l\u00e9t \u00e9s a teljes\u00edtm\u00e9ny el\u00e9r\u00e9s\u00e9ben<\/strong>. Ez a k\u00e9szlet egyes\u00edti a bio ill\u00f3olajok \u00e9s n\u00f6v\u00e9nyi olajok el\u0151nyeit a term\u00e9szetes, hat\u00e9kony <strong>izom- \u00e9s \u00edz\u00fcleti t\u00e1mogat\u00e1s<\/strong> \u00e9rdek\u00e9ben. <\/div>\n<div>\n<h3><span style=\"color: #3c6045;\"><b data-stringify-type=\"bold\">[dt_gap height=\"20\" \/]<\/b><\/span><\/h3>\n<hr>\n<h3><span style=\"color: #3c6045;\"><b data-stringify-type=\"bold\">[dt_gap height=\"10\" \/]<\/b><\/span><\/h3>\n<\/div>\n<div><b data-stringify-type=\"bold\">A doboz \u00f6sszet\u00e9tele :<\/b><\/div>\n<div>\n<h3><span style=\"color: #3c6045;\"><b data-stringify-type=\"bold\">[dt_gap height=\"10\" \/]<\/b><\/span><\/h3>\n<\/div>\n<p><b data-stringify-type=\"bold\"><span class=\"list-content\"><span style=\"vertical-align: inherit;\"><span data-sheets-value=\"{\"1\":2,\"2\":\"Madagascar\"}\" data-sheets-userformat=\"{\"2\":12803,\"3\":{\"1\":0},\"4\":{\"1\":2,\"2\":16773836},\"12\":0,\"15\":\"Arial\",\"16\":9}\"><span style=\"color: #ce4e2b;\">\u2192 <\/span><\/span><\/span><\/span><\/b><b data-stringify-type=\"bold\">Bio \u00e9desmandula n\u00f6v\u00e9nyi olaj | 50 ml :<\/b> A mi bio \u00e9desmandula olajunk t\u00f6k\u00e9letesen alkalmas az izmok terhel\u00e9sre val\u00f3 felk\u00e9sz\u00edt\u00e9s\u00e9re \u00e9s az edz\u00e9s ut\u00e1ni regener\u00e1l\u00f3d\u00e1sra. K\u00f6nny\u0171, \u00e1that\u00f3 text\u00far\u00e1ja ide\u00e1lis alapanyagg\u00e1 teszi a massz\u00e1zskever\u00e9kekhez. <\/p>\n<p><b data-stringify-type=\"bold\"><span class=\"list-content\"><span style=\"vertical-align: inherit;\"><span data-sheets-value=\"{\"1\":2,\"2\":\"Madagascar\"}\" data-sheets-userformat=\"{\"2\":12803,\"3\":{\"1\":0},\"4\":{\"1\":2,\"2\":16773836},\"12\":0,\"15\":\"Arial\",\"16\":9}\"><span style=\"color: #ce4e2b;\">\u2192 <\/span><\/span><\/span><\/span><\/b><b data-stringify-type=\"bold\">Bio t\u00e9liz\u00f6ld ill\u00f3olaj | 10 ml :<\/b> A t\u00e9liz\u00f6ld olaj elengedhetetlen a f\u00e1j\u00f3 izmok \u00e9s \u00edz\u00fcletek kezel\u00e9s\u00e9re. Ide\u00e1lis az intenz\u00edv sportol\u00e1s ut\u00e1ni alkalmaz\u00e1sra. <\/p>\n<p><b data-stringify-type=\"bold\"><span class=\"list-content\"><span style=\"vertical-align: inherit;\"><span data-sheets-value=\"{\"1\":2,\"2\":\"Madagascar\"}\" data-sheets-userformat=\"{\"2\":12803,\"3\":{\"1\":0},\"4\":{\"1\":2,\"2\":16773836},\"12\":0,\"15\":\"Arial\",\"16\":9}\"><span style=\"color: #ce4e2b;\">\u2192 <\/span><\/span><\/span><\/span><\/b><b data-stringify-type=\"bold\">Bio rozmaring-k\u00e1mfor ill\u00f3olaj | 5 ml:<\/b> Ez az energetiz\u00e1l\u00f3 olaj ide\u00e1lis az izmok edz\u00e9s el\u0151tti felmeleg\u00edt\u00e9s\u00e9re \u00e9s a regener\u00e1l\u00f3d\u00e1s el\u0151seg\u00edt\u00e9s\u00e9re. \u00c9l\u00e9nk\u00edt\u0151 illata az elme \u00e9l\u00e9nk\u00edt\u00e9s\u00e9re is t\u00f6k\u00e9letes. <\/p>\n<p><b data-stringify-type=\"bold\"><span class=\"list-content\"><span style=\"vertical-align: inherit;\"><span data-sheets-value=\"{\"1\":2,\"2\":\"Madagascar\"}\" data-sheets-userformat=\"{\"2\":12803,\"3\":{\"1\":0},\"4\":{\"1\":2,\"2\":16773836},\"12\":0,\"15\":\"Arial\",\"16\":9}\"><span style=\"color: #ce4e2b;\">\u2192 <\/span><\/span><\/span><\/span>Laurier Noble bio ill\u00f3olaj | 5 ml:<\/b> Seg\u00edt meger\u0151s\u00edteni az \u00f6nbizalmat \u00e9s el\u0151seg\u00edti az \u00e1ltal\u00e1nos j\u00f3 k\u00f6z\u00e9rzetet.<\/p>\n","protected":false},"featured_media":23085,"comment_status":"closed","ping_status":"closed","template":"","meta":{"_acf_changed":false},"product_brand":[],"product_cat":[219],"product_tag":[],"class_list":{"0":"post-23080","1":"product","2":"type-product","3":"status-publish","4":"has-post-thumbnail","6":"product_cat-dobozok","7":"pa_usage-izuletek-izmok-es-sportolok","9":"first","10":"instock","11":"sale","12":"taxable","13":"shipping-taxable","14":"purchasable","15":"product-type-simple"},"acf":[],"yoast_head":"<!-- This site is optimized with the Yoast SEO plugin v27.4 - https:\/\/yoast.com\/product\/yoast-seo-wordpress\/ -->\n<title>Sportol\u00f3i doboz - Bo\u00e8mia Aroma<\/title>\n<meta name=\"description\" content=\"Sportol\u00f3i doboz en vente en ligne sur Bo\u00e8mia Aroma.\" \/>\n<meta name=\"robots\" content=\"index, follow, max-snippet:-1, max-image-preview:large, max-video-preview:-1\" \/>\n<link rel=\"canonical\" href=\"https:\/\/www.boemia-aroma.com\/hu\/boemia-aruhaz\/dobozok\/sportoloi-doboz\/\" \/>\n<meta property=\"og:locale\" content=\"hu_HU\" \/>\n<meta property=\"og:type\" content=\"article\" \/>\n<meta property=\"og:title\" content=\"Sportol\u00f3i doboz - Bo\u00e8mia Aroma\" \/>\n<meta property=\"og:description\" content=\"Sportol\u00f3i doboz en vente en ligne sur Bo\u00e8mia Aroma.\" \/>\n<meta property=\"og:url\" content=\"https:\/\/www.boemia-aroma.com\/hu\/boemia-aruhaz\/dobozok\/sportoloi-doboz\/\" \/>\n<meta property=\"og:site_name\" content=\"Bo\u00e8mia Aroma\" \/>\n<meta property=\"article:modified_time\" content=\"2026-03-12T18:57:00+00:00\" \/>\n<meta property=\"og:image\" content=\"https:\/\/www.boemia-aroma.com\/wp-content\/uploads\/2024\/01\/sportif-1.jpg\" \/>\n\t<meta property=\"og:image:width\" content=\"1200\" \/>\n\t<meta property=\"og:image:height\" content=\"1200\" \/>\n\t<meta property=\"og:image:type\" content=\"image\/jpeg\" \/>\n<meta name=\"twitter:card\" content=\"summary_large_image\" \/>\n<script type=\"application\/ld+json\" class=\"yoast-schema-graph\">{\"@context\":\"https:\\\/\\\/schema.org\",\"@graph\":[{\"@type\":\"WebPage\",\"@id\":\"https:\\\/\\\/www.boemia-aroma.com\\\/hu\\\/boemia-aruhaz\\\/dobozok\\\/sportoloi-doboz\\\/\",\"url\":\"https:\\\/\\\/www.boemia-aroma.com\\\/hu\\\/boemia-aruhaz\\\/dobozok\\\/sportoloi-doboz\\\/\",\"name\":\"Sportol\u00f3i doboz - Bo\u00e8mia Aroma\",\"isPartOf\":{\"@id\":\"https:\\\/\\\/www.boemia-aroma.com\\\/hu\\\/#website\"},\"primaryImageOfPage\":{\"@id\":\"https:\\\/\\\/www.boemia-aroma.com\\\/hu\\\/boemia-aruhaz\\\/dobozok\\\/sportoloi-doboz\\\/#primaryimage\"},\"image\":{\"@id\":\"https:\\\/\\\/www.boemia-aroma.com\\\/hu\\\/boemia-aruhaz\\\/dobozok\\\/sportoloi-doboz\\\/#primaryimage\"},\"thumbnailUrl\":\"https:\\\/\\\/www.boemia-aroma.com\\\/wp-content\\\/uploads\\\/2024\\\/01\\\/sportif-1.jpg\",\"datePublished\":\"2024-01-15T09:07:54+00:00\",\"dateModified\":\"2026-03-12T18:57:00+00:00\",\"description\":\"Sportol\u00f3i doboz en vente en ligne sur Bo\u00e8mia Aroma.\",\"breadcrumb\":{\"@id\":\"https:\\\/\\\/www.boemia-aroma.com\\\/hu\\\/boemia-aruhaz\\\/dobozok\\\/sportoloi-doboz\\\/#breadcrumb\"},\"inLanguage\":\"hu\",\"potentialAction\":[{\"@type\":\"ReadAction\",\"target\":[\"https:\\\/\\\/www.boemia-aroma.com\\\/hu\\\/boemia-aruhaz\\\/dobozok\\\/sportoloi-doboz\\\/\"]}]},{\"@type\":\"ImageObject\",\"inLanguage\":\"hu\",\"@id\":\"https:\\\/\\\/www.boemia-aroma.com\\\/hu\\\/boemia-aruhaz\\\/dobozok\\\/sportoloi-doboz\\\/#primaryimage\",\"url\":\"https:\\\/\\\/www.boemia-aroma.com\\\/wp-content\\\/uploads\\\/2024\\\/01\\\/sportif-1.jpg\",\"contentUrl\":\"https:\\\/\\\/www.boemia-aroma.com\\\/wp-content\\\/uploads\\\/2024\\\/01\\\/sportif-1.jpg\",\"width\":1200,\"height\":1200},{\"@type\":\"BreadcrumbList\",\"@id\":\"https:\\\/\\\/www.boemia-aroma.com\\\/hu\\\/boemia-aruhaz\\\/dobozok\\\/sportoloi-doboz\\\/#breadcrumb\",\"itemListElement\":[{\"@type\":\"ListItem\",\"position\":1,\"name\":\"Kezd\u0151lap\",\"item\":\"https:\\\/\\\/www.boemia-aroma.com\\\/hu\\\/\"},{\"@type\":\"ListItem\",\"position\":2,\"name\":\"Boemia \u00c1ruh\u00e1z\",\"item\":\"https:\\\/\\\/www.boemia-aroma.com\\\/hu\\\/boemia-aruhaz\\\/\"},{\"@type\":\"ListItem\",\"position\":3,\"name\":\"Sportol\u00f3i doboz\"}]},{\"@type\":\"WebSite\",\"@id\":\"https:\\\/\\\/www.boemia-aroma.com\\\/hu\\\/#website\",\"url\":\"https:\\\/\\\/www.boemia-aroma.com\\\/hu\\\/\",\"name\":\"Bo\u00e8mia Aroma\",\"description\":\"\",\"publisher\":{\"@id\":\"https:\\\/\\\/www.boemia-aroma.com\\\/hu\\\/#organization\"},\"alternateName\":\"Bo\u00e8mia Aroma\",\"potentialAction\":[{\"@type\":\"SearchAction\",\"target\":{\"@type\":\"EntryPoint\",\"urlTemplate\":\"https:\\\/\\\/www.boemia-aroma.com\\\/hu\\\/?s={search_term_string}\"},\"query-input\":{\"@type\":\"PropertyValueSpecification\",\"valueRequired\":true,\"valueName\":\"search_term_string\"}}],\"inLanguage\":\"hu\"},{\"@type\":\"Organization\",\"@id\":\"https:\\\/\\\/www.boemia-aroma.com\\\/hu\\\/#organization\",\"name\":\"Bo\u00e8mia Aroma\",\"url\":\"https:\\\/\\\/www.boemia-aroma.com\\\/hu\\\/\",\"logo\":{\"@type\":\"ImageObject\",\"inLanguage\":\"hu\",\"@id\":\"https:\\\/\\\/www.boemia-aroma.com\\\/hu\\\/#\\\/schema\\\/logo\\\/image\\\/\",\"url\":\"https:\\\/\\\/www.boemia-aroma.com\\\/wp-content\\\/uploads\\\/2023\\\/07\\\/logo-boemia-aroma.png\",\"contentUrl\":\"https:\\\/\\\/www.boemia-aroma.com\\\/wp-content\\\/uploads\\\/2023\\\/07\\\/logo-boemia-aroma.png\",\"width\":300,\"height\":176,\"caption\":\"Bo\u00e8mia Aroma\"},\"image\":{\"@id\":\"https:\\\/\\\/www.boemia-aroma.com\\\/hu\\\/#\\\/schema\\\/logo\\\/image\\\/\"}}]}<\/script>\n<!-- \/ Yoast SEO plugin. -->","yoast_head_json":{"title":"Sportol\u00f3i doboz - Bo\u00e8mia Aroma","description":"Sportol\u00f3i doboz en vente en ligne sur Bo\u00e8mia Aroma.","robots":{"index":"index","follow":"follow","max-snippet":"max-snippet:-1","max-image-preview":"max-image-preview:large","max-video-preview":"max-video-preview:-1"},"canonical":"https:\/\/www.boemia-aroma.com\/hu\/boemia-aruhaz\/dobozok\/sportoloi-doboz\/","og_locale":"hu_HU","og_type":"article","og_title":"Sportol\u00f3i doboz - Bo\u00e8mia Aroma","og_description":"Sportol\u00f3i doboz en vente en ligne sur Bo\u00e8mia Aroma.","og_url":"https:\/\/www.boemia-aroma.com\/hu\/boemia-aruhaz\/dobozok\/sportoloi-doboz\/","og_site_name":"Bo\u00e8mia Aroma","article_modified_time":"2026-03-12T18:57:00+00:00","og_image":[{"width":1200,"height":1200,"url":"https:\/\/www.boemia-aroma.com\/wp-content\/uploads\/2024\/01\/sportif-1.jpg","type":"image\/jpeg"}],"twitter_card":"summary_large_image","schema":{"@context":"https:\/\/schema.org","@graph":[{"@type":"WebPage","@id":"https:\/\/www.boemia-aroma.com\/hu\/boemia-aruhaz\/dobozok\/sportoloi-doboz\/","url":"https:\/\/www.boemia-aroma.com\/hu\/boemia-aruhaz\/dobozok\/sportoloi-doboz\/","name":"Sportol\u00f3i doboz - Bo\u00e8mia Aroma","isPartOf":{"@id":"https:\/\/www.boemia-aroma.com\/hu\/#website"},"primaryImageOfPage":{"@id":"https:\/\/www.boemia-aroma.com\/hu\/boemia-aruhaz\/dobozok\/sportoloi-doboz\/#primaryimage"},"image":{"@id":"https:\/\/www.boemia-aroma.com\/hu\/boemia-aruhaz\/dobozok\/sportoloi-doboz\/#primaryimage"},"thumbnailUrl":"https:\/\/www.boemia-aroma.com\/wp-content\/uploads\/2024\/01\/sportif-1.jpg","datePublished":"2024-01-15T09:07:54+00:00","dateModified":"2026-03-12T18:57:00+00:00","description":"Sportol\u00f3i doboz en vente en ligne sur Bo\u00e8mia Aroma.","breadcrumb":{"@id":"https:\/\/www.boemia-aroma.com\/hu\/boemia-aruhaz\/dobozok\/sportoloi-doboz\/#breadcrumb"},"inLanguage":"hu","potentialAction":[{"@type":"ReadAction","target":["https:\/\/www.boemia-aroma.com\/hu\/boemia-aruhaz\/dobozok\/sportoloi-doboz\/"]}]},{"@type":"ImageObject","inLanguage":"hu","@id":"https:\/\/www.boemia-aroma.com\/hu\/boemia-aruhaz\/dobozok\/sportoloi-doboz\/#primaryimage","url":"https:\/\/www.boemia-aroma.com\/wp-content\/uploads\/2024\/01\/sportif-1.jpg","contentUrl":"https:\/\/www.boemia-aroma.com\/wp-content\/uploads\/2024\/01\/sportif-1.jpg","width":1200,"height":1200},{"@type":"BreadcrumbList","@id":"https:\/\/www.boemia-aroma.com\/hu\/boemia-aruhaz\/dobozok\/sportoloi-doboz\/#breadcrumb","itemListElement":[{"@type":"ListItem","position":1,"name":"Kezd\u0151lap","item":"https:\/\/www.boemia-aroma.com\/hu\/"},{"@type":"ListItem","position":2,"name":"Boemia \u00c1ruh\u00e1z","item":"https:\/\/www.boemia-aroma.com\/hu\/boemia-aruhaz\/"},{"@type":"ListItem","position":3,"name":"Sportol\u00f3i doboz"}]},{"@type":"WebSite","@id":"https:\/\/www.boemia-aroma.com\/hu\/#website","url":"https:\/\/www.boemia-aroma.com\/hu\/","name":"Bo\u00e8mia Aroma","description":"","publisher":{"@id":"https:\/\/www.boemia-aroma.com\/hu\/#organization"},"alternateName":"Bo\u00e8mia Aroma","potentialAction":[{"@type":"SearchAction","target":{"@type":"EntryPoint","urlTemplate":"https:\/\/www.boemia-aroma.com\/hu\/?s={search_term_string}"},"query-input":{"@type":"PropertyValueSpecification","valueRequired":true,"valueName":"search_term_string"}}],"inLanguage":"hu"},{"@type":"Organization","@id":"https:\/\/www.boemia-aroma.com\/hu\/#organization","name":"Bo\u00e8mia Aroma","url":"https:\/\/www.boemia-aroma.com\/hu\/","logo":{"@type":"ImageObject","inLanguage":"hu","@id":"https:\/\/www.boemia-aroma.com\/hu\/#\/schema\/logo\/image\/","url":"https:\/\/www.boemia-aroma.com\/wp-content\/uploads\/2023\/07\/logo-boemia-aroma.png","contentUrl":"https:\/\/www.boemia-aroma.com\/wp-content\/uploads\/2023\/07\/logo-boemia-aroma.png","width":300,"height":176,"caption":"Bo\u00e8mia Aroma"},"image":{"@id":"https:\/\/www.boemia-aroma.com\/hu\/#\/schema\/logo\/image\/"}}]}},"_links":{"self":[{"href":"https:\/\/www.boemia-aroma.com\/hu\/wp-json\/wp\/v2\/product\/23080","targetHints":{"allow":["GET"]}}],"collection":[{"href":"https:\/\/www.boemia-aroma.com\/hu\/wp-json\/wp\/v2\/product"}],"about":[{"href":"https:\/\/www.boemia-aroma.com\/hu\/wp-json\/wp\/v2\/types\/product"}],"replies":[{"embeddable":true,"href":"https:\/\/www.boemia-aroma.com\/hu\/wp-json\/wp\/v2\/comments?post=23080"}],"version-history":[{"count":0,"href":"https:\/\/www.boemia-aroma.com\/hu\/wp-json\/wp\/v2\/product\/23080\/revisions"}],"wp:featuredmedia":[{"embeddable":true,"href":"https:\/\/www.boemia-aroma.com\/hu\/wp-json\/wp\/v2\/media\/23085"}],"wp:attachment":[{"href":"https:\/\/www.boemia-aroma.com\/hu\/wp-json\/wp\/v2\/media?parent=23080"}],"wp:term":[{"taxonomy":"product_brand","embeddable":true,"href":"https:\/\/www.boemia-aroma.com\/hu\/wp-json\/wp\/v2\/product_brand?post=23080"},{"taxonomy":"product_cat","embeddable":true,"href":"https:\/\/www.boemia-aroma.com\/hu\/wp-json\/wp\/v2\/product_cat?post=23080"},{"taxonomy":"product_tag","embeddable":true,"href":"https:\/\/www.boemia-aroma.com\/hu\/wp-json\/wp\/v2\/product_tag?post=23080"}],"curies":[{"name":"wp","href":"https:\/\/api.w.org\/{rel}","templated":true}]}}