{"id":23075,"date":"2024-01-15T10:05:42","date_gmt":"2024-01-15T09:05:42","guid":{"rendered":"https:\/\/www.boemia-aroma.com\/boutique-boemia\/nem-kategorizalt\/le-coffret-special-diffusion\/"},"modified":"2026-03-12T19:59:36","modified_gmt":"2026-03-12T18:59:36","slug":"diffuzios-keszlet","status":"publish","type":"product","link":"https:\/\/www.boemia-aroma.com\/hu\/boemia-aruhaz\/dobozok\/diffuzios-keszlet\/","title":{"rendered":"Diff\u00fazi\u00f3s k\u00e9szlet"},"content":{"rendered":"","protected":false},"excerpt":{"rendered":"<h3><span style=\"color: #3c6045;\"><b data-stringify-type=\"bold\">Egy arom\u00e1s utaz\u00e1s a term\u00e9szet sz\u00edv\u00e9be<\/b><\/span><\/h3>\n<div class=\"p-rich_text_section\"><strong>H\u00edvja be a term\u00e9szetet otthon\u00e1ba<\/strong> a Bo\u00e8mia Diff\u00fazi\u00f3s szettel, egy gondosan v\u00e1logatott kollekci\u00f3val, amelyet \u00fagy terveztek, hogy term\u00e9szetes, \u00e9l\u00e9nk\u00edt\u0151 arom\u00e1kkal gazdag\u00edtsa k\u00f6rnyezet\u00e9t. A k\u00e9szletben tal\u00e1lhat\u00f3 minden egyes ill\u00f3olajat egyedi tulajdons\u00e1gai \u00e9s a der\u0171s, \u00e9l\u00e9nk\u00edt\u0151 l\u00e9gk\u00f6r megteremt\u00e9s\u00e9re val\u00f3 k\u00e9pess\u00e9ge miatt v\u00e1lasztottunk ki. <\/div>\n<div>\n<h3><span style=\"color: #3c6045;\"><b data-stringify-type=\"bold\">[dt_gap height=\"20\" \/]<\/b><\/span><\/h3>\n<hr>\n<h3><span style=\"color: #3c6045;\"><b data-stringify-type=\"bold\">[dt_gap height=\"10\" \/]<\/b><\/span><\/h3>\n<\/div>\n<div><b data-stringify-type=\"bold\">A doboz \u00f6sszet\u00e9tele :<\/b><\/div>\n<div>\n<h3><span style=\"color: #3c6045;\"><b data-stringify-type=\"bold\">[dt_gap height=\"10\" \/]<\/b><\/span><\/h3>\n<\/div>\n<p><b data-stringify-type=\"bold\"><span class=\"list-content\"><span style=\"vertical-align: inherit;\"><span data-sheets-value=\"{\"1\":2,\"2\":\"Madagascar\"}\" data-sheets-userformat=\"{\"2\":12803,\"3\":{\"1\":0},\"4\":{\"1\":2,\"2\":16773836},\"12\":0,\"15\":\"Arial\",\"16\":9}\"><span style=\"color: #ce4e2b;\">\u2192 <\/span><\/span><\/span><\/span><\/b><b data-stringify-type=\"bold\">Bio citrom ill\u00f3olaj | 5 ml :<\/b> A citrom ill\u00f3olaj friss \u00e9s energiz\u00e1l\u00f3, t\u00f6k\u00e9letesen alkalmas a leveg\u0151 tiszt\u00edt\u00e1s\u00e1ra \u00e9s a helyis\u00e9gek \u00e9l\u00e9nk\u00edt\u00e9s\u00e9re. Pezsg\u0151, naps\u00fct\u00f6tte illata ide\u00e1lis az \u00e9rz\u00e9kek fel\u00e9breszt\u00e9s\u00e9re \u00e9s az elme \u00e9l\u00e9nk\u00edt\u00e9s\u00e9re. <\/p>\n<p><b data-stringify-type=\"bold\"><span class=\"list-content\"><span style=\"vertical-align: inherit;\"><span data-sheets-value=\"{\"1\":2,\"2\":\"Madagascar\"}\" data-sheets-userformat=\"{\"2\":12803,\"3\":{\"1\":0},\"4\":{\"1\":2,\"2\":16773836},\"12\":0,\"15\":\"Arial\",\"16\":9}\"><span style=\"color: #ce4e2b;\">\u2192 <\/span><\/span><\/span><\/span><\/b><b data-stringify-type=\"bold\">Organikus atlasz c\u00e9drus ill\u00f3olaj | 10 ml :<\/b> Az atlasz c\u00e9drusolaj f\u00e1s, nyugtat\u00f3 jegyeivel relax\u00e1ci\u00f3ra \u00e9s j\u00f3 k\u00f6z\u00e9rzetre h\u00edv. Ide\u00e1lis a relax\u00e1ci\u00f3hoz \u00e9s medit\u00e1ci\u00f3hoz vezet\u0151 meleg, kellemes l\u00e9gk\u00f6r megteremt\u00e9s\u00e9hez. <\/p>\n<p><b data-stringify-type=\"bold\"><span class=\"list-content\"><span style=\"vertical-align: inherit;\"><span data-sheets-value=\"{\"1\":2,\"2\":\"Madagascar\"}\" data-sheets-userformat=\"{\"2\":12803,\"3\":{\"1\":0},\"4\":{\"1\":2,\"2\":16773836},\"12\":0,\"15\":\"Arial\",\"16\":9}\"><span style=\"color: #ce4e2b;\">\u2192 <\/span><\/span><\/span><\/span>Bio Eukaliptusz Radi\u00e9 ill\u00f3olaj | 5 ml:<\/b> Ez a friss\u00edt\u0151 \u00e9s tiszt\u00edt\u00f3 ill\u00f3olaj elengedhetetlen a l\u00e9gutak tiszt\u00edt\u00e1s\u00e1hoz \u00e9s a k\u00f6rnyezet felfriss\u00edt\u00e9s\u00e9hez. \u00c9l\u00e9nk\u00edt\u0151 \u00e9s tiszt\u00edt\u00f3 hat\u00e1sa miatt k\u00fcl\u00f6n\u00f6sen a t\u00e9li h\u00f3napokban \u00e9rt\u00e9kelik. <\/p>\n<div class=\"p-rich_text_section\">A k\u00e9szletben tal\u00e1lhat\u00f3 \u00f6sszes olaj az Ecocert \u00e1ltal tan\u00fas\u00edtott \u00f6kol\u00f3giai min\u0151s\u00edt\u00e9ssel rendelkezik, ami kiv\u00e1l\u00f3 min\u0151s\u00e9get \u00e9s k\u00f6rnyezetbar\u00e1t termel\u00e9st biztos\u00edt. A Bo\u00e8mi\u00e1n\u00e1l b\u00fcszk\u00e9k vagyunk arra, hogy tiszta, term\u00e9szetes \u00e9s organikus ill\u00f3olajokat k\u00edn\u00e1lunk, amelyek t\u00f6k\u00e9letesen alkalmasak az \u00d6n \u00e9s csal\u00e1dja j\u00f3l\u00e9t\u00e9t tiszteletben tart\u00f3 diff\u00fazi\u00f3ra. A Bo\u00e8mia Diff\u00fazi\u00f3s Aj\u00e1nd\u00e9kk\u00e9szlet finom, term\u00e9szetes illataival var\u00e1zsolja otthon\u00e1t a b\u00e9ke paradicsom\u00e1v\u00e1.  <\/div>\n","protected":false},"featured_media":23078,"comment_status":"closed","ping_status":"closed","template":"","meta":{"_acf_changed":false},"product_brand":[],"product_cat":[219],"product_tag":[],"class_list":{"0":"post-23075","1":"product","2":"type-product","3":"status-publish","4":"has-post-thumbnail","6":"product_cat-dobozok","8":"first","9":"instock","10":"sale","11":"taxable","12":"shipping-taxable","13":"purchasable","14":"product-type-simple"},"acf":[],"yoast_head":"<!-- This site is optimized with the Yoast SEO plugin v27.4 - https:\/\/yoast.com\/product\/yoast-seo-wordpress\/ -->\n<title>Diff\u00fazi\u00f3s k\u00e9szlet - Bo\u00e8mia Aroma<\/title>\n<meta name=\"description\" content=\"Diff\u00fazi\u00f3s k\u00e9szlet en vente en ligne sur Bo\u00e8mia Aroma.\" \/>\n<meta name=\"robots\" content=\"index, follow, max-snippet:-1, max-image-preview:large, max-video-preview:-1\" \/>\n<link rel=\"canonical\" href=\"https:\/\/www.boemia-aroma.com\/hu\/boemia-aruhaz\/dobozok\/diffuzios-keszlet\/\" \/>\n<meta property=\"og:locale\" content=\"hu_HU\" \/>\n<meta property=\"og:type\" content=\"article\" \/>\n<meta property=\"og:title\" content=\"Diff\u00fazi\u00f3s k\u00e9szlet - Bo\u00e8mia Aroma\" \/>\n<meta property=\"og:description\" content=\"Diff\u00fazi\u00f3s k\u00e9szlet en vente en ligne sur Bo\u00e8mia Aroma.\" \/>\n<meta property=\"og:url\" content=\"https:\/\/www.boemia-aroma.com\/hu\/boemia-aruhaz\/dobozok\/diffuzios-keszlet\/\" \/>\n<meta property=\"og:site_name\" content=\"Bo\u00e8mia Aroma\" \/>\n<meta property=\"article:modified_time\" content=\"2026-03-12T18:59:36+00:00\" \/>\n<meta property=\"og:image\" content=\"https:\/\/www.boemia-aroma.com\/wp-content\/uploads\/2024\/01\/diffusion-1.jpg\" \/>\n\t<meta property=\"og:image:width\" content=\"1200\" \/>\n\t<meta property=\"og:image:height\" content=\"1200\" \/>\n\t<meta property=\"og:image:type\" content=\"image\/jpeg\" \/>\n<meta name=\"twitter:card\" content=\"summary_large_image\" \/>\n<script type=\"application\/ld+json\" class=\"yoast-schema-graph\">{\"@context\":\"https:\\\/\\\/schema.org\",\"@graph\":[{\"@type\":\"WebPage\",\"@id\":\"https:\\\/\\\/www.boemia-aroma.com\\\/hu\\\/boemia-aruhaz\\\/dobozok\\\/diffuzios-keszlet\\\/\",\"url\":\"https:\\\/\\\/www.boemia-aroma.com\\\/hu\\\/boemia-aruhaz\\\/dobozok\\\/diffuzios-keszlet\\\/\",\"name\":\"Diff\u00fazi\u00f3s k\u00e9szlet - Bo\u00e8mia Aroma\",\"isPartOf\":{\"@id\":\"https:\\\/\\\/www.boemia-aroma.com\\\/hu\\\/#website\"},\"primaryImageOfPage\":{\"@id\":\"https:\\\/\\\/www.boemia-aroma.com\\\/hu\\\/boemia-aruhaz\\\/dobozok\\\/diffuzios-keszlet\\\/#primaryimage\"},\"image\":{\"@id\":\"https:\\\/\\\/www.boemia-aroma.com\\\/hu\\\/boemia-aruhaz\\\/dobozok\\\/diffuzios-keszlet\\\/#primaryimage\"},\"thumbnailUrl\":\"https:\\\/\\\/www.boemia-aroma.com\\\/wp-content\\\/uploads\\\/2024\\\/01\\\/diffusion-1.jpg\",\"datePublished\":\"2024-01-15T09:05:42+00:00\",\"dateModified\":\"2026-03-12T18:59:36+00:00\",\"description\":\"Diff\u00fazi\u00f3s k\u00e9szlet en vente en ligne sur Bo\u00e8mia Aroma.\",\"breadcrumb\":{\"@id\":\"https:\\\/\\\/www.boemia-aroma.com\\\/hu\\\/boemia-aruhaz\\\/dobozok\\\/diffuzios-keszlet\\\/#breadcrumb\"},\"inLanguage\":\"hu\",\"potentialAction\":[{\"@type\":\"ReadAction\",\"target\":[\"https:\\\/\\\/www.boemia-aroma.com\\\/hu\\\/boemia-aruhaz\\\/dobozok\\\/diffuzios-keszlet\\\/\"]}]},{\"@type\":\"ImageObject\",\"inLanguage\":\"hu\",\"@id\":\"https:\\\/\\\/www.boemia-aroma.com\\\/hu\\\/boemia-aruhaz\\\/dobozok\\\/diffuzios-keszlet\\\/#primaryimage\",\"url\":\"https:\\\/\\\/www.boemia-aroma.com\\\/wp-content\\\/uploads\\\/2024\\\/01\\\/diffusion-1.jpg\",\"contentUrl\":\"https:\\\/\\\/www.boemia-aroma.com\\\/wp-content\\\/uploads\\\/2024\\\/01\\\/diffusion-1.jpg\",\"width\":1200,\"height\":1200},{\"@type\":\"BreadcrumbList\",\"@id\":\"https:\\\/\\\/www.boemia-aroma.com\\\/hu\\\/boemia-aruhaz\\\/dobozok\\\/diffuzios-keszlet\\\/#breadcrumb\",\"itemListElement\":[{\"@type\":\"ListItem\",\"position\":1,\"name\":\"Kezd\u0151lap\",\"item\":\"https:\\\/\\\/www.boemia-aroma.com\\\/hu\\\/\"},{\"@type\":\"ListItem\",\"position\":2,\"name\":\"Boemia \u00c1ruh\u00e1z\",\"item\":\"https:\\\/\\\/www.boemia-aroma.com\\\/hu\\\/boemia-aruhaz\\\/\"},{\"@type\":\"ListItem\",\"position\":3,\"name\":\"Diff\u00fazi\u00f3s k\u00e9szlet\"}]},{\"@type\":\"WebSite\",\"@id\":\"https:\\\/\\\/www.boemia-aroma.com\\\/hu\\\/#website\",\"url\":\"https:\\\/\\\/www.boemia-aroma.com\\\/hu\\\/\",\"name\":\"Bo\u00e8mia Aroma\",\"description\":\"\",\"publisher\":{\"@id\":\"https:\\\/\\\/www.boemia-aroma.com\\\/hu\\\/#organization\"},\"alternateName\":\"Bo\u00e8mia Aroma\",\"potentialAction\":[{\"@type\":\"SearchAction\",\"target\":{\"@type\":\"EntryPoint\",\"urlTemplate\":\"https:\\\/\\\/www.boemia-aroma.com\\\/hu\\\/?s={search_term_string}\"},\"query-input\":{\"@type\":\"PropertyValueSpecification\",\"valueRequired\":true,\"valueName\":\"search_term_string\"}}],\"inLanguage\":\"hu\"},{\"@type\":\"Organization\",\"@id\":\"https:\\\/\\\/www.boemia-aroma.com\\\/hu\\\/#organization\",\"name\":\"Bo\u00e8mia Aroma\",\"url\":\"https:\\\/\\\/www.boemia-aroma.com\\\/hu\\\/\",\"logo\":{\"@type\":\"ImageObject\",\"inLanguage\":\"hu\",\"@id\":\"https:\\\/\\\/www.boemia-aroma.com\\\/hu\\\/#\\\/schema\\\/logo\\\/image\\\/\",\"url\":\"https:\\\/\\\/www.boemia-aroma.com\\\/wp-content\\\/uploads\\\/2023\\\/07\\\/logo-boemia-aroma.png\",\"contentUrl\":\"https:\\\/\\\/www.boemia-aroma.com\\\/wp-content\\\/uploads\\\/2023\\\/07\\\/logo-boemia-aroma.png\",\"width\":300,\"height\":176,\"caption\":\"Bo\u00e8mia Aroma\"},\"image\":{\"@id\":\"https:\\\/\\\/www.boemia-aroma.com\\\/hu\\\/#\\\/schema\\\/logo\\\/image\\\/\"}}]}<\/script>\n<!-- \/ Yoast SEO plugin. -->","yoast_head_json":{"title":"Diff\u00fazi\u00f3s k\u00e9szlet - Bo\u00e8mia Aroma","description":"Diff\u00fazi\u00f3s k\u00e9szlet en vente en ligne sur Bo\u00e8mia Aroma.","robots":{"index":"index","follow":"follow","max-snippet":"max-snippet:-1","max-image-preview":"max-image-preview:large","max-video-preview":"max-video-preview:-1"},"canonical":"https:\/\/www.boemia-aroma.com\/hu\/boemia-aruhaz\/dobozok\/diffuzios-keszlet\/","og_locale":"hu_HU","og_type":"article","og_title":"Diff\u00fazi\u00f3s k\u00e9szlet - Bo\u00e8mia Aroma","og_description":"Diff\u00fazi\u00f3s k\u00e9szlet en vente en ligne sur Bo\u00e8mia Aroma.","og_url":"https:\/\/www.boemia-aroma.com\/hu\/boemia-aruhaz\/dobozok\/diffuzios-keszlet\/","og_site_name":"Bo\u00e8mia Aroma","article_modified_time":"2026-03-12T18:59:36+00:00","og_image":[{"width":1200,"height":1200,"url":"https:\/\/www.boemia-aroma.com\/wp-content\/uploads\/2024\/01\/diffusion-1.jpg","type":"image\/jpeg"}],"twitter_card":"summary_large_image","schema":{"@context":"https:\/\/schema.org","@graph":[{"@type":"WebPage","@id":"https:\/\/www.boemia-aroma.com\/hu\/boemia-aruhaz\/dobozok\/diffuzios-keszlet\/","url":"https:\/\/www.boemia-aroma.com\/hu\/boemia-aruhaz\/dobozok\/diffuzios-keszlet\/","name":"Diff\u00fazi\u00f3s k\u00e9szlet - Bo\u00e8mia Aroma","isPartOf":{"@id":"https:\/\/www.boemia-aroma.com\/hu\/#website"},"primaryImageOfPage":{"@id":"https:\/\/www.boemia-aroma.com\/hu\/boemia-aruhaz\/dobozok\/diffuzios-keszlet\/#primaryimage"},"image":{"@id":"https:\/\/www.boemia-aroma.com\/hu\/boemia-aruhaz\/dobozok\/diffuzios-keszlet\/#primaryimage"},"thumbnailUrl":"https:\/\/www.boemia-aroma.com\/wp-content\/uploads\/2024\/01\/diffusion-1.jpg","datePublished":"2024-01-15T09:05:42+00:00","dateModified":"2026-03-12T18:59:36+00:00","description":"Diff\u00fazi\u00f3s k\u00e9szlet en vente en ligne sur Bo\u00e8mia Aroma.","breadcrumb":{"@id":"https:\/\/www.boemia-aroma.com\/hu\/boemia-aruhaz\/dobozok\/diffuzios-keszlet\/#breadcrumb"},"inLanguage":"hu","potentialAction":[{"@type":"ReadAction","target":["https:\/\/www.boemia-aroma.com\/hu\/boemia-aruhaz\/dobozok\/diffuzios-keszlet\/"]}]},{"@type":"ImageObject","inLanguage":"hu","@id":"https:\/\/www.boemia-aroma.com\/hu\/boemia-aruhaz\/dobozok\/diffuzios-keszlet\/#primaryimage","url":"https:\/\/www.boemia-aroma.com\/wp-content\/uploads\/2024\/01\/diffusion-1.jpg","contentUrl":"https:\/\/www.boemia-aroma.com\/wp-content\/uploads\/2024\/01\/diffusion-1.jpg","width":1200,"height":1200},{"@type":"BreadcrumbList","@id":"https:\/\/www.boemia-aroma.com\/hu\/boemia-aruhaz\/dobozok\/diffuzios-keszlet\/#breadcrumb","itemListElement":[{"@type":"ListItem","position":1,"name":"Kezd\u0151lap","item":"https:\/\/www.boemia-aroma.com\/hu\/"},{"@type":"ListItem","position":2,"name":"Boemia \u00c1ruh\u00e1z","item":"https:\/\/www.boemia-aroma.com\/hu\/boemia-aruhaz\/"},{"@type":"ListItem","position":3,"name":"Diff\u00fazi\u00f3s k\u00e9szlet"}]},{"@type":"WebSite","@id":"https:\/\/www.boemia-aroma.com\/hu\/#website","url":"https:\/\/www.boemia-aroma.com\/hu\/","name":"Bo\u00e8mia Aroma","description":"","publisher":{"@id":"https:\/\/www.boemia-aroma.com\/hu\/#organization"},"alternateName":"Bo\u00e8mia Aroma","potentialAction":[{"@type":"SearchAction","target":{"@type":"EntryPoint","urlTemplate":"https:\/\/www.boemia-aroma.com\/hu\/?s={search_term_string}"},"query-input":{"@type":"PropertyValueSpecification","valueRequired":true,"valueName":"search_term_string"}}],"inLanguage":"hu"},{"@type":"Organization","@id":"https:\/\/www.boemia-aroma.com\/hu\/#organization","name":"Bo\u00e8mia Aroma","url":"https:\/\/www.boemia-aroma.com\/hu\/","logo":{"@type":"ImageObject","inLanguage":"hu","@id":"https:\/\/www.boemia-aroma.com\/hu\/#\/schema\/logo\/image\/","url":"https:\/\/www.boemia-aroma.com\/wp-content\/uploads\/2023\/07\/logo-boemia-aroma.png","contentUrl":"https:\/\/www.boemia-aroma.com\/wp-content\/uploads\/2023\/07\/logo-boemia-aroma.png","width":300,"height":176,"caption":"Bo\u00e8mia Aroma"},"image":{"@id":"https:\/\/www.boemia-aroma.com\/hu\/#\/schema\/logo\/image\/"}}]}},"_links":{"self":[{"href":"https:\/\/www.boemia-aroma.com\/hu\/wp-json\/wp\/v2\/product\/23075","targetHints":{"allow":["GET"]}}],"collection":[{"href":"https:\/\/www.boemia-aroma.com\/hu\/wp-json\/wp\/v2\/product"}],"about":[{"href":"https:\/\/www.boemia-aroma.com\/hu\/wp-json\/wp\/v2\/types\/product"}],"replies":[{"embeddable":true,"href":"https:\/\/www.boemia-aroma.com\/hu\/wp-json\/wp\/v2\/comments?post=23075"}],"version-history":[{"count":0,"href":"https:\/\/www.boemia-aroma.com\/hu\/wp-json\/wp\/v2\/product\/23075\/revisions"}],"wp:featuredmedia":[{"embeddable":true,"href":"https:\/\/www.boemia-aroma.com\/hu\/wp-json\/wp\/v2\/media\/23078"}],"wp:attachment":[{"href":"https:\/\/www.boemia-aroma.com\/hu\/wp-json\/wp\/v2\/media?parent=23075"}],"wp:term":[{"taxonomy":"product_brand","embeddable":true,"href":"https:\/\/www.boemia-aroma.com\/hu\/wp-json\/wp\/v2\/product_brand?post=23075"},{"taxonomy":"product_cat","embeddable":true,"href":"https:\/\/www.boemia-aroma.com\/hu\/wp-json\/wp\/v2\/product_cat?post=23075"},{"taxonomy":"product_tag","embeddable":true,"href":"https:\/\/www.boemia-aroma.com\/hu\/wp-json\/wp\/v2\/product_tag?post=23075"}],"curies":[{"name":"wp","href":"https:\/\/api.w.org\/{rel}","templated":true}]}}