{"id":23059,"date":"2024-01-15T09:57:11","date_gmt":"2024-01-15T08:57:11","guid":{"rendered":"https:\/\/www.boemia-aroma.com\/boutique-boemia\/nem-kategorizalt\/le-coffret-special-beaute\/"},"modified":"2026-03-12T19:55:40","modified_gmt":"2026-03-12T18:55:40","slug":"termeszetes-szepseg-szett","status":"publish","type":"product","link":"https:\/\/www.boemia-aroma.com\/hu\/boemia-aruhaz\/dobozok\/termeszetes-szepseg-szett\/","title":{"rendered":"Term\u00e9szetes sz\u00e9ps\u00e9g szett"},"content":{"rendered":"","protected":false},"excerpt":{"rendered":"<h3><span style=\"color: #3c6045;\"><b data-stringify-type=\"bold\">\u00d3da az autentikus organikus sz\u00e9ps\u00e9ghez<\/b><\/span><\/h3>\n<div class=\"p-rich_text_section\"><strong>Eg\u00e9sz\u00edtse ki sz\u00e9ps\u00e9g\u00e1pol\u00e1si rutinj\u00e1t<\/strong> a Bo\u00e8mia Natural Beauty aj\u00e1nd\u00e9kcsomaggal, amely a j\u00f3l\u00e9tnek \u00e9s a term\u00e9szetes sz\u00e9ps\u00e9gnek szentelt doboz. Ez a doboz egy <strong>megh\u00edv\u00e1s a term\u00e9szetes esszenci\u00e1k egyszer\u0171s\u00e9g\u00e9nek \u00e9s erej\u00e9nek \u00fajrafelfedez\u00e9s\u00e9re<\/strong>. <\/div>\n<div>\n<h3><span style=\"color: #3c6045;\"><b data-stringify-type=\"bold\">[dt_gap height=\"20\" \/]<\/b><\/span><\/h3>\n<hr>\n<h3><span style=\"color: #3c6045;\"><b data-stringify-type=\"bold\">[dt_gap height=\"10\" \/]<\/b><\/span><\/h3>\n<\/div>\n<div><b data-stringify-type=\"bold\">A doboz \u00f6sszet\u00e9tele :<\/b><\/div>\n<div>\n<h3><span style=\"color: #3c6045;\"><b data-stringify-type=\"bold\">[dt_gap height=\"10\" \/]<\/b><\/span><\/h3>\n<\/div>\n<p><b data-stringify-type=\"bold\"><span class=\"list-content\"><span style=\"vertical-align: inherit;\"><span data-sheets-value=\"{\"1\":2,\"2\":\"Madagascar\"}\" data-sheets-userformat=\"{\"2\":12803,\"3\":{\"1\":0},\"4\":{\"1\":2,\"2\":16773836},\"12\":0,\"15\":\"Arial\",\"16\":9}\"><span style=\"color: #ce4e2b;\">\u2192 <\/span><\/span><\/span><\/span><\/b><b data-stringify-type=\"bold\">Huile V\u00e9g\u00e9tale d&#8217;Argan Bio | 50 ml :<\/b> A term\u00e9szet kincse, a 100%-ban tiszta \u00e9s term\u00e9szetes organikus arg\u00e1nolajunk elengedhetetlen a b\u0151r \u00e9s a haj t\u00e1pl\u00e1l\u00e1s\u00e1hoz \u00e9s revitaliz\u00e1l\u00e1s\u00e1hoz. Gazdag E-vitaminban \u00e9s esszenci\u00e1lis zs\u00edrsavakban, t\u00f6k\u00e9letes a m\u00e9lyhidrat\u00e1l\u00e1shoz \u00e9s a k\u00fcls\u0151 agresszi\u00f3k elleni v\u00e9delemhez. <\/p>\n<p><b data-stringify-type=\"bold\"><span class=\"list-content\"><span style=\"vertical-align: inherit;\"><span data-sheets-value=\"{\"1\":2,\"2\":\"Madagascar\"}\" data-sheets-userformat=\"{\"2\":12803,\"3\":{\"1\":0},\"4\":{\"1\":2,\"2\":16773836},\"12\":0,\"15\":\"Arial\",\"16\":9}\"><span style=\"color: #ce4e2b;\">\u2192 <\/span><\/span><\/span><\/span><\/b><b data-stringify-type=\"bold\">Bio Cistus ill\u00f3olaj | 5 ml :<\/b> A ritka \u00e9s \u00e9rt\u00e9kes bio Cistus ill\u00f3olaj egyed\u00fcl\u00e1ll\u00f3 regener\u00e1l\u00f3 tulajdons\u00e1gokkal rendelkezik, ide\u00e1lis az \u00f6reged\u00e9s elleni b\u0151r\u00e1pol\u00e1shoz. Elb\u0171v\u00f6l\u0151 illata \u00e9s helyre\u00e1ll\u00edt\u00f3 hat\u00e1sai ide\u00e1lis sz\u00f6vets\u00e9gess\u00e9 teszik az \u00e9rett vagy stresszes b\u0151r sz\u00e1m\u00e1ra. <\/p>\n<p><b data-stringify-type=\"bold\"><span class=\"list-content\"><span style=\"vertical-align: inherit;\"><span data-sheets-value=\"{\"1\":2,\"2\":\"Madagascar\"}\" data-sheets-userformat=\"{\"2\":12803,\"3\":{\"1\":0},\"4\":{\"1\":2,\"2\":16773836},\"12\":0,\"15\":\"Arial\",\"16\":9}\"><span style=\"color: #ce4e2b;\">\u2192 <\/span><\/span><\/span><\/span><\/b><b data-stringify-type=\"bold\">Organikus olasz Helichrysum ill\u00f3olaj | 5 ml:<\/b> Az Immortelle n\u00e9ven ismert ill\u00f3olaj nyugtat\u00f3 \u00e9s feszes\u00edt\u0151 tulajdons\u00e1gair\u00f3l h\u00edres. Seg\u00edt cs\u00f6kkenteni az \u00f6reged\u00e9s jeleit, ragyog\u00e1st \u00e9s vitalit\u00e1st k\u00f6lcs\u00f6n\u00f6z a b\u0151rnek. <\/p>\n<p><b data-stringify-type=\"bold\"><span class=\"list-content\"><span style=\"vertical-align: inherit;\"><span data-sheets-value=\"{\"1\":2,\"2\":\"Madagascar\"}\" data-sheets-userformat=\"{\"2\":12803,\"3\":{\"1\":0},\"4\":{\"1\":2,\"2\":16773836},\"12\":0,\"15\":\"Arial\",\"16\":9}\"><span style=\"color: #ce4e2b;\">\u2192 <\/span><\/span><\/span><\/span>Bio Geranium Bourbon ill\u00f3olaj | 5 ml :<\/b> Nyugtat\u00f3, vir\u00e1gos illat\u00e1val ez az olaj a b\u0151r kiegyens\u00falyoz\u00e1s\u00e1nak \u00e9s sz\u00e9p\u00edt\u00e9s\u00e9nek \u00e9kk\u00f6ve. Toniz\u00e1l\u00f3 \u00e9s tiszt\u00edt\u00f3 tulajdons\u00e1gai miatt elengedhetetlen a ragyog\u00f3, eg\u00e9szs\u00e9ges b\u0151rh\u00f6z. <\/p>\n","protected":false},"featured_media":23063,"comment_status":"closed","ping_status":"closed","template":"","meta":{"_acf_changed":false},"product_brand":[],"product_cat":[219],"product_tag":[],"class_list":{"0":"post-23059","1":"product","2":"type-product","3":"status-publish","4":"has-post-thumbnail","6":"product_cat-dobozok","7":"pa_usage-borapolas","9":"first","10":"instock","11":"sale","12":"taxable","13":"shipping-taxable","14":"purchasable","15":"product-type-simple"},"acf":[],"yoast_head":"<!-- This site is optimized with the Yoast SEO plugin v27.4 - https:\/\/yoast.com\/product\/yoast-seo-wordpress\/ -->\n<title>Term\u00e9szetes sz\u00e9ps\u00e9g szett - Bo\u00e8mia Aroma<\/title>\n<meta name=\"description\" content=\"Term\u00e9szetes sz\u00e9ps\u00e9g szett en vente en ligne sur Bo\u00e8mia Aroma.\" \/>\n<meta name=\"robots\" content=\"index, follow, max-snippet:-1, max-image-preview:large, max-video-preview:-1\" \/>\n<link rel=\"canonical\" href=\"https:\/\/www.boemia-aroma.com\/hu\/boemia-aruhaz\/dobozok\/termeszetes-szepseg-szett\/\" \/>\n<meta property=\"og:locale\" content=\"hu_HU\" \/>\n<meta property=\"og:type\" content=\"article\" \/>\n<meta property=\"og:title\" content=\"Term\u00e9szetes sz\u00e9ps\u00e9g szett - Bo\u00e8mia Aroma\" \/>\n<meta property=\"og:description\" content=\"Term\u00e9szetes sz\u00e9ps\u00e9g szett en vente en ligne sur Bo\u00e8mia Aroma.\" \/>\n<meta property=\"og:url\" content=\"https:\/\/www.boemia-aroma.com\/hu\/boemia-aruhaz\/dobozok\/termeszetes-szepseg-szett\/\" \/>\n<meta property=\"og:site_name\" content=\"Bo\u00e8mia Aroma\" \/>\n<meta property=\"article:modified_time\" content=\"2026-03-12T18:55:40+00:00\" \/>\n<meta property=\"og:image\" content=\"https:\/\/www.boemia-aroma.com\/wp-content\/uploads\/2024\/01\/beaute-naturelle.jpg\" \/>\n\t<meta property=\"og:image:width\" content=\"1200\" \/>\n\t<meta property=\"og:image:height\" content=\"1200\" \/>\n\t<meta property=\"og:image:type\" content=\"image\/jpeg\" \/>\n<meta name=\"twitter:card\" content=\"summary_large_image\" \/>\n<script type=\"application\/ld+json\" class=\"yoast-schema-graph\">{\"@context\":\"https:\\\/\\\/schema.org\",\"@graph\":[{\"@type\":\"WebPage\",\"@id\":\"https:\\\/\\\/www.boemia-aroma.com\\\/hu\\\/boemia-aruhaz\\\/dobozok\\\/termeszetes-szepseg-szett\\\/\",\"url\":\"https:\\\/\\\/www.boemia-aroma.com\\\/hu\\\/boemia-aruhaz\\\/dobozok\\\/termeszetes-szepseg-szett\\\/\",\"name\":\"Term\u00e9szetes sz\u00e9ps\u00e9g szett - Bo\u00e8mia Aroma\",\"isPartOf\":{\"@id\":\"https:\\\/\\\/www.boemia-aroma.com\\\/hu\\\/#website\"},\"primaryImageOfPage\":{\"@id\":\"https:\\\/\\\/www.boemia-aroma.com\\\/hu\\\/boemia-aruhaz\\\/dobozok\\\/termeszetes-szepseg-szett\\\/#primaryimage\"},\"image\":{\"@id\":\"https:\\\/\\\/www.boemia-aroma.com\\\/hu\\\/boemia-aruhaz\\\/dobozok\\\/termeszetes-szepseg-szett\\\/#primaryimage\"},\"thumbnailUrl\":\"https:\\\/\\\/www.boemia-aroma.com\\\/wp-content\\\/uploads\\\/2024\\\/01\\\/beaute-naturelle.jpg\",\"datePublished\":\"2024-01-15T08:57:11+00:00\",\"dateModified\":\"2026-03-12T18:55:40+00:00\",\"description\":\"Term\u00e9szetes sz\u00e9ps\u00e9g szett en vente en ligne sur Bo\u00e8mia Aroma.\",\"breadcrumb\":{\"@id\":\"https:\\\/\\\/www.boemia-aroma.com\\\/hu\\\/boemia-aruhaz\\\/dobozok\\\/termeszetes-szepseg-szett\\\/#breadcrumb\"},\"inLanguage\":\"hu\",\"potentialAction\":[{\"@type\":\"ReadAction\",\"target\":[\"https:\\\/\\\/www.boemia-aroma.com\\\/hu\\\/boemia-aruhaz\\\/dobozok\\\/termeszetes-szepseg-szett\\\/\"]}]},{\"@type\":\"ImageObject\",\"inLanguage\":\"hu\",\"@id\":\"https:\\\/\\\/www.boemia-aroma.com\\\/hu\\\/boemia-aruhaz\\\/dobozok\\\/termeszetes-szepseg-szett\\\/#primaryimage\",\"url\":\"https:\\\/\\\/www.boemia-aroma.com\\\/wp-content\\\/uploads\\\/2024\\\/01\\\/beaute-naturelle.jpg\",\"contentUrl\":\"https:\\\/\\\/www.boemia-aroma.com\\\/wp-content\\\/uploads\\\/2024\\\/01\\\/beaute-naturelle.jpg\",\"width\":1200,\"height\":1200},{\"@type\":\"BreadcrumbList\",\"@id\":\"https:\\\/\\\/www.boemia-aroma.com\\\/hu\\\/boemia-aruhaz\\\/dobozok\\\/termeszetes-szepseg-szett\\\/#breadcrumb\",\"itemListElement\":[{\"@type\":\"ListItem\",\"position\":1,\"name\":\"Kezd\u0151lap\",\"item\":\"https:\\\/\\\/www.boemia-aroma.com\\\/hu\\\/\"},{\"@type\":\"ListItem\",\"position\":2,\"name\":\"Boemia \u00c1ruh\u00e1z\",\"item\":\"https:\\\/\\\/www.boemia-aroma.com\\\/hu\\\/boemia-aruhaz\\\/\"},{\"@type\":\"ListItem\",\"position\":3,\"name\":\"Term\u00e9szetes sz\u00e9ps\u00e9g szett\"}]},{\"@type\":\"WebSite\",\"@id\":\"https:\\\/\\\/www.boemia-aroma.com\\\/hu\\\/#website\",\"url\":\"https:\\\/\\\/www.boemia-aroma.com\\\/hu\\\/\",\"name\":\"Bo\u00e8mia Aroma\",\"description\":\"\",\"publisher\":{\"@id\":\"https:\\\/\\\/www.boemia-aroma.com\\\/hu\\\/#organization\"},\"alternateName\":\"Bo\u00e8mia Aroma\",\"potentialAction\":[{\"@type\":\"SearchAction\",\"target\":{\"@type\":\"EntryPoint\",\"urlTemplate\":\"https:\\\/\\\/www.boemia-aroma.com\\\/hu\\\/?s={search_term_string}\"},\"query-input\":{\"@type\":\"PropertyValueSpecification\",\"valueRequired\":true,\"valueName\":\"search_term_string\"}}],\"inLanguage\":\"hu\"},{\"@type\":\"Organization\",\"@id\":\"https:\\\/\\\/www.boemia-aroma.com\\\/hu\\\/#organization\",\"name\":\"Bo\u00e8mia Aroma\",\"url\":\"https:\\\/\\\/www.boemia-aroma.com\\\/hu\\\/\",\"logo\":{\"@type\":\"ImageObject\",\"inLanguage\":\"hu\",\"@id\":\"https:\\\/\\\/www.boemia-aroma.com\\\/hu\\\/#\\\/schema\\\/logo\\\/image\\\/\",\"url\":\"https:\\\/\\\/www.boemia-aroma.com\\\/wp-content\\\/uploads\\\/2023\\\/07\\\/logo-boemia-aroma.png\",\"contentUrl\":\"https:\\\/\\\/www.boemia-aroma.com\\\/wp-content\\\/uploads\\\/2023\\\/07\\\/logo-boemia-aroma.png\",\"width\":300,\"height\":176,\"caption\":\"Bo\u00e8mia Aroma\"},\"image\":{\"@id\":\"https:\\\/\\\/www.boemia-aroma.com\\\/hu\\\/#\\\/schema\\\/logo\\\/image\\\/\"}}]}<\/script>\n<!-- \/ Yoast SEO plugin. -->","yoast_head_json":{"title":"Term\u00e9szetes sz\u00e9ps\u00e9g szett - Bo\u00e8mia Aroma","description":"Term\u00e9szetes sz\u00e9ps\u00e9g szett en vente en ligne sur Bo\u00e8mia Aroma.","robots":{"index":"index","follow":"follow","max-snippet":"max-snippet:-1","max-image-preview":"max-image-preview:large","max-video-preview":"max-video-preview:-1"},"canonical":"https:\/\/www.boemia-aroma.com\/hu\/boemia-aruhaz\/dobozok\/termeszetes-szepseg-szett\/","og_locale":"hu_HU","og_type":"article","og_title":"Term\u00e9szetes sz\u00e9ps\u00e9g szett - Bo\u00e8mia Aroma","og_description":"Term\u00e9szetes sz\u00e9ps\u00e9g szett en vente en ligne sur Bo\u00e8mia Aroma.","og_url":"https:\/\/www.boemia-aroma.com\/hu\/boemia-aruhaz\/dobozok\/termeszetes-szepseg-szett\/","og_site_name":"Bo\u00e8mia Aroma","article_modified_time":"2026-03-12T18:55:40+00:00","og_image":[{"width":1200,"height":1200,"url":"https:\/\/www.boemia-aroma.com\/wp-content\/uploads\/2024\/01\/beaute-naturelle.jpg","type":"image\/jpeg"}],"twitter_card":"summary_large_image","schema":{"@context":"https:\/\/schema.org","@graph":[{"@type":"WebPage","@id":"https:\/\/www.boemia-aroma.com\/hu\/boemia-aruhaz\/dobozok\/termeszetes-szepseg-szett\/","url":"https:\/\/www.boemia-aroma.com\/hu\/boemia-aruhaz\/dobozok\/termeszetes-szepseg-szett\/","name":"Term\u00e9szetes sz\u00e9ps\u00e9g szett - Bo\u00e8mia Aroma","isPartOf":{"@id":"https:\/\/www.boemia-aroma.com\/hu\/#website"},"primaryImageOfPage":{"@id":"https:\/\/www.boemia-aroma.com\/hu\/boemia-aruhaz\/dobozok\/termeszetes-szepseg-szett\/#primaryimage"},"image":{"@id":"https:\/\/www.boemia-aroma.com\/hu\/boemia-aruhaz\/dobozok\/termeszetes-szepseg-szett\/#primaryimage"},"thumbnailUrl":"https:\/\/www.boemia-aroma.com\/wp-content\/uploads\/2024\/01\/beaute-naturelle.jpg","datePublished":"2024-01-15T08:57:11+00:00","dateModified":"2026-03-12T18:55:40+00:00","description":"Term\u00e9szetes sz\u00e9ps\u00e9g szett en vente en ligne sur Bo\u00e8mia Aroma.","breadcrumb":{"@id":"https:\/\/www.boemia-aroma.com\/hu\/boemia-aruhaz\/dobozok\/termeszetes-szepseg-szett\/#breadcrumb"},"inLanguage":"hu","potentialAction":[{"@type":"ReadAction","target":["https:\/\/www.boemia-aroma.com\/hu\/boemia-aruhaz\/dobozok\/termeszetes-szepseg-szett\/"]}]},{"@type":"ImageObject","inLanguage":"hu","@id":"https:\/\/www.boemia-aroma.com\/hu\/boemia-aruhaz\/dobozok\/termeszetes-szepseg-szett\/#primaryimage","url":"https:\/\/www.boemia-aroma.com\/wp-content\/uploads\/2024\/01\/beaute-naturelle.jpg","contentUrl":"https:\/\/www.boemia-aroma.com\/wp-content\/uploads\/2024\/01\/beaute-naturelle.jpg","width":1200,"height":1200},{"@type":"BreadcrumbList","@id":"https:\/\/www.boemia-aroma.com\/hu\/boemia-aruhaz\/dobozok\/termeszetes-szepseg-szett\/#breadcrumb","itemListElement":[{"@type":"ListItem","position":1,"name":"Kezd\u0151lap","item":"https:\/\/www.boemia-aroma.com\/hu\/"},{"@type":"ListItem","position":2,"name":"Boemia \u00c1ruh\u00e1z","item":"https:\/\/www.boemia-aroma.com\/hu\/boemia-aruhaz\/"},{"@type":"ListItem","position":3,"name":"Term\u00e9szetes sz\u00e9ps\u00e9g szett"}]},{"@type":"WebSite","@id":"https:\/\/www.boemia-aroma.com\/hu\/#website","url":"https:\/\/www.boemia-aroma.com\/hu\/","name":"Bo\u00e8mia Aroma","description":"","publisher":{"@id":"https:\/\/www.boemia-aroma.com\/hu\/#organization"},"alternateName":"Bo\u00e8mia Aroma","potentialAction":[{"@type":"SearchAction","target":{"@type":"EntryPoint","urlTemplate":"https:\/\/www.boemia-aroma.com\/hu\/?s={search_term_string}"},"query-input":{"@type":"PropertyValueSpecification","valueRequired":true,"valueName":"search_term_string"}}],"inLanguage":"hu"},{"@type":"Organization","@id":"https:\/\/www.boemia-aroma.com\/hu\/#organization","name":"Bo\u00e8mia Aroma","url":"https:\/\/www.boemia-aroma.com\/hu\/","logo":{"@type":"ImageObject","inLanguage":"hu","@id":"https:\/\/www.boemia-aroma.com\/hu\/#\/schema\/logo\/image\/","url":"https:\/\/www.boemia-aroma.com\/wp-content\/uploads\/2023\/07\/logo-boemia-aroma.png","contentUrl":"https:\/\/www.boemia-aroma.com\/wp-content\/uploads\/2023\/07\/logo-boemia-aroma.png","width":300,"height":176,"caption":"Bo\u00e8mia Aroma"},"image":{"@id":"https:\/\/www.boemia-aroma.com\/hu\/#\/schema\/logo\/image\/"}}]}},"_links":{"self":[{"href":"https:\/\/www.boemia-aroma.com\/hu\/wp-json\/wp\/v2\/product\/23059","targetHints":{"allow":["GET"]}}],"collection":[{"href":"https:\/\/www.boemia-aroma.com\/hu\/wp-json\/wp\/v2\/product"}],"about":[{"href":"https:\/\/www.boemia-aroma.com\/hu\/wp-json\/wp\/v2\/types\/product"}],"replies":[{"embeddable":true,"href":"https:\/\/www.boemia-aroma.com\/hu\/wp-json\/wp\/v2\/comments?post=23059"}],"version-history":[{"count":0,"href":"https:\/\/www.boemia-aroma.com\/hu\/wp-json\/wp\/v2\/product\/23059\/revisions"}],"wp:featuredmedia":[{"embeddable":true,"href":"https:\/\/www.boemia-aroma.com\/hu\/wp-json\/wp\/v2\/media\/23063"}],"wp:attachment":[{"href":"https:\/\/www.boemia-aroma.com\/hu\/wp-json\/wp\/v2\/media?parent=23059"}],"wp:term":[{"taxonomy":"product_brand","embeddable":true,"href":"https:\/\/www.boemia-aroma.com\/hu\/wp-json\/wp\/v2\/product_brand?post=23059"},{"taxonomy":"product_cat","embeddable":true,"href":"https:\/\/www.boemia-aroma.com\/hu\/wp-json\/wp\/v2\/product_cat?post=23059"},{"taxonomy":"product_tag","embeddable":true,"href":"https:\/\/www.boemia-aroma.com\/hu\/wp-json\/wp\/v2\/product_tag?post=23059"}],"curies":[{"name":"wp","href":"https:\/\/api.w.org\/{rel}","templated":true}]}}