{"id":22802,"date":"2023-09-01T15:05:11","date_gmt":"2023-09-01T13:05:11","guid":{"rendered":"https:\/\/www.boemia-aroma.com\/boutique-boemia\/nem-kategorizalt\/gaultherie-odorante-bio\/"},"modified":"2026-03-12T23:43:04","modified_gmt":"2026-03-12T22:43:04","slug":"bio-telizold-illoolaj","status":"publish","type":"product","link":"https:\/\/www.boemia-aroma.com\/hu\/boemia-aruhaz\/illoolajok\/bio-telizold-illoolaj\/","title":{"rendered":"Bio t\u00e9liz\u00f6ld ill\u00f3olaj &#8211; 10 ml"},"content":{"rendered":"\t\t<div data-elementor-type=\"product-post\" data-elementor-id=\"22802\" class=\"elementor elementor-22802 elementor-9376\" data-elementor-post-type=\"product\">\n\t\t\t\t\t\t<section class=\"elementor-section elementor-top-section elementor-element elementor-element-a54d7b2 elementor-reverse-mobile elementor-section-boxed elementor-section-height-default elementor-section-height-default\" data-id=\"a54d7b2\" data-element_type=\"section\" data-e-type=\"section\">\n\t\t\t\t\t\t<div class=\"elementor-container elementor-column-gap-wider\">\n\t\t\t\t\t<div class=\"elementor-column elementor-col-50 elementor-top-column elementor-element elementor-element-6815e10\" data-id=\"6815e10\" data-element_type=\"column\" data-e-type=\"column\">\n\t\t\t<div class=\"elementor-widget-wrap elementor-element-populated\">\n\t\t\t\t\t\t<div class=\"elementor-element elementor-element-2b32561 elementor-widget elementor-widget-image\" data-id=\"2b32561\" data-element_type=\"widget\" data-e-type=\"widget\" data-widget_type=\"image.default\">\n\t\t\t\t<div class=\"elementor-widget-container\">\n\t\t\t\t\t\t\t\t\t\t\t\t\t\t\t<img decoding=\"async\" src=\"https:\/\/www.boemia-aroma.com\/wp-content\/uploads\/elementor\/thumbs\/gaultherie-r0zelg5pes87k8234yjsjes78qbyq7ueo8c2zs2nmw.jpg\" title=\"gaultherie\" alt=\"gaultherie\" loading=\"lazy\" \/>\t\t\t\t\t\t\t\t\t\t\t\t\t\t\t<\/div>\n\t\t\t\t<\/div>\n\t\t\t\t\t<\/div>\n\t\t<\/div>\n\t\t\t\t<div class=\"elementor-column elementor-col-50 elementor-top-column elementor-element elementor-element-bf0a8f8\" data-id=\"bf0a8f8\" data-element_type=\"column\" data-e-type=\"column\">\n\t\t\t<div class=\"elementor-widget-wrap elementor-element-populated\">\n\t\t\t\t\t\t<div class=\"elementor-element elementor-element-5de5b72 elementor-widget elementor-widget-heading\" data-id=\"5de5b72\" data-element_type=\"widget\" data-e-type=\"widget\" data-widget_type=\"heading.default\">\n\t\t\t\t<div class=\"elementor-widget-container\">\n\t\t\t\t\t<h2 class=\"elementor-heading-title elementor-size-default\">T\u00e9liz\u00f6ld \u00e9s ill\u00f3olaja<\/h2>\t\t\t\t<\/div>\n\t\t\t\t<\/div>\n\t\t\t\t<div class=\"elementor-element elementor-element-8116019 elementor-widget elementor-widget-spacer\" data-id=\"8116019\" data-element_type=\"widget\" data-e-type=\"widget\" data-widget_type=\"spacer.default\">\n\t\t\t\t<div class=\"elementor-widget-container\">\n\t\t\t\t\t\t\t<div class=\"elementor-spacer\">\n\t\t\t<div class=\"elementor-spacer-inner\"><\/div>\n\t\t<\/div>\n\t\t\t\t\t\t<\/div>\n\t\t\t\t<\/div>\n\t\t\t\t<div class=\"elementor-element elementor-element-98715e2 elementor-widget elementor-widget-text-editor\" data-id=\"98715e2\" data-element_type=\"widget\" data-e-type=\"widget\" data-widget_type=\"text-editor.default\">\n\t\t\t\t<div class=\"elementor-widget-container\">\n\t\t\t\t\t\t\t\t\t<p><span style=\"font-weight: 400;\">Az \u00e9des <strong>l\u00f3here<\/strong> egy nep\u00e1li kincs, amely figyelemre m\u00e9lt\u00f3 k\u00e9miai tulajdons\u00e1gokkal rendelkezik. <strong>Ill\u00f3olaj\u00e1nak<\/strong> \u00f6sszet\u00e9tele a n\u00f6v\u00e9nyvil\u00e1gban ritk\u00e1n l\u00e1that\u00f3: szinte kiz\u00e1r\u00f3lag metil-szalicil\u00e1tb\u00f3l \u00e1ll. Ez a saj\u00e1toss\u00e1g azonban sz\u00e1mos ut\u00e1nzatot eredm\u00e9nyezett. Szintetikus v\u00e1ltozatok vannak forgalomban, eml\u00e9keztetve minket arra, hogy mennyire fontos, hogy teljes m\u00e9rt\u00e9kben megb\u00edzzunk a sz\u00e1ll\u00edt\u00f3ban, ha err\u0151l az esszenci\u00e1r\u00f3l van sz\u00f3. A Bo\u00e8mi\u00e1n\u00e1l garant\u00e1ljuk \u00d6nnek a tiszta, hiteles <strong>t\u00e9liz\u00f6ld<\/strong> <strong>ill\u00f3olajat<\/strong>.    <\/span><\/p>\t\t\t\t\t\t\t\t<\/div>\n\t\t\t\t<\/div>\n\t\t\t\t<div class=\"elementor-element elementor-element-d2c9d5c elementor-widget elementor-widget-spacer\" data-id=\"d2c9d5c\" data-element_type=\"widget\" data-e-type=\"widget\" data-widget_type=\"spacer.default\">\n\t\t\t\t<div class=\"elementor-widget-container\">\n\t\t\t\t\t\t\t<div class=\"elementor-spacer\">\n\t\t\t<div class=\"elementor-spacer-inner\"><\/div>\n\t\t<\/div>\n\t\t\t\t\t\t<\/div>\n\t\t\t\t<\/div>\n\t\t\t\t\t<\/div>\n\t\t<\/div>\n\t\t\t\t\t<\/div>\n\t\t<\/section>\n\t\t\t\t<section class=\"elementor-section elementor-top-section elementor-element elementor-element-bd16ce2 elementor-reverse-mobile elementor-section-boxed elementor-section-height-default elementor-section-height-default\" data-id=\"bd16ce2\" data-element_type=\"section\" data-e-type=\"section\">\n\t\t\t\t\t\t<div class=\"elementor-container elementor-column-gap-wider\">\n\t\t\t\t\t<div class=\"elementor-column elementor-col-50 elementor-top-column elementor-element elementor-element-6ea1e80\" data-id=\"6ea1e80\" data-element_type=\"column\" data-e-type=\"column\">\n\t\t\t<div class=\"elementor-widget-wrap elementor-element-populated\">\n\t\t\t\t\t\t<div class=\"elementor-element elementor-element-fb4f124 elementor-widget elementor-widget-heading\" data-id=\"fb4f124\" data-element_type=\"widget\" data-e-type=\"widget\" data-widget_type=\"heading.default\">\n\t\t\t\t<div class=\"elementor-widget-container\">\n\t\t\t\t\t<h2 class=\"elementor-heading-title elementor-size-default\">A t\u00e9liz\u00f6ld t\u00f6rt\u00e9nete \u00e9s hagyom\u00e1nyos haszn\u00e1lata<\/h2>\t\t\t\t<\/div>\n\t\t\t\t<\/div>\n\t\t\t\t<div class=\"elementor-element elementor-element-331b617 elementor-widget elementor-widget-spacer\" data-id=\"331b617\" data-element_type=\"widget\" data-e-type=\"widget\" data-widget_type=\"spacer.default\">\n\t\t\t\t<div class=\"elementor-widget-container\">\n\t\t\t\t\t\t\t<div class=\"elementor-spacer\">\n\t\t\t<div class=\"elementor-spacer-inner\"><\/div>\n\t\t<\/div>\n\t\t\t\t\t\t<\/div>\n\t\t\t\t<\/div>\n\t\t\t\t<div class=\"elementor-element elementor-element-3374bda elementor-widget elementor-widget-text-editor\" data-id=\"3374bda\" data-element_type=\"widget\" data-e-type=\"widget\" data-widget_type=\"text-editor.default\">\n\t\t\t\t<div class=\"elementor-widget-container\">\n\t\t\t\t\t\t\t\t\t<p><span style=\"font-weight: 400;\">Az indi\u00e1nok mindig is tisztelt\u00e9k f\u00e1jdalomcsillap\u00edt\u00f3 \u00e9s gyullad\u00e1scs\u00f6kkent\u0151 tulajdons\u00e1gai miatt, olyannyira, hogy egyetemes csodaszernek tekintett\u00e9k. Manaps\u00e1g k\u00fcl\u00f6nleges helyet kapott a sport\u00f6lt\u00f6z\u0151ben, ahol jellegzetes illata a meger\u0151ltet\u00e9sb\u0151l \u00e9s a f\u00e1j\u00f3 izmokb\u00f3l val\u00f3 fel\u00e9p\u00fcl\u00e9st id\u00e9zi. <\/span><\/p>\t\t\t\t\t\t\t\t<\/div>\n\t\t\t\t<\/div>\n\t\t\t\t<div class=\"elementor-element elementor-element-b3bba1a elementor-widget elementor-widget-spacer\" data-id=\"b3bba1a\" data-element_type=\"widget\" data-e-type=\"widget\" data-widget_type=\"spacer.default\">\n\t\t\t\t<div class=\"elementor-widget-container\">\n\t\t\t\t\t\t\t<div class=\"elementor-spacer\">\n\t\t\t<div class=\"elementor-spacer-inner\"><\/div>\n\t\t<\/div>\n\t\t\t\t\t\t<\/div>\n\t\t\t\t<\/div>\n\t\t\t\t<div class=\"elementor-element elementor-element-5e93bbb elementor-widget elementor-widget-heading\" data-id=\"5e93bbb\" data-element_type=\"widget\" data-e-type=\"widget\" data-widget_type=\"heading.default\">\n\t\t\t\t<div class=\"elementor-widget-container\">\n\t\t\t\t\t<h3 class=\"elementor-heading-title elementor-size-default\">Felel\u0151ss\u00e9gi nyilatkozat hagyom\u00e1nyos felhaszn\u00e1l\u00e1sok<\/h3>\t\t\t\t<\/div>\n\t\t\t\t<\/div>\n\t\t\t\t<div class=\"elementor-element elementor-element-6de8230 elementor-widget elementor-widget-text-editor\" data-id=\"6de8230\" data-element_type=\"widget\" data-e-type=\"widget\" data-widget_type=\"text-editor.default\">\n\t\t\t\t<div class=\"elementor-widget-container\">\n\t\t\t\t\t\t\t\t\t<p><em>Az itt le\u00edrt hagyom\u00e1nyos felhaszn\u00e1l\u00e1si m\u00f3dok a k\u00fcl\u00f6nb\u00f6z\u0151 civiliz\u00e1ci\u00f3k t\u00f6rt\u00e9nelmi \u00e9s kultur\u00e1lis gyakorlat\u00e1n alapulnak. Ez az inform\u00e1ci\u00f3 kiz\u00e1r\u00f3lag oktat\u00e1si \u00e9s t\u00e1j\u00e9koztat\u00e1si c\u00e9lokat szolg\u00e1l. Nem c\u00e9lja semmilyen betegs\u00e9g diagnosztiz\u00e1l\u00e1sa, kezel\u00e9se, gy\u00f3gy\u00edt\u00e1sa vagy megel\u0151z\u00e9se. Ezeket a kijelent\u00e9seket semmilyen orvosi hat\u00f3s\u00e1g nem \u00e9rt\u00e9kelte.   <\/em><\/p><p><em>Mindig javasoljuk, hogy konzult\u00e1ljon szakk\u00e9pzett eg\u00e9szs\u00e9g\u00fcgyi szakemberrel, miel\u0151tt eg\u00e9szs\u00e9g\u00fcgyi okokb\u00f3l ill\u00f3olajokat haszn\u00e1lna.<\/em><\/p>\t\t\t\t\t\t\t\t<\/div>\n\t\t\t\t<\/div>\n\t\t\t\t\t<\/div>\n\t\t<\/div>\n\t\t\t\t<div class=\"elementor-column elementor-col-50 elementor-top-column elementor-element elementor-element-4c0420f\" data-id=\"4c0420f\" data-element_type=\"column\" data-e-type=\"column\">\n\t\t\t<div class=\"elementor-widget-wrap elementor-element-populated\">\n\t\t\t\t\t\t<div class=\"elementor-element elementor-element-d2b8bfe elementor-widget elementor-widget-image\" data-id=\"d2b8bfe\" data-element_type=\"widget\" data-e-type=\"widget\" data-widget_type=\"image.default\">\n\t\t\t\t<div class=\"elementor-widget-container\">\n\t\t\t\t\t\t\t\t\t\t\t\t\t\t\t<img decoding=\"async\" src=\"https:\/\/www.boemia-aroma.com\/wp-content\/uploads\/2024\/01\/Boemia-fiche-produit-ABL-2.jpg\" title=\"\" alt=\"\" loading=\"lazy\" \/>\t\t\t\t\t\t\t\t\t\t\t\t\t\t\t<\/div>\n\t\t\t\t<\/div>\n\t\t\t\t\t<\/div>\n\t\t<\/div>\n\t\t\t\t\t<\/div>\n\t\t<\/section>\n\t\t\t\t<\/div>\n\t\t","protected":false},"excerpt":{"rendered":"<p><span data-sheets-value=\"{\"1\":2,\"2\":\"Citrus limon L.\"}\" data-sheets-userformat=\"{\"2\":33567233,\"3\":{\"1\":0},\"12\":0,\"15\":\"Arial\",\"16\":9,\"28\":1}\"><span style=\"color: #ce4e2b;\"><b>Az indi\u00e1n b\u00f6lcsess\u00e9gt\u0151l a sport\u00f6lt\u00f6z\u0151ig, egy korokon \u00e1t\u00edvel\u0151 esszencia<\/b><\/span><\/span><\/p>\n<p><span data-sheets-value=\"{\"1\":2,\"2\":\"Citrus limon L.\"}\" data-sheets-userformat=\"{\"2\":33567233,\"3\":{\"1\":0},\"12\":0,\"15\":\"Arial\",\"16\":9,\"28\":1}\"><i style=\"color: #808080;\">Gaultheria fragrantissima<\/i><\/span><\/p>\n[dt_gap height=\"10\" \/]\n<p><span data-sheets-value=\"{\"1\":2,\"2\":\"Madagascar\"}\" data-sheets-userformat=\"{\"2\":12803,\"3\":{\"1\":0},\"4\":{\"1\":2,\"2\":16773836},\"12\":0,\"15\":\"Arial\",\"16\":9}\"><span style=\"color: #ce4e2b;\">\u2192 <\/span><\/span>Mennyis\u00e9g: 10 ml<\/p>\n<p><span data-sheets-value=\"{\"1\":2,\"2\":\"Madagascar\"}\" data-sheets-userformat=\"{\"2\":12803,\"3\":{\"1\":0},\"4\":{\"1\":2,\"2\":16773836},\"12\":0,\"15\":\"Arial\",\"16\":9}\"><span style=\"color: #ce4e2b;\">\u2192<\/span> Sz\u00e1rmaz\u00e1si hely: Nep\u00e1l<\/span><\/p>\n<p><span style=\"color: #ce4e2b;\" data-sheets-value=\"{\"1\":2,\"2\":\"Madagascar\"}\" data-sheets-userformat=\"{\"2\":12803,\"3\":{\"1\":0},\"4\":{\"1\":2,\"2\":16773836},\"12\":0,\"15\":\"Arial\",\"16\":9}\">\u2192 <\/span>Felhaszn\u00e1lt r\u00e9sz:<span data-sheets-value=\"{\"1\":2,\"2\":\"feuilles\"}\" data-sheets-userformat=\"{\"2\":33567233,\"3\":{\"1\":0},\"12\":0,\"15\":\"Arial\",\"16\":9,\"28\":1}\">Levelek<\/span><\/p>\n<p><span data-sheets-value=\"{\"1\":2,\"2\":\"Extraction \u00e0 la vapeur d'eau\"}\" data-sheets-userformat=\"{\"2\":12803,\"3\":{\"1\":0},\"4\":{\"1\":2,\"2\":16773836},\"12\":0,\"15\":\"Arial\",\"16\":9}\"><span style=\"color: #ce4e2b;\">\u2192<\/span> M\u00f3dszer: G\u0151zzel t\u00f6rt\u00e9n\u0151 extrakci\u00f3<\/span><\/p>\n<p><span data-sheets-value=\"{\"1\":2,\"2\":\"Extraction \u00e0 la vapeur d'eau\"}\" data-sheets-userformat=\"{\"2\":12803,\"3\":{\"1\":0},\"4\":{\"1\":2,\"2\":16773836},\"12\":0,\"15\":\"Arial\",\"16\":9}\"><span style=\"color: #ce4e2b;\">\u2192 Ill\u00f3olaj a Bo\u00e8mia pr\u00e9mium v\u00e1laszt\u00e9k\u00e1b\u00f3l<\/span><\/span><\/p>\n<p><span data-sheets-value=\"{\"1\":2,\"2\":\"Extraction \u00e0 la vapeur d'eau\"}\" data-sheets-userformat=\"{\"2\":12803,\"3\":{\"1\":0},\"4\":{\"1\":2,\"2\":16773836},\"12\":0,\"15\":\"Arial\",\"16\":9}\"><span style=\"color: #ce4e2b;\">\u2192<\/span> T\u00e1rol\u00e1s: 5 \u00e9v<\/span><\/p>\n<p><span data-sheets-value=\"{\"1\":2,\"2\":\"Extraction \u00e0 la vapeur d'eau\"}\" data-sheets-userformat=\"{\"2\":12803,\"3\":{\"1\":0},\"4\":{\"1\":2,\"2\":16773836},\"12\":0,\"15\":\"Arial\",\"16\":9}\"><span style=\"color: #4d6854;\">\u2205<\/span> Nincs t\u00falcsomagol\u00e1s<\/span><\/p>\n","protected":false},"featured_media":22806,"comment_status":"open","ping_status":"closed","template":"","meta":{"_acf_changed":false},"product_brand":[],"product_cat":[204],"product_tag":[],"class_list":{"0":"post-22802","1":"product","2":"type-product","3":"status-publish","4":"has-post-thumbnail","6":"product_cat-illoolajok","7":"pa_usage-izuletek-izmok-es-sportolok","9":"first","10":"instock","11":"featured","12":"taxable","13":"shipping-taxable","14":"purchasable","15":"product-type-simple"},"acf":[],"yoast_head":"<!-- This site is optimized with the Yoast SEO plugin v27.4 - https:\/\/yoast.com\/product\/yoast-seo-wordpress\/ -->\n<title>T\u00e9liz\u00f6ld bio ill\u00f3olaj | Bo\u00e8mia<\/title>\n<meta name=\"description\" content=\"Bio t\u00e9liz\u00f6ld ill\u00f3olaj, amelyet meleg, arom\u00e1s illata miatt v\u00e1lasztottak ki. A Bo\u00e8mia \u00e1ltal gondosan kiv\u00e1lasztott tiszta esszencia.\" \/>\n<meta name=\"robots\" content=\"index, follow, max-snippet:-1, max-image-preview:large, max-video-preview:-1\" \/>\n<link rel=\"canonical\" href=\"https:\/\/www.boemia-aroma.com\/hu\/boemia-aruhaz\/illoolajok\/bio-telizold-illoolaj\/\" \/>\n<meta property=\"og:locale\" content=\"hu_HU\" \/>\n<meta property=\"og:type\" content=\"article\" \/>\n<meta property=\"og:title\" content=\"T\u00e9liz\u00f6ld bio ill\u00f3olaj | Bo\u00e8mia\" \/>\n<meta property=\"og:description\" content=\"Bio t\u00e9liz\u00f6ld ill\u00f3olaj, amelyet meleg, arom\u00e1s illata miatt v\u00e1lasztottak ki. A Bo\u00e8mia \u00e1ltal gondosan kiv\u00e1lasztott tiszta esszencia.\" \/>\n<meta property=\"og:url\" content=\"https:\/\/www.boemia-aroma.com\/hu\/boemia-aruhaz\/illoolajok\/bio-telizold-illoolaj\/\" \/>\n<meta property=\"og:site_name\" content=\"Bo\u00e8mia Aroma\" \/>\n<meta property=\"article:modified_time\" content=\"2026-03-12T22:43:04+00:00\" \/>\n<meta property=\"og:image\" content=\"https:\/\/www.boemia-aroma.com\/wp-content\/uploads\/2023\/09\/gaultherie.webp\" \/>\n\t<meta property=\"og:image:width\" content=\"1200\" \/>\n\t<meta property=\"og:image:height\" content=\"1200\" \/>\n\t<meta property=\"og:image:type\" content=\"image\/webp\" \/>\n<meta name=\"twitter:card\" content=\"summary_large_image\" \/>\n<meta name=\"twitter:label1\" content=\"Becs\u00fclt olvas\u00e1si id\u0151\" \/>\n\t<meta name=\"twitter:data1\" content=\"1 perc\" \/>\n<script type=\"application\/ld+json\" class=\"yoast-schema-graph\">{\"@context\":\"https:\\\/\\\/schema.org\",\"@graph\":[{\"@type\":\"WebPage\",\"@id\":\"https:\\\/\\\/www.boemia-aroma.com\\\/hu\\\/boemia-aruhaz\\\/illoolajok\\\/bio-telizold-illoolaj\\\/\",\"url\":\"https:\\\/\\\/www.boemia-aroma.com\\\/hu\\\/boemia-aruhaz\\\/illoolajok\\\/bio-telizold-illoolaj\\\/\",\"name\":\"T\u00e9liz\u00f6ld bio ill\u00f3olaj | Bo\u00e8mia\",\"isPartOf\":{\"@id\":\"https:\\\/\\\/www.boemia-aroma.com\\\/hu\\\/#website\"},\"primaryImageOfPage\":{\"@id\":\"https:\\\/\\\/www.boemia-aroma.com\\\/hu\\\/boemia-aruhaz\\\/illoolajok\\\/bio-telizold-illoolaj\\\/#primaryimage\"},\"image\":{\"@id\":\"https:\\\/\\\/www.boemia-aroma.com\\\/hu\\\/boemia-aruhaz\\\/illoolajok\\\/bio-telizold-illoolaj\\\/#primaryimage\"},\"thumbnailUrl\":\"https:\\\/\\\/www.boemia-aroma.com\\\/wp-content\\\/uploads\\\/2023\\\/09\\\/gaultherie.webp\",\"datePublished\":\"2023-09-01T13:05:11+00:00\",\"dateModified\":\"2026-03-12T22:43:04+00:00\",\"description\":\"Bio t\u00e9liz\u00f6ld ill\u00f3olaj, amelyet meleg, arom\u00e1s illata miatt v\u00e1lasztottak ki. A Bo\u00e8mia \u00e1ltal gondosan kiv\u00e1lasztott tiszta esszencia.\",\"breadcrumb\":{\"@id\":\"https:\\\/\\\/www.boemia-aroma.com\\\/hu\\\/boemia-aruhaz\\\/illoolajok\\\/bio-telizold-illoolaj\\\/#breadcrumb\"},\"inLanguage\":\"hu\",\"potentialAction\":[{\"@type\":\"ReadAction\",\"target\":[\"https:\\\/\\\/www.boemia-aroma.com\\\/hu\\\/boemia-aruhaz\\\/illoolajok\\\/bio-telizold-illoolaj\\\/\"]}]},{\"@type\":\"ImageObject\",\"inLanguage\":\"hu\",\"@id\":\"https:\\\/\\\/www.boemia-aroma.com\\\/hu\\\/boemia-aruhaz\\\/illoolajok\\\/bio-telizold-illoolaj\\\/#primaryimage\",\"url\":\"https:\\\/\\\/www.boemia-aroma.com\\\/wp-content\\\/uploads\\\/2023\\\/09\\\/gaultherie.webp\",\"contentUrl\":\"https:\\\/\\\/www.boemia-aroma.com\\\/wp-content\\\/uploads\\\/2023\\\/09\\\/gaultherie.webp\",\"width\":1200,\"height\":1200},{\"@type\":\"BreadcrumbList\",\"@id\":\"https:\\\/\\\/www.boemia-aroma.com\\\/hu\\\/boemia-aruhaz\\\/illoolajok\\\/bio-telizold-illoolaj\\\/#breadcrumb\",\"itemListElement\":[{\"@type\":\"ListItem\",\"position\":1,\"name\":\"Kezd\u0151lap\",\"item\":\"https:\\\/\\\/www.boemia-aroma.com\\\/hu\\\/\"},{\"@type\":\"ListItem\",\"position\":2,\"name\":\"Boemia \u00c1ruh\u00e1z\",\"item\":\"https:\\\/\\\/www.boemia-aroma.com\\\/hu\\\/boemia-aruhaz\\\/\"},{\"@type\":\"ListItem\",\"position\":3,\"name\":\"Bio t\u00e9liz\u00f6ld ill\u00f3olaj &#8211; 10 ml\"}]},{\"@type\":\"WebSite\",\"@id\":\"https:\\\/\\\/www.boemia-aroma.com\\\/hu\\\/#website\",\"url\":\"https:\\\/\\\/www.boemia-aroma.com\\\/hu\\\/\",\"name\":\"Bo\u00e8mia Aroma\",\"description\":\"\",\"publisher\":{\"@id\":\"https:\\\/\\\/www.boemia-aroma.com\\\/hu\\\/#organization\"},\"alternateName\":\"Bo\u00e8mia Aroma\",\"potentialAction\":[{\"@type\":\"SearchAction\",\"target\":{\"@type\":\"EntryPoint\",\"urlTemplate\":\"https:\\\/\\\/www.boemia-aroma.com\\\/hu\\\/?s={search_term_string}\"},\"query-input\":{\"@type\":\"PropertyValueSpecification\",\"valueRequired\":true,\"valueName\":\"search_term_string\"}}],\"inLanguage\":\"hu\"},{\"@type\":\"Organization\",\"@id\":\"https:\\\/\\\/www.boemia-aroma.com\\\/hu\\\/#organization\",\"name\":\"Bo\u00e8mia Aroma\",\"url\":\"https:\\\/\\\/www.boemia-aroma.com\\\/hu\\\/\",\"logo\":{\"@type\":\"ImageObject\",\"inLanguage\":\"hu\",\"@id\":\"https:\\\/\\\/www.boemia-aroma.com\\\/hu\\\/#\\\/schema\\\/logo\\\/image\\\/\",\"url\":\"https:\\\/\\\/www.boemia-aroma.com\\\/wp-content\\\/uploads\\\/2023\\\/07\\\/logo-boemia-aroma.png\",\"contentUrl\":\"https:\\\/\\\/www.boemia-aroma.com\\\/wp-content\\\/uploads\\\/2023\\\/07\\\/logo-boemia-aroma.png\",\"width\":300,\"height\":176,\"caption\":\"Bo\u00e8mia Aroma\"},\"image\":{\"@id\":\"https:\\\/\\\/www.boemia-aroma.com\\\/hu\\\/#\\\/schema\\\/logo\\\/image\\\/\"}}]}<\/script>\n<!-- \/ Yoast SEO plugin. -->","yoast_head_json":{"title":"T\u00e9liz\u00f6ld bio ill\u00f3olaj | Bo\u00e8mia","description":"Bio t\u00e9liz\u00f6ld ill\u00f3olaj, amelyet meleg, arom\u00e1s illata miatt v\u00e1lasztottak ki. A Bo\u00e8mia \u00e1ltal gondosan kiv\u00e1lasztott tiszta esszencia.","robots":{"index":"index","follow":"follow","max-snippet":"max-snippet:-1","max-image-preview":"max-image-preview:large","max-video-preview":"max-video-preview:-1"},"canonical":"https:\/\/www.boemia-aroma.com\/hu\/boemia-aruhaz\/illoolajok\/bio-telizold-illoolaj\/","og_locale":"hu_HU","og_type":"article","og_title":"T\u00e9liz\u00f6ld bio ill\u00f3olaj | Bo\u00e8mia","og_description":"Bio t\u00e9liz\u00f6ld ill\u00f3olaj, amelyet meleg, arom\u00e1s illata miatt v\u00e1lasztottak ki. A Bo\u00e8mia \u00e1ltal gondosan kiv\u00e1lasztott tiszta esszencia.","og_url":"https:\/\/www.boemia-aroma.com\/hu\/boemia-aruhaz\/illoolajok\/bio-telizold-illoolaj\/","og_site_name":"Bo\u00e8mia Aroma","article_modified_time":"2026-03-12T22:43:04+00:00","og_image":[{"width":1200,"height":1200,"url":"https:\/\/www.boemia-aroma.com\/wp-content\/uploads\/2023\/09\/gaultherie.webp","type":"image\/webp"}],"twitter_card":"summary_large_image","twitter_misc":{"Becs\u00fclt olvas\u00e1si id\u0151":"1 perc"},"schema":{"@context":"https:\/\/schema.org","@graph":[{"@type":"WebPage","@id":"https:\/\/www.boemia-aroma.com\/hu\/boemia-aruhaz\/illoolajok\/bio-telizold-illoolaj\/","url":"https:\/\/www.boemia-aroma.com\/hu\/boemia-aruhaz\/illoolajok\/bio-telizold-illoolaj\/","name":"T\u00e9liz\u00f6ld bio ill\u00f3olaj | Bo\u00e8mia","isPartOf":{"@id":"https:\/\/www.boemia-aroma.com\/hu\/#website"},"primaryImageOfPage":{"@id":"https:\/\/www.boemia-aroma.com\/hu\/boemia-aruhaz\/illoolajok\/bio-telizold-illoolaj\/#primaryimage"},"image":{"@id":"https:\/\/www.boemia-aroma.com\/hu\/boemia-aruhaz\/illoolajok\/bio-telizold-illoolaj\/#primaryimage"},"thumbnailUrl":"https:\/\/www.boemia-aroma.com\/wp-content\/uploads\/2023\/09\/gaultherie.webp","datePublished":"2023-09-01T13:05:11+00:00","dateModified":"2026-03-12T22:43:04+00:00","description":"Bio t\u00e9liz\u00f6ld ill\u00f3olaj, amelyet meleg, arom\u00e1s illata miatt v\u00e1lasztottak ki. A Bo\u00e8mia \u00e1ltal gondosan kiv\u00e1lasztott tiszta esszencia.","breadcrumb":{"@id":"https:\/\/www.boemia-aroma.com\/hu\/boemia-aruhaz\/illoolajok\/bio-telizold-illoolaj\/#breadcrumb"},"inLanguage":"hu","potentialAction":[{"@type":"ReadAction","target":["https:\/\/www.boemia-aroma.com\/hu\/boemia-aruhaz\/illoolajok\/bio-telizold-illoolaj\/"]}]},{"@type":"ImageObject","inLanguage":"hu","@id":"https:\/\/www.boemia-aroma.com\/hu\/boemia-aruhaz\/illoolajok\/bio-telizold-illoolaj\/#primaryimage","url":"https:\/\/www.boemia-aroma.com\/wp-content\/uploads\/2023\/09\/gaultherie.webp","contentUrl":"https:\/\/www.boemia-aroma.com\/wp-content\/uploads\/2023\/09\/gaultherie.webp","width":1200,"height":1200},{"@type":"BreadcrumbList","@id":"https:\/\/www.boemia-aroma.com\/hu\/boemia-aruhaz\/illoolajok\/bio-telizold-illoolaj\/#breadcrumb","itemListElement":[{"@type":"ListItem","position":1,"name":"Kezd\u0151lap","item":"https:\/\/www.boemia-aroma.com\/hu\/"},{"@type":"ListItem","position":2,"name":"Boemia \u00c1ruh\u00e1z","item":"https:\/\/www.boemia-aroma.com\/hu\/boemia-aruhaz\/"},{"@type":"ListItem","position":3,"name":"Bio t\u00e9liz\u00f6ld ill\u00f3olaj &#8211; 10 ml"}]},{"@type":"WebSite","@id":"https:\/\/www.boemia-aroma.com\/hu\/#website","url":"https:\/\/www.boemia-aroma.com\/hu\/","name":"Bo\u00e8mia Aroma","description":"","publisher":{"@id":"https:\/\/www.boemia-aroma.com\/hu\/#organization"},"alternateName":"Bo\u00e8mia Aroma","potentialAction":[{"@type":"SearchAction","target":{"@type":"EntryPoint","urlTemplate":"https:\/\/www.boemia-aroma.com\/hu\/?s={search_term_string}"},"query-input":{"@type":"PropertyValueSpecification","valueRequired":true,"valueName":"search_term_string"}}],"inLanguage":"hu"},{"@type":"Organization","@id":"https:\/\/www.boemia-aroma.com\/hu\/#organization","name":"Bo\u00e8mia Aroma","url":"https:\/\/www.boemia-aroma.com\/hu\/","logo":{"@type":"ImageObject","inLanguage":"hu","@id":"https:\/\/www.boemia-aroma.com\/hu\/#\/schema\/logo\/image\/","url":"https:\/\/www.boemia-aroma.com\/wp-content\/uploads\/2023\/07\/logo-boemia-aroma.png","contentUrl":"https:\/\/www.boemia-aroma.com\/wp-content\/uploads\/2023\/07\/logo-boemia-aroma.png","width":300,"height":176,"caption":"Bo\u00e8mia Aroma"},"image":{"@id":"https:\/\/www.boemia-aroma.com\/hu\/#\/schema\/logo\/image\/"}}]}},"_links":{"self":[{"href":"https:\/\/www.boemia-aroma.com\/hu\/wp-json\/wp\/v2\/product\/22802","targetHints":{"allow":["GET"]}}],"collection":[{"href":"https:\/\/www.boemia-aroma.com\/hu\/wp-json\/wp\/v2\/product"}],"about":[{"href":"https:\/\/www.boemia-aroma.com\/hu\/wp-json\/wp\/v2\/types\/product"}],"replies":[{"embeddable":true,"href":"https:\/\/www.boemia-aroma.com\/hu\/wp-json\/wp\/v2\/comments?post=22802"}],"version-history":[{"count":0,"href":"https:\/\/www.boemia-aroma.com\/hu\/wp-json\/wp\/v2\/product\/22802\/revisions"}],"wp:featuredmedia":[{"embeddable":true,"href":"https:\/\/www.boemia-aroma.com\/hu\/wp-json\/wp\/v2\/media\/22806"}],"wp:attachment":[{"href":"https:\/\/www.boemia-aroma.com\/hu\/wp-json\/wp\/v2\/media?parent=22802"}],"wp:term":[{"taxonomy":"product_brand","embeddable":true,"href":"https:\/\/www.boemia-aroma.com\/hu\/wp-json\/wp\/v2\/product_brand?post=22802"},{"taxonomy":"product_cat","embeddable":true,"href":"https:\/\/www.boemia-aroma.com\/hu\/wp-json\/wp\/v2\/product_cat?post=22802"},{"taxonomy":"product_tag","embeddable":true,"href":"https:\/\/www.boemia-aroma.com\/hu\/wp-json\/wp\/v2\/product_tag?post=22802"}],"curies":[{"name":"wp","href":"https:\/\/api.w.org\/{rel}","templated":true}]}}