{"id":23687,"date":"2023-12-23T11:10:44","date_gmt":"2023-12-23T10:10:44","guid":{"rendered":"https:\/\/www.boemia-aroma.com\/mentions-legales\/"},"modified":"2026-03-12T16:10:48","modified_gmt":"2026-03-12T15:10:48","slug":"jogi-informaciok","status":"publish","type":"page","link":"https:\/\/www.boemia-aroma.com\/hu\/jogi-informaciok\/","title":{"rendered":"Jogi inform\u00e1ci\u00f3k"},"content":{"rendered":"\t\t<div data-elementor-type=\"wp-page\" data-elementor-id=\"23687\" class=\"elementor elementor-23687 elementor-12523\" data-elementor-post-type=\"page\">\n\t\t\t\t\t\t<section class=\"elementor-section elementor-top-section elementor-element elementor-element-e9ea240 elementor-section-boxed elementor-section-height-default elementor-section-height-default\" data-id=\"e9ea240\" data-element_type=\"section\" data-e-type=\"section\">\n\t\t\t\t\t\t<div class=\"elementor-container elementor-column-gap-default\">\n\t\t\t\t\t<div class=\"elementor-column elementor-col-100 elementor-top-column elementor-element elementor-element-19f83eb4\" data-id=\"19f83eb4\" data-element_type=\"column\" data-e-type=\"column\">\n\t\t\t<div class=\"elementor-widget-wrap elementor-element-populated\">\n\t\t\t\t\t\t<div class=\"elementor-element elementor-element-c870f88 elementor-widget elementor-widget-heading\" data-id=\"c870f88\" data-element_type=\"widget\" data-e-type=\"widget\" data-widget_type=\"heading.default\">\n\t\t\t\t<div class=\"elementor-widget-container\">\n\t\t\t\t\t<h1 class=\"elementor-heading-title elementor-size-default\">Jogi inform\u00e1ci\u00f3k<\/h1>\t\t\t\t<\/div>\n\t\t\t\t<\/div>\n\t\t\t\t<div class=\"elementor-element elementor-element-783b77f elementor-widget elementor-widget-text-editor\" data-id=\"783b77f\" data-element_type=\"widget\" data-e-type=\"widget\" data-widget_type=\"text-editor.default\">\n\t\t\t\t<div class=\"elementor-widget-container\">\n\t\t\t\t\t\t\t\t\t<h2 class=\"wp-block-heading\"><strong>1. A helysz\u00edn bemutat\u00e1sa :<br><\/strong><\/h2>\n<p> <\/p>\n<p>A digit\u00e1lis gazdas\u00e1gba vetett bizalomr\u00f3l sz\u00f3l\u00f3, 2004. j\u00fanius 21-i 2004-575. sz. t\u00f6rv\u00e9ny, az \u00fagynevezett L.C.E.N. 6., III. \u00e9s 19. cikk\u00e9nek rendelkez\u00e9seivel \u00f6sszhangban ez\u00faton t\u00e1j\u00e9koztatjuk a felhaszn\u00e1l\u00f3kat \u00e9s a weboldal l\u00e1togat\u00f3it: <a href=\"http:\/\/www.boemia-aroma.fr\/\" target=\"_blank\" rel=\"noreferrer noopener\">www.boemia-aroma.com<\/a> az al\u00e1bbi inform\u00e1ci\u00f3kr\u00f3l:<\/p>\n<p> <\/p>\n<h2 class=\"wp-block-heading\"><strong>Jogi inform\u00e1ci\u00f3k :  <\/strong><\/h2>\n<p> <\/p>\n<p>Tulajdonos st\u00e1tusz :  <strong>C\u00e9g<\/strong><br>El\u0151tag :  <strong>SARL<\/strong><br>C\u00e9gn\u00e9v : <strong> Bo\u00e8mia &#8211; A term\u00e9szet kincsei<\/strong><br>C\u00edm :  <strong>17 Hameau de R\u00e9qui 11200 Montlaur<\/strong><br>Tel :  <strong>06 71 10 54 52<\/strong><br>Capital: : <strong> 15 000\u20ac<\/strong><br>SIRET :  <strong>85096167300017<\/strong> <strong> &#8211; SIREN 850961673 R .C .S Carcassonne<\/strong><br>K\u00f6z\u00f6ss\u00e9gen bel\u00fcli ad\u00f3sz\u00e1m :  <strong>FR37850961673<\/strong><br>E-mail c\u00edm :  <strong>boemia@outlook.fr<\/strong><\/p>\n<p> <\/p>\n<p>Az oldal l\u00e9trehoz\u00f3ja : <strong><a href=\"https:\/\/asapdigital.fr\/\">ASAP DIGITAL<\/a> | Bureau de transition num\u00e9rique<\/strong><\/p>\n<p> <\/p>\n<p>Kapcsolatfelv\u00e9tel a kiad\u00e1s vezet\u0151j\u00e9vel: <strong>contact@boemia-aroma.fr<\/strong><\/p>\n<p> <\/p>\n<p>A weboldal t\u00e1rhelye: <strong>OVH 2 rue Kellermann ? BP 80157 59053 ROUBAIX CEDEX 1<\/strong><\/p>\n<p> <\/p>\n<h2 class=\"wp-block-heading\"><strong>2. A ny\u00fajtott szolg\u00e1ltat\u00e1sok le\u00edr\u00e1sa :<\/strong><\/h2>\n<p> <\/p>\n<p>A www.boemia <a href=\"http:\/\/www.boemia-aroma.fr\/\" target=\"_blank\" rel=\"noreferrer noopener\">-aroma.com<\/a> weboldal c\u00e9lja, hogy t\u00e1j\u00e9koztat\u00e1st ny\u00fajtson a v\u00e1llalat valamennyi tev\u00e9kenys\u00e9g\u00e9r\u0151l.<br>A weboldal tulajdonosa arra t\u00f6rekszik, hogy a <a href=\"http:\/\/www.boemia-aroma.fr\/\" target=\"_blank\" rel=\"noreferrer noopener\">www.boemia-aroma.com<\/a> weboldalon a lehet\u0151 legpontosabb inform\u00e1ci\u00f3kat ny\u00fajtsa. Nem v\u00e1llal felel\u0151ss\u00e9get azonban az inform\u00e1ci\u00f3k esetleges hi\u00e1nyoss\u00e1gai\u00e9rt, pontatlans\u00e1gai\u00e9rt vagy aktualiz\u00e1l\u00e1s\u00e1nak elmulaszt\u00e1s\u00e1\u00e9rt, f\u00fcggetlen\u00fcl att\u00f3l, hogy ezek a saj\u00e1t vagy az inform\u00e1ci\u00f3t szolg\u00e1ltat\u00f3 harmadik f\u00e9l partnerek hib\u00e1j\u00e1b\u00f3l t\u00f6rt\u00e9ntek.<br>A <a href=\"http:\/\/www.boemia-aroma.fr\/\" target=\"_blank\" rel=\"noreferrer noopener\">www.boemia-aroma.com<\/a> weboldalon tal\u00e1lhat\u00f3 valamennyi inform\u00e1ci\u00f3 kiz\u00e1r\u00f3lag t\u00e1j\u00e9koztat\u00f3 jelleg\u0171, nem teljes k\u00f6r\u0171 \u00e9s v\u00e1ltozhat. El\u0151fordulhat, hogy a k\u00f6zz\u00e9t\u00e9tel \u00f3ta bek\u00f6vetkezett v\u00e1ltoztat\u00e1sok miatt az inform\u00e1ci\u00f3k nem ker\u00fclnek fel az internetre.  <\/p>\n<p> <\/p>\n<h2 class=\"wp-block-heading\"><strong>3. Szellemi tulajdon \u00e9s hamis\u00edt\u00e1s :<\/strong><\/h2>\n<p> <\/p>\n<p>Az oldal tulajdonosa a szellemi tulajdonjogok tulajdonosa, illetve a weboldalon el\u00e9rhet\u0151 \u00f6sszes elem, k\u00fcl\u00f6n\u00f6sen a sz\u00f6vegek, k\u00e9pek, grafik\u00e1k, log\u00f3k, ikonok, hangok, szoftverek&#8230;<br>Az oldal elemeinek b\u00e1rmilyen reproduk\u00e1l\u00e1sa, megjelen\u00edt\u00e9se, m\u00f3dos\u00edt\u00e1sa, k\u00f6zz\u00e9t\u00e9tele, adapt\u00e1l\u00e1sa, teljes vagy r\u00e9szleges feldolgoz\u00e1sa, f\u00fcggetlen\u00fcl az alkalmazott eszk\u00f6zt\u0151l vagy elj\u00e1r\u00e1st\u00f3l, tilos, kiv\u00e9ve az el\u0151zetes \u00edr\u00e1sbeli enged\u00e9lyt az e-mail c\u00edmen: <a href=\"mailto:jeremie@boemia-aroma.fr?subject=Contact%20%C3%AF%C2%BF%C2%BD%20partir%20des%20mentions%20l%C3%AF%C2%BF%C2%BDgales%20via%20le%20site%20www.boemia-aroma.fr\"><strong>jeremie@boemia-aroma.fr<\/strong><\/a> .<br>Az oldal vagy a rajta tal\u00e1lhat\u00f3 b\u00e1rmely elem jogosulatlan haszn\u00e1lata jogs\u00e9rt\u00e9snek min\u0151s\u00fcl, \u00e9s a francia szellemi tulajdonr\u00f3l sz\u00f3l\u00f3 t\u00f6rv\u00e9nyk\u00f6nyv L.335-2. \u00e9s azt k\u00f6vet\u0151 cikkeinek rendelkez\u00e9sei szerint b\u00fcntet\u0151elj\u00e1r\u00e1s indul.<\/p>\n<p> <\/p>\n<h2 class=\"wp-block-heading\"><strong>4. Hiperlinkek \u00e9s s\u00fctik :<\/strong><\/h2>\n<p> <\/p>\n<p>A www.boemia <a href=\"http:\/\/www.boemia-aroma.fr\/\" target=\"_blank\" rel=\"noreferrer noopener\">-aroma.com<\/a> oldal sz\u00e1mos hipertext linket tartalmaz m\u00e1s oldalakra (partnerek, inform\u00e1ci\u00f3k stb.), amelyeket az oldal tulajdonos\u00e1nak enged\u00e9ly\u00e9vel hoztak l\u00e9tre. Az oldal tulajdonos\u00e1nak azonban nincs lehet\u0151s\u00e9ge ellen\u0151rizni az ilyen m\u00f3don megl\u00e1togatott oldalak tartalm\u00e1t, ez\u00e9rt minden felel\u0151ss\u00e9get kiz\u00e1r a jogellenes tartalom kock\u00e1zat\u00e1\u00e9rt. <\/p>\n<p> <\/p>\n<p>T\u00e1j\u00e9koztatjuk a felhaszn\u00e1l\u00f3kat, hogy a <a href=\"http:\/\/www.boemia-aroma.fr\/\" target=\"_blank\" rel=\"noreferrer noopener\">www.boemia-aroma.com<\/a> weboldal megl\u00e1togat\u00e1sakor egy vagy t\u00f6bb cookie automatikusan telep\u00fclhet a sz\u00e1m\u00edt\u00f3g\u00e9p\u00fckre. A cookie egy olyan kis f\u00e1jl, amely nem teszi lehet\u0151v\u00e9 a felhaszn\u00e1l\u00f3 azonos\u00edt\u00e1s\u00e1t, de amely r\u00f6gz\u00edti a sz\u00e1m\u00edt\u00f3g\u00e9p b\u00f6ng\u00e9sz\u00e9s\u00e9vel kapcsolatos inform\u00e1ci\u00f3kat egy weboldalon. Az \u00edgy nyert adatok c\u00e9lja, hogy megk\u00f6nny\u00edts\u00e9k az oldal k\u00e9s\u0151bbi b\u00f6ng\u00e9sz\u00e9s\u00e9t, \u00e9s a l\u00e1togat\u00f3sz\u00e1m m\u00e9r\u00e9s\u00e9re is haszn\u00e1lj\u00e1k.  <\/p>\n<p> <\/p>\n<p>A b\u00f6ng\u00e9sz\u0151szoftver be\u00e1ll\u00edthat\u00f3 \u00fagy, hogy t\u00e1j\u00e9koztassa a felhaszn\u00e1l\u00f3kat a s\u00fctik jelenl\u00e9t\u00e9r\u0151l, \u00e9s sz\u00fcks\u00e9g eset\u00e9n elutas\u00edtsa azokat, a k\u00f6vetkez\u0151 c\u00edmen tal\u00e1lhat\u00f3 le\u00edr\u00e1s szerint: www.cnil.fr<br>A s\u00fctik telep\u00edt\u00e9s\u00e9nek elutas\u00edt\u00e1sa megakad\u00e1lyozhatja a felhaszn\u00e1l\u00f3kat bizonyos szolg\u00e1ltat\u00e1sok el\u00e9r\u00e9s\u00e9ben. A felhaszn\u00e1l\u00f3k azonban a k\u00f6vetkez\u0151k\u00e9ppen konfigur\u00e1lhatj\u00e1k sz\u00e1m\u00edt\u00f3g\u00e9p\u00fcket a s\u00fctik telep\u00edt\u00e9s\u00e9nek elutas\u00edt\u00e1s\u00e1ra:<br>Internet Explorerben: Eszk\u00f6z\u00f6k\/Internetbe\u00e1ll\u00edt\u00e1sok f\u00fcl. Kattintson a Bizalmass\u00e1g men\u00fcpontra, \u00e9s v\u00e1lassza az \u00d6sszes cookie blokkol\u00e1sa lehet\u0151s\u00e9get. Er\u0151s\u00edtse meg az Ok gomb megnyom\u00e1s\u00e1val.<br>Netscape: Szerkeszt\u00e9s lap \/ be\u00e1ll\u00edt\u00e1sok. Kattintson a Speci\u00e1lis gombra, \u00e9s v\u00e1lassza a S\u00fctik kikapcsol\u00e1sa lehet\u0151s\u00e9get. Kattintson az OK gombra.     <\/p>\n<p> <\/p>\n<h2 class=\"wp-block-heading\"><strong>5. Szem\u00e9ly- \u00e9s vagyonv\u00e9delem &#8211; szem\u00e9lyes adatok kezel\u00e9se :<\/strong><\/h2>\n<p> <\/p>\n<p>Felhaszn\u00e1l\u00f3: a fent eml\u00edtett oldalhoz csatlakoz\u00f3 \u00e9s azt haszn\u00e1l\u00f3 internetfelhaszn\u00e1l\u00f3: <a href=\"http:\/\/www.boemia-aroma.fr\/\" target=\"_blank\" rel=\"noreferrer noopener\">www.boemia-aroma.com<\/a><br>Franciaorsz\u00e1gban a szem\u00e9lyes adatokat az 1978. janu\u00e1r 6-i 78-87. sz. t\u00f6rv\u00e9ny, a 2004. augusztus 6-i 2004-801. sz. t\u00f6rv\u00e9ny, a b\u00fcntet\u0151 t\u00f6rv\u00e9nyk\u00f6nyv L. 226-13. cikke \u00e9s az 1995. okt\u00f3ber 24-i eur\u00f3pai ir\u00e1nyelv v\u00e9di.<\/p>\n<p> <\/p>\n<p>A www.boemia <a href=\"http:\/\/www.boemia-aroma.fr\/\" target=\"_blank\" rel=\"noreferrer noopener\">-aroma.com<\/a> weboldalon a weboldal tulajdonosa a felhaszn\u00e1l\u00f3ra vonatkoz\u00f3 szem\u00e9lyes adatokat kiz\u00e1r\u00f3lag a <a href=\"http:\/\/www.boemia-aroma.fr\/\" target=\"_blank\" rel=\"noreferrer noopener\">www.boemia-aroma.com weboldal \u00e1ltal k\u00edn\u00e1lt bizonyos szolg\u00e1ltat\u00e1sok c\u00e9ljaira gy\u0171jti .<\/a> A felhaszn\u00e1l\u00f3k ezeket az inform\u00e1ci\u00f3kat a t\u00e9nyek teljes tudat\u00e1ban adj\u00e1k meg, k\u00fcl\u00f6n\u00f6sen akkor, ha azokat saj\u00e1t maguk adj\u00e1k meg. A www.boemia <a href=\"http:\/\/www.boemia-aroma.fr\/\" target=\"_blank\" rel=\"noreferrer noopener\">-aroma.com<\/a> weboldal felhaszn\u00e1l\u00f3it ezut\u00e1n t\u00e1j\u00e9koztatj\u00e1k arr\u00f3l, hogy sz\u00fcks\u00e9g van-e ezen adatok megad\u00e1s\u00e1ra.<br>Az adatfeldolgoz\u00e1sr\u00f3l, az adat\u00e1llom\u00e1nyokr\u00f3l \u00e9s az egy\u00e9ni szabads\u00e1gjogokr\u00f3l sz\u00f3l\u00f3, 1978. janu\u00e1r 6-i 78-17. sz. t\u00f6rv\u00e9ny 38. \u00e9s azt k\u00f6vet\u0151 cikkeinek rendelkez\u00e9sei szerint minden felhaszn\u00e1l\u00f3nak joga van a r\u00e1 vonatkoz\u00f3 szem\u00e9lyes adatokhoz val\u00f3 hozz\u00e1f\u00e9r\u00e9shez, azok helyesb\u00edt\u00e9s\u00e9hez, t\u00f6rl\u00e9s\u00e9hez \u00e9s tiltakoz\u00e1shoz. E jog gyakorl\u00e1s\u00e1hoz k\u00fcldje el k\u00e9relm\u00e9t a <a href=\"http:\/\/www.boemia-aroma.fr\/\" target=\"_blank\" rel=\"noreferrer noopener\">www.boemia-aroma.com<\/a> e-mail c\u00edmre: webmaster e-mail c\u00edme vagy \u00edr\u00e1sos \u00e9s al\u00e1\u00edrt k\u00e9relem elk\u00fcld\u00e9s\u00e9vel, amelyhez csatolni kell a szem\u00e9lyazonoss\u00e1got igazol\u00f3 okm\u00e1ny m\u00e1solat\u00e1t, amely tartalmazza az okm\u00e1ny birtokos\u00e1nak al\u00e1\u00edr\u00e1s\u00e1t, megjel\u00f6lve azt a c\u00edmet, amelyre a v\u00e1laszt k\u00fcldeni kell.   <\/p>\n<p> <\/p>\n<p>A www.boemia <a href=\"http:\/\/www.boemia-aroma.fr\/\" target=\"_blank\" rel=\"noreferrer noopener\">-aroma.com<\/a> oldal felhaszn\u00e1l\u00f3j\u00e1nak szem\u00e9lyes adatait a felhaszn\u00e1l\u00f3 tudta n\u00e9lk\u00fcl nem hozz\u00e1k nyilv\u00e1noss\u00e1gra, nem cser\u00e9lik, nem adj\u00e1k \u00e1t, nem ruh\u00e1zz\u00e1k \u00e1t \u00e9s nem adj\u00e1k el harmadik f\u00e9lnek semmilyen m\u00f3don. Kiz\u00e1r\u00f3lag a <a href=\"http:\/\/www.boemia-aroma.fr\/\" target=\"_blank\" rel=\"noreferrer noopener\">www.boemia-aroma.com<\/a> oldal megv\u00e1s\u00e1rl\u00e1s\u00e1nak v\u00e1llal\u00e1sa az oldal tulajdonosa \u00e9s annak jogai \u00e1ltal lehet\u0151v\u00e9 tenn\u00e9 az eml\u00edtett inform\u00e1ci\u00f3k tov\u00e1bb\u00edt\u00e1s\u00e1t az esetleges v\u00e1s\u00e1rl\u00f3nak, akit viszont a <a href=\"http:\/\/www.boemia-aroma.fr\/\" target=\"_blank\" rel=\"noreferrer noopener\">www.boemia-aroma.com<\/a> oldal felhaszn\u00e1l\u00f3j\u00e1ra vonatkoz\u00f3an ugyanaz az adatmeg\u0151rz\u00e9si \u00e9s -m\u00f3dos\u00edt\u00e1si k\u00f6telezetts\u00e9g k\u00f6t. <\/p>\n<p> <\/p>\n<p>A www.boemia-aroma.fr weboldal megfelel az RGPD-nek.<\/p>\n<p> <\/p>\n<p>Az adatb\u00e1zisokat az adatb\u00e1zisok jogi v\u00e9delm\u00e9r\u0151l sz\u00f3l\u00f3, 1996. m\u00e1rcius 11-i 96\/9\/EK ir\u00e1nyelvet \u00e1t\u00fcltet\u0151 1998. j\u00falius 1-jei t\u00f6rv\u00e9ny rendelkez\u00e9sei v\u00e9dik.<\/p>\t\t\t\t\t\t\t\t<\/div>\n\t\t\t\t<\/div>\n\t\t\t\t\t<\/div>\n\t\t<\/div>\n\t\t\t\t\t<\/div>\n\t\t<\/section>\n\t\t\t\t<\/div>\n\t\t","protected":false},"excerpt":{"rendered":"<p>Jogi inform\u00e1ci\u00f3k 1. A helysz\u00edn bemutat\u00e1sa : A digit\u00e1lis gazdas\u00e1gba vetett bizalomr\u00f3l sz\u00f3l\u00f3, 2004. j\u00fanius 21-i 2004-575. sz. t\u00f6rv\u00e9ny, az \u00fagynevezett L.C.E.N. 6., III. \u00e9s 19. cikk\u00e9nek rendelkez\u00e9seivel \u00f6sszhangban ez\u00faton t\u00e1j\u00e9koztatjuk a felhaszn\u00e1l\u00f3kat \u00e9s a weboldal l\u00e1togat\u00f3it: www.boemia-aroma.com az al\u00e1bbi inform\u00e1ci\u00f3kr\u00f3l: Jogi inform\u00e1ci\u00f3k : Tulajdonos st\u00e1tusz : C\u00e9gEl\u0151tag : SARLC\u00e9gn\u00e9v : Bo\u00e8mia &#8211; A term\u00e9szet&hellip;<\/p>\n","protected":false},"author":2045,"featured_media":0,"parent":0,"menu_order":0,"comment_status":"closed","ping_status":"closed","template":"","meta":{"_acf_changed":false,"footnotes":""},"class_list":["post-23687","page","type-page","status-publish","hentry"],"acf":[],"yoast_head":"<!-- This site is optimized with the Yoast SEO plugin v27.4 - https:\/\/yoast.com\/product\/yoast-seo-wordpress\/ -->\n<title>Jogi inform\u00e1ci\u00f3k - Bo\u00e8mia Aroma<\/title>\n<meta name=\"description\" content=\"Jogi k\u00f6zlem\u00e9nyeknek szentelt oldal. Bo\u00e8mia\" \/>\n<meta name=\"robots\" content=\"index, follow, max-snippet:-1, max-image-preview:large, max-video-preview:-1\" \/>\n<link rel=\"canonical\" href=\"https:\/\/www.boemia-aroma.com\/hu\/jogi-informaciok\/\" \/>\n<meta property=\"og:locale\" content=\"hu_HU\" \/>\n<meta property=\"og:type\" content=\"article\" \/>\n<meta property=\"og:title\" content=\"Jogi inform\u00e1ci\u00f3k - Bo\u00e8mia Aroma\" \/>\n<meta property=\"og:description\" content=\"Jogi k\u00f6zlem\u00e9nyeknek szentelt oldal. Bo\u00e8mia\" \/>\n<meta property=\"og:url\" content=\"https:\/\/www.boemia-aroma.com\/hu\/jogi-informaciok\/\" \/>\n<meta property=\"og:site_name\" content=\"Bo\u00e8mia Aroma\" \/>\n<meta property=\"article:modified_time\" content=\"2026-03-12T15:10:48+00:00\" \/>\n<meta name=\"twitter:card\" content=\"summary_large_image\" \/>\n<meta name=\"twitter:label1\" content=\"Becs\u00fclt olvas\u00e1si id\u0151\" \/>\n\t<meta name=\"twitter:data1\" content=\"6 perc\" \/>\n<script type=\"application\/ld+json\" class=\"yoast-schema-graph\">{\"@context\":\"https:\\\/\\\/schema.org\",\"@graph\":[{\"@type\":\"WebPage\",\"@id\":\"https:\\\/\\\/www.boemia-aroma.com\\\/hu\\\/jogi-informaciok\\\/\",\"url\":\"https:\\\/\\\/www.boemia-aroma.com\\\/hu\\\/jogi-informaciok\\\/\",\"name\":\"Jogi inform\u00e1ci\u00f3k - Bo\u00e8mia Aroma\",\"isPartOf\":{\"@id\":\"https:\\\/\\\/www.boemia-aroma.com\\\/hu\\\/#website\"},\"datePublished\":\"2023-12-23T10:10:44+00:00\",\"dateModified\":\"2026-03-12T15:10:48+00:00\",\"description\":\"Jogi k\u00f6zlem\u00e9nyeknek szentelt oldal. Bo\u00e8mia\",\"breadcrumb\":{\"@id\":\"https:\\\/\\\/www.boemia-aroma.com\\\/hu\\\/jogi-informaciok\\\/#breadcrumb\"},\"inLanguage\":\"hu\",\"potentialAction\":[{\"@type\":\"ReadAction\",\"target\":[\"https:\\\/\\\/www.boemia-aroma.com\\\/hu\\\/jogi-informaciok\\\/\"]}]},{\"@type\":\"BreadcrumbList\",\"@id\":\"https:\\\/\\\/www.boemia-aroma.com\\\/hu\\\/jogi-informaciok\\\/#breadcrumb\",\"itemListElement\":[{\"@type\":\"ListItem\",\"position\":1,\"name\":\"Kezd\u0151lap\",\"item\":\"https:\\\/\\\/www.boemia-aroma.com\\\/hu\\\/\"},{\"@type\":\"ListItem\",\"position\":2,\"name\":\"Jogi inform\u00e1ci\u00f3k\"}]},{\"@type\":\"WebSite\",\"@id\":\"https:\\\/\\\/www.boemia-aroma.com\\\/hu\\\/#website\",\"url\":\"https:\\\/\\\/www.boemia-aroma.com\\\/hu\\\/\",\"name\":\"Bo\u00e8mia Aroma\",\"description\":\"\",\"publisher\":{\"@id\":\"https:\\\/\\\/www.boemia-aroma.com\\\/hu\\\/#organization\"},\"alternateName\":\"Bo\u00e8mia Aroma\",\"potentialAction\":[{\"@type\":\"SearchAction\",\"target\":{\"@type\":\"EntryPoint\",\"urlTemplate\":\"https:\\\/\\\/www.boemia-aroma.com\\\/hu\\\/?s={search_term_string}\"},\"query-input\":{\"@type\":\"PropertyValueSpecification\",\"valueRequired\":true,\"valueName\":\"search_term_string\"}}],\"inLanguage\":\"hu\"},{\"@type\":\"Organization\",\"@id\":\"https:\\\/\\\/www.boemia-aroma.com\\\/hu\\\/#organization\",\"name\":\"Bo\u00e8mia Aroma\",\"url\":\"https:\\\/\\\/www.boemia-aroma.com\\\/hu\\\/\",\"logo\":{\"@type\":\"ImageObject\",\"inLanguage\":\"hu\",\"@id\":\"https:\\\/\\\/www.boemia-aroma.com\\\/hu\\\/#\\\/schema\\\/logo\\\/image\\\/\",\"url\":\"https:\\\/\\\/www.boemia-aroma.com\\\/wp-content\\\/uploads\\\/2023\\\/07\\\/logo-boemia-aroma.png\",\"contentUrl\":\"https:\\\/\\\/www.boemia-aroma.com\\\/wp-content\\\/uploads\\\/2023\\\/07\\\/logo-boemia-aroma.png\",\"width\":300,\"height\":176,\"caption\":\"Bo\u00e8mia Aroma\"},\"image\":{\"@id\":\"https:\\\/\\\/www.boemia-aroma.com\\\/hu\\\/#\\\/schema\\\/logo\\\/image\\\/\"}}]}<\/script>\n<!-- \/ Yoast SEO plugin. -->","yoast_head_json":{"title":"Jogi inform\u00e1ci\u00f3k - Bo\u00e8mia Aroma","description":"Jogi k\u00f6zlem\u00e9nyeknek szentelt oldal. Bo\u00e8mia","robots":{"index":"index","follow":"follow","max-snippet":"max-snippet:-1","max-image-preview":"max-image-preview:large","max-video-preview":"max-video-preview:-1"},"canonical":"https:\/\/www.boemia-aroma.com\/hu\/jogi-informaciok\/","og_locale":"hu_HU","og_type":"article","og_title":"Jogi inform\u00e1ci\u00f3k - Bo\u00e8mia Aroma","og_description":"Jogi k\u00f6zlem\u00e9nyeknek szentelt oldal. Bo\u00e8mia","og_url":"https:\/\/www.boemia-aroma.com\/hu\/jogi-informaciok\/","og_site_name":"Bo\u00e8mia Aroma","article_modified_time":"2026-03-12T15:10:48+00:00","twitter_card":"summary_large_image","twitter_misc":{"Becs\u00fclt olvas\u00e1si id\u0151":"6 perc"},"schema":{"@context":"https:\/\/schema.org","@graph":[{"@type":"WebPage","@id":"https:\/\/www.boemia-aroma.com\/hu\/jogi-informaciok\/","url":"https:\/\/www.boemia-aroma.com\/hu\/jogi-informaciok\/","name":"Jogi inform\u00e1ci\u00f3k - Bo\u00e8mia Aroma","isPartOf":{"@id":"https:\/\/www.boemia-aroma.com\/hu\/#website"},"datePublished":"2023-12-23T10:10:44+00:00","dateModified":"2026-03-12T15:10:48+00:00","description":"Jogi k\u00f6zlem\u00e9nyeknek szentelt oldal. Bo\u00e8mia","breadcrumb":{"@id":"https:\/\/www.boemia-aroma.com\/hu\/jogi-informaciok\/#breadcrumb"},"inLanguage":"hu","potentialAction":[{"@type":"ReadAction","target":["https:\/\/www.boemia-aroma.com\/hu\/jogi-informaciok\/"]}]},{"@type":"BreadcrumbList","@id":"https:\/\/www.boemia-aroma.com\/hu\/jogi-informaciok\/#breadcrumb","itemListElement":[{"@type":"ListItem","position":1,"name":"Kezd\u0151lap","item":"https:\/\/www.boemia-aroma.com\/hu\/"},{"@type":"ListItem","position":2,"name":"Jogi inform\u00e1ci\u00f3k"}]},{"@type":"WebSite","@id":"https:\/\/www.boemia-aroma.com\/hu\/#website","url":"https:\/\/www.boemia-aroma.com\/hu\/","name":"Bo\u00e8mia Aroma","description":"","publisher":{"@id":"https:\/\/www.boemia-aroma.com\/hu\/#organization"},"alternateName":"Bo\u00e8mia Aroma","potentialAction":[{"@type":"SearchAction","target":{"@type":"EntryPoint","urlTemplate":"https:\/\/www.boemia-aroma.com\/hu\/?s={search_term_string}"},"query-input":{"@type":"PropertyValueSpecification","valueRequired":true,"valueName":"search_term_string"}}],"inLanguage":"hu"},{"@type":"Organization","@id":"https:\/\/www.boemia-aroma.com\/hu\/#organization","name":"Bo\u00e8mia Aroma","url":"https:\/\/www.boemia-aroma.com\/hu\/","logo":{"@type":"ImageObject","inLanguage":"hu","@id":"https:\/\/www.boemia-aroma.com\/hu\/#\/schema\/logo\/image\/","url":"https:\/\/www.boemia-aroma.com\/wp-content\/uploads\/2023\/07\/logo-boemia-aroma.png","contentUrl":"https:\/\/www.boemia-aroma.com\/wp-content\/uploads\/2023\/07\/logo-boemia-aroma.png","width":300,"height":176,"caption":"Bo\u00e8mia Aroma"},"image":{"@id":"https:\/\/www.boemia-aroma.com\/hu\/#\/schema\/logo\/image\/"}}]}},"_links":{"self":[{"href":"https:\/\/www.boemia-aroma.com\/hu\/wp-json\/wp\/v2\/pages\/23687","targetHints":{"allow":["GET"]}}],"collection":[{"href":"https:\/\/www.boemia-aroma.com\/hu\/wp-json\/wp\/v2\/pages"}],"about":[{"href":"https:\/\/www.boemia-aroma.com\/hu\/wp-json\/wp\/v2\/types\/page"}],"author":[{"embeddable":true,"href":"https:\/\/www.boemia-aroma.com\/hu\/wp-json\/wp\/v2\/users\/2045"}],"replies":[{"embeddable":true,"href":"https:\/\/www.boemia-aroma.com\/hu\/wp-json\/wp\/v2\/comments?post=23687"}],"version-history":[{"count":0,"href":"https:\/\/www.boemia-aroma.com\/hu\/wp-json\/wp\/v2\/pages\/23687\/revisions"}],"wp:attachment":[{"href":"https:\/\/www.boemia-aroma.com\/hu\/wp-json\/wp\/v2\/media?parent=23687"}],"curies":[{"name":"wp","href":"https:\/\/api.w.org\/{rel}","templated":true}]}}