{"id":23680,"date":"2023-12-01T11:22:24","date_gmt":"2023-12-01T10:22:24","guid":{"rendered":"https:\/\/www.boemia-aroma.com\/manifeste\/"},"modified":"2026-03-12T15:38:09","modified_gmt":"2026-03-12T14:38:09","slug":"kialtvany","status":"publish","type":"page","link":"https:\/\/www.boemia-aroma.com\/hu\/kialtvany\/","title":{"rendered":"Ki\u00e1ltv\u00e1ny"},"content":{"rendered":"\t\t<div data-elementor-type=\"wp-page\" data-elementor-id=\"23680\" class=\"elementor elementor-23680 elementor-11819\" data-elementor-post-type=\"page\">\n\t\t\t\t\t\t<section class=\"elementor-section elementor-top-section elementor-element elementor-element-ae09d1c elementor-section-boxed elementor-section-height-default elementor-section-height-default\" data-id=\"ae09d1c\" data-element_type=\"section\" data-e-type=\"section\">\n\t\t\t\t\t\t<div class=\"elementor-container elementor-column-gap-default\">\n\t\t\t\t\t<div class=\"elementor-column elementor-col-100 elementor-top-column elementor-element elementor-element-f3aad86\" data-id=\"f3aad86\" data-element_type=\"column\" data-e-type=\"column\">\n\t\t\t<div class=\"elementor-widget-wrap elementor-element-populated\">\n\t\t\t\t\t\t<div class=\"elementor-element elementor-element-0fa2503 animated-slow elementor-invisible elementor-widget elementor-widget-heading\" data-id=\"0fa2503\" data-element_type=\"widget\" data-e-type=\"widget\" data-settings=\"{&quot;_animation&quot;:&quot;fadeIn&quot;}\" data-widget_type=\"heading.default\">\n\t\t\t\t<div class=\"elementor-widget-container\">\n\t\t\t\t\t<h1 class=\"elementor-heading-title elementor-size-default\">Ki\u00e1ltv\u00e1ny az autenticit\u00e1s \u00e9s a term\u00e9szet var\u00e1zsa fel\u00e9 vezet\u0151 utadhoz<\/h1>\t\t\t\t<\/div>\n\t\t\t\t<\/div>\n\t\t\t\t<div class=\"elementor-element elementor-element-dea092b animated-slow elementor-invisible elementor-widget elementor-widget-text-editor\" data-id=\"dea092b\" data-element_type=\"widget\" data-e-type=\"widget\" data-settings=\"{&quot;_animation&quot;:&quot;fadeIn&quot;}\" data-widget_type=\"text-editor.default\">\n\t\t\t\t<div class=\"elementor-widget-container\">\n\t\t\t\t\t\t\t\t\t<p>A Bo\u00e8mia k\u00f6z\u00e9ppontj\u00e1ban a hiteless\u00e9g, az integrit\u00e1s, a min\u0151s\u00e9g \u00e9s a term\u00e9szet tisztelete ir\u00e1nti lankadatlan t\u00f6rekv\u00e9s \u00e1ll. Ez a t\u00f6rekv\u00e9s hat\u00e1rozza meg l\u00e9nyeg\u00fcnket. <\/p><p>Szil\u00e1rdan hisz\u00fcnk a term\u00e9szet p\u00e1ratlan var\u00e1zs\u00e1ban. Ez a v\u00e9gtelen inspir\u00e1ci\u00f3, amely k\u00e9pes felemelni minket \u00e9s helyre\u00e1ll\u00edtani bels\u0151 egyens\u00falyunkat. <\/p><p>\u0150szinte elk\u00f6telezetts\u00e9g\u00fcnk a term\u00e9szet \u00e9s a biol\u00f3giai sokf\u00e9les\u00e9g meg\u0151rz\u00e9se. Minden \u00e1ltalunk haszn\u00e1lt, gondosan betakar\u00edtott n\u00f6v\u00e9ny a biogazd\u00e1lkod\u00e1s pecs\u00e9tj\u00e9t viseli, ami az \u00f6kosziszt\u00e9m\u00e1k ir\u00e1nti tisztelet\u00fcnk garanci\u00e1ja.<br>Kre\u00e1ci\u00f3ink finom alk\u00edmi\u00e1j\u00e1ban az \u0151si know-how-t az autentikus term\u00e9szet nyers erej\u00e9vel \u00f6tv\u00f6zz\u00fck. Term\u00e9keink minden cseppje ritka min\u0151s\u00e9get testes\u00edt meg, gondosan kiv\u00e1lasztva, hogy stimul\u00e1lja az \u00e9rz\u00e9keket \u00e9s harmoniz\u00e1lja a testet \u00e9s a lelket.  <\/p><p>K\u00e9zm\u0171ves termel\u0151k vagyunk, akik elk\u00f6telezettek a p\u00e1ratlan min\u0151s\u00e9g\u0171 \u00e9l\u0151 term\u00e9kek l\u00e9trehoz\u00e1sa ir\u00e1nt. L\u00e9tjogosults\u00e1gunk egyszer\u0171: kevesebb, de kiv\u00e1l\u00f3 min\u0151s\u00e9g\u0171<a href=\"\/\">ill\u00f3olajat<\/a> haszn\u00e1lunk, tisztess\u00e9ges \u00e9s j\u00f6vedelmez\u0151 \u00e1ron, a munk\u00e1nkhoz \u00e9s a term\u00e9szet e kincseinek dr\u00e1gas\u00e1g\u00e1hoz m\u00e9rten. \u00cdgy \u0151rizz\u00fck meg az ember, a term\u00e9szet \u00e9s az elemek k\u00f6z\u00f6tti harm\u00f3ni\u00e1t.  <\/p><p>Az \u00d6n, az ig\u00e9nyes fogyaszt\u00f3 sz\u00e1m\u00e1ra a Bo\u00e8mia sokkal t\u00f6bb, mint egy m\u00e1rka. Ez egy kincs, a vil\u00e1g lelk\u00e9nek \u00f6r\u00f6ks\u00e9ge, amely az \u00e9let l\u00e9nyeg\u00e9t tartalmazza. Fedezze fel term\u00e9keinkkel az egyed\u00fcl\u00e1ll\u00f3 \u00e9lm\u00e9nyt, ahol a term\u00e9szet vezeti l\u00e9pteinket \u00e9s a hiteless\u00e9g az ir\u00e1nyt\u0171nk.  <\/p><p style=\"text-align: right;\"><strong>A Bo\u00e8mia csapat<\/strong><\/p>\t\t\t\t\t\t\t\t<\/div>\n\t\t\t\t<\/div>\n\t\t\t\t<div class=\"elementor-element elementor-element-fbf262d elementor-align-center anchor-link elementor-widget elementor-widget-the7_button_widget\" data-id=\"fbf262d\" data-element_type=\"widget\" data-e-type=\"widget\" data-settings=\"{&quot;_animation&quot;:&quot;none&quot;,&quot;_animation_delay&quot;:1500}\" data-widget_type=\"the7_button_widget.default\">\n\t\t\t\t<div class=\"elementor-widget-container\">\n\t\t\t\t\t<div class=\"elementor-button-wrapper\"><a href=\"https:\/\/www.boemia-aroma.com\/hu\/boemia-aruhaz\/\" class=\"box-button elementor-button elementor-size-sm\">Nyissa ki az \u00fczletet<i aria-hidden=\"true\" class=\"elementor-button-icon far fa-arrow-alt-circle-right\"><\/i><\/a><\/div>\t\t\t\t<\/div>\n\t\t\t\t<\/div>\n\t\t\t\t\t<\/div>\n\t\t<\/div>\n\t\t\t\t\t<\/div>\n\t\t<\/section>\n\t\t\t\t<\/div>\n\t\t","protected":false},"excerpt":{"rendered":"<p>Ki\u00e1ltv\u00e1ny az autenticit\u00e1s \u00e9s a term\u00e9szet var\u00e1zsa fel\u00e9 vezet\u0151 utadhoz A Bo\u00e8mia k\u00f6z\u00e9ppontj\u00e1ban a hiteless\u00e9g, az integrit\u00e1s, a min\u0151s\u00e9g \u00e9s a term\u00e9szet tisztelete ir\u00e1nti lankadatlan t\u00f6rekv\u00e9s \u00e1ll. Ez a t\u00f6rekv\u00e9s hat\u00e1rozza meg l\u00e9nyeg\u00fcnket. Szil\u00e1rdan hisz\u00fcnk a term\u00e9szet p\u00e1ratlan var\u00e1zs\u00e1ban. Ez a v\u00e9gtelen inspir\u00e1ci\u00f3, amely k\u00e9pes felemelni minket \u00e9s helyre\u00e1ll\u00edtani bels\u0151 egyens\u00falyunkat. \u0150szinte elk\u00f6telezetts\u00e9g\u00fcnk a term\u00e9szet&hellip;<\/p>\n","protected":false},"author":2045,"featured_media":0,"parent":0,"menu_order":0,"comment_status":"closed","ping_status":"closed","template":"","meta":{"_acf_changed":false,"footnotes":""},"class_list":["post-23680","page","type-page","status-publish","hentry"],"acf":[],"yoast_head":"<!-- This site is optimized with the Yoast SEO plugin v27.4 - https:\/\/yoast.com\/product\/yoast-seo-wordpress\/ -->\n<title>Ki\u00e1ltv\u00e1ny - Bo\u00e8mia Aroma<\/title>\n<meta name=\"description\" content=\"Fedezze fel a Bo\u00e8mia Aroma csapat\u00e1nak ki\u00e1ltv\u00e1ny\u00e1t.\" \/>\n<meta name=\"robots\" content=\"index, follow, max-snippet:-1, max-image-preview:large, max-video-preview:-1\" \/>\n<link rel=\"canonical\" href=\"https:\/\/www.boemia-aroma.com\/hu\/kialtvany\/\" \/>\n<meta property=\"og:locale\" content=\"hu_HU\" \/>\n<meta property=\"og:type\" content=\"article\" \/>\n<meta property=\"og:title\" content=\"Ki\u00e1ltv\u00e1ny - Bo\u00e8mia Aroma\" \/>\n<meta property=\"og:description\" content=\"Fedezze fel a Bo\u00e8mia Aroma csapat\u00e1nak ki\u00e1ltv\u00e1ny\u00e1t.\" \/>\n<meta property=\"og:url\" content=\"https:\/\/www.boemia-aroma.com\/hu\/kialtvany\/\" \/>\n<meta property=\"og:site_name\" content=\"Bo\u00e8mia Aroma\" \/>\n<meta property=\"article:modified_time\" content=\"2026-03-12T14:38:09+00:00\" \/>\n<meta name=\"twitter:card\" content=\"summary_large_image\" \/>\n<meta name=\"twitter:label1\" content=\"Becs\u00fclt olvas\u00e1si id\u0151\" \/>\n\t<meta name=\"twitter:data1\" content=\"2 perc\" \/>\n<script type=\"application\/ld+json\" class=\"yoast-schema-graph\">{\"@context\":\"https:\\\/\\\/schema.org\",\"@graph\":[{\"@type\":\"WebPage\",\"@id\":\"https:\\\/\\\/www.boemia-aroma.com\\\/hu\\\/kialtvany\\\/\",\"url\":\"https:\\\/\\\/www.boemia-aroma.com\\\/hu\\\/kialtvany\\\/\",\"name\":\"Ki\u00e1ltv\u00e1ny - Bo\u00e8mia Aroma\",\"isPartOf\":{\"@id\":\"https:\\\/\\\/www.boemia-aroma.com\\\/hu\\\/#website\"},\"datePublished\":\"2023-12-01T10:22:24+00:00\",\"dateModified\":\"2026-03-12T14:38:09+00:00\",\"description\":\"Fedezze fel a Bo\u00e8mia Aroma csapat\u00e1nak ki\u00e1ltv\u00e1ny\u00e1t.\",\"breadcrumb\":{\"@id\":\"https:\\\/\\\/www.boemia-aroma.com\\\/hu\\\/kialtvany\\\/#breadcrumb\"},\"inLanguage\":\"hu\",\"potentialAction\":[{\"@type\":\"ReadAction\",\"target\":[\"https:\\\/\\\/www.boemia-aroma.com\\\/hu\\\/kialtvany\\\/\"]}]},{\"@type\":\"BreadcrumbList\",\"@id\":\"https:\\\/\\\/www.boemia-aroma.com\\\/hu\\\/kialtvany\\\/#breadcrumb\",\"itemListElement\":[{\"@type\":\"ListItem\",\"position\":1,\"name\":\"Kezd\u0151lap\",\"item\":\"https:\\\/\\\/www.boemia-aroma.com\\\/hu\\\/\"},{\"@type\":\"ListItem\",\"position\":2,\"name\":\"Ki\u00e1ltv\u00e1ny\"}]},{\"@type\":\"WebSite\",\"@id\":\"https:\\\/\\\/www.boemia-aroma.com\\\/hu\\\/#website\",\"url\":\"https:\\\/\\\/www.boemia-aroma.com\\\/hu\\\/\",\"name\":\"Bo\u00e8mia Aroma\",\"description\":\"\",\"publisher\":{\"@id\":\"https:\\\/\\\/www.boemia-aroma.com\\\/hu\\\/#organization\"},\"alternateName\":\"Bo\u00e8mia Aroma\",\"potentialAction\":[{\"@type\":\"SearchAction\",\"target\":{\"@type\":\"EntryPoint\",\"urlTemplate\":\"https:\\\/\\\/www.boemia-aroma.com\\\/hu\\\/?s={search_term_string}\"},\"query-input\":{\"@type\":\"PropertyValueSpecification\",\"valueRequired\":true,\"valueName\":\"search_term_string\"}}],\"inLanguage\":\"hu\"},{\"@type\":\"Organization\",\"@id\":\"https:\\\/\\\/www.boemia-aroma.com\\\/hu\\\/#organization\",\"name\":\"Bo\u00e8mia Aroma\",\"url\":\"https:\\\/\\\/www.boemia-aroma.com\\\/hu\\\/\",\"logo\":{\"@type\":\"ImageObject\",\"inLanguage\":\"hu\",\"@id\":\"https:\\\/\\\/www.boemia-aroma.com\\\/hu\\\/#\\\/schema\\\/logo\\\/image\\\/\",\"url\":\"https:\\\/\\\/www.boemia-aroma.com\\\/wp-content\\\/uploads\\\/2023\\\/07\\\/logo-boemia-aroma.png\",\"contentUrl\":\"https:\\\/\\\/www.boemia-aroma.com\\\/wp-content\\\/uploads\\\/2023\\\/07\\\/logo-boemia-aroma.png\",\"width\":300,\"height\":176,\"caption\":\"Bo\u00e8mia Aroma\"},\"image\":{\"@id\":\"https:\\\/\\\/www.boemia-aroma.com\\\/hu\\\/#\\\/schema\\\/logo\\\/image\\\/\"}}]}<\/script>\n<!-- \/ Yoast SEO plugin. -->","yoast_head_json":{"title":"Ki\u00e1ltv\u00e1ny - Bo\u00e8mia Aroma","description":"Fedezze fel a Bo\u00e8mia Aroma csapat\u00e1nak ki\u00e1ltv\u00e1ny\u00e1t.","robots":{"index":"index","follow":"follow","max-snippet":"max-snippet:-1","max-image-preview":"max-image-preview:large","max-video-preview":"max-video-preview:-1"},"canonical":"https:\/\/www.boemia-aroma.com\/hu\/kialtvany\/","og_locale":"hu_HU","og_type":"article","og_title":"Ki\u00e1ltv\u00e1ny - Bo\u00e8mia Aroma","og_description":"Fedezze fel a Bo\u00e8mia Aroma csapat\u00e1nak ki\u00e1ltv\u00e1ny\u00e1t.","og_url":"https:\/\/www.boemia-aroma.com\/hu\/kialtvany\/","og_site_name":"Bo\u00e8mia Aroma","article_modified_time":"2026-03-12T14:38:09+00:00","twitter_card":"summary_large_image","twitter_misc":{"Becs\u00fclt olvas\u00e1si id\u0151":"2 perc"},"schema":{"@context":"https:\/\/schema.org","@graph":[{"@type":"WebPage","@id":"https:\/\/www.boemia-aroma.com\/hu\/kialtvany\/","url":"https:\/\/www.boemia-aroma.com\/hu\/kialtvany\/","name":"Ki\u00e1ltv\u00e1ny - Bo\u00e8mia Aroma","isPartOf":{"@id":"https:\/\/www.boemia-aroma.com\/hu\/#website"},"datePublished":"2023-12-01T10:22:24+00:00","dateModified":"2026-03-12T14:38:09+00:00","description":"Fedezze fel a Bo\u00e8mia Aroma csapat\u00e1nak ki\u00e1ltv\u00e1ny\u00e1t.","breadcrumb":{"@id":"https:\/\/www.boemia-aroma.com\/hu\/kialtvany\/#breadcrumb"},"inLanguage":"hu","potentialAction":[{"@type":"ReadAction","target":["https:\/\/www.boemia-aroma.com\/hu\/kialtvany\/"]}]},{"@type":"BreadcrumbList","@id":"https:\/\/www.boemia-aroma.com\/hu\/kialtvany\/#breadcrumb","itemListElement":[{"@type":"ListItem","position":1,"name":"Kezd\u0151lap","item":"https:\/\/www.boemia-aroma.com\/hu\/"},{"@type":"ListItem","position":2,"name":"Ki\u00e1ltv\u00e1ny"}]},{"@type":"WebSite","@id":"https:\/\/www.boemia-aroma.com\/hu\/#website","url":"https:\/\/www.boemia-aroma.com\/hu\/","name":"Bo\u00e8mia Aroma","description":"","publisher":{"@id":"https:\/\/www.boemia-aroma.com\/hu\/#organization"},"alternateName":"Bo\u00e8mia Aroma","potentialAction":[{"@type":"SearchAction","target":{"@type":"EntryPoint","urlTemplate":"https:\/\/www.boemia-aroma.com\/hu\/?s={search_term_string}"},"query-input":{"@type":"PropertyValueSpecification","valueRequired":true,"valueName":"search_term_string"}}],"inLanguage":"hu"},{"@type":"Organization","@id":"https:\/\/www.boemia-aroma.com\/hu\/#organization","name":"Bo\u00e8mia Aroma","url":"https:\/\/www.boemia-aroma.com\/hu\/","logo":{"@type":"ImageObject","inLanguage":"hu","@id":"https:\/\/www.boemia-aroma.com\/hu\/#\/schema\/logo\/image\/","url":"https:\/\/www.boemia-aroma.com\/wp-content\/uploads\/2023\/07\/logo-boemia-aroma.png","contentUrl":"https:\/\/www.boemia-aroma.com\/wp-content\/uploads\/2023\/07\/logo-boemia-aroma.png","width":300,"height":176,"caption":"Bo\u00e8mia Aroma"},"image":{"@id":"https:\/\/www.boemia-aroma.com\/hu\/#\/schema\/logo\/image\/"}}]}},"_links":{"self":[{"href":"https:\/\/www.boemia-aroma.com\/hu\/wp-json\/wp\/v2\/pages\/23680","targetHints":{"allow":["GET"]}}],"collection":[{"href":"https:\/\/www.boemia-aroma.com\/hu\/wp-json\/wp\/v2\/pages"}],"about":[{"href":"https:\/\/www.boemia-aroma.com\/hu\/wp-json\/wp\/v2\/types\/page"}],"author":[{"embeddable":true,"href":"https:\/\/www.boemia-aroma.com\/hu\/wp-json\/wp\/v2\/users\/2045"}],"replies":[{"embeddable":true,"href":"https:\/\/www.boemia-aroma.com\/hu\/wp-json\/wp\/v2\/comments?post=23680"}],"version-history":[{"count":0,"href":"https:\/\/www.boemia-aroma.com\/hu\/wp-json\/wp\/v2\/pages\/23680\/revisions"}],"wp:attachment":[{"href":"https:\/\/www.boemia-aroma.com\/hu\/wp-json\/wp\/v2\/media?parent=23680"}],"curies":[{"name":"wp","href":"https:\/\/api.w.org\/{rel}","templated":true}]}}