{"id":23670,"date":"2025-02-25T14:50:08","date_gmt":"2025-02-25T13:50:08","guid":{"rendered":"https:\/\/www.boemia-aroma.com\/programme-de-fidelite\/"},"modified":"2026-03-12T15:47:08","modified_gmt":"2026-03-12T14:47:08","slug":"husegprogram","status":"publish","type":"page","link":"https:\/\/www.boemia-aroma.com\/hu\/husegprogram\/","title":{"rendered":"H\u0171s\u00e9gprogram"},"content":{"rendered":"\t\t<div data-elementor-type=\"wp-page\" data-elementor-id=\"23670\" class=\"elementor elementor-23670 elementor-16477\" data-elementor-post-type=\"page\">\n\t\t\t\t\t\t<section class=\"elementor-section elementor-top-section elementor-element elementor-element-5f077ba6 elementor-section-boxed elementor-section-height-default elementor-section-height-default\" data-id=\"5f077ba6\" data-element_type=\"section\" data-e-type=\"section\">\n\t\t\t\t\t\t<div class=\"elementor-container elementor-column-gap-default\">\n\t\t\t\t\t<div class=\"elementor-column elementor-col-100 elementor-top-column elementor-element elementor-element-2eeb025b\" data-id=\"2eeb025b\" data-element_type=\"column\" data-e-type=\"column\">\n\t\t\t<div class=\"elementor-widget-wrap elementor-element-populated\">\n\t\t\t\t\t\t<div class=\"elementor-element elementor-element-419d2cf elementor-widget elementor-widget-heading\" data-id=\"419d2cf\" data-element_type=\"widget\" data-e-type=\"widget\" data-widget_type=\"heading.default\">\n\t\t\t\t<div class=\"elementor-widget-container\">\n\t\t\t\t\t<h1 class=\"elementor-heading-title elementor-size-default\">H\u0171s\u00e9gprogram<\/h1>\t\t\t\t<\/div>\n\t\t\t\t<\/div>\n\t\t\t\t<div class=\"elementor-element elementor-element-2d72c311 elementor-widget elementor-widget-text-editor\" data-id=\"2d72c311\" data-element_type=\"widget\" data-e-type=\"widget\" data-widget_type=\"text-editor.default\">\n\t\t\t\t<div class=\"elementor-widget-container\">\n\t\t\t\t\t\t\t\t\t\n<style>\n    .wlr-myaccount-page {\n    background-color:#ffffff;    }\n\n    .wlr-myaccount-page .wlr-heading {\n    color:#3c6045 !important;border-left: 3px solid #ce6e54 !important;    }\n\n    .wlr-myaccount-page .wlr-theme-color-apply {\n    color :#ce6e54;;\n    }\n\n    .wlr-myaccount-page .wlr-earning-options .wlr-card .wlr-date {\n    right:0;left:unset;    }\n\n    .wlr-myaccount-page .wlr-your-reward .wlr-reward-type-name {\n    float:right;    }\n\n    .wlr-myaccount-page .wlr-progress-bar .wlr-progress-level {\n        background-color: #ce6e54;\n    }\n\n    .wlr-myaccount-page .wlr-text-color {\n        color: #3c6045    }\n\n    .wlr-myaccount-page .wlr-border-color {\n        border-color: #CFCFCF;\n    }\n\n    .wlr-myaccount-page .wlr-button-text-color {\n        color: #ffffff    }\n\n    .wlr-myaccount-page table:not( .has-background ) th {\n        background-color: #ce6e5430;\n    }\n\n    .wlr-myaccount-page table thead {\n        outline: solid 1px#CFCFCF    }\n\n    .alertify .ajs-ok {\n        color: #ffffff;\n        background: #ce6e54;\n    }\n\n    .alertify .ajs-cancel {\n        border: 1px solid #ce6e54;\n        color: #ce6e54;\n        background: unset;\n    }\n\n    .wlr-myaccount-page .wlr-my-rewards-title.active {\n        border-bottom: 3px solid#ce6e54;\n    }\n\n    .wlr-myaccount-page .wlr-my-rewards-title.active h4,\n    .wlr-myaccount-page .wlr-my-rewards-title.active i {\n        color: #ce6e54;\n    }\n\n    .wlr-myaccount-page .wlr-coupons-expired-content .wlr-card-icon-container i {\n        color: #3c6045;\n    }\n\n    .wlr-myaccount-page .wlr-user-reward-titles {\n        border-bottom: 0.5px solid#CFCFCF;\n    }\n\n    .wlr-myaccount-page .wlr-out-of-stock {\n        background: #ceced1;\n        cursor: not-allowed;\n    }\n\n    .ajs-dialog .ajs-ok {\n        border-radius: 6px;\n    }\n\n    .ajs-dialog .ajs-cancel {\n        border-radius: 6px;\n    }\n<\/style>\n<div class=\"wlr-myaccount-page \">\n\t    <!--User Card start-->\n\t    <!--User Card end-->\n\t    <!--    customer referral starts here -->\n\t    <!--    customer referral end here -->\n\t    <!--    customer rewards start here -->\n\t    <!--    customer rewards end here -->\n\t    <!--    customer transactions start here -->\n\t    <!--    customer transactions end here -->\n\t    <!--    campaign list start here -->\n\t        <div class=\"wlr-earning-options\">\n            <div class=\"wlr-heading-container\">\n                <h3 class=\"wlr-heading\">Ways to earn D\u00edjak <\/h3>\n            <\/div>\n            <div class=\"wlr-campaign-container\">\n\t\t\t\t\t\t\t\t\t                        <div class=\"wlr-card wlr-earning-option wlr-border-color\">\n\t\t\t\t\t\t\t                            <div class=\"wlr-card-container\">\n\t\t\t\t\t\t\t\t\t\t\t\t\t\t\t\t\t\t\t\t\t\t\t\t<i class=\"wlr wlrf-referral wlr-icon wlr-theme-color-apply\" style=\"height: 52px;width: 52px\"><\/i>                                <h4 class=\"wlr-name\">\n\t\t\t\t\t\t\t\t\t<p class=\"wlr-name wlr-pre-text wlr-text-color add-read-more show-less-content\"\n           id=\"wlr-card-campaign-name-1\">Szponzor\u00e1l\u00e1s<\/p>                                <\/h4>\n                                <div style=\"display: flex;align-items: center;gap:5px;justify-content: space-between;\">\n\t\t\t\t\t\t\t\t\t                                        <div class=\"wlr-campaign-points\">\n                                            <p class=\"wlr-discount-point wlr-text-color\">You get Jutalom: 10% discount <br> Your friend gets Jutalom: 10% discount<\/p>\n                                        <\/div>\n\t\t\t\t\t\t\t\t\t\t\t\t\t\t\t\t\t\t\n\t\t\t\t\t\t\t\t\t                                <\/div>\n\t\t\t\t\t\t\t\t                            <\/div>\n                        <\/div>\n\t\t\t\t\t\t\t\t\t\t\t                        <div class=\"wlr-card wlr-earning-option wlr-border-color\">\n\t\t\t\t\t\t\t                            <div class=\"wlr-card-container\">\n\t\t\t\t\t\t\t\t\t\t\t\t\t\t\t\t\t\t\t\t\t\t\t\t<img decoding=\"async\" src=\"https:\/\/www.boemia-aroma.com\/wp-content\/uploads\/2025\/02\/Capture-decran-2025-02-26-a-16.57.51.png\" alt=\"Laissez nous un avis sur Trustpilot\" height=\"42\" width=\"42\" class=\"wlr-upload-img-icon\">                                <h4 class=\"wlr-name\">\n\t\t\t\t\t\t\t\t\t<p class=\"wlr-name wlr-pre-text wlr-text-color add-read-more show-less-content\"\n           id=\"wlr-card-campaign-name-2\">Hagyjon   v\u00e9lem\u00e9nyt   a   Trustpilot   oldalon<\/p>                                <\/h4>\n                                <div style=\"display: flex;align-items: center;gap:5px;justify-content: space-between;\">\n\t\t\t\t\t\t\t\t\t                                        <div class=\"wlr-campaign-points\">\n                                            <p class=\"wlr-discount-point wlr-text-color\">+150 pontok<\/p>\n                                        <\/div>\n\t\t\t\t\t\t\t\t\t\t\t\t\t\t\t\t\t\t\n\t\t\t\t\t\t\t\t\t                                <\/div>\n\t\t\t\t\t\t\t\t\t\t\t\t\t\t\t\t\t<p class=\"wlr-description wlr-pre-text wlr-text-color add-read-more show-less-content\"\n           id=\"wlr-card-campaign-description-2\">Hagyj   v\u00e9lem\u00e9nyt   a   Trustpilot   oldalon,   \u00e9s   gy\u0171jts   pontokat!   Sz\u00e1m\u00edtunk   r\u00e1d,   hogy  <span class=\"sec-half\"> csatlakozol   hozz\u00e1nk   \u00e9s   t\u00e1mogatod   minket.   A   pontok   j\u00f3v\u00e1\u00edr\u00e1sra   ker\u00fclnek,   amint   r\u00e1kattintasz   a   linkre.   K\u00f6sz\u00f6nj\u00fck   a   seg\u00edts\u00e9gedet!   \ud83d\ude0a<\/span>&hellip; <span class=\"read-more\"\n            onclick=\"wlr_jquery( 'body' ).trigger('readMoreLessContent',['#wlr-card-campaign-description-2']);\"\n                      ><small class=\"wlr-read-more-label\" style=\"color:#ce6e54;\"> Show more<\/small><\/span><span class=\"read-less\"\n                      onclick=\"wlr_jquery( 'body' ).trigger('readMoreLessContent',['#wlr-card-campaign-description-2']);\"\n                      ><small class=\"wlr-read-less-label\" style=\"color:#ce6e54;\">Show less<\/small><\/span><\/p>\t\t\t\t\t\t\t\t                            <\/div>\n                        <\/div>\n\t\t\t\t\t\t\t\t\t\t\t                        <div class=\"wlr-card wlr-earning-option wlr-border-color\">\n\t\t\t\t\t\t\t                            <div class=\"wlr-card-container\">\n\t\t\t\t\t\t\t\t\t\t\t\t\t\t\t\t\t\t\t\t\t\t\t\t<i class=\"wlr wlrf-point_for_purchase wlr-icon wlr-theme-color-apply\" style=\"height: 52px;width: 52px\"><\/i>                                <h4 class=\"wlr-name\">\n\t\t\t\t\t\t\t\t\t<p class=\"wlr-name wlr-pre-text wlr-text-color add-read-more show-less-content\"\n           id=\"wlr-card-campaign-name-3\">Pont   \u20ac-ban<\/p>                                <\/h4>\n                                <div style=\"display: flex;align-items: center;gap:5px;justify-content: space-between;\">\n\t\t\t\t\t\t\t\t\t                                        <div class=\"wlr-campaign-points\">\n                                            <p class=\"wlr-discount-point wlr-text-color\">5 pontok for each <span class=\"woocommerce-Price-amount amount\">1,00<span class=\"woocommerce-Price-currencySymbol\">&euro;<\/span><\/span> spent<\/p>\n                                        <\/div>\n\t\t\t\t\t\t\t\t\t\t\t\t\t\t\t\t\t\t\n\t\t\t\t\t\t\t\t\t                                <\/div>\n\t\t\t\t\t\t\t\t\t\t\t\t\t\t\t\t\t<p class=\"wlr-description wlr-pre-text wlr-text-color add-read-more show-less-content\"\n           id=\"wlr-card-campaign-description-3\">1   \u20ac   =   5   pont<\/p>\t\t\t\t\t\t\t\t                            <\/div>\n                        <\/div>\n\t\t\t\t\t\t\t\t\t\t\t                        <div class=\"wlr-card wlr-earning-option wlr-border-color\">\n\t\t\t\t\t\t\t                            <div class=\"wlr-card-container\">\n\t\t\t\t\t\t\t\t\t\t\t\t\t\t\t\t\t\t\t\t\t\t\t\t<img decoding=\"async\" src=\"https:\/\/www.boemia-aroma.com\/wp-content\/uploads\/2025\/02\/instagram.png\" alt=\"Abonnez-vous \u00e0 notre page Instagram\" height=\"42\" width=\"42\" class=\"wlr-upload-img-icon\">                                <h4 class=\"wlr-name\">\n\t\t\t\t\t\t\t\t\t<p class=\"wlr-name wlr-pre-text wlr-text-color add-read-more show-less-content\"\n           id=\"wlr-card-campaign-name-4\">K\u00f6vessen   minket   Instagram-oldalunkon<\/p>                                <\/h4>\n                                <div style=\"display: flex;align-items: center;gap:5px;justify-content: space-between;\">\n\t\t\t\t\t\t\t\t\t                                        <div class=\"wlr-campaign-points\">\n                                            <p class=\"wlr-discount-point wlr-text-color\">+30 pontok<\/p>\n                                        <\/div>\n\t\t\t\t\t\t\t\t\t\t\t\t\t\t\t\t\t\t\n\t\t\t\t\t\t\t\t\t                                <\/div>\n\t\t\t\t\t\t\t\t\t\t\t\t\t\t\t\t\t<p class=\"wlr-description wlr-pre-text wlr-text-color add-read-more show-less-content\"\n           id=\"wlr-card-campaign-description-4\">Abonne   toi   \u00e0   notre   page   instagram   et   gagne   des   points   !   On   compte   sur   toi   pour   jouer   le  <span class=\"sec-half\"> jeu   et   nous   soutenir,   les   points   \u00e9tant   cr\u00e9dit\u00e9s   d\u00e8s   que   tu   cliques   sur   le   lien.   Merci   pour   ton   aide   !   \ud83d\ude0a<\/span>&hellip; <span class=\"read-more\"\n            onclick=\"wlr_jquery( 'body' ).trigger('readMoreLessContent',['#wlr-card-campaign-description-4']);\"\n                      ><small class=\"wlr-read-more-label\" style=\"color:#ce6e54;\"> Show more<\/small><\/span><span class=\"read-less\"\n                      onclick=\"wlr_jquery( 'body' ).trigger('readMoreLessContent',['#wlr-card-campaign-description-4']);\"\n                      ><small class=\"wlr-read-less-label\" style=\"color:#ce6e54;\">Show less<\/small><\/span><\/p>\t\t\t\t\t\t\t\t                            <\/div>\n                        <\/div>\n\t\t\t\t\t\t\t\t\t\t\t                        <div class=\"wlr-card wlr-earning-option wlr-border-color\">\n\t\t\t\t\t\t\t                            <div class=\"wlr-card-container\">\n\t\t\t\t\t\t\t\t\t\t\t\t\t\t\t\t\t\t\t\t\t\t\t\t<i class=\"wlr wlrf-signup wlr-icon wlr-theme-color-apply\" style=\"height: 52px;width: 52px\"><\/i>                                <h4 class=\"wlr-name\">\n\t\t\t\t\t\t\t\t\t<p class=\"wlr-name wlr-pre-text wlr-text-color add-read-more show-less-content\"\n           id=\"wlr-card-campaign-name-5\">Fi\u00f3k   l\u00e9trehoz\u00e1sa<\/p>                                <\/h4>\n                                <div style=\"display: flex;align-items: center;gap:5px;justify-content: space-between;\">\n\t\t\t\t\t\t\t\t\t                                        <div class=\"wlr-campaign-points\">\n                                            <p class=\"wlr-discount-point wlr-text-color\">+50 pontok<\/p>\n                                        <\/div>\n\t\t\t\t\t\t\t\t\t\t\t\t\t\t\t\t\t\t\n\t\t\t\t\t\t\t\t\t                                <\/div>\n\t\t\t\t\t\t\t\t                            <\/div>\n                        <\/div>\n\t\t\t\t\t\t\t\t\t\t\t                        <div class=\"wlr-card wlr-earning-option wlr-border-color\">\n\t\t\t\t\t\t\t                            <div class=\"wlr-card-container\">\n\t\t\t\t\t\t\t\t\t\t\t\t\t\t\t\t\t\t\t\t\t\t\t\t<i class=\"wlr wlrf-birthday wlr-icon wlr-theme-color-apply\" style=\"height: 52px;width: 52px\"><\/i>                                <h4 class=\"wlr-name\">\n\t\t\t\t\t\t\t\t\t<p class=\"wlr-name wlr-pre-text wlr-text-color add-read-more show-less-content\"\n           id=\"wlr-card-campaign-name-6\">Adja   meg   sz\u00fclet\u00e9snapj\u00e1t<\/p>                                <\/h4>\n                                <div style=\"display: flex;align-items: center;gap:5px;justify-content: space-between;\">\n\t\t\t\t\t\t\t\t\t                                        <div class=\"wlr-campaign-points\">\n                                            <p class=\"wlr-discount-point wlr-text-color\">+30 pontok<\/p>\n                                        <\/div>\n\t\t\t\t\t\t\t\t\t\t\t\t\t\t\t\t\t\t\n\t\t\t\t\t\t\t\t\t\t\t\t\t\t\t\t\t\t\t\t\t\t\t\t\t\t\t\t\t\t\t\t\t\t\t\t\t\t\t\t\t\t\t\t\t\t\t\t                                <\/div>\n\t\t\t\t\t\t\t\t                            <\/div>\n                        <\/div>\n\t\t\t\t\t\t\t\t\t\t\t                        <div class=\"wlr-card wlr-earning-option wlr-border-color\">\n\t\t\t\t\t\t\t                            <div class=\"wlr-card-container\">\n\t\t\t\t\t\t\t\t\t\t\t\t\t\t\t\t\t\t\t\t\t\t\t\t<img decoding=\"async\" src=\"https:\/\/www.boemia-aroma.com\/wp-content\/uploads\/2025\/02\/google.png\" alt=\"Laissez nous un avis sur google\" height=\"42\" width=\"42\" class=\"wlr-upload-img-icon\">                                <h4 class=\"wlr-name\">\n\t\t\t\t\t\t\t\t\t<p class=\"wlr-name wlr-pre-text wlr-text-color add-read-more show-less-content\"\n           id=\"wlr-card-campaign-name-7\">Hagyjon   v\u00e9lem\u00e9nyt   a   Google-on<\/p>                                <\/h4>\n                                <div style=\"display: flex;align-items: center;gap:5px;justify-content: space-between;\">\n\t\t\t\t\t\t\t\t\t                                        <div class=\"wlr-campaign-points\">\n                                            <p class=\"wlr-discount-point wlr-text-color\">+150 pontok<\/p>\n                                        <\/div>\n\t\t\t\t\t\t\t\t\t\t\t\t\t\t\t\t\t\t\n\t\t\t\t\t\t\t\t\t                                <\/div>\n\t\t\t\t\t\t\t\t\t\t\t\t\t\t\t\t\t<p class=\"wlr-description wlr-pre-text wlr-text-color add-read-more show-less-content\"\n           id=\"wlr-card-campaign-description-7\">Hagyj   v\u00e9lem\u00e9nyt   a   Google-on   \u00e9s   gy\u0171jts   pontokat!   \u2b50   Sz\u00e1m\u00edtunk   r\u00e1d,   hogy  <span class=\"sec-half\"> csatlakozol   \u00e9s   t\u00e1mogatod   minket.   A   pontok   j\u00f3v\u00e1\u00edr\u00e1sra   ker\u00fclnek,   amint   r\u00e1kattintasz   a   linkre.   K\u00f6sz\u00f6nj\u00fck   a   seg\u00edts\u00e9gedet!   \ud83d\ude0a<\/span>&hellip; <span class=\"read-more\"\n            onclick=\"wlr_jquery( 'body' ).trigger('readMoreLessContent',['#wlr-card-campaign-description-7']);\"\n                      ><small class=\"wlr-read-more-label\" style=\"color:#ce6e54;\"> Show more<\/small><\/span><span class=\"read-less\"\n                      onclick=\"wlr_jquery( 'body' ).trigger('readMoreLessContent',['#wlr-card-campaign-description-7']);\"\n                      ><small class=\"wlr-read-less-label\" style=\"color:#ce6e54;\">Show less<\/small><\/span><\/p>\t\t\t\t\t\t\t\t                            <\/div>\n                        <\/div>\n\t\t\t\t\t\t            <\/div>\n        <\/div>\n\t    <!--    campaign list end here -->\n\t    <!--    rewards list start here -->\n\t    <!--    rewards list end here -->\n\t\t\t<\/div>\n\n\t\t\t\t\t\t\t\t<\/div>\n\t\t\t\t<\/div>\n\t\t\t\t\t<\/div>\n\t\t<\/div>\n\t\t\t\t\t<\/div>\n\t\t<\/section>\n\t\t\t\t<\/div>\n\t\t","protected":false},"excerpt":{"rendered":"<p>H\u0171s\u00e9gprogram<\/p>\n","protected":false},"author":2045,"featured_media":0,"parent":0,"menu_order":0,"comment_status":"closed","ping_status":"closed","template":"","meta":{"_acf_changed":false,"footnotes":""},"class_list":["post-23670","page","type-page","status-publish","hentry"],"acf":[],"yoast_head":"<!-- This site is optimized with the Yoast SEO plugin v27.4 - https:\/\/yoast.com\/product\/yoast-seo-wordpress\/ -->\n<title>Bo\u00e8mia h\u0171s\u00e9gprogram<\/title>\n<meta name=\"description\" content=\"H\u0171s\u00e9gprogramot k\u00edn\u00e1lunk, hogy megk\u00f6sz\u00f6nj\u00fck a bizalm\u00e1t. A felt\u00e9teleket l\u00e1sd weboldalunkon.\" \/>\n<meta name=\"robots\" content=\"index, follow, max-snippet:-1, max-image-preview:large, max-video-preview:-1\" \/>\n<link rel=\"canonical\" href=\"https:\/\/www.boemia-aroma.com\/hu\/husegprogram\/\" \/>\n<meta property=\"og:locale\" content=\"hu_HU\" \/>\n<meta property=\"og:type\" content=\"article\" \/>\n<meta property=\"og:title\" content=\"Bo\u00e8mia h\u0171s\u00e9gprogram\" \/>\n<meta property=\"og:description\" content=\"H\u0171s\u00e9gprogramot k\u00edn\u00e1lunk, hogy megk\u00f6sz\u00f6nj\u00fck a bizalm\u00e1t. A felt\u00e9teleket l\u00e1sd weboldalunkon.\" \/>\n<meta property=\"og:url\" content=\"https:\/\/www.boemia-aroma.com\/hu\/husegprogram\/\" \/>\n<meta property=\"og:site_name\" content=\"Bo\u00e8mia Aroma\" \/>\n<meta property=\"article:modified_time\" content=\"2026-03-12T14:47:08+00:00\" \/>\n<meta name=\"twitter:card\" content=\"summary_large_image\" \/>\n<script type=\"application\/ld+json\" class=\"yoast-schema-graph\">{\"@context\":\"https:\\\/\\\/schema.org\",\"@graph\":[{\"@type\":\"WebPage\",\"@id\":\"https:\\\/\\\/www.boemia-aroma.com\\\/hu\\\/husegprogram\\\/\",\"url\":\"https:\\\/\\\/www.boemia-aroma.com\\\/hu\\\/husegprogram\\\/\",\"name\":\"Bo\u00e8mia h\u0171s\u00e9gprogram\",\"isPartOf\":{\"@id\":\"https:\\\/\\\/www.boemia-aroma.com\\\/hu\\\/#website\"},\"datePublished\":\"2025-02-25T13:50:08+00:00\",\"dateModified\":\"2026-03-12T14:47:08+00:00\",\"description\":\"H\u0171s\u00e9gprogramot k\u00edn\u00e1lunk, hogy megk\u00f6sz\u00f6nj\u00fck a bizalm\u00e1t. A felt\u00e9teleket l\u00e1sd weboldalunkon.\",\"breadcrumb\":{\"@id\":\"https:\\\/\\\/www.boemia-aroma.com\\\/hu\\\/husegprogram\\\/#breadcrumb\"},\"inLanguage\":\"hu\",\"potentialAction\":[{\"@type\":\"ReadAction\",\"target\":[\"https:\\\/\\\/www.boemia-aroma.com\\\/hu\\\/husegprogram\\\/\"]}]},{\"@type\":\"BreadcrumbList\",\"@id\":\"https:\\\/\\\/www.boemia-aroma.com\\\/hu\\\/husegprogram\\\/#breadcrumb\",\"itemListElement\":[{\"@type\":\"ListItem\",\"position\":1,\"name\":\"Kezd\u0151lap\",\"item\":\"https:\\\/\\\/www.boemia-aroma.com\\\/hu\\\/\"},{\"@type\":\"ListItem\",\"position\":2,\"name\":\"H\u0171s\u00e9gprogram\"}]},{\"@type\":\"WebSite\",\"@id\":\"https:\\\/\\\/www.boemia-aroma.com\\\/hu\\\/#website\",\"url\":\"https:\\\/\\\/www.boemia-aroma.com\\\/hu\\\/\",\"name\":\"Bo\u00e8mia Aroma\",\"description\":\"\",\"publisher\":{\"@id\":\"https:\\\/\\\/www.boemia-aroma.com\\\/hu\\\/#organization\"},\"alternateName\":\"Bo\u00e8mia Aroma\",\"potentialAction\":[{\"@type\":\"SearchAction\",\"target\":{\"@type\":\"EntryPoint\",\"urlTemplate\":\"https:\\\/\\\/www.boemia-aroma.com\\\/hu\\\/?s={search_term_string}\"},\"query-input\":{\"@type\":\"PropertyValueSpecification\",\"valueRequired\":true,\"valueName\":\"search_term_string\"}}],\"inLanguage\":\"hu\"},{\"@type\":\"Organization\",\"@id\":\"https:\\\/\\\/www.boemia-aroma.com\\\/hu\\\/#organization\",\"name\":\"Bo\u00e8mia Aroma\",\"url\":\"https:\\\/\\\/www.boemia-aroma.com\\\/hu\\\/\",\"logo\":{\"@type\":\"ImageObject\",\"inLanguage\":\"hu\",\"@id\":\"https:\\\/\\\/www.boemia-aroma.com\\\/hu\\\/#\\\/schema\\\/logo\\\/image\\\/\",\"url\":\"https:\\\/\\\/www.boemia-aroma.com\\\/wp-content\\\/uploads\\\/2023\\\/07\\\/logo-boemia-aroma.png\",\"contentUrl\":\"https:\\\/\\\/www.boemia-aroma.com\\\/wp-content\\\/uploads\\\/2023\\\/07\\\/logo-boemia-aroma.png\",\"width\":300,\"height\":176,\"caption\":\"Bo\u00e8mia Aroma\"},\"image\":{\"@id\":\"https:\\\/\\\/www.boemia-aroma.com\\\/hu\\\/#\\\/schema\\\/logo\\\/image\\\/\"}}]}<\/script>\n<!-- \/ Yoast SEO plugin. -->","yoast_head_json":{"title":"Bo\u00e8mia h\u0171s\u00e9gprogram","description":"H\u0171s\u00e9gprogramot k\u00edn\u00e1lunk, hogy megk\u00f6sz\u00f6nj\u00fck a bizalm\u00e1t. A felt\u00e9teleket l\u00e1sd weboldalunkon.","robots":{"index":"index","follow":"follow","max-snippet":"max-snippet:-1","max-image-preview":"max-image-preview:large","max-video-preview":"max-video-preview:-1"},"canonical":"https:\/\/www.boemia-aroma.com\/hu\/husegprogram\/","og_locale":"hu_HU","og_type":"article","og_title":"Bo\u00e8mia h\u0171s\u00e9gprogram","og_description":"H\u0171s\u00e9gprogramot k\u00edn\u00e1lunk, hogy megk\u00f6sz\u00f6nj\u00fck a bizalm\u00e1t. A felt\u00e9teleket l\u00e1sd weboldalunkon.","og_url":"https:\/\/www.boemia-aroma.com\/hu\/husegprogram\/","og_site_name":"Bo\u00e8mia Aroma","article_modified_time":"2026-03-12T14:47:08+00:00","twitter_card":"summary_large_image","schema":{"@context":"https:\/\/schema.org","@graph":[{"@type":"WebPage","@id":"https:\/\/www.boemia-aroma.com\/hu\/husegprogram\/","url":"https:\/\/www.boemia-aroma.com\/hu\/husegprogram\/","name":"Bo\u00e8mia h\u0171s\u00e9gprogram","isPartOf":{"@id":"https:\/\/www.boemia-aroma.com\/hu\/#website"},"datePublished":"2025-02-25T13:50:08+00:00","dateModified":"2026-03-12T14:47:08+00:00","description":"H\u0171s\u00e9gprogramot k\u00edn\u00e1lunk, hogy megk\u00f6sz\u00f6nj\u00fck a bizalm\u00e1t. A felt\u00e9teleket l\u00e1sd weboldalunkon.","breadcrumb":{"@id":"https:\/\/www.boemia-aroma.com\/hu\/husegprogram\/#breadcrumb"},"inLanguage":"hu","potentialAction":[{"@type":"ReadAction","target":["https:\/\/www.boemia-aroma.com\/hu\/husegprogram\/"]}]},{"@type":"BreadcrumbList","@id":"https:\/\/www.boemia-aroma.com\/hu\/husegprogram\/#breadcrumb","itemListElement":[{"@type":"ListItem","position":1,"name":"Kezd\u0151lap","item":"https:\/\/www.boemia-aroma.com\/hu\/"},{"@type":"ListItem","position":2,"name":"H\u0171s\u00e9gprogram"}]},{"@type":"WebSite","@id":"https:\/\/www.boemia-aroma.com\/hu\/#website","url":"https:\/\/www.boemia-aroma.com\/hu\/","name":"Bo\u00e8mia Aroma","description":"","publisher":{"@id":"https:\/\/www.boemia-aroma.com\/hu\/#organization"},"alternateName":"Bo\u00e8mia Aroma","potentialAction":[{"@type":"SearchAction","target":{"@type":"EntryPoint","urlTemplate":"https:\/\/www.boemia-aroma.com\/hu\/?s={search_term_string}"},"query-input":{"@type":"PropertyValueSpecification","valueRequired":true,"valueName":"search_term_string"}}],"inLanguage":"hu"},{"@type":"Organization","@id":"https:\/\/www.boemia-aroma.com\/hu\/#organization","name":"Bo\u00e8mia Aroma","url":"https:\/\/www.boemia-aroma.com\/hu\/","logo":{"@type":"ImageObject","inLanguage":"hu","@id":"https:\/\/www.boemia-aroma.com\/hu\/#\/schema\/logo\/image\/","url":"https:\/\/www.boemia-aroma.com\/wp-content\/uploads\/2023\/07\/logo-boemia-aroma.png","contentUrl":"https:\/\/www.boemia-aroma.com\/wp-content\/uploads\/2023\/07\/logo-boemia-aroma.png","width":300,"height":176,"caption":"Bo\u00e8mia Aroma"},"image":{"@id":"https:\/\/www.boemia-aroma.com\/hu\/#\/schema\/logo\/image\/"}}]}},"_links":{"self":[{"href":"https:\/\/www.boemia-aroma.com\/hu\/wp-json\/wp\/v2\/pages\/23670","targetHints":{"allow":["GET"]}}],"collection":[{"href":"https:\/\/www.boemia-aroma.com\/hu\/wp-json\/wp\/v2\/pages"}],"about":[{"href":"https:\/\/www.boemia-aroma.com\/hu\/wp-json\/wp\/v2\/types\/page"}],"author":[{"embeddable":true,"href":"https:\/\/www.boemia-aroma.com\/hu\/wp-json\/wp\/v2\/users\/2045"}],"replies":[{"embeddable":true,"href":"https:\/\/www.boemia-aroma.com\/hu\/wp-json\/wp\/v2\/comments?post=23670"}],"version-history":[{"count":0,"href":"https:\/\/www.boemia-aroma.com\/hu\/wp-json\/wp\/v2\/pages\/23670\/revisions"}],"wp:attachment":[{"href":"https:\/\/www.boemia-aroma.com\/hu\/wp-json\/wp\/v2\/media?parent=23670"}],"curies":[{"name":"wp","href":"https:\/\/api.w.org\/{rel}","templated":true}]}}