{"id":20792,"date":"2023-09-04T15:09:40","date_gmt":"2023-09-04T13:09:40","guid":{"rendered":"https:\/\/www.boemia-aroma.com\/boutique-boemia\/uncategorized\/organic-lavender-essential-oil\/"},"modified":"2026-03-12T10:26:23","modified_gmt":"2026-03-12T09:26:23","slug":"organic-lavender-essential-oil","status":"publish","type":"product","link":"https:\/\/www.boemia-aroma.com\/en\/store-boemia\/essential-oils\/organic-lavender-essential-oil\/","title":{"rendered":"Organic Lavender essential oil"},"content":{"rendered":"\t\t<div data-elementor-type=\"product-post\" data-elementor-id=\"20792\" class=\"elementor elementor-20792 elementor-9426\" data-elementor-post-type=\"product\">\n\t\t\t\t\t\t<section class=\"elementor-section elementor-top-section elementor-element elementor-element-a54d7b2 elementor-reverse-mobile elementor-section-boxed elementor-section-height-default elementor-section-height-default\" data-id=\"a54d7b2\" data-element_type=\"section\" data-e-type=\"section\">\n\t\t\t\t\t\t<div class=\"elementor-container elementor-column-gap-wider\">\n\t\t\t\t\t<div class=\"elementor-column elementor-col-50 elementor-top-column elementor-element elementor-element-6815e10\" data-id=\"6815e10\" data-element_type=\"column\" data-e-type=\"column\">\n\t\t\t<div class=\"elementor-widget-wrap elementor-element-populated\">\n\t\t\t\t\t\t<div class=\"elementor-element elementor-element-2b32561 elementor-widget elementor-widget-image\" data-id=\"2b32561\" data-element_type=\"widget\" data-e-type=\"widget\" data-widget_type=\"image.default\">\n\t\t\t\t<div class=\"elementor-widget-container\">\n\t\t\t\t\t\t\t\t\t\t\t\t\t\t\t<img decoding=\"async\" src=\"https:\/\/www.boemia-aroma.com\/wp-content\/uploads\/elementor\/thumbs\/lavande-officinale-r0zerve0410qwaq7mqi0ksfldio9brcdk0tj1ujt48.jpg\" title=\"lavender-officinale\" alt=\"lavender-officinale\" loading=\"lazy\" \/>\t\t\t\t\t\t\t\t\t\t\t\t\t\t\t<\/div>\n\t\t\t\t<\/div>\n\t\t\t\t\t<\/div>\n\t\t<\/div>\n\t\t\t\t<div class=\"elementor-column elementor-col-50 elementor-top-column elementor-element elementor-element-bf0a8f8\" data-id=\"bf0a8f8\" data-element_type=\"column\" data-e-type=\"column\">\n\t\t\t<div class=\"elementor-widget-wrap elementor-element-populated\">\n\t\t\t\t\t\t<div class=\"elementor-element elementor-element-5de5b72 elementor-widget elementor-widget-heading\" data-id=\"5de5b72\" data-element_type=\"widget\" data-e-type=\"widget\" data-widget_type=\"heading.default\">\n\t\t\t\t<div class=\"elementor-widget-container\">\n\t\t\t\t\t<h2 class=\"elementor-heading-title elementor-size-default\">True lavender and its essential oil<\/h2>\t\t\t\t<\/div>\n\t\t\t\t<\/div>\n\t\t\t\t<div class=\"elementor-element elementor-element-8116019 elementor-widget elementor-widget-spacer\" data-id=\"8116019\" data-element_type=\"widget\" data-e-type=\"widget\" data-widget_type=\"spacer.default\">\n\t\t\t\t<div class=\"elementor-widget-container\">\n\t\t\t\t\t\t\t<div class=\"elementor-spacer\">\n\t\t\t<div class=\"elementor-spacer-inner\"><\/div>\n\t\t<\/div>\n\t\t\t\t\t\t<\/div>\n\t\t\t\t<\/div>\n\t\t\t\t<div class=\"elementor-element elementor-element-98715e2 elementor-widget elementor-widget-text-editor\" data-id=\"98715e2\" data-element_type=\"widget\" data-e-type=\"widget\" data-widget_type=\"text-editor.default\">\n\t\t\t\t<div class=\"elementor-widget-container\">\n\t\t\t\t\t\t\t\t\t<p><span style=\"font-weight: 400;\"><strong>True lavender<\/strong>, or <\/span><i><span style=\"font-weight: 400;\">Lavandula angustifolia<\/span><\/i><span style=\"font-weight: 400;\">is one of the most evocative aromatic symbols of the Mediterranean region. This variety of <strong>lavender<\/strong> is distinguished not only by its subtle, intoxicating fragrance, but also by the imagination that accompanies it. In our fields, it grows serenely in polyculture, surrounded by the typical flora of the garrigue. This cultivation method respects local biodiversity and enhances <strong>lavender<\/strong>&#8216;s vitality. We harvest it by hand, in order to respect its most fragile fragrances. <\/span> <span style=\"font-weight: 400;\"><br><\/span><span style=\"font-weight: 400;\"><br><\/span><span style=\"font-weight: 400;\">The<strong>essential oil<\/strong>, extracted from these precious flowers, ranges in color from pale yellow to light green. Its sweet, floral aroma immediately evokes the vast expanses of the garrigue where it was born. <\/span><\/p>\t\t\t\t\t\t\t\t<\/div>\n\t\t\t\t<\/div>\n\t\t\t\t<div class=\"elementor-element elementor-element-d2c9d5c elementor-widget elementor-widget-spacer\" data-id=\"d2c9d5c\" data-element_type=\"widget\" data-e-type=\"widget\" data-widget_type=\"spacer.default\">\n\t\t\t\t<div class=\"elementor-widget-container\">\n\t\t\t\t\t\t\t<div class=\"elementor-spacer\">\n\t\t\t<div class=\"elementor-spacer-inner\"><\/div>\n\t\t<\/div>\n\t\t\t\t\t\t<\/div>\n\t\t\t\t<\/div>\n\t\t\t\t\t<\/div>\n\t\t<\/div>\n\t\t\t\t\t<\/div>\n\t\t<\/section>\n\t\t\t\t<section class=\"elementor-section elementor-top-section elementor-element elementor-element-bd16ce2 elementor-reverse-mobile elementor-section-boxed elementor-section-height-default elementor-section-height-default\" data-id=\"bd16ce2\" data-element_type=\"section\" data-e-type=\"section\">\n\t\t\t\t\t\t<div class=\"elementor-container elementor-column-gap-wider\">\n\t\t\t\t\t<div class=\"elementor-column elementor-col-50 elementor-top-column elementor-element elementor-element-6ea1e80\" data-id=\"6ea1e80\" data-element_type=\"column\" data-e-type=\"column\">\n\t\t\t<div class=\"elementor-widget-wrap elementor-element-populated\">\n\t\t\t\t\t\t<div class=\"elementor-element elementor-element-e508b66 elementor-widget elementor-widget-heading\" data-id=\"e508b66\" data-element_type=\"widget\" data-e-type=\"widget\" data-widget_type=\"heading.default\">\n\t\t\t\t<div class=\"elementor-widget-container\">\n\t\t\t\t\t<h2 class=\"elementor-heading-title elementor-size-default\">The history and traditional uses of Lavender officinalis<\/h2>\t\t\t\t<\/div>\n\t\t\t\t<\/div>\n\t\t\t\t<div class=\"elementor-element elementor-element-331b617 elementor-widget elementor-widget-spacer\" data-id=\"331b617\" data-element_type=\"widget\" data-e-type=\"widget\" data-widget_type=\"spacer.default\">\n\t\t\t\t<div class=\"elementor-widget-container\">\n\t\t\t\t\t\t\t<div class=\"elementor-spacer\">\n\t\t\t<div class=\"elementor-spacer-inner\"><\/div>\n\t\t<\/div>\n\t\t\t\t\t\t<\/div>\n\t\t\t\t<\/div>\n\t\t\t\t<div class=\"elementor-element elementor-element-09b01b4 elementor-widget elementor-widget-text-editor\" data-id=\"09b01b4\" data-element_type=\"widget\" data-e-type=\"widget\" data-widget_type=\"text-editor.default\">\n\t\t\t\t<div class=\"elementor-widget-container\">\n\t\t\t\t\t\t\t\t\t<p><span style=\"font-weight: 400;\">The heritage of <strong>Lavender officinalis<\/strong> is closely linked to its name, which echoes the washerwomen of yesteryear, who used its flowers to perfume their linen. This use has continued, making <strong>lavender<\/strong> one of the most prized essences for its fresh, purifying scent. Its history is also marked by the legend of Ren\u00e9-Maurice Gattefoss\u00e9, one of the pioneers of modern aromatherapy. After severely burning his hand in a laboratory experiment, Gattefoss\u00e9 applied<g id=\"gid_2\"> lavender essential oil<\/g> to the gangrenous wound. The rapid, almost scar-free healing of his burn reinforced his conviction in the exceptional properties of <g id=\"gid_3\">essential oils<\/g>. This anecdote reinforces <g id=\"gid_4\">lavender<\/g> &#8216;s status as a versatile <g id=\"gid_5\">essential oil<\/g>. Today, at Bo\u00e8mia, we continue this tradition, cultivating our lavender with respect and passion, rooted in the heart of the Corbi\u00e8res.      <\/span><\/p>\t\t\t\t\t\t\t\t<\/div>\n\t\t\t\t<\/div>\n\t\t\t\t<div class=\"elementor-element elementor-element-b3bba1a elementor-widget elementor-widget-spacer\" data-id=\"b3bba1a\" data-element_type=\"widget\" data-e-type=\"widget\" data-widget_type=\"spacer.default\">\n\t\t\t\t<div class=\"elementor-widget-container\">\n\t\t\t\t\t\t\t<div class=\"elementor-spacer\">\n\t\t\t<div class=\"elementor-spacer-inner\"><\/div>\n\t\t<\/div>\n\t\t\t\t\t\t<\/div>\n\t\t\t\t<\/div>\n\t\t\t\t<div class=\"elementor-element elementor-element-5e93bbb elementor-widget elementor-widget-heading\" data-id=\"5e93bbb\" data-element_type=\"widget\" data-e-type=\"widget\" data-widget_type=\"heading.default\">\n\t\t\t\t<div class=\"elementor-widget-container\">\n\t\t\t\t\t<h3 class=\"elementor-heading-title elementor-size-default\">Disclaimer traditional uses<\/h3>\t\t\t\t<\/div>\n\t\t\t\t<\/div>\n\t\t\t\t<div class=\"elementor-element elementor-element-6de8230 elementor-widget elementor-widget-text-editor\" data-id=\"6de8230\" data-element_type=\"widget\" data-e-type=\"widget\" data-widget_type=\"text-editor.default\">\n\t\t\t\t<div class=\"elementor-widget-container\">\n\t\t\t\t\t\t\t\t\t<p><em>The traditional uses described here are based on the historical and cultural practices of different civilizations over time. This information is provided for educational and informational purposes only.  They are not intended to diagnose, treat, cure or prevent any disease. These statements have not been evaluated by any medical authority. <\/em><\/p><p><em>We always recommend that you consult a qualified health professional before using essential oils for health reasons.<\/em><\/p>\t\t\t\t\t\t\t\t<\/div>\n\t\t\t\t<\/div>\n\t\t\t\t\t<\/div>\n\t\t<\/div>\n\t\t\t\t<div class=\"elementor-column elementor-col-50 elementor-top-column elementor-element elementor-element-4c0420f\" data-id=\"4c0420f\" data-element_type=\"column\" data-e-type=\"column\">\n\t\t\t<div class=\"elementor-widget-wrap elementor-element-populated\">\n\t\t\t\t\t\t<div class=\"elementor-element elementor-element-d2b8bfe elementor-widget elementor-widget-image\" data-id=\"d2b8bfe\" data-element_type=\"widget\" data-e-type=\"widget\" data-widget_type=\"image.default\">\n\t\t\t\t<div class=\"elementor-widget-container\">\n\t\t\t\t\t\t\t\t\t\t\t\t\t\t\t<img decoding=\"async\" src=\"https:\/\/www.boemia-aroma.com\/wp-content\/uploads\/2024\/01\/Boemia-fiche-produit-ABL-2.jpg\" title=\"\" alt=\"\" loading=\"lazy\" \/>\t\t\t\t\t\t\t\t\t\t\t\t\t\t\t<\/div>\n\t\t\t\t<\/div>\n\t\t\t\t\t<\/div>\n\t\t<\/div>\n\t\t\t\t\t<\/div>\n\t\t<\/section>\n\t\t\t\t<\/div>\n\t\t","protected":false},"excerpt":{"rendered":"<p><span data-sheets-value=\"{\"1\":2,\"2\":\"Citrus limon L.\"}\" data-sheets-userformat=\"{\"2\":33567233,\"3\":{\"1\":0},\"12\":0,\"15\":\"Arial\",\"16\":9,\"28\":1}\"><span style=\"color: #ce4e2b;\"><b>Nature and tradition: the unique signature of our True lavender<\/b><\/span><\/span><\/p>\n<p><span data-sheets-value=\"{\"1\":2,\"2\":\"Citrus limon L.\"}\" data-sheets-userformat=\"{\"2\":33567233,\"3\":{\"1\":0},\"12\":0,\"15\":\"Arial\",\"16\":9,\"28\":1}\"><i style=\"color: #808080;\">Lavandula angustifolia<\/i><\/span><\/p>\n<hr>\n<p>&nbsp;<\/p>\n<p><span data-sheets-value=\"{\"1\":2,\"2\":\"Madagascar\"}\" data-sheets-userformat=\"{\"2\":12803,\"3\":{\"1\":0},\"4\":{\"1\":2,\"2\":16773836},\"12\":0,\"15\":\"Arial\",\"16\":9}\"><span style=\"color: #ce4e2b;\">\u2192<\/span> Origin: France<\/span><\/p>\n<p><span style=\"color: #ce4e2b;\" data-sheets-value=\"{\"1\":2,\"2\":\"Madagascar\"}\" data-sheets-userformat=\"{\"2\":12803,\"3\":{\"1\":0},\"4\":{\"1\":2,\"2\":16773836},\"12\":0,\"15\":\"Arial\",\"16\":9}\">\u2192 <\/span>Part used: <span data-sheets-value=\"{\"1\":2,\"2\":\"Sommit\u00e9s fleuries\"}\" data-sheets-userformat=\"{\"2\":33567233,\"3\":{\"1\":0},\"12\":0,\"15\":\"Arial\",\"16\":9,\"28\":1}\">Flowering tops<\/span><\/p>\n<p><span data-sheets-value=\"{\"1\":2,\"2\":\"Extraction \u00e0 la vapeur d'eau\"}\" data-sheets-userformat=\"{\"2\":12803,\"3\":{\"1\":0},\"4\":{\"1\":2,\"2\":16773836},\"12\":0,\"15\":\"Arial\",\"16\":9}\"><span style=\"color: #ce4e2b;\">\u2192<\/span> Method: Steam extraction<\/span><\/p>\n<p><span data-sheets-value=\"{\"1\":2,\"2\":\"Extraction \u00e0 la vapeur d'eau\"}\" data-sheets-userformat=\"{\"2\":12803,\"3\":{\"1\":0},\"4\":{\"1\":2,\"2\":16773836},\"12\":0,\"15\":\"Arial\",\"16\":9}\"><span style=\"color: #ce4e2b;\">\u2192 Essential oil from our organic Bo\u00e8mia cultivation<\/span><\/span><\/p>\n<p><span data-sheets-value=\"{\"1\":2,\"2\":\"Extraction \u00e0 la vapeur d'eau\"}\" data-sheets-userformat=\"{\"2\":12803,\"3\":{\"1\":0},\"4\":{\"1\":2,\"2\":16773836},\"12\":0,\"15\":\"Arial\",\"16\":9}\"><span style=\"color: #ce4e2b;\">\u2192<\/span> Storage: 5 years<\/span><\/p>\n<p><span data-sheets-value=\"{\"1\":2,\"2\":\"Extraction \u00e0 la vapeur d'eau\"}\" data-sheets-userformat=\"{\"2\":12803,\"3\":{\"1\":0},\"4\":{\"1\":2,\"2\":16773836},\"12\":0,\"15\":\"Arial\",\"16\":9}\"><span style=\"color: #4d6854;\">\u2205<\/span> No over-packaging<\/span><\/p>\n<p>&nbsp;<\/p>\n<hr>\n<p>&nbsp;<\/p>\n","protected":false},"featured_media":20795,"comment_status":"open","ping_status":"closed","template":"","meta":{"_acf_changed":false},"product_brand":[],"product_cat":[154],"product_tag":[],"class_list":{"0":"post-20792","1":"product","2":"type-product","3":"status-publish","4":"has-post-thumbnail","6":"product_cat-essential-oils","7":"pa_usage-children","8":"pa_usage-skin-care","9":"pa_usage-stress-and-sleep","11":"first","12":"instock","13":"featured","14":"taxable","15":"shipping-taxable","16":"purchasable","17":"product-type-variable"},"acf":[],"yoast_head":"<!-- This site is optimized with the Yoast SEO plugin v27.4 - https:\/\/yoast.com\/product\/yoast-seo-wordpress\/ -->\n<title>Organic Lavender essential oil - Bo\u00e8mia Aroma<\/title>\n<meta name=\"description\" content=\"Organic Lavender essential oil en vente en ligne sur Bo\u00e8mia Aroma.\" \/>\n<meta name=\"robots\" content=\"index, follow, max-snippet:-1, max-image-preview:large, max-video-preview:-1\" \/>\n<link rel=\"canonical\" href=\"https:\/\/www.boemia-aroma.com\/en\/store-boemia\/essential-oils\/organic-lavender-essential-oil\/\" \/>\n<meta property=\"og:locale\" content=\"en_US\" \/>\n<meta property=\"og:type\" content=\"article\" \/>\n<meta property=\"og:title\" content=\"Organic Lavender essential oil - Bo\u00e8mia Aroma\" \/>\n<meta property=\"og:description\" content=\"Organic Lavender essential oil en vente en ligne sur Bo\u00e8mia Aroma.\" \/>\n<meta property=\"og:url\" content=\"https:\/\/www.boemia-aroma.com\/en\/store-boemia\/essential-oils\/organic-lavender-essential-oil\/\" \/>\n<meta property=\"og:site_name\" content=\"Bo\u00e8mia Aroma\" \/>\n<meta property=\"article:modified_time\" content=\"2026-03-12T09:26:23+00:00\" \/>\n<meta property=\"og:image\" content=\"https:\/\/www.boemia-aroma.com\/wp-content\/uploads\/2023\/09\/lavande-officinale.webp\" \/>\n\t<meta property=\"og:image:width\" content=\"1200\" \/>\n\t<meta property=\"og:image:height\" content=\"1200\" \/>\n\t<meta property=\"og:image:type\" content=\"image\/webp\" \/>\n<meta name=\"twitter:card\" content=\"summary_large_image\" \/>\n<meta name=\"twitter:label1\" content=\"Est. reading time\" \/>\n\t<meta name=\"twitter:data1\" content=\"2 minutes\" \/>\n<script type=\"application\/ld+json\" class=\"yoast-schema-graph\">{\"@context\":\"https:\\\/\\\/schema.org\",\"@graph\":[{\"@type\":\"WebPage\",\"@id\":\"https:\\\/\\\/www.boemia-aroma.com\\\/en\\\/store-boemia\\\/essential-oils\\\/organic-lavender-essential-oil\\\/\",\"url\":\"https:\\\/\\\/www.boemia-aroma.com\\\/en\\\/store-boemia\\\/essential-oils\\\/organic-lavender-essential-oil\\\/\",\"name\":\"Organic Lavender essential oil - Bo\u00e8mia Aroma\",\"isPartOf\":{\"@id\":\"https:\\\/\\\/www.boemia-aroma.com\\\/en\\\/#website\"},\"primaryImageOfPage\":{\"@id\":\"https:\\\/\\\/www.boemia-aroma.com\\\/en\\\/store-boemia\\\/essential-oils\\\/organic-lavender-essential-oil\\\/#primaryimage\"},\"image\":{\"@id\":\"https:\\\/\\\/www.boemia-aroma.com\\\/en\\\/store-boemia\\\/essential-oils\\\/organic-lavender-essential-oil\\\/#primaryimage\"},\"thumbnailUrl\":\"https:\\\/\\\/www.boemia-aroma.com\\\/wp-content\\\/uploads\\\/2023\\\/09\\\/lavande-officinale.webp\",\"datePublished\":\"2023-09-04T13:09:40+00:00\",\"dateModified\":\"2026-03-12T09:26:23+00:00\",\"description\":\"Organic Lavender essential oil en vente en ligne sur Bo\u00e8mia Aroma.\",\"breadcrumb\":{\"@id\":\"https:\\\/\\\/www.boemia-aroma.com\\\/en\\\/store-boemia\\\/essential-oils\\\/organic-lavender-essential-oil\\\/#breadcrumb\"},\"inLanguage\":\"en-US\",\"potentialAction\":[{\"@type\":\"ReadAction\",\"target\":[\"https:\\\/\\\/www.boemia-aroma.com\\\/en\\\/store-boemia\\\/essential-oils\\\/organic-lavender-essential-oil\\\/\"]}]},{\"@type\":\"ImageObject\",\"inLanguage\":\"en-US\",\"@id\":\"https:\\\/\\\/www.boemia-aroma.com\\\/en\\\/store-boemia\\\/essential-oils\\\/organic-lavender-essential-oil\\\/#primaryimage\",\"url\":\"https:\\\/\\\/www.boemia-aroma.com\\\/wp-content\\\/uploads\\\/2023\\\/09\\\/lavande-officinale.webp\",\"contentUrl\":\"https:\\\/\\\/www.boemia-aroma.com\\\/wp-content\\\/uploads\\\/2023\\\/09\\\/lavande-officinale.webp\",\"width\":1200,\"height\":1200},{\"@type\":\"BreadcrumbList\",\"@id\":\"https:\\\/\\\/www.boemia-aroma.com\\\/en\\\/store-boemia\\\/essential-oils\\\/organic-lavender-essential-oil\\\/#breadcrumb\",\"itemListElement\":[{\"@type\":\"ListItem\",\"position\":1,\"name\":\"Home\",\"item\":\"https:\\\/\\\/www.boemia-aroma.com\\\/en\\\/\"},{\"@type\":\"ListItem\",\"position\":2,\"name\":\"Store\",\"item\":\"https:\\\/\\\/www.boemia-aroma.com\\\/en\\\/store\\\/\"},{\"@type\":\"ListItem\",\"position\":3,\"name\":\"Organic Lavender essential oil\"}]},{\"@type\":\"WebSite\",\"@id\":\"https:\\\/\\\/www.boemia-aroma.com\\\/en\\\/#website\",\"url\":\"https:\\\/\\\/www.boemia-aroma.com\\\/en\\\/\",\"name\":\"Bo\u00e8mia Aroma\",\"description\":\"\",\"publisher\":{\"@id\":\"https:\\\/\\\/www.boemia-aroma.com\\\/en\\\/#organization\"},\"alternateName\":\"Bo\u00e8mia Aroma\",\"potentialAction\":[{\"@type\":\"SearchAction\",\"target\":{\"@type\":\"EntryPoint\",\"urlTemplate\":\"https:\\\/\\\/www.boemia-aroma.com\\\/en\\\/?s={search_term_string}\"},\"query-input\":{\"@type\":\"PropertyValueSpecification\",\"valueRequired\":true,\"valueName\":\"search_term_string\"}}],\"inLanguage\":\"en-US\"},{\"@type\":\"Organization\",\"@id\":\"https:\\\/\\\/www.boemia-aroma.com\\\/en\\\/#organization\",\"name\":\"Bo\u00e8mia Aroma\",\"url\":\"https:\\\/\\\/www.boemia-aroma.com\\\/en\\\/\",\"logo\":{\"@type\":\"ImageObject\",\"inLanguage\":\"en-US\",\"@id\":\"https:\\\/\\\/www.boemia-aroma.com\\\/en\\\/#\\\/schema\\\/logo\\\/image\\\/\",\"url\":\"https:\\\/\\\/www.boemia-aroma.com\\\/wp-content\\\/uploads\\\/2023\\\/07\\\/logo-boemia-aroma.png\",\"contentUrl\":\"https:\\\/\\\/www.boemia-aroma.com\\\/wp-content\\\/uploads\\\/2023\\\/07\\\/logo-boemia-aroma.png\",\"width\":300,\"height\":176,\"caption\":\"Bo\u00e8mia Aroma\"},\"image\":{\"@id\":\"https:\\\/\\\/www.boemia-aroma.com\\\/en\\\/#\\\/schema\\\/logo\\\/image\\\/\"}}]}<\/script>\n<!-- \/ Yoast SEO plugin. -->","yoast_head_json":{"title":"Organic Lavender essential oil - Bo\u00e8mia Aroma","description":"Organic Lavender essential oil en vente en ligne sur Bo\u00e8mia Aroma.","robots":{"index":"index","follow":"follow","max-snippet":"max-snippet:-1","max-image-preview":"max-image-preview:large","max-video-preview":"max-video-preview:-1"},"canonical":"https:\/\/www.boemia-aroma.com\/en\/store-boemia\/essential-oils\/organic-lavender-essential-oil\/","og_locale":"en_US","og_type":"article","og_title":"Organic Lavender essential oil - Bo\u00e8mia Aroma","og_description":"Organic Lavender essential oil en vente en ligne sur Bo\u00e8mia Aroma.","og_url":"https:\/\/www.boemia-aroma.com\/en\/store-boemia\/essential-oils\/organic-lavender-essential-oil\/","og_site_name":"Bo\u00e8mia Aroma","article_modified_time":"2026-03-12T09:26:23+00:00","og_image":[{"width":1200,"height":1200,"url":"https:\/\/www.boemia-aroma.com\/wp-content\/uploads\/2023\/09\/lavande-officinale.webp","type":"image\/webp"}],"twitter_card":"summary_large_image","twitter_misc":{"Est. reading time":"2 minutes"},"schema":{"@context":"https:\/\/schema.org","@graph":[{"@type":"WebPage","@id":"https:\/\/www.boemia-aroma.com\/en\/store-boemia\/essential-oils\/organic-lavender-essential-oil\/","url":"https:\/\/www.boemia-aroma.com\/en\/store-boemia\/essential-oils\/organic-lavender-essential-oil\/","name":"Organic Lavender essential oil - Bo\u00e8mia Aroma","isPartOf":{"@id":"https:\/\/www.boemia-aroma.com\/en\/#website"},"primaryImageOfPage":{"@id":"https:\/\/www.boemia-aroma.com\/en\/store-boemia\/essential-oils\/organic-lavender-essential-oil\/#primaryimage"},"image":{"@id":"https:\/\/www.boemia-aroma.com\/en\/store-boemia\/essential-oils\/organic-lavender-essential-oil\/#primaryimage"},"thumbnailUrl":"https:\/\/www.boemia-aroma.com\/wp-content\/uploads\/2023\/09\/lavande-officinale.webp","datePublished":"2023-09-04T13:09:40+00:00","dateModified":"2026-03-12T09:26:23+00:00","description":"Organic Lavender essential oil en vente en ligne sur Bo\u00e8mia Aroma.","breadcrumb":{"@id":"https:\/\/www.boemia-aroma.com\/en\/store-boemia\/essential-oils\/organic-lavender-essential-oil\/#breadcrumb"},"inLanguage":"en-US","potentialAction":[{"@type":"ReadAction","target":["https:\/\/www.boemia-aroma.com\/en\/store-boemia\/essential-oils\/organic-lavender-essential-oil\/"]}]},{"@type":"ImageObject","inLanguage":"en-US","@id":"https:\/\/www.boemia-aroma.com\/en\/store-boemia\/essential-oils\/organic-lavender-essential-oil\/#primaryimage","url":"https:\/\/www.boemia-aroma.com\/wp-content\/uploads\/2023\/09\/lavande-officinale.webp","contentUrl":"https:\/\/www.boemia-aroma.com\/wp-content\/uploads\/2023\/09\/lavande-officinale.webp","width":1200,"height":1200},{"@type":"BreadcrumbList","@id":"https:\/\/www.boemia-aroma.com\/en\/store-boemia\/essential-oils\/organic-lavender-essential-oil\/#breadcrumb","itemListElement":[{"@type":"ListItem","position":1,"name":"Home","item":"https:\/\/www.boemia-aroma.com\/en\/"},{"@type":"ListItem","position":2,"name":"Store","item":"https:\/\/www.boemia-aroma.com\/en\/store\/"},{"@type":"ListItem","position":3,"name":"Organic Lavender essential oil"}]},{"@type":"WebSite","@id":"https:\/\/www.boemia-aroma.com\/en\/#website","url":"https:\/\/www.boemia-aroma.com\/en\/","name":"Bo\u00e8mia Aroma","description":"","publisher":{"@id":"https:\/\/www.boemia-aroma.com\/en\/#organization"},"alternateName":"Bo\u00e8mia Aroma","potentialAction":[{"@type":"SearchAction","target":{"@type":"EntryPoint","urlTemplate":"https:\/\/www.boemia-aroma.com\/en\/?s={search_term_string}"},"query-input":{"@type":"PropertyValueSpecification","valueRequired":true,"valueName":"search_term_string"}}],"inLanguage":"en-US"},{"@type":"Organization","@id":"https:\/\/www.boemia-aroma.com\/en\/#organization","name":"Bo\u00e8mia Aroma","url":"https:\/\/www.boemia-aroma.com\/en\/","logo":{"@type":"ImageObject","inLanguage":"en-US","@id":"https:\/\/www.boemia-aroma.com\/en\/#\/schema\/logo\/image\/","url":"https:\/\/www.boemia-aroma.com\/wp-content\/uploads\/2023\/07\/logo-boemia-aroma.png","contentUrl":"https:\/\/www.boemia-aroma.com\/wp-content\/uploads\/2023\/07\/logo-boemia-aroma.png","width":300,"height":176,"caption":"Bo\u00e8mia Aroma"},"image":{"@id":"https:\/\/www.boemia-aroma.com\/en\/#\/schema\/logo\/image\/"}}]}},"_links":{"self":[{"href":"https:\/\/www.boemia-aroma.com\/en\/wp-json\/wp\/v2\/product\/20792","targetHints":{"allow":["GET"]}}],"collection":[{"href":"https:\/\/www.boemia-aroma.com\/en\/wp-json\/wp\/v2\/product"}],"about":[{"href":"https:\/\/www.boemia-aroma.com\/en\/wp-json\/wp\/v2\/types\/product"}],"replies":[{"embeddable":true,"href":"https:\/\/www.boemia-aroma.com\/en\/wp-json\/wp\/v2\/comments?post=20792"}],"version-history":[{"count":0,"href":"https:\/\/www.boemia-aroma.com\/en\/wp-json\/wp\/v2\/product\/20792\/revisions"}],"wp:featuredmedia":[{"embeddable":true,"href":"https:\/\/www.boemia-aroma.com\/en\/wp-json\/wp\/v2\/media\/20795"}],"wp:attachment":[{"href":"https:\/\/www.boemia-aroma.com\/en\/wp-json\/wp\/v2\/media?parent=20792"}],"wp:term":[{"taxonomy":"product_brand","embeddable":true,"href":"https:\/\/www.boemia-aroma.com\/en\/wp-json\/wp\/v2\/product_brand?post=20792"},{"taxonomy":"product_cat","embeddable":true,"href":"https:\/\/www.boemia-aroma.com\/en\/wp-json\/wp\/v2\/product_cat?post=20792"},{"taxonomy":"product_tag","embeddable":true,"href":"https:\/\/www.boemia-aroma.com\/en\/wp-json\/wp\/v2\/product_tag?post=20792"}],"curies":[{"name":"wp","href":"https:\/\/api.w.org\/{rel}","templated":true}]}}