{"id":20667,"date":"2023-08-22T11:51:20","date_gmt":"2023-08-22T09:51:20","guid":{"rendered":"https:\/\/www.boemia-aroma.com\/boutique-boemia\/uncategorized\/organic-buplevre-essential-oil-5-ml\/"},"modified":"2025-11-19T08:56:50","modified_gmt":"2025-11-19T07:56:50","slug":"organic-buplevre-essential-oil-5-ml","status":"publish","type":"product","link":"https:\/\/www.boemia-aroma.com\/en\/store-boemia\/essential-oils\/organic-buplevre-essential-oil-5-ml\/","title":{"rendered":"Organic Bupl\u00e8vre essential oil &#8211; 5 ml"},"content":{"rendered":"\t\t<div data-elementor-type=\"product-post\" data-elementor-id=\"20667\" class=\"elementor elementor-20667 elementor-8466\" data-elementor-post-type=\"product\">\n\t\t\t\t\t\t<section class=\"elementor-section elementor-top-section elementor-element elementor-element-a624202 elementor-section-boxed elementor-section-height-default elementor-section-height-default\" data-id=\"a624202\" data-element_type=\"section\" data-e-type=\"section\">\n\t\t\t\t\t\t<div class=\"elementor-container elementor-column-gap-wider\">\n\t\t\t\t\t<div class=\"elementor-column elementor-col-50 elementor-top-column elementor-element elementor-element-3b20906\" data-id=\"3b20906\" data-element_type=\"column\" data-e-type=\"column\">\n\t\t\t<div class=\"elementor-widget-wrap elementor-element-populated\">\n\t\t\t\t\t\t<div class=\"elementor-element elementor-element-fbeb34c elementor-widget elementor-widget-image\" data-id=\"fbeb34c\" data-element_type=\"widget\" data-e-type=\"widget\" data-widget_type=\"image.default\">\n\t\t\t\t<div class=\"elementor-widget-container\">\n\t\t\t\t\t\t\t\t\t\t\t\t\t\t\t<img decoding=\"async\" src=\"https:\/\/www.boemia-aroma.com\/wp-content\/uploads\/elementor\/thumbs\/buplevre-r0zelf7v7y6x8m3gag55yx0qncgliiqoc3olii41t4.jpg\" title=\"buplevre\" alt=\"buplevre\" loading=\"lazy\" \/>\t\t\t\t\t\t\t\t\t\t\t\t\t\t\t<\/div>\n\t\t\t\t<\/div>\n\t\t\t\t\t<\/div>\n\t\t<\/div>\n\t\t\t\t<div class=\"elementor-column elementor-col-50 elementor-top-column elementor-element elementor-element-0374dd8\" data-id=\"0374dd8\" data-element_type=\"column\" data-e-type=\"column\">\n\t\t\t<div class=\"elementor-widget-wrap elementor-element-populated\">\n\t\t\t\t\t\t<div class=\"elementor-element elementor-element-ac675ca elementor-widget elementor-widget-heading\" data-id=\"ac675ca\" data-element_type=\"widget\" data-e-type=\"widget\" data-widget_type=\"heading.default\">\n\t\t\t\t<div class=\"elementor-widget-container\">\n\t\t\t\t\t<h2 class=\"elementor-heading-title elementor-size-default\">Buckthorn and its essential oil<\/h2>\t\t\t\t<\/div>\n\t\t\t\t<\/div>\n\t\t\t\t<div class=\"elementor-element elementor-element-c7fe0ed elementor-widget elementor-widget-spacer\" data-id=\"c7fe0ed\" data-element_type=\"widget\" data-e-type=\"widget\" data-widget_type=\"spacer.default\">\n\t\t\t\t<div class=\"elementor-widget-container\">\n\t\t\t\t\t\t\t<div class=\"elementor-spacer\">\n\t\t\t<div class=\"elementor-spacer-inner\"><\/div>\n\t\t<\/div>\n\t\t\t\t\t\t<\/div>\n\t\t\t\t<\/div>\n\t\t\t\t<div class=\"elementor-element elementor-element-100b16f elementor-widget elementor-widget-text-editor\" data-id=\"100b16f\" data-element_type=\"widget\" data-e-type=\"widget\" data-widget_type=\"text-editor.default\">\n\t\t\t\t<div class=\"elementor-widget-container\">\n\t\t\t\t\t\t\t\t\t<p><span style=\"font-weight: 400;\"> <strong>Bupleurum<\/strong> fruticosum is a perpetually green plant found in the Mediterranean basin. Its name comes from the Greek &#8220;Bous&#8221;, meaning ox, and &#8220;pleurons&#8221;, meaning rib, in reference to the rigidity of its leaves. This sturdy little shrub, which thrives in the dry, rocky soils of France&#8217;s Corbi\u00e8res region, has umbel-shaped yellow-green flowers.  <\/span><\/p><p><span style=\"font-weight: 400;\">Our organic <strong>Bupl\u00e8vre essential oil<\/strong> is obtained by steam extraction, a method that preserves its precious constituents, such as alpha-pinene and beta-pinene. It&#8217;s a rare essence, hand-harvested in its natural environment, then carefully distilled in our workshop. <\/span><\/p>\t\t\t\t\t\t\t\t<\/div>\n\t\t\t\t<\/div>\n\t\t\t\t<div class=\"elementor-element elementor-element-cbd84e3 elementor-widget elementor-widget-spacer\" data-id=\"cbd84e3\" data-element_type=\"widget\" data-e-type=\"widget\" data-widget_type=\"spacer.default\">\n\t\t\t\t<div class=\"elementor-widget-container\">\n\t\t\t\t\t\t\t<div class=\"elementor-spacer\">\n\t\t\t<div class=\"elementor-spacer-inner\"><\/div>\n\t\t<\/div>\n\t\t\t\t\t\t<\/div>\n\t\t\t\t<\/div>\n\t\t\t\t\t<\/div>\n\t\t<\/div>\n\t\t\t\t\t<\/div>\n\t\t<\/section>\n\t\t\t\t<section class=\"elementor-section elementor-top-section elementor-element elementor-element-bd16ce2 elementor-reverse-mobile elementor-section-boxed elementor-section-height-default elementor-section-height-default\" data-id=\"bd16ce2\" data-element_type=\"section\" data-e-type=\"section\">\n\t\t\t\t\t\t<div class=\"elementor-container elementor-column-gap-wider\">\n\t\t\t\t\t<div class=\"elementor-column elementor-col-50 elementor-top-column elementor-element elementor-element-6ea1e80\" data-id=\"6ea1e80\" data-element_type=\"column\" data-e-type=\"column\">\n\t\t\t<div class=\"elementor-widget-wrap elementor-element-populated\">\n\t\t\t\t\t\t<div class=\"elementor-element elementor-element-e508b66 elementor-widget elementor-widget-heading\" data-id=\"e508b66\" data-element_type=\"widget\" data-e-type=\"widget\" data-widget_type=\"heading.default\">\n\t\t\t\t<div class=\"elementor-widget-container\">\n\t\t\t\t\t<h2 class=\"elementor-heading-title elementor-size-default\">The history and traditional uses of bupl\u00e8vre<\/h2>\t\t\t\t<\/div>\n\t\t\t\t<\/div>\n\t\t\t\t<div class=\"elementor-element elementor-element-331b617 elementor-widget elementor-widget-spacer\" data-id=\"331b617\" data-element_type=\"widget\" data-e-type=\"widget\" data-widget_type=\"spacer.default\">\n\t\t\t\t<div class=\"elementor-widget-container\">\n\t\t\t\t\t\t\t<div class=\"elementor-spacer\">\n\t\t\t<div class=\"elementor-spacer-inner\"><\/div>\n\t\t<\/div>\n\t\t\t\t\t\t<\/div>\n\t\t\t\t<\/div>\n\t\t\t\t<div class=\"elementor-element elementor-element-09b01b4 elementor-widget elementor-widget-text-editor\" data-id=\"09b01b4\" data-element_type=\"widget\" data-e-type=\"widget\" data-widget_type=\"text-editor.default\">\n\t\t\t\t<div class=\"elementor-widget-container\">\n\t\t\t\t\t\t\t\t\t<p><span style=\"font-weight: 400;\">Rarely cited in Western phytotherapy, <strong>Bupl\u00e8vre<\/strong> was traditionally used for its beneficial action on joint pain and sciatica.  <\/span><span style=\"font-weight: 400;\"><br><\/span><\/p><p><span style=\"font-weight: 400;\">It plays an important role in Oriental medicine. <strong>Bupl\u00e8vre<\/strong> is a key ingredient in Soshiho-tang, a herbal preparation used in traditional Chinese and Japanese medicine, renowned for its good tolerance.   <\/span><span style=\"font-weight: 400;\"><br><\/span><\/p><p><span style=\"font-weight: 400;\">Today, Bo\u00e8mia offers you the chance to discover this natural treasure with our <strong>organic Bupl\u00e8vre essential oil<\/strong>, an essence that deserves to be known for its richness and authenticity.<\/span><\/p><p><em><a href=\"http:\/\/Https:\/\/bmccomplementmedtherapies.biomedcentral.com\/articles\/10.1186\/1472-6882-12-266\" data-wplink-url-error=\"true\"><span style=\"text-decoration: underline;\">Source<\/span><\/a><\/em><\/p>\t\t\t\t\t\t\t\t<\/div>\n\t\t\t\t<\/div>\n\t\t\t\t<div class=\"elementor-element elementor-element-b3bba1a elementor-widget elementor-widget-spacer\" data-id=\"b3bba1a\" data-element_type=\"widget\" data-e-type=\"widget\" data-widget_type=\"spacer.default\">\n\t\t\t\t<div class=\"elementor-widget-container\">\n\t\t\t\t\t\t\t<div class=\"elementor-spacer\">\n\t\t\t<div class=\"elementor-spacer-inner\"><\/div>\n\t\t<\/div>\n\t\t\t\t\t\t<\/div>\n\t\t\t\t<\/div>\n\t\t\t\t<div class=\"elementor-element elementor-element-5e93bbb elementor-widget elementor-widget-heading\" data-id=\"5e93bbb\" data-element_type=\"widget\" data-e-type=\"widget\" data-widget_type=\"heading.default\">\n\t\t\t\t<div class=\"elementor-widget-container\">\n\t\t\t\t\t<h3 class=\"elementor-heading-title elementor-size-default\">Disclaimer traditional uses<\/h3>\t\t\t\t<\/div>\n\t\t\t\t<\/div>\n\t\t\t\t<div class=\"elementor-element elementor-element-6de8230 elementor-widget elementor-widget-text-editor\" data-id=\"6de8230\" data-element_type=\"widget\" data-e-type=\"widget\" data-widget_type=\"text-editor.default\">\n\t\t\t\t<div class=\"elementor-widget-container\">\n\t\t\t\t\t\t\t\t\t<p><em>The traditional uses described here are based on the historical and cultural practices of different civilizations over time. This information is provided for educational and informational purposes only.  They are not intended to diagnose, treat, cure or prevent any disease. These statements have not been evaluated by any medical authority. <\/em><\/p><p><em>We always recommend that you consult a qualified health professional before using essential oils for health reasons.<\/em><\/p>\t\t\t\t\t\t\t\t<\/div>\n\t\t\t\t<\/div>\n\t\t\t\t\t<\/div>\n\t\t<\/div>\n\t\t\t\t<div class=\"elementor-column elementor-col-50 elementor-top-column elementor-element elementor-element-4c0420f\" data-id=\"4c0420f\" data-element_type=\"column\" data-e-type=\"column\">\n\t\t\t<div class=\"elementor-widget-wrap elementor-element-populated\">\n\t\t\t\t\t\t<div class=\"elementor-element elementor-element-d2b8bfe elementor-widget elementor-widget-image\" data-id=\"d2b8bfe\" data-element_type=\"widget\" data-e-type=\"widget\" data-widget_type=\"image.default\">\n\t\t\t\t<div class=\"elementor-widget-container\">\n\t\t\t\t\t\t\t\t\t\t\t\t\t\t\t<img decoding=\"async\" src=\"https:\/\/www.boemia-aroma.com\/wp-content\/uploads\/2024\/01\/Boemia-fiche-produit-ABL-2.jpg\" title=\"\" alt=\"\" loading=\"lazy\" \/>\t\t\t\t\t\t\t\t\t\t\t\t\t\t\t<\/div>\n\t\t\t\t<\/div>\n\t\t\t\t\t<\/div>\n\t\t<\/div>\n\t\t\t\t\t<\/div>\n\t\t<\/section>\n\t\t\t\t<\/div>\n\t\t","protected":false},"excerpt":{"rendered":"<p><span style=\"color: #ce4e2b;\"><strong>Your natural guardian for rugged durability<\/strong><\/span><\/p>\n<p><span style=\"color: #808080;\" data-sheets-value=\"{\"1\":2,\"2\":\"Ocimum basilicum L.\"}\" data-sheets-userformat=\"{\"2\":12803,\"3\":{\"1\":0},\"4\":{\"1\":2,\"2\":16773836},\"12\":0,\"15\":\"Arial\",\"16\":9}\"><em><span data-sheets-value=\"{\"1\":2,\"2\":\"Bupleurum fruticosum\"}\" data-sheets-userformat=\"{\"2\":33567233,\"3\":{\"1\":0},\"12\":0,\"15\":\"Arial\",\"16\":9,\"28\":1}\">Bupleurum fruticosum<\/span> <\/em><\/span><\/p>\n<hr>\n<p>&nbsp;<\/p>\n<p><span data-sheets-value=\"{\"1\":2,\"2\":\"Madagascar\"}\" data-sheets-userformat=\"{\"2\":12803,\"3\":{\"1\":0},\"4\":{\"1\":2,\"2\":16773836},\"12\":0,\"15\":\"Arial\",\"16\":9}\"><span style=\"color: #ce4e2b;\">\u2192 <\/span><\/span>Quantity : 5 ml<\/p>\n<p><span data-sheets-value=\"{\"1\":2,\"2\":\"Madagascar\"}\" data-sheets-userformat=\"{\"2\":12803,\"3\":{\"1\":0},\"4\":{\"1\":2,\"2\":16773836},\"12\":0,\"15\":\"Arial\",\"16\":9}\"><span style=\"color: #ce4e2b;\">\u2192<\/span> Origin: France<\/span><\/p>\n<p><span style=\"color: #ce4e2b;\" data-sheets-value=\"{\"1\":2,\"2\":\"Madagascar\"}\" data-sheets-userformat=\"{\"2\":12803,\"3\":{\"1\":0},\"4\":{\"1\":2,\"2\":16773836},\"12\":0,\"15\":\"Arial\",\"16\":9}\">\u2192 <\/span>Part used: Branches<\/p>\n<p><span data-sheets-value=\"{\"1\":2,\"2\":\"Extraction \u00e0 la vapeur d'eau\"}\" data-sheets-userformat=\"{\"2\":12803,\"3\":{\"1\":0},\"4\":{\"1\":2,\"2\":16773836},\"12\":0,\"15\":\"Arial\",\"16\":9}\"><span style=\"color: #ce4e2b;\">\u2192<\/span> Method: Steam extraction<\/span><\/p>\n<p><span data-sheets-value=\"{\"1\":2,\"2\":\"Extraction \u00e0 la vapeur d'eau\"}\" data-sheets-userformat=\"{\"2\":12803,\"3\":{\"1\":0},\"4\":{\"1\":2,\"2\":16773836},\"12\":0,\"15\":\"Arial\",\"16\":9}\"><span style=\"color: #ce4e2b;\">\u2192 Essential oil harvested from organic wild plants by Bo\u00e8mia<\/span><\/span><\/p>\n<p><span data-sheets-value=\"{\"1\":2,\"2\":\"Extraction \u00e0 la vapeur d'eau\"}\" data-sheets-userformat=\"{\"2\":12803,\"3\":{\"1\":0},\"4\":{\"1\":2,\"2\":16773836},\"12\":0,\"15\":\"Arial\",\"16\":9}\"><span style=\"color: #ce4e2b;\">\u2192<\/span> Storage: 5 years<\/span><\/p>\n<p><span data-sheets-value=\"{\"1\":2,\"2\":\"Extraction \u00e0 la vapeur d'eau\"}\" data-sheets-userformat=\"{\"2\":12803,\"3\":{\"1\":0},\"4\":{\"1\":2,\"2\":16773836},\"12\":0,\"15\":\"Arial\",\"16\":9}\"><span style=\"color: #4d6854;\">\u2205<\/span> No over-packaging<\/span><\/p>\n<p>&nbsp;<\/p>\n<hr>\n<p>&nbsp;<\/p>\n","protected":false},"featured_media":20670,"comment_status":"open","ping_status":"closed","template":"","meta":{"_acf_changed":false},"product_brand":[],"product_cat":[154],"product_tag":[],"class_list":{"0":"post-20667","1":"product","2":"type-product","3":"status-publish","4":"has-post-thumbnail","6":"product_cat-essential-oils","7":"pa_usage-digestion","8":"pa_usage-joints-muscles-and-athletes","10":"first","11":"instock","12":"taxable","13":"shipping-taxable","14":"purchasable","15":"product-type-variable"},"acf":[],"yoast_head":"<!-- This site is optimized with the Yoast SEO plugin v27.4 - https:\/\/yoast.com\/product\/yoast-seo-wordpress\/ -->\n<title>Organic Bupl\u00e8vre essential oil - 5 ml - Bo\u00e8mia Aroma<\/title>\n<meta name=\"description\" content=\"Organic Bupl\u00e8vre essential oil - 5 ml en vente en ligne sur Bo\u00e8mia Aroma.\" \/>\n<meta name=\"robots\" content=\"index, follow, max-snippet:-1, max-image-preview:large, max-video-preview:-1\" \/>\n<link rel=\"canonical\" href=\"https:\/\/www.boemia-aroma.com\/en\/store-boemia\/essential-oils\/organic-buplevre-essential-oil-5-ml\/\" \/>\n<meta property=\"og:locale\" content=\"en_US\" \/>\n<meta property=\"og:type\" content=\"article\" \/>\n<meta property=\"og:title\" content=\"Organic Bupl\u00e8vre essential oil - 5 ml - Bo\u00e8mia Aroma\" \/>\n<meta property=\"og:description\" content=\"Organic Bupl\u00e8vre essential oil - 5 ml en vente en ligne sur Bo\u00e8mia Aroma.\" \/>\n<meta property=\"og:url\" content=\"https:\/\/www.boemia-aroma.com\/en\/store-boemia\/essential-oils\/organic-buplevre-essential-oil-5-ml\/\" \/>\n<meta property=\"og:site_name\" content=\"Bo\u00e8mia Aroma\" \/>\n<meta property=\"article:modified_time\" content=\"2025-11-19T07:56:50+00:00\" \/>\n<meta property=\"og:image\" content=\"https:\/\/www.boemia-aroma.com\/wp-content\/uploads\/2023\/08\/buplevre.webp\" \/>\n\t<meta property=\"og:image:width\" content=\"1200\" \/>\n\t<meta property=\"og:image:height\" content=\"1200\" \/>\n\t<meta property=\"og:image:type\" content=\"image\/webp\" \/>\n<meta name=\"twitter:card\" content=\"summary_large_image\" \/>\n<meta name=\"twitter:label1\" content=\"Est. reading time\" \/>\n\t<meta name=\"twitter:data1\" content=\"1 minute\" \/>\n<script type=\"application\/ld+json\" class=\"yoast-schema-graph\">{\"@context\":\"https:\\\/\\\/schema.org\",\"@graph\":[{\"@type\":\"WebPage\",\"@id\":\"https:\\\/\\\/www.boemia-aroma.com\\\/en\\\/store-boemia\\\/essential-oils\\\/organic-buplevre-essential-oil-5-ml\\\/\",\"url\":\"https:\\\/\\\/www.boemia-aroma.com\\\/en\\\/store-boemia\\\/essential-oils\\\/organic-buplevre-essential-oil-5-ml\\\/\",\"name\":\"Organic Bupl\u00e8vre essential oil - 5 ml - Bo\u00e8mia Aroma\",\"isPartOf\":{\"@id\":\"https:\\\/\\\/www.boemia-aroma.com\\\/en\\\/#website\"},\"primaryImageOfPage\":{\"@id\":\"https:\\\/\\\/www.boemia-aroma.com\\\/en\\\/store-boemia\\\/essential-oils\\\/organic-buplevre-essential-oil-5-ml\\\/#primaryimage\"},\"image\":{\"@id\":\"https:\\\/\\\/www.boemia-aroma.com\\\/en\\\/store-boemia\\\/essential-oils\\\/organic-buplevre-essential-oil-5-ml\\\/#primaryimage\"},\"thumbnailUrl\":\"https:\\\/\\\/www.boemia-aroma.com\\\/wp-content\\\/uploads\\\/2023\\\/08\\\/buplevre.webp\",\"datePublished\":\"2023-08-22T09:51:20+00:00\",\"dateModified\":\"2025-11-19T07:56:50+00:00\",\"description\":\"Organic Bupl\u00e8vre essential oil - 5 ml en vente en ligne sur Bo\u00e8mia Aroma.\",\"breadcrumb\":{\"@id\":\"https:\\\/\\\/www.boemia-aroma.com\\\/en\\\/store-boemia\\\/essential-oils\\\/organic-buplevre-essential-oil-5-ml\\\/#breadcrumb\"},\"inLanguage\":\"en-US\",\"potentialAction\":[{\"@type\":\"ReadAction\",\"target\":[\"https:\\\/\\\/www.boemia-aroma.com\\\/en\\\/store-boemia\\\/essential-oils\\\/organic-buplevre-essential-oil-5-ml\\\/\"]}]},{\"@type\":\"ImageObject\",\"inLanguage\":\"en-US\",\"@id\":\"https:\\\/\\\/www.boemia-aroma.com\\\/en\\\/store-boemia\\\/essential-oils\\\/organic-buplevre-essential-oil-5-ml\\\/#primaryimage\",\"url\":\"https:\\\/\\\/www.boemia-aroma.com\\\/wp-content\\\/uploads\\\/2023\\\/08\\\/buplevre.webp\",\"contentUrl\":\"https:\\\/\\\/www.boemia-aroma.com\\\/wp-content\\\/uploads\\\/2023\\\/08\\\/buplevre.webp\",\"width\":1200,\"height\":1200},{\"@type\":\"BreadcrumbList\",\"@id\":\"https:\\\/\\\/www.boemia-aroma.com\\\/en\\\/store-boemia\\\/essential-oils\\\/organic-buplevre-essential-oil-5-ml\\\/#breadcrumb\",\"itemListElement\":[{\"@type\":\"ListItem\",\"position\":1,\"name\":\"Home\",\"item\":\"https:\\\/\\\/www.boemia-aroma.com\\\/en\\\/\"},{\"@type\":\"ListItem\",\"position\":2,\"name\":\"Store\",\"item\":\"https:\\\/\\\/www.boemia-aroma.com\\\/en\\\/store\\\/\"},{\"@type\":\"ListItem\",\"position\":3,\"name\":\"Organic Bupl\u00e8vre essential oil &#8211; 5 ml\"}]},{\"@type\":\"WebSite\",\"@id\":\"https:\\\/\\\/www.boemia-aroma.com\\\/en\\\/#website\",\"url\":\"https:\\\/\\\/www.boemia-aroma.com\\\/en\\\/\",\"name\":\"Bo\u00e8mia Aroma\",\"description\":\"\",\"publisher\":{\"@id\":\"https:\\\/\\\/www.boemia-aroma.com\\\/en\\\/#organization\"},\"alternateName\":\"Bo\u00e8mia Aroma\",\"potentialAction\":[{\"@type\":\"SearchAction\",\"target\":{\"@type\":\"EntryPoint\",\"urlTemplate\":\"https:\\\/\\\/www.boemia-aroma.com\\\/en\\\/?s={search_term_string}\"},\"query-input\":{\"@type\":\"PropertyValueSpecification\",\"valueRequired\":true,\"valueName\":\"search_term_string\"}}],\"inLanguage\":\"en-US\"},{\"@type\":\"Organization\",\"@id\":\"https:\\\/\\\/www.boemia-aroma.com\\\/en\\\/#organization\",\"name\":\"Bo\u00e8mia Aroma\",\"url\":\"https:\\\/\\\/www.boemia-aroma.com\\\/en\\\/\",\"logo\":{\"@type\":\"ImageObject\",\"inLanguage\":\"en-US\",\"@id\":\"https:\\\/\\\/www.boemia-aroma.com\\\/en\\\/#\\\/schema\\\/logo\\\/image\\\/\",\"url\":\"https:\\\/\\\/www.boemia-aroma.com\\\/wp-content\\\/uploads\\\/2023\\\/07\\\/logo-boemia-aroma.png\",\"contentUrl\":\"https:\\\/\\\/www.boemia-aroma.com\\\/wp-content\\\/uploads\\\/2023\\\/07\\\/logo-boemia-aroma.png\",\"width\":300,\"height\":176,\"caption\":\"Bo\u00e8mia Aroma\"},\"image\":{\"@id\":\"https:\\\/\\\/www.boemia-aroma.com\\\/en\\\/#\\\/schema\\\/logo\\\/image\\\/\"}}]}<\/script>\n<!-- \/ Yoast SEO plugin. -->","yoast_head_json":{"title":"Organic Bupl\u00e8vre essential oil - 5 ml - Bo\u00e8mia Aroma","description":"Organic Bupl\u00e8vre essential oil - 5 ml en vente en ligne sur Bo\u00e8mia Aroma.","robots":{"index":"index","follow":"follow","max-snippet":"max-snippet:-1","max-image-preview":"max-image-preview:large","max-video-preview":"max-video-preview:-1"},"canonical":"https:\/\/www.boemia-aroma.com\/en\/store-boemia\/essential-oils\/organic-buplevre-essential-oil-5-ml\/","og_locale":"en_US","og_type":"article","og_title":"Organic Bupl\u00e8vre essential oil - 5 ml - Bo\u00e8mia Aroma","og_description":"Organic Bupl\u00e8vre essential oil - 5 ml en vente en ligne sur Bo\u00e8mia Aroma.","og_url":"https:\/\/www.boemia-aroma.com\/en\/store-boemia\/essential-oils\/organic-buplevre-essential-oil-5-ml\/","og_site_name":"Bo\u00e8mia Aroma","article_modified_time":"2025-11-19T07:56:50+00:00","og_image":[{"width":1200,"height":1200,"url":"https:\/\/www.boemia-aroma.com\/wp-content\/uploads\/2023\/08\/buplevre.webp","type":"image\/webp"}],"twitter_card":"summary_large_image","twitter_misc":{"Est. reading time":"1 minute"},"schema":{"@context":"https:\/\/schema.org","@graph":[{"@type":"WebPage","@id":"https:\/\/www.boemia-aroma.com\/en\/store-boemia\/essential-oils\/organic-buplevre-essential-oil-5-ml\/","url":"https:\/\/www.boemia-aroma.com\/en\/store-boemia\/essential-oils\/organic-buplevre-essential-oil-5-ml\/","name":"Organic Bupl\u00e8vre essential oil - 5 ml - Bo\u00e8mia Aroma","isPartOf":{"@id":"https:\/\/www.boemia-aroma.com\/en\/#website"},"primaryImageOfPage":{"@id":"https:\/\/www.boemia-aroma.com\/en\/store-boemia\/essential-oils\/organic-buplevre-essential-oil-5-ml\/#primaryimage"},"image":{"@id":"https:\/\/www.boemia-aroma.com\/en\/store-boemia\/essential-oils\/organic-buplevre-essential-oil-5-ml\/#primaryimage"},"thumbnailUrl":"https:\/\/www.boemia-aroma.com\/wp-content\/uploads\/2023\/08\/buplevre.webp","datePublished":"2023-08-22T09:51:20+00:00","dateModified":"2025-11-19T07:56:50+00:00","description":"Organic Bupl\u00e8vre essential oil - 5 ml en vente en ligne sur Bo\u00e8mia Aroma.","breadcrumb":{"@id":"https:\/\/www.boemia-aroma.com\/en\/store-boemia\/essential-oils\/organic-buplevre-essential-oil-5-ml\/#breadcrumb"},"inLanguage":"en-US","potentialAction":[{"@type":"ReadAction","target":["https:\/\/www.boemia-aroma.com\/en\/store-boemia\/essential-oils\/organic-buplevre-essential-oil-5-ml\/"]}]},{"@type":"ImageObject","inLanguage":"en-US","@id":"https:\/\/www.boemia-aroma.com\/en\/store-boemia\/essential-oils\/organic-buplevre-essential-oil-5-ml\/#primaryimage","url":"https:\/\/www.boemia-aroma.com\/wp-content\/uploads\/2023\/08\/buplevre.webp","contentUrl":"https:\/\/www.boemia-aroma.com\/wp-content\/uploads\/2023\/08\/buplevre.webp","width":1200,"height":1200},{"@type":"BreadcrumbList","@id":"https:\/\/www.boemia-aroma.com\/en\/store-boemia\/essential-oils\/organic-buplevre-essential-oil-5-ml\/#breadcrumb","itemListElement":[{"@type":"ListItem","position":1,"name":"Home","item":"https:\/\/www.boemia-aroma.com\/en\/"},{"@type":"ListItem","position":2,"name":"Store","item":"https:\/\/www.boemia-aroma.com\/en\/store\/"},{"@type":"ListItem","position":3,"name":"Organic Bupl\u00e8vre essential oil &#8211; 5 ml"}]},{"@type":"WebSite","@id":"https:\/\/www.boemia-aroma.com\/en\/#website","url":"https:\/\/www.boemia-aroma.com\/en\/","name":"Bo\u00e8mia Aroma","description":"","publisher":{"@id":"https:\/\/www.boemia-aroma.com\/en\/#organization"},"alternateName":"Bo\u00e8mia Aroma","potentialAction":[{"@type":"SearchAction","target":{"@type":"EntryPoint","urlTemplate":"https:\/\/www.boemia-aroma.com\/en\/?s={search_term_string}"},"query-input":{"@type":"PropertyValueSpecification","valueRequired":true,"valueName":"search_term_string"}}],"inLanguage":"en-US"},{"@type":"Organization","@id":"https:\/\/www.boemia-aroma.com\/en\/#organization","name":"Bo\u00e8mia Aroma","url":"https:\/\/www.boemia-aroma.com\/en\/","logo":{"@type":"ImageObject","inLanguage":"en-US","@id":"https:\/\/www.boemia-aroma.com\/en\/#\/schema\/logo\/image\/","url":"https:\/\/www.boemia-aroma.com\/wp-content\/uploads\/2023\/07\/logo-boemia-aroma.png","contentUrl":"https:\/\/www.boemia-aroma.com\/wp-content\/uploads\/2023\/07\/logo-boemia-aroma.png","width":300,"height":176,"caption":"Bo\u00e8mia Aroma"},"image":{"@id":"https:\/\/www.boemia-aroma.com\/en\/#\/schema\/logo\/image\/"}}]}},"_links":{"self":[{"href":"https:\/\/www.boemia-aroma.com\/en\/wp-json\/wp\/v2\/product\/20667","targetHints":{"allow":["GET"]}}],"collection":[{"href":"https:\/\/www.boemia-aroma.com\/en\/wp-json\/wp\/v2\/product"}],"about":[{"href":"https:\/\/www.boemia-aroma.com\/en\/wp-json\/wp\/v2\/types\/product"}],"replies":[{"embeddable":true,"href":"https:\/\/www.boemia-aroma.com\/en\/wp-json\/wp\/v2\/comments?post=20667"}],"version-history":[{"count":0,"href":"https:\/\/www.boemia-aroma.com\/en\/wp-json\/wp\/v2\/product\/20667\/revisions"}],"wp:featuredmedia":[{"embeddable":true,"href":"https:\/\/www.boemia-aroma.com\/en\/wp-json\/wp\/v2\/media\/20670"}],"wp:attachment":[{"href":"https:\/\/www.boemia-aroma.com\/en\/wp-json\/wp\/v2\/media?parent=20667"}],"wp:term":[{"taxonomy":"product_brand","embeddable":true,"href":"https:\/\/www.boemia-aroma.com\/en\/wp-json\/wp\/v2\/product_brand?post=20667"},{"taxonomy":"product_cat","embeddable":true,"href":"https:\/\/www.boemia-aroma.com\/en\/wp-json\/wp\/v2\/product_cat?post=20667"},{"taxonomy":"product_tag","embeddable":true,"href":"https:\/\/www.boemia-aroma.com\/en\/wp-json\/wp\/v2\/product_tag?post=20667"}],"curies":[{"name":"wp","href":"https:\/\/api.w.org\/{rel}","templated":true}]}}