{"id":20505,"date":"2023-10-19T15:20:36","date_gmt":"2023-10-19T13:20:36","guid":{"rendered":"https:\/\/www.boemia-aroma.com\/boutique-boemia\/uncategorized\/organic-buplevre-hydrolate\/"},"modified":"2026-03-12T10:28:46","modified_gmt":"2026-03-12T09:28:46","slug":"organic-buplevre-hydrolate","status":"publish","type":"product","link":"https:\/\/www.boemia-aroma.com\/en\/store-boemia\/hydrosols-floral-waters\/organic-buplevre-hydrolate\/","title":{"rendered":"Organic Bupl\u00e8vre hydrolate"},"content":{"rendered":"\t\t<div data-elementor-type=\"product-post\" data-elementor-id=\"20505\" class=\"elementor elementor-20505 elementor-11360\" data-elementor-post-type=\"product\">\n\t\t\t\t\t\t<section class=\"elementor-section elementor-top-section elementor-element elementor-element-a99ed1f elementor-reverse-mobile elementor-section-boxed elementor-section-height-default elementor-section-height-default\" data-id=\"a99ed1f\" data-element_type=\"section\" data-e-type=\"section\">\n\t\t\t\t\t\t<div class=\"elementor-container elementor-column-gap-wider\">\n\t\t\t\t\t<div class=\"elementor-column elementor-col-50 elementor-top-column elementor-element elementor-element-c3e0573\" data-id=\"c3e0573\" data-element_type=\"column\" data-e-type=\"column\">\n\t\t\t<div class=\"elementor-widget-wrap elementor-element-populated\">\n\t\t\t\t\t\t<div class=\"elementor-element elementor-element-bd46a3a elementor-widget elementor-widget-image\" data-id=\"bd46a3a\" data-element_type=\"widget\" data-e-type=\"widget\" data-widget_type=\"image.default\">\n\t\t\t\t<div class=\"elementor-widget-container\">\n\t\t\t\t\t\t\t\t\t\t\t\t\t\t\t<img decoding=\"async\" src=\"https:\/\/www.boemia-aroma.com\/wp-content\/uploads\/elementor\/thumbs\/buplevre-1-r0zes037277qyxvo7d7lyd2wqahao4u7u5ksh6vtao.jpg\" title=\"buplevre\" alt=\"buplevre\" loading=\"lazy\" \/>\t\t\t\t\t\t\t\t\t\t\t\t\t\t\t<\/div>\n\t\t\t\t<\/div>\n\t\t\t\t\t<\/div>\n\t\t<\/div>\n\t\t\t\t<div class=\"elementor-column elementor-col-50 elementor-top-column elementor-element elementor-element-6aa82a2\" data-id=\"6aa82a2\" data-element_type=\"column\" data-e-type=\"column\">\n\t\t\t<div class=\"elementor-widget-wrap elementor-element-populated\">\n\t\t\t\t\t\t<div class=\"elementor-element elementor-element-e0948c6 elementor-widget elementor-widget-heading\" data-id=\"e0948c6\" data-element_type=\"widget\" data-e-type=\"widget\" data-widget_type=\"heading.default\">\n\t\t\t\t<div class=\"elementor-widget-container\">\n\t\t\t\t\t<h2 class=\"elementor-heading-title elementor-size-default\">Buckthorn and its hydrosol<\/h2>\t\t\t\t<\/div>\n\t\t\t\t<\/div>\n\t\t\t\t<div class=\"elementor-element elementor-element-0e75a50 elementor-widget elementor-widget-spacer\" data-id=\"0e75a50\" data-element_type=\"widget\" data-e-type=\"widget\" data-widget_type=\"spacer.default\">\n\t\t\t\t<div class=\"elementor-widget-container\">\n\t\t\t\t\t\t\t<div class=\"elementor-spacer\">\n\t\t\t<div class=\"elementor-spacer-inner\"><\/div>\n\t\t<\/div>\n\t\t\t\t\t\t<\/div>\n\t\t\t\t<\/div>\n\t\t\t\t<div class=\"elementor-element elementor-element-28f2878 elementor-widget elementor-widget-text-editor\" data-id=\"28f2878\" data-element_type=\"widget\" data-e-type=\"widget\" data-widget_type=\"text-editor.default\">\n\t\t\t\t<div class=\"elementor-widget-container\">\n\t\t\t\t\t\t\t\t\t<p><span style=\"font-weight: 400;\"><strong>Bupleurum<\/strong> fruticosum is a perpetually green plant found in the Mediterranean basin. Its name comes from the Greek &#8220;Bous&#8221;, meaning ox, and &#8220;pleurons&#8221;, meaning rib, in reference to the rigidity of its leaves. This sturdy little shrub, which thrives in the dry, rocky soils of France&#8217;s Corbi\u00e8res region, has umbel-shaped yellow-green flowers.  <\/span><\/p><p><span style=\"font-weight: 400;\">Our organic <strong>Bupl\u00e8vre hydrosol<\/strong> is obtained by steam extraction, a method that preserves its precious constituents, such as alpha-pinene and beta-pinene. It&#8217;s a rare <strong>hydrolat<\/strong>, harvested by hand in its natural environment, then carefully distilled in our workshop. <\/span><\/p>\t\t\t\t\t\t\t\t<\/div>\n\t\t\t\t<\/div>\n\t\t\t\t<div class=\"elementor-element elementor-element-e24c8d8 elementor-widget elementor-widget-spacer\" data-id=\"e24c8d8\" data-element_type=\"widget\" data-e-type=\"widget\" data-widget_type=\"spacer.default\">\n\t\t\t\t<div class=\"elementor-widget-container\">\n\t\t\t\t\t\t\t<div class=\"elementor-spacer\">\n\t\t\t<div class=\"elementor-spacer-inner\"><\/div>\n\t\t<\/div>\n\t\t\t\t\t\t<\/div>\n\t\t\t\t<\/div>\n\t\t\t\t<div class=\"elementor-element elementor-element-372a72d elementor-widget elementor-widget-spacer\" data-id=\"372a72d\" data-element_type=\"widget\" data-e-type=\"widget\" data-widget_type=\"spacer.default\">\n\t\t\t\t<div class=\"elementor-widget-container\">\n\t\t\t\t\t\t\t<div class=\"elementor-spacer\">\n\t\t\t<div class=\"elementor-spacer-inner\"><\/div>\n\t\t<\/div>\n\t\t\t\t\t\t<\/div>\n\t\t\t\t<\/div>\n\t\t\t\t\t<\/div>\n\t\t<\/div>\n\t\t\t\t\t<\/div>\n\t\t<\/section>\n\t\t\t\t<section class=\"elementor-section elementor-top-section elementor-element elementor-element-71eec5e elementor-reverse-mobile elementor-section-boxed elementor-section-height-default elementor-section-height-default\" data-id=\"71eec5e\" data-element_type=\"section\" data-e-type=\"section\">\n\t\t\t\t\t\t<div class=\"elementor-container elementor-column-gap-wider\">\n\t\t\t\t\t<div class=\"elementor-column elementor-col-50 elementor-top-column elementor-element elementor-element-e59e8a4\" data-id=\"e59e8a4\" data-element_type=\"column\" data-e-type=\"column\">\n\t\t\t<div class=\"elementor-widget-wrap elementor-element-populated\">\n\t\t\t\t\t\t<div class=\"elementor-element elementor-element-83dc662 elementor-widget elementor-widget-heading\" data-id=\"83dc662\" data-element_type=\"widget\" data-e-type=\"widget\" data-widget_type=\"heading.default\">\n\t\t\t\t<div class=\"elementor-widget-container\">\n\t\t\t\t\t<h2 class=\"elementor-heading-title elementor-size-default\">The history and traditional use of bupl\u00e8vre<\/h2>\t\t\t\t<\/div>\n\t\t\t\t<\/div>\n\t\t\t\t<div class=\"elementor-element elementor-element-3f99d8b elementor-widget elementor-widget-spacer\" data-id=\"3f99d8b\" data-element_type=\"widget\" data-e-type=\"widget\" data-widget_type=\"spacer.default\">\n\t\t\t\t<div class=\"elementor-widget-container\">\n\t\t\t\t\t\t\t<div class=\"elementor-spacer\">\n\t\t\t<div class=\"elementor-spacer-inner\"><\/div>\n\t\t<\/div>\n\t\t\t\t\t\t<\/div>\n\t\t\t\t<\/div>\n\t\t\t\t<div class=\"elementor-element elementor-element-7878d38 elementor-widget elementor-widget-text-editor\" data-id=\"7878d38\" data-element_type=\"widget\" data-e-type=\"widget\" data-widget_type=\"text-editor.default\">\n\t\t\t\t<div class=\"elementor-widget-container\">\n\t\t\t\t\t\t\t\t\t<p><span style=\"font-weight: 400;\">Rarely cited in Western phytotherapy, <strong>Bupl\u00e8vre<\/strong> was traditionally used for its beneficial action on joint pain and sciatica.<\/span><span style=\"font-weight: 400;\"><br><\/span><span style=\"font-weight: 400;\"><br><\/span><span style=\"font-weight: 400;\"> It plays an important role in Oriental medicine. <strong>Bupl\u00e8vre<\/strong> is a key ingredient in Soshiho-tang, a herbal preparation used in traditional Chinese and Japanese medicine, renowned for its good tolerance.<\/span><\/p><p><span style=\"font-weight: 400;\"><br><\/span><span style=\"font-weight: 400;\">  Today, Bo\u00e8mia offers you the chance to discover this natural treasure with our organic <strong>Bupl\u00e8vre hydrosol<\/strong>, an essence that deserves to be known for its richness and authenticity.<\/span><\/p>\t\t\t\t\t\t\t\t<\/div>\n\t\t\t\t<\/div>\n\t\t\t\t<div class=\"elementor-element elementor-element-cc8ef31 elementor-widget elementor-widget-spacer\" data-id=\"cc8ef31\" data-element_type=\"widget\" data-e-type=\"widget\" data-widget_type=\"spacer.default\">\n\t\t\t\t<div class=\"elementor-widget-container\">\n\t\t\t\t\t\t\t<div class=\"elementor-spacer\">\n\t\t\t<div class=\"elementor-spacer-inner\"><\/div>\n\t\t<\/div>\n\t\t\t\t\t\t<\/div>\n\t\t\t\t<\/div>\n\t\t\t\t<div class=\"elementor-element elementor-element-44ab79e elementor-widget elementor-widget-heading\" data-id=\"44ab79e\" data-element_type=\"widget\" data-e-type=\"widget\" data-widget_type=\"heading.default\">\n\t\t\t\t<div class=\"elementor-widget-container\">\n\t\t\t\t\t<h3 class=\"elementor-heading-title elementor-size-default\">Disclaimer traditional uses<\/h3>\t\t\t\t<\/div>\n\t\t\t\t<\/div>\n\t\t\t\t<div class=\"elementor-element elementor-element-a334845 elementor-widget elementor-widget-text-editor\" data-id=\"a334845\" data-element_type=\"widget\" data-e-type=\"widget\" data-widget_type=\"text-editor.default\">\n\t\t\t\t<div class=\"elementor-widget-container\">\n\t\t\t\t\t\t\t\t\t<p><i><span style=\"font-weight: 400;\">The traditional uses described here are based on the historical and cultural practices of different civilizations over time. This information is provided for educational and informational purposes only. It is not intended to diagnose, treat, cure or prevent any disease. These statements have not been evaluated by any medical authority.   <\/span><\/i><\/p><p><i><span style=\"font-weight: 400;\">We always recommend that you consult a qualified health professional before using hydrosols for health reasons.<\/span><\/i><\/p>\t\t\t\t\t\t\t\t<\/div>\n\t\t\t\t<\/div>\n\t\t\t\t\t<\/div>\n\t\t<\/div>\n\t\t\t\t<div class=\"elementor-column elementor-col-50 elementor-top-column elementor-element elementor-element-72a2432\" data-id=\"72a2432\" data-element_type=\"column\" data-e-type=\"column\">\n\t\t\t<div class=\"elementor-widget-wrap elementor-element-populated\">\n\t\t\t\t\t\t<div class=\"elementor-element elementor-element-ae1a8af elementor-widget elementor-widget-image\" data-id=\"ae1a8af\" data-element_type=\"widget\" data-e-type=\"widget\" data-widget_type=\"image.default\">\n\t\t\t\t<div class=\"elementor-widget-container\">\n\t\t\t\t\t\t\t\t\t\t\t\t\t\t\t<img decoding=\"async\" src=\"https:\/\/www.boemia-aroma.com\/wp-content\/uploads\/2024\/01\/Boemia-fiche-produit-ABL-2.jpg\" title=\"\" alt=\"\" loading=\"lazy\" \/>\t\t\t\t\t\t\t\t\t\t\t\t\t\t\t<\/div>\n\t\t\t\t<\/div>\n\t\t\t\t\t<\/div>\n\t\t<\/div>\n\t\t\t\t\t<\/div>\n\t\t<\/section>\n\t\t\t\t<\/div>\n\t\t","protected":false},"excerpt":{"rendered":"<p><span style=\"color: #808080;\"><span style=\"color: #ce4e2b;\"><b><span data-sheets-root=\"1\" data-sheets-value=\"{\"1\":2,\"2\":\"Votre gardien naturel pour une robustesse \u00e0 toute \u00e9preuve\"}\" data-sheets-userformat=\"{\"2\":4227,\"3\":{\"1\":0},\"4\":{\"1\":2,\"2\":16750848},\"10\":2,\"15\":\"Arial\"}\">Your natural guardian for rugged durability<\/span><\/b><\/span><\/span><\/p>\n<p><i style=\"color: #808080;\"><span data-sheets-root=\"1\" data-sheets-value=\"{\"1\":2,\"2\":\"Buplerum fruticosum\"}\" data-sheets-userformat=\"{\"2\":12803,\"3\":{\"1\":0},\"4\":{\"1\":2,\"2\":4884200},\"12\":0,\"15\":\"Arial\",\"16\":9}\">Buplerum fruticosum<\/span><\/i><\/p>\n<hr>\n<p>&nbsp;<\/p>\n<p><span data-sheets-value=\"{\"1\":2,\"2\":\"Madagascar\"}\" data-sheets-userformat=\"{\"2\":12803,\"3\":{\"1\":0},\"4\":{\"1\":2,\"2\":16773836},\"12\":0,\"15\":\"Arial\",\"16\":9}\"><span style=\"color: #ce4e2b;\">\u2192<\/span> Origin: France<\/span><\/p>\n<p><span style=\"color: #ce4e2b;\" data-sheets-value=\"{\"1\":2,\"2\":\"Madagascar\"}\" data-sheets-userformat=\"{\"2\":12803,\"3\":{\"1\":0},\"4\":{\"1\":2,\"2\":16773836},\"12\":0,\"15\":\"Arial\",\"16\":9}\">\u2192 <\/span>Part used: <span data-sheets-value=\"{\"1\":2,\"2\":\"Parties a\u00e9riennes en graines\"}\" data-sheets-userformat=\"{\"2\":12803,\"3\":{\"1\":0},\"4\":{\"1\":2,\"2\":16043212},\"12\":0,\"15\":\"Arial\",\"16\":9}\">aerial parts in seeds<\/span><\/p>\n<p><span data-sheets-value=\"{\"1\":2,\"2\":\"Extraction \u00e0 la vapeur d'eau\"}\" data-sheets-userformat=\"{\"2\":12803,\"3\":{\"1\":0},\"4\":{\"1\":2,\"2\":16773836},\"12\":0,\"15\":\"Arial\",\"16\":9}\"><span style=\"color: #ce4e2b;\">\u2192<\/span> Method: Steam extraction<\/span><\/p>\n<p><span data-sheets-value=\"{\"1\":2,\"2\":\"Extraction \u00e0 la vapeur d'eau\"}\" data-sheets-userformat=\"{\"2\":12803,\"3\":{\"1\":0},\"4\":{\"1\":2,\"2\":16773836},\"12\":0,\"15\":\"Arial\",\"16\":9}\"><span style=\"color: #ce4e2b;\">\u2192<\/span> Concentration: greater than or equal to 1 kg\/1 liter  <\/span><\/p>\n<p><span data-sheets-value=\"{\"1\":2,\"2\":\"Extraction \u00e0 la vapeur d'eau\"}\" data-sheets-userformat=\"{\"2\":12803,\"3\":{\"1\":0},\"4\":{\"1\":2,\"2\":16773836},\"12\":0,\"15\":\"Arial\",\"16\":9}\"><span style=\"color: #ce4e2b;\">\u2192 Hydrolat from organic wild plant harvesting by Bo\u00e8mia<\/span><\/span><\/p>\n<p><span data-sheets-value=\"{\"1\":2,\"2\":\"Extraction \u00e0 la vapeur d'eau\"}\" data-sheets-userformat=\"{\"2\":12803,\"3\":{\"1\":0},\"4\":{\"1\":2,\"2\":16773836},\"12\":0,\"15\":\"Arial\",\"16\":9}\"><span style=\"color: #ce4e2b;\">\u2192<\/span> Storage: 24 months from date of manufacture<\/span><\/p>\n<p><span data-sheets-value=\"{\"1\":2,\"2\":\"Extraction \u00e0 la vapeur d'eau\"}\" data-sheets-userformat=\"{\"2\":12803,\"3\":{\"1\":0},\"4\":{\"1\":2,\"2\":16773836},\"12\":0,\"15\":\"Arial\",\"16\":9}\"><span style=\"color: #ce4e2b;\">\u2192<\/span> Quantity : 210 ml<\/span><\/p>\n<p><span data-sheets-value=\"{\"1\":2,\"2\":\"Extraction \u00e0 la vapeur d'eau\"}\" data-sheets-userformat=\"{\"2\":12803,\"3\":{\"1\":0},\"4\":{\"1\":2,\"2\":16773836},\"12\":0,\"15\":\"Arial\",\"16\":9}\"><span style=\"color: #4d6854;\">\u2205<\/span> No over-packaging<\/span><\/p>\n<p>&nbsp;<\/p>\n<hr>\n<p>&nbsp;<\/p>\n","protected":false},"featured_media":20506,"comment_status":"open","ping_status":"closed","template":"","meta":{"_acf_changed":false},"product_brand":[],"product_cat":[155],"product_tag":[],"class_list":{"0":"post-20505","1":"product","2":"type-product","3":"status-publish","4":"has-post-thumbnail","6":"product_cat-hydrosols-floral-waters","7":"pa_usage-joints-muscles-and-athletes","9":"first","10":"instock","11":"taxable","12":"shipping-taxable","13":"purchasable","14":"product-type-simple"},"acf":[],"yoast_head":"<!-- This site is optimized with the Yoast SEO plugin v27.4 - https:\/\/yoast.com\/product\/yoast-seo-wordpress\/ -->\n<title>Organic Bupl\u00e8vre hydrolate - Bo\u00e8mia Aroma<\/title>\n<meta name=\"description\" content=\"Organic Bupl\u00e8vre hydrolate en vente en ligne sur Bo\u00e8mia Aroma.\" \/>\n<meta name=\"robots\" content=\"index, follow, max-snippet:-1, max-image-preview:large, max-video-preview:-1\" \/>\n<link rel=\"canonical\" href=\"https:\/\/www.boemia-aroma.com\/en\/store-boemia\/hydrosols-floral-waters\/organic-buplevre-hydrolate\/\" \/>\n<meta property=\"og:locale\" content=\"en_US\" \/>\n<meta property=\"og:type\" content=\"article\" \/>\n<meta property=\"og:title\" content=\"Organic Bupl\u00e8vre hydrolate - Bo\u00e8mia Aroma\" \/>\n<meta property=\"og:description\" content=\"Organic Bupl\u00e8vre hydrolate en vente en ligne sur Bo\u00e8mia Aroma.\" \/>\n<meta property=\"og:url\" content=\"https:\/\/www.boemia-aroma.com\/en\/store-boemia\/hydrosols-floral-waters\/organic-buplevre-hydrolate\/\" \/>\n<meta property=\"og:site_name\" content=\"Bo\u00e8mia Aroma\" \/>\n<meta property=\"article:modified_time\" content=\"2026-03-12T09:28:46+00:00\" \/>\n<meta property=\"og:image\" content=\"https:\/\/www.boemia-aroma.com\/wp-content\/uploads\/2023\/10\/buplevre.webp\" \/>\n\t<meta property=\"og:image:width\" content=\"1200\" \/>\n\t<meta property=\"og:image:height\" content=\"1200\" \/>\n\t<meta property=\"og:image:type\" content=\"image\/webp\" \/>\n<meta name=\"twitter:card\" content=\"summary_large_image\" \/>\n<meta name=\"twitter:label1\" content=\"Est. reading time\" \/>\n\t<meta name=\"twitter:data1\" content=\"1 minute\" \/>\n<script type=\"application\/ld+json\" class=\"yoast-schema-graph\">{\"@context\":\"https:\\\/\\\/schema.org\",\"@graph\":[{\"@type\":\"WebPage\",\"@id\":\"https:\\\/\\\/www.boemia-aroma.com\\\/en\\\/store-boemia\\\/hydrosols-floral-waters\\\/organic-buplevre-hydrolate\\\/\",\"url\":\"https:\\\/\\\/www.boemia-aroma.com\\\/en\\\/store-boemia\\\/hydrosols-floral-waters\\\/organic-buplevre-hydrolate\\\/\",\"name\":\"Organic Bupl\u00e8vre hydrolate - Bo\u00e8mia Aroma\",\"isPartOf\":{\"@id\":\"https:\\\/\\\/www.boemia-aroma.com\\\/en\\\/#website\"},\"primaryImageOfPage\":{\"@id\":\"https:\\\/\\\/www.boemia-aroma.com\\\/en\\\/store-boemia\\\/hydrosols-floral-waters\\\/organic-buplevre-hydrolate\\\/#primaryimage\"},\"image\":{\"@id\":\"https:\\\/\\\/www.boemia-aroma.com\\\/en\\\/store-boemia\\\/hydrosols-floral-waters\\\/organic-buplevre-hydrolate\\\/#primaryimage\"},\"thumbnailUrl\":\"https:\\\/\\\/www.boemia-aroma.com\\\/wp-content\\\/uploads\\\/2023\\\/10\\\/buplevre.webp\",\"datePublished\":\"2023-10-19T13:20:36+00:00\",\"dateModified\":\"2026-03-12T09:28:46+00:00\",\"description\":\"Organic Bupl\u00e8vre hydrolate en vente en ligne sur Bo\u00e8mia Aroma.\",\"breadcrumb\":{\"@id\":\"https:\\\/\\\/www.boemia-aroma.com\\\/en\\\/store-boemia\\\/hydrosols-floral-waters\\\/organic-buplevre-hydrolate\\\/#breadcrumb\"},\"inLanguage\":\"en-US\",\"potentialAction\":[{\"@type\":\"ReadAction\",\"target\":[\"https:\\\/\\\/www.boemia-aroma.com\\\/en\\\/store-boemia\\\/hydrosols-floral-waters\\\/organic-buplevre-hydrolate\\\/\"]}]},{\"@type\":\"ImageObject\",\"inLanguage\":\"en-US\",\"@id\":\"https:\\\/\\\/www.boemia-aroma.com\\\/en\\\/store-boemia\\\/hydrosols-floral-waters\\\/organic-buplevre-hydrolate\\\/#primaryimage\",\"url\":\"https:\\\/\\\/www.boemia-aroma.com\\\/wp-content\\\/uploads\\\/2023\\\/10\\\/buplevre.webp\",\"contentUrl\":\"https:\\\/\\\/www.boemia-aroma.com\\\/wp-content\\\/uploads\\\/2023\\\/10\\\/buplevre.webp\",\"width\":1200,\"height\":1200},{\"@type\":\"BreadcrumbList\",\"@id\":\"https:\\\/\\\/www.boemia-aroma.com\\\/en\\\/store-boemia\\\/hydrosols-floral-waters\\\/organic-buplevre-hydrolate\\\/#breadcrumb\",\"itemListElement\":[{\"@type\":\"ListItem\",\"position\":1,\"name\":\"Home\",\"item\":\"https:\\\/\\\/www.boemia-aroma.com\\\/en\\\/\"},{\"@type\":\"ListItem\",\"position\":2,\"name\":\"Store\",\"item\":\"https:\\\/\\\/www.boemia-aroma.com\\\/en\\\/store\\\/\"},{\"@type\":\"ListItem\",\"position\":3,\"name\":\"Organic Bupl\u00e8vre hydrolate\"}]},{\"@type\":\"WebSite\",\"@id\":\"https:\\\/\\\/www.boemia-aroma.com\\\/en\\\/#website\",\"url\":\"https:\\\/\\\/www.boemia-aroma.com\\\/en\\\/\",\"name\":\"Bo\u00e8mia Aroma\",\"description\":\"\",\"publisher\":{\"@id\":\"https:\\\/\\\/www.boemia-aroma.com\\\/en\\\/#organization\"},\"alternateName\":\"Bo\u00e8mia Aroma\",\"potentialAction\":[{\"@type\":\"SearchAction\",\"target\":{\"@type\":\"EntryPoint\",\"urlTemplate\":\"https:\\\/\\\/www.boemia-aroma.com\\\/en\\\/?s={search_term_string}\"},\"query-input\":{\"@type\":\"PropertyValueSpecification\",\"valueRequired\":true,\"valueName\":\"search_term_string\"}}],\"inLanguage\":\"en-US\"},{\"@type\":\"Organization\",\"@id\":\"https:\\\/\\\/www.boemia-aroma.com\\\/en\\\/#organization\",\"name\":\"Bo\u00e8mia Aroma\",\"url\":\"https:\\\/\\\/www.boemia-aroma.com\\\/en\\\/\",\"logo\":{\"@type\":\"ImageObject\",\"inLanguage\":\"en-US\",\"@id\":\"https:\\\/\\\/www.boemia-aroma.com\\\/en\\\/#\\\/schema\\\/logo\\\/image\\\/\",\"url\":\"https:\\\/\\\/www.boemia-aroma.com\\\/wp-content\\\/uploads\\\/2023\\\/07\\\/logo-boemia-aroma.png\",\"contentUrl\":\"https:\\\/\\\/www.boemia-aroma.com\\\/wp-content\\\/uploads\\\/2023\\\/07\\\/logo-boemia-aroma.png\",\"width\":300,\"height\":176,\"caption\":\"Bo\u00e8mia Aroma\"},\"image\":{\"@id\":\"https:\\\/\\\/www.boemia-aroma.com\\\/en\\\/#\\\/schema\\\/logo\\\/image\\\/\"}}]}<\/script>\n<!-- \/ Yoast SEO plugin. -->","yoast_head_json":{"title":"Organic Bupl\u00e8vre hydrolate - Bo\u00e8mia Aroma","description":"Organic Bupl\u00e8vre hydrolate en vente en ligne sur Bo\u00e8mia Aroma.","robots":{"index":"index","follow":"follow","max-snippet":"max-snippet:-1","max-image-preview":"max-image-preview:large","max-video-preview":"max-video-preview:-1"},"canonical":"https:\/\/www.boemia-aroma.com\/en\/store-boemia\/hydrosols-floral-waters\/organic-buplevre-hydrolate\/","og_locale":"en_US","og_type":"article","og_title":"Organic Bupl\u00e8vre hydrolate - Bo\u00e8mia Aroma","og_description":"Organic Bupl\u00e8vre hydrolate en vente en ligne sur Bo\u00e8mia Aroma.","og_url":"https:\/\/www.boemia-aroma.com\/en\/store-boemia\/hydrosols-floral-waters\/organic-buplevre-hydrolate\/","og_site_name":"Bo\u00e8mia Aroma","article_modified_time":"2026-03-12T09:28:46+00:00","og_image":[{"width":1200,"height":1200,"url":"https:\/\/www.boemia-aroma.com\/wp-content\/uploads\/2023\/10\/buplevre.webp","type":"image\/webp"}],"twitter_card":"summary_large_image","twitter_misc":{"Est. reading time":"1 minute"},"schema":{"@context":"https:\/\/schema.org","@graph":[{"@type":"WebPage","@id":"https:\/\/www.boemia-aroma.com\/en\/store-boemia\/hydrosols-floral-waters\/organic-buplevre-hydrolate\/","url":"https:\/\/www.boemia-aroma.com\/en\/store-boemia\/hydrosols-floral-waters\/organic-buplevre-hydrolate\/","name":"Organic Bupl\u00e8vre hydrolate - Bo\u00e8mia Aroma","isPartOf":{"@id":"https:\/\/www.boemia-aroma.com\/en\/#website"},"primaryImageOfPage":{"@id":"https:\/\/www.boemia-aroma.com\/en\/store-boemia\/hydrosols-floral-waters\/organic-buplevre-hydrolate\/#primaryimage"},"image":{"@id":"https:\/\/www.boemia-aroma.com\/en\/store-boemia\/hydrosols-floral-waters\/organic-buplevre-hydrolate\/#primaryimage"},"thumbnailUrl":"https:\/\/www.boemia-aroma.com\/wp-content\/uploads\/2023\/10\/buplevre.webp","datePublished":"2023-10-19T13:20:36+00:00","dateModified":"2026-03-12T09:28:46+00:00","description":"Organic Bupl\u00e8vre hydrolate en vente en ligne sur Bo\u00e8mia Aroma.","breadcrumb":{"@id":"https:\/\/www.boemia-aroma.com\/en\/store-boemia\/hydrosols-floral-waters\/organic-buplevre-hydrolate\/#breadcrumb"},"inLanguage":"en-US","potentialAction":[{"@type":"ReadAction","target":["https:\/\/www.boemia-aroma.com\/en\/store-boemia\/hydrosols-floral-waters\/organic-buplevre-hydrolate\/"]}]},{"@type":"ImageObject","inLanguage":"en-US","@id":"https:\/\/www.boemia-aroma.com\/en\/store-boemia\/hydrosols-floral-waters\/organic-buplevre-hydrolate\/#primaryimage","url":"https:\/\/www.boemia-aroma.com\/wp-content\/uploads\/2023\/10\/buplevre.webp","contentUrl":"https:\/\/www.boemia-aroma.com\/wp-content\/uploads\/2023\/10\/buplevre.webp","width":1200,"height":1200},{"@type":"BreadcrumbList","@id":"https:\/\/www.boemia-aroma.com\/en\/store-boemia\/hydrosols-floral-waters\/organic-buplevre-hydrolate\/#breadcrumb","itemListElement":[{"@type":"ListItem","position":1,"name":"Home","item":"https:\/\/www.boemia-aroma.com\/en\/"},{"@type":"ListItem","position":2,"name":"Store","item":"https:\/\/www.boemia-aroma.com\/en\/store\/"},{"@type":"ListItem","position":3,"name":"Organic Bupl\u00e8vre hydrolate"}]},{"@type":"WebSite","@id":"https:\/\/www.boemia-aroma.com\/en\/#website","url":"https:\/\/www.boemia-aroma.com\/en\/","name":"Bo\u00e8mia Aroma","description":"","publisher":{"@id":"https:\/\/www.boemia-aroma.com\/en\/#organization"},"alternateName":"Bo\u00e8mia Aroma","potentialAction":[{"@type":"SearchAction","target":{"@type":"EntryPoint","urlTemplate":"https:\/\/www.boemia-aroma.com\/en\/?s={search_term_string}"},"query-input":{"@type":"PropertyValueSpecification","valueRequired":true,"valueName":"search_term_string"}}],"inLanguage":"en-US"},{"@type":"Organization","@id":"https:\/\/www.boemia-aroma.com\/en\/#organization","name":"Bo\u00e8mia Aroma","url":"https:\/\/www.boemia-aroma.com\/en\/","logo":{"@type":"ImageObject","inLanguage":"en-US","@id":"https:\/\/www.boemia-aroma.com\/en\/#\/schema\/logo\/image\/","url":"https:\/\/www.boemia-aroma.com\/wp-content\/uploads\/2023\/07\/logo-boemia-aroma.png","contentUrl":"https:\/\/www.boemia-aroma.com\/wp-content\/uploads\/2023\/07\/logo-boemia-aroma.png","width":300,"height":176,"caption":"Bo\u00e8mia Aroma"},"image":{"@id":"https:\/\/www.boemia-aroma.com\/en\/#\/schema\/logo\/image\/"}}]}},"_links":{"self":[{"href":"https:\/\/www.boemia-aroma.com\/en\/wp-json\/wp\/v2\/product\/20505","targetHints":{"allow":["GET"]}}],"collection":[{"href":"https:\/\/www.boemia-aroma.com\/en\/wp-json\/wp\/v2\/product"}],"about":[{"href":"https:\/\/www.boemia-aroma.com\/en\/wp-json\/wp\/v2\/types\/product"}],"replies":[{"embeddable":true,"href":"https:\/\/www.boemia-aroma.com\/en\/wp-json\/wp\/v2\/comments?post=20505"}],"version-history":[{"count":0,"href":"https:\/\/www.boemia-aroma.com\/en\/wp-json\/wp\/v2\/product\/20505\/revisions"}],"wp:featuredmedia":[{"embeddable":true,"href":"https:\/\/www.boemia-aroma.com\/en\/wp-json\/wp\/v2\/media\/20506"}],"wp:attachment":[{"href":"https:\/\/www.boemia-aroma.com\/en\/wp-json\/wp\/v2\/media?parent=20505"}],"wp:term":[{"taxonomy":"product_brand","embeddable":true,"href":"https:\/\/www.boemia-aroma.com\/en\/wp-json\/wp\/v2\/product_brand?post=20505"},{"taxonomy":"product_cat","embeddable":true,"href":"https:\/\/www.boemia-aroma.com\/en\/wp-json\/wp\/v2\/product_cat?post=20505"},{"taxonomy":"product_tag","embeddable":true,"href":"https:\/\/www.boemia-aroma.com\/en\/wp-json\/wp\/v2\/product_tag?post=20505"}],"curies":[{"name":"wp","href":"https:\/\/api.w.org\/{rel}","templated":true}]}}