{"id":20320,"date":"2024-01-15T10:03:32","date_gmt":"2024-01-15T09:03:32","guid":{"rendered":"https:\/\/www.boemia-aroma.com\/boutique-boemia\/uncategorized\/natural-baby-and-children-set\/"},"modified":"2025-11-13T16:29:26","modified_gmt":"2025-11-13T15:29:26","slug":"natural-baby-and-children-set","status":"publish","type":"product","link":"https:\/\/www.boemia-aroma.com\/en\/store-boemia\/box-sets-boemia\/natural-baby-and-children-set\/","title":{"rendered":"Natural baby and children set"},"content":{"rendered":"","protected":false},"excerpt":{"rendered":"<p><span style=\"color: #ce6e54;\"><b data-stringify-type=\"bold\">Gentle care for little ones<\/b><\/span><\/p>\n<hr>\n<div><\/div>\n<div class=\"p-rich_text_section\"><b data-stringify-type=\"bold\">The Bo\u00e8mia Natural Baby and Children&#8217;s Gift Set<\/b><\/div>\n<div class=\"p-rich_text_section\">Embrace softness and purity with Bo\u00e8mia&#8217;s Coffret B\u00e9b\u00e9 et Enfants au Naturel, specially designed to cherish and protect the delicate skin of the little ones. The set features safe, gentle organic products perfectly adapted to the needs of babies and children. <\/div>\n<div><\/div>\n<div class=\"p-rich_text_section\"><b data-stringify-type=\"bold\">Set contents:<\/b><\/div>\n<div><\/div>\n<p style=\"padding-left: 40px;\"><b data-stringify-type=\"bold\"><span class=\"list-content\"><span style=\"vertical-align: inherit;\"><span data-sheets-value=\"{\"1\":2,\"2\":\"Madagascar\"}\" data-sheets-userformat=\"{\"2\":12803,\"3\":{\"1\":0},\"4\":{\"1\":2,\"2\":16773836},\"12\":0,\"15\":\"Arial\",\"16\":9}\"><span style=\"color: #ce4e2b;\">\u2192 <\/span><\/span><\/span><\/span>Organic Calendula Plant Oil:<\/b> This oil, macerated with Calendula flowers, is a real balm for babies&#8217; skin. It protects sensitive skin, making it ideal for daily care or massage. <\/p>\n<p style=\"padding-left: 40px;\"><b data-stringify-type=\"bold\"><span class=\"list-content\"><span style=\"vertical-align: inherit;\"><span data-sheets-value=\"{\"1\":2,\"2\":\"Madagascar\"}\" data-sheets-userformat=\"{\"2\":12803,\"3\":{\"1\":0},\"4\":{\"1\":2,\"2\":16773836},\"12\":0,\"15\":\"Arial\",\"16\":9}\"><span style=\"color: #ce4e2b;\">\u2192 <\/span><\/span><\/span><\/span>Organic Roman Chamomile Hydrosol:<\/b> Known for its soothing and calming properties, this hydrosol is perfect for softening and refreshing baby&#8217;s skin. It can be used to gently cleanse or to help soothe and relax before bedtime. <\/p>\n<p style=\"padding-left: 40px;\"><b data-stringify-type=\"bold\"><span class=\"list-content\"><span style=\"vertical-align: inherit;\"><span data-sheets-value=\"{\"1\":2,\"2\":\"Madagascar\"}\" data-sheets-userformat=\"{\"2\":12803,\"3\":{\"1\":0},\"4\":{\"1\":2,\"2\":16773836},\"12\":0,\"15\":\"Arial\",\"16\":9}\"><span style=\"color: #ce4e2b;\">\u2192 <\/span><\/span><\/span><\/span>Organic Orange Blossom Hydrosol:<\/b> With its delicate, comforting scent, Orange Blossom hydrosol is ideal for harmonizing and relaxing. It can be added to bathwater for a moment of relaxation, or used in baby&#8217;s bottle to calm colic. <\/p>\n<div class=\"p-rich_text_section\">Every product in this set is certified Bio \u00c9cocert, guaranteeing the highest quality and safety for your child. At Bo\u00e8mia, we understand the importance of caring for our youngest with the best natural products. With this set, you&#8217;re giving your child a happy, healthy start in life, in harmony with nature.  <\/div>\n<p>&nbsp;<\/p>\n<hr>\n<p>&nbsp;<\/p>\n","protected":false},"featured_media":21230,"comment_status":"closed","ping_status":"closed","template":"","meta":{"_acf_changed":false},"product_brand":[],"product_cat":[158,168],"product_tag":[],"class_list":{"0":"post-20320","1":"product","2":"type-product","3":"status-publish","4":"has-post-thumbnail","6":"product_cat-box-sets-boemia","7":"product_cat-the-treasures-of-christmas","8":"pa_usage-children","10":"first","11":"instock","12":"sale","13":"taxable","14":"shipping-taxable","15":"purchasable","16":"product-type-simple"},"acf":[],"yoast_head":"<!-- This site is optimized with the Yoast SEO plugin v27.4 - https:\/\/yoast.com\/product\/yoast-seo-wordpress\/ -->\n<title>Natural baby and children set - Bo\u00e8mia Aroma<\/title>\n<meta name=\"description\" content=\"Natural baby and children set en vente en ligne sur Bo\u00e8mia Aroma.\" \/>\n<meta name=\"robots\" content=\"index, follow, max-snippet:-1, max-image-preview:large, max-video-preview:-1\" \/>\n<link rel=\"canonical\" href=\"https:\/\/www.boemia-aroma.com\/en\/store-boemia\/box-sets-boemia\/natural-baby-and-children-set\/\" \/>\n<meta property=\"og:locale\" content=\"en_US\" \/>\n<meta property=\"og:type\" content=\"article\" \/>\n<meta property=\"og:title\" content=\"Natural baby and children set - Bo\u00e8mia Aroma\" \/>\n<meta property=\"og:description\" content=\"Natural baby and children set en vente en ligne sur Bo\u00e8mia Aroma.\" \/>\n<meta property=\"og:url\" content=\"https:\/\/www.boemia-aroma.com\/en\/store-boemia\/box-sets-boemia\/natural-baby-and-children-set\/\" \/>\n<meta property=\"og:site_name\" content=\"Bo\u00e8mia Aroma\" \/>\n<meta property=\"article:modified_time\" content=\"2025-11-13T15:29:26+00:00\" \/>\n<meta property=\"og:image\" content=\"https:\/\/www.boemia-aroma.com\/wp-content\/uploads\/2024\/01\/enfant.jpg\" \/>\n\t<meta property=\"og:image:width\" content=\"900\" \/>\n\t<meta property=\"og:image:height\" content=\"1200\" \/>\n\t<meta property=\"og:image:type\" content=\"image\/jpeg\" \/>\n<meta name=\"twitter:card\" content=\"summary_large_image\" \/>\n<script type=\"application\/ld+json\" class=\"yoast-schema-graph\">{\"@context\":\"https:\\\/\\\/schema.org\",\"@graph\":[{\"@type\":\"WebPage\",\"@id\":\"https:\\\/\\\/www.boemia-aroma.com\\\/en\\\/store-boemia\\\/box-sets-boemia\\\/natural-baby-and-children-set\\\/\",\"url\":\"https:\\\/\\\/www.boemia-aroma.com\\\/en\\\/store-boemia\\\/box-sets-boemia\\\/natural-baby-and-children-set\\\/\",\"name\":\"Natural baby and children set - Bo\u00e8mia Aroma\",\"isPartOf\":{\"@id\":\"https:\\\/\\\/www.boemia-aroma.com\\\/en\\\/#website\"},\"primaryImageOfPage\":{\"@id\":\"https:\\\/\\\/www.boemia-aroma.com\\\/en\\\/store-boemia\\\/box-sets-boemia\\\/natural-baby-and-children-set\\\/#primaryimage\"},\"image\":{\"@id\":\"https:\\\/\\\/www.boemia-aroma.com\\\/en\\\/store-boemia\\\/box-sets-boemia\\\/natural-baby-and-children-set\\\/#primaryimage\"},\"thumbnailUrl\":\"https:\\\/\\\/www.boemia-aroma.com\\\/wp-content\\\/uploads\\\/2024\\\/01\\\/enfants.jpg\",\"datePublished\":\"2024-01-15T09:03:32+00:00\",\"dateModified\":\"2025-11-13T15:29:26+00:00\",\"description\":\"Natural baby and children set en vente en ligne sur Bo\u00e8mia Aroma.\",\"breadcrumb\":{\"@id\":\"https:\\\/\\\/www.boemia-aroma.com\\\/en\\\/store-boemia\\\/box-sets-boemia\\\/natural-baby-and-children-set\\\/#breadcrumb\"},\"inLanguage\":\"en-US\",\"potentialAction\":[{\"@type\":\"ReadAction\",\"target\":[\"https:\\\/\\\/www.boemia-aroma.com\\\/en\\\/store-boemia\\\/box-sets-boemia\\\/natural-baby-and-children-set\\\/\"]}]},{\"@type\":\"ImageObject\",\"inLanguage\":\"en-US\",\"@id\":\"https:\\\/\\\/www.boemia-aroma.com\\\/en\\\/store-boemia\\\/box-sets-boemia\\\/natural-baby-and-children-set\\\/#primaryimage\",\"url\":\"https:\\\/\\\/www.boemia-aroma.com\\\/wp-content\\\/uploads\\\/2024\\\/01\\\/enfants.jpg\",\"contentUrl\":\"https:\\\/\\\/www.boemia-aroma.com\\\/wp-content\\\/uploads\\\/2024\\\/01\\\/enfants.jpg\",\"width\":1200,\"height\":1200},{\"@type\":\"BreadcrumbList\",\"@id\":\"https:\\\/\\\/www.boemia-aroma.com\\\/en\\\/store-boemia\\\/box-sets-boemia\\\/natural-baby-and-children-set\\\/#breadcrumb\",\"itemListElement\":[{\"@type\":\"ListItem\",\"position\":1,\"name\":\"Home\",\"item\":\"https:\\\/\\\/www.boemia-aroma.com\\\/en\\\/\"},{\"@type\":\"ListItem\",\"position\":2,\"name\":\"Store\",\"item\":\"https:\\\/\\\/www.boemia-aroma.com\\\/en\\\/store\\\/\"},{\"@type\":\"ListItem\",\"position\":3,\"name\":\"Natural baby and children set\"}]},{\"@type\":\"WebSite\",\"@id\":\"https:\\\/\\\/www.boemia-aroma.com\\\/en\\\/#website\",\"url\":\"https:\\\/\\\/www.boemia-aroma.com\\\/en\\\/\",\"name\":\"Bo\u00e8mia Aroma\",\"description\":\"\",\"publisher\":{\"@id\":\"https:\\\/\\\/www.boemia-aroma.com\\\/en\\\/#organization\"},\"alternateName\":\"Bo\u00e8mia Aroma\",\"potentialAction\":[{\"@type\":\"SearchAction\",\"target\":{\"@type\":\"EntryPoint\",\"urlTemplate\":\"https:\\\/\\\/www.boemia-aroma.com\\\/en\\\/?s={search_term_string}\"},\"query-input\":{\"@type\":\"PropertyValueSpecification\",\"valueRequired\":true,\"valueName\":\"search_term_string\"}}],\"inLanguage\":\"en-US\"},{\"@type\":\"Organization\",\"@id\":\"https:\\\/\\\/www.boemia-aroma.com\\\/en\\\/#organization\",\"name\":\"Bo\u00e8mia Aroma\",\"url\":\"https:\\\/\\\/www.boemia-aroma.com\\\/en\\\/\",\"logo\":{\"@type\":\"ImageObject\",\"inLanguage\":\"en-US\",\"@id\":\"https:\\\/\\\/www.boemia-aroma.com\\\/en\\\/#\\\/schema\\\/logo\\\/image\\\/\",\"url\":\"https:\\\/\\\/www.boemia-aroma.com\\\/wp-content\\\/uploads\\\/2023\\\/07\\\/logo-boemia-aroma.png\",\"contentUrl\":\"https:\\\/\\\/www.boemia-aroma.com\\\/wp-content\\\/uploads\\\/2023\\\/07\\\/logo-boemia-aroma.png\",\"width\":300,\"height\":176,\"caption\":\"Bo\u00e8mia Aroma\"},\"image\":{\"@id\":\"https:\\\/\\\/www.boemia-aroma.com\\\/en\\\/#\\\/schema\\\/logo\\\/image\\\/\"}}]}<\/script>\n<!-- \/ Yoast SEO plugin. -->","yoast_head_json":{"title":"Natural baby and children set - Bo\u00e8mia Aroma","description":"Natural baby and children set en vente en ligne sur Bo\u00e8mia Aroma.","robots":{"index":"index","follow":"follow","max-snippet":"max-snippet:-1","max-image-preview":"max-image-preview:large","max-video-preview":"max-video-preview:-1"},"canonical":"https:\/\/www.boemia-aroma.com\/en\/store-boemia\/box-sets-boemia\/natural-baby-and-children-set\/","og_locale":"en_US","og_type":"article","og_title":"Natural baby and children set - Bo\u00e8mia Aroma","og_description":"Natural baby and children set en vente en ligne sur Bo\u00e8mia Aroma.","og_url":"https:\/\/www.boemia-aroma.com\/en\/store-boemia\/box-sets-boemia\/natural-baby-and-children-set\/","og_site_name":"Bo\u00e8mia Aroma","article_modified_time":"2025-11-13T15:29:26+00:00","og_image":[{"width":900,"height":1200,"url":"https:\/\/www.boemia-aroma.com\/wp-content\/uploads\/2024\/01\/enfant.jpg","type":"image\/jpeg"}],"twitter_card":"summary_large_image","schema":{"@context":"https:\/\/schema.org","@graph":[{"@type":"WebPage","@id":"https:\/\/www.boemia-aroma.com\/en\/store-boemia\/box-sets-boemia\/natural-baby-and-children-set\/","url":"https:\/\/www.boemia-aroma.com\/en\/store-boemia\/box-sets-boemia\/natural-baby-and-children-set\/","name":"Natural baby and children set - Bo\u00e8mia Aroma","isPartOf":{"@id":"https:\/\/www.boemia-aroma.com\/en\/#website"},"primaryImageOfPage":{"@id":"https:\/\/www.boemia-aroma.com\/en\/store-boemia\/box-sets-boemia\/natural-baby-and-children-set\/#primaryimage"},"image":{"@id":"https:\/\/www.boemia-aroma.com\/en\/store-boemia\/box-sets-boemia\/natural-baby-and-children-set\/#primaryimage"},"thumbnailUrl":"https:\/\/www.boemia-aroma.com\/wp-content\/uploads\/2024\/01\/enfants.jpg","datePublished":"2024-01-15T09:03:32+00:00","dateModified":"2025-11-13T15:29:26+00:00","description":"Natural baby and children set en vente en ligne sur Bo\u00e8mia Aroma.","breadcrumb":{"@id":"https:\/\/www.boemia-aroma.com\/en\/store-boemia\/box-sets-boemia\/natural-baby-and-children-set\/#breadcrumb"},"inLanguage":"en-US","potentialAction":[{"@type":"ReadAction","target":["https:\/\/www.boemia-aroma.com\/en\/store-boemia\/box-sets-boemia\/natural-baby-and-children-set\/"]}]},{"@type":"ImageObject","inLanguage":"en-US","@id":"https:\/\/www.boemia-aroma.com\/en\/store-boemia\/box-sets-boemia\/natural-baby-and-children-set\/#primaryimage","url":"https:\/\/www.boemia-aroma.com\/wp-content\/uploads\/2024\/01\/enfants.jpg","contentUrl":"https:\/\/www.boemia-aroma.com\/wp-content\/uploads\/2024\/01\/enfants.jpg","width":1200,"height":1200},{"@type":"BreadcrumbList","@id":"https:\/\/www.boemia-aroma.com\/en\/store-boemia\/box-sets-boemia\/natural-baby-and-children-set\/#breadcrumb","itemListElement":[{"@type":"ListItem","position":1,"name":"Home","item":"https:\/\/www.boemia-aroma.com\/en\/"},{"@type":"ListItem","position":2,"name":"Store","item":"https:\/\/www.boemia-aroma.com\/en\/store\/"},{"@type":"ListItem","position":3,"name":"Natural baby and children set"}]},{"@type":"WebSite","@id":"https:\/\/www.boemia-aroma.com\/en\/#website","url":"https:\/\/www.boemia-aroma.com\/en\/","name":"Bo\u00e8mia Aroma","description":"","publisher":{"@id":"https:\/\/www.boemia-aroma.com\/en\/#organization"},"alternateName":"Bo\u00e8mia Aroma","potentialAction":[{"@type":"SearchAction","target":{"@type":"EntryPoint","urlTemplate":"https:\/\/www.boemia-aroma.com\/en\/?s={search_term_string}"},"query-input":{"@type":"PropertyValueSpecification","valueRequired":true,"valueName":"search_term_string"}}],"inLanguage":"en-US"},{"@type":"Organization","@id":"https:\/\/www.boemia-aroma.com\/en\/#organization","name":"Bo\u00e8mia Aroma","url":"https:\/\/www.boemia-aroma.com\/en\/","logo":{"@type":"ImageObject","inLanguage":"en-US","@id":"https:\/\/www.boemia-aroma.com\/en\/#\/schema\/logo\/image\/","url":"https:\/\/www.boemia-aroma.com\/wp-content\/uploads\/2023\/07\/logo-boemia-aroma.png","contentUrl":"https:\/\/www.boemia-aroma.com\/wp-content\/uploads\/2023\/07\/logo-boemia-aroma.png","width":300,"height":176,"caption":"Bo\u00e8mia Aroma"},"image":{"@id":"https:\/\/www.boemia-aroma.com\/en\/#\/schema\/logo\/image\/"}}]}},"_links":{"self":[{"href":"https:\/\/www.boemia-aroma.com\/en\/wp-json\/wp\/v2\/product\/20320","targetHints":{"allow":["GET"]}}],"collection":[{"href":"https:\/\/www.boemia-aroma.com\/en\/wp-json\/wp\/v2\/product"}],"about":[{"href":"https:\/\/www.boemia-aroma.com\/en\/wp-json\/wp\/v2\/types\/product"}],"replies":[{"embeddable":true,"href":"https:\/\/www.boemia-aroma.com\/en\/wp-json\/wp\/v2\/comments?post=20320"}],"version-history":[{"count":0,"href":"https:\/\/www.boemia-aroma.com\/en\/wp-json\/wp\/v2\/product\/20320\/revisions"}],"wp:featuredmedia":[{"embeddable":true,"href":"https:\/\/www.boemia-aroma.com\/en\/wp-json\/wp\/v2\/media\/21230"}],"wp:attachment":[{"href":"https:\/\/www.boemia-aroma.com\/en\/wp-json\/wp\/v2\/media?parent=20320"}],"wp:term":[{"taxonomy":"product_brand","embeddable":true,"href":"https:\/\/www.boemia-aroma.com\/en\/wp-json\/wp\/v2\/product_brand?post=20320"},{"taxonomy":"product_cat","embeddable":true,"href":"https:\/\/www.boemia-aroma.com\/en\/wp-json\/wp\/v2\/product_cat?post=20320"},{"taxonomy":"product_tag","embeddable":true,"href":"https:\/\/www.boemia-aroma.com\/en\/wp-json\/wp\/v2\/product_tag?post=20320"}],"curies":[{"name":"wp","href":"https:\/\/api.w.org\/{rel}","templated":true}]}}